{"id":7788,"date":"2024-10-10T14:15:05","date_gmt":"2024-10-10T06:15:05","guid":{"rendered":"https:\/\/www.gian-transmission.com\/gian-tr087-p01-moteur-a-engrenages-a-vis-sans-fin-a-balais-cc12v-138tr-min\/"},"modified":"2024-10-10T14:15:05","modified_gmt":"2024-10-10T06:15:05","slug":"gian-tr087-p01-moteur-a-engrenages-a-vis-sans-fin-a-balais-cc12v-138tr-min","status":"publish","type":"product","link":"https:\/\/www.gian-transmission.com\/fr\/gian-tr087-p01-moteur-a-engrenages-a-vis-sans-fin-a-balais-cc\/","title":{"rendered":"Gian TR087-P01 Moteur \u00c0 Engrenages \u00c0 Vis Sans Fin ( \u00c0 Balais, CC12V, 138tr\/min)"},"content":{"rendered":"<h2>Param\u00e8tres de Performance<\/h2>\n<table>\n<tbody>\n<tr>\n<td>Model<br \/>\nTR087-P01<\/td>\n<td>Tension Nominale<\/td>\n<td>Vitesse Nominale<\/td>\n<td>Rapport de R\u00e9duction<\/td>\n<td>Courant nominal<\/td>\n<td>Itin\u00e9raire<\/td>\n<td>Dur\u00e9e d&#8217;un seul trajet<\/td>\n<td>Bruit<\/td>\n<td>Angle de rotation<\/td>\n<\/tr>\n<tr>\n<td>Ascenseur<\/td>\n<td>CC12V<\/td>\n<td>138tr\/min<\/td>\n<td>42.656<\/td>\n<td>0.7A<\/td>\n<td>10mm<\/td>\n<td>0.91S<\/td>\n<td>62dB<br \/>\n(A)MAX<\/td>\n<td>\/<\/td>\n<\/tr>\n<tr>\n<td>Swing out<\/td>\n<td>CC8V<\/td>\n<td>40tr\/min<\/td>\n<td>3.917<\/td>\n<td>\u22640.2A<\/td>\n<td>\/<\/td>\n<td>\/<\/td>\n<td>65dB<br \/>\n(A)MAX<\/td>\n<td>69<\/td>\n<\/tr>\n<\/tbody>\n<\/table>\n<p><span style=\"font-size: 1.7em; font-weight: bold;\">Dimensions m\u00e9caniques : mm<\/span><\/p>\n<p>&nbsp;<\/p>\n<p><img fetchpriority=\"high\" decoding=\"async\" class=\"alignnone size-full wp-image-5616\" src=\"https:\/\/www.gian-transmission.com\/wp-content\/uploads\/2024\/10\/TR087-P01-for-mechanical-dimensions.png\" alt=\"TR087-P01 pour les dimensions m\u00e9caniques\" width=\"1346\" height=\"505\" srcset=\"https:\/\/www.gian-transmission.com\/wp-content\/uploads\/2024\/10\/TR087-P01-for-mechanical-dimensions.png 1346w, https:\/\/www.gian-transmission.com\/wp-content\/uploads\/2024\/10\/TR087-P01-for-mechanical-dimensions-300x113.png 300w, https:\/\/www.gian-transmission.com\/wp-content\/uploads\/2024\/10\/TR087-P01-for-mechanical-dimensions-1024x384.png 1024w, https:\/\/www.gian-transmission.com\/wp-content\/uploads\/2024\/10\/TR087-P01-for-mechanical-dimensions-768x288.png 768w, https:\/\/www.gian-transmission.com\/wp-content\/uploads\/2024\/10\/TR087-P01-for-mechanical-dimensions-600x225.png 600w\" sizes=\"(max-width: 1346px) 100vw, 1346px\" \/><\/p>\n","protected":false},"excerpt":{"rendered":"<ul>\n<li><strong>Tension nominale:<\/strong> Offrez un couple et une efficacit\u00e9 fiables avec une tension nominale DC12V\/8V.<\/li>\n<li><strong>Vitesse nominale:<\/strong> Offrez des options de vitesse polyvalentes de 138 tr\/min ou 40 tr\/min pour un contr\u00f4le pr\u00e9cis.<\/li>\n<li><strong>Rapport de r\u00e9duction:<\/strong> Les rapports de r\u00e9duction de 42,656 ou 3,917 garantissent un couple et une efficacit\u00e9 accrus.<\/li>\n<li><strong>Application typique:<\/strong> Balai \u00e0 chiffons \u00e9l\u00e9vateur et \u00e0 balayeuse<\/li>\n<\/ul>\n<p>&nbsp;<\/p>\n","protected":false},"featured_media":7789,"comment_status":"closed","ping_status":"closed","template":"","meta":{"site-sidebar-layout":"default","site-content-layout":"","ast-site-content-layout":"default","site-content-style":"default","site-sidebar-style":"default","ast-global-header-display":"","ast-banner-title-visibility":"","ast-main-header-display":"","ast-hfb-above-header-display":"","ast-hfb-below-header-display":"","ast-hfb-mobile-header-display":"","site-post-title":"","ast-breadcrumbs-content":"","ast-featured-img":"","footer-sml-layout":"","theme-transparent-header-meta":"default","adv-header-id-meta":"","stick-header-meta":"","header-above-stick-meta":"","header-main-stick-meta":"","header-below-stick-meta":"","astra-migrate-meta-layouts":"default","ast-page-background-enabled":"default","ast-page-background-meta":{"desktop":{"background-color":"var(--ast-global-color-4)","background-image":"","background-repeat":"repeat","background-position":"center center","background-size":"auto","background-attachment":"scroll","background-type":"","background-media":"","overlay-type":"","overlay-color":"","overlay-opacity":"","overlay-gradient":""},"tablet":{"background-color":"","background-image":"","background-repeat":"repeat","background-position":"center center","background-size":"auto","background-attachment":"scroll","background-type":"","background-media":"","overlay-type":"","overlay-color":"","overlay-opacity":"","overlay-gradient":""},"mobile":{"background-color":"","background-image":"","background-repeat":"repeat","background-position":"center center","background-size":"auto","background-attachment":"scroll","background-type":"","background-media":"","overlay-type":"","overlay-color":"","overlay-opacity":"","overlay-gradient":""}},"ast-content-background-meta":{"desktop":{"background-color":"var(--ast-global-color-5)","background-image":"","background-repeat":"repeat","background-position":"center center","background-size":"auto","background-attachment":"scroll","background-type":"","background-media":"","overlay-type":"","overlay-color":"","overlay-opacity":"","overlay-gradient":""},"tablet":{"background-color":"var(--ast-global-color-5)","background-image":"","background-repeat":"repeat","background-position":"center center","background-size":"auto","background-attachment":"scroll","background-type":"","background-media":"","overlay-type":"","overlay-color":"","overlay-opacity":"","overlay-gradient":""},"mobile":{"background-color":"var(--ast-global-color-5)","background-image":"","background-repeat":"repeat","background-position":"center center","background-size":"auto","background-attachment":"scroll","background-type":"","background-media":"","overlay-type":"","overlay-color":"","overlay-opacity":"","overlay-gradient":""}}},"product_brand":[],"product_cat":[109,118],"product_tag":[],"class_list":{"0":"post-7788","1":"product","2":"type-product","3":"status-publish","4":"has-post-thumbnail","6":"product_cat-moteur-a-engrenages","7":"product_cat-moteur-a-engrenage-a-vis-sans-fin","8":"desktop-align-left","9":"tablet-align-left","10":"mobile-align-left","12":"first","13":"instock","14":"shipping-taxable","15":"product-type-simple"},"_links":{"self":[{"href":"https:\/\/www.gian-transmission.com\/fr\/wp-json\/wp\/v2\/product\/7788"}],"collection":[{"href":"https:\/\/www.gian-transmission.com\/fr\/wp-json\/wp\/v2\/product"}],"about":[{"href":"https:\/\/www.gian-transmission.com\/fr\/wp-json\/wp\/v2\/types\/product"}],"replies":[{"embeddable":true,"href":"https:\/\/www.gian-transmission.com\/fr\/wp-json\/wp\/v2\/comments?post=7788"}],"wp:featuredmedia":[{"embeddable":true,"href":"https:\/\/www.gian-transmission.com\/fr\/wp-json\/wp\/v2\/media\/7789"}],"wp:attachment":[{"href":"https:\/\/www.gian-transmission.com\/fr\/wp-json\/wp\/v2\/media?parent=7788"}],"wp:term":[{"taxonomy":"product_brand","embeddable":true,"href":"https:\/\/www.gian-transmission.com\/fr\/wp-json\/wp\/v2\/product_brand?post=7788"},{"taxonomy":"product_cat","embeddable":true,"href":"https:\/\/www.gian-transmission.com\/fr\/wp-json\/wp\/v2\/product_cat?post=7788"},{"taxonomy":"product_tag","embeddable":true,"href":"https:\/\/www.gian-transmission.com\/fr\/wp-json\/wp\/v2\/product_tag?post=7788"}],"curies":[{"name":"wp","href":"https:\/\/api.w.org\/{rel}","templated":true}]}}