{"id":7785,"date":"2024-10-10T15:50:48","date_gmt":"2024-10-10T07:50:48","guid":{"rendered":"https:\/\/www.gian-transmission.com\/gian-tr045-p01-moteur-a-engrenages-a-vis-sans-fin-a-balais-12v-6500%c2%b1650tr-min\/"},"modified":"2024-10-10T15:50:48","modified_gmt":"2024-10-10T07:50:48","slug":"gian-tr045-p01-moteur-a-engrenages-a-vis-sans-fin-a-balais-12v-6500%c2%b1650tr-min","status":"publish","type":"product","link":"https:\/\/www.gian-transmission.com\/fr\/gian-tr045-p01-moteur-a-engrenages-a-vis-sans-fin-a-balais\/","title":{"rendered":"Gian TR045-P01 Moteur \u00c0 Engrenages \u00c0 Vis Sans Fin ( \u00c0 Balais, 12V, 6500\u00b1650tr\/min)"},"content":{"rendered":"<h2><span class=\"ez-toc-section\" id=\"Parametres_de_performance\"><\/span>Param\u00e8tres de performance :<span class=\"ez-toc-section-end\"><\/span><\/h2>\n<table>\n<tbody>\n<tr>\n<td width=\"13.1000%\">Mod\u00e8le<\/td>\n<td width=\"17.6000%\">Tension nominale<\/td>\n<td width=\"17.6000%\">Vitesse \u00e0 vide<\/td>\n<td width=\"15.8200%\">Moment not\u00e9<\/td>\n<td width=\"11.6200%\">Courant de charge<\/td>\n<td width=\"24.2200%\">Bruit<\/td>\n<\/tr>\n<tr>\n<td width=\"13.1000%\">TR045-P01<\/td>\n<td width=\"17.6000%\">12V<\/td>\n<td width=\"17.6000%\">6500\u00b1650tr\/min<\/td>\n<td width=\"15.8200%\">\u226515N<\/td>\n<td width=\"11.6200%\">\u2264400mA<\/td>\n<td width=\"24.2200%\">\u226460 dB (distance horizontale 50 cm)<\/td>\n<\/tr>\n<\/tbody>\n<\/table>\n<h2><span class=\"ez-toc-section\" id=\"Dimensions_mecaniques_mm\"><\/span>Dimensions m\u00e9caniques : mm<span class=\"ez-toc-section-end\"><\/span><\/h2>\n<p><img fetchpriority=\"high\" decoding=\"async\" class=\"size-full wp-image-5644 aligncenter\" src=\"https:\/\/www.gian-transmission.com\/wp-content\/uploads\/2024\/10\/Gian-TR045-P01-Brushed-Worm-Gear-Motor-for-Mechanical-Dimensions.png\" alt=\"Moteur \u00e0 engrenages \u00e0 vis sans fin \u00e0 balais Gian TR045-P01 pour dimensions m\u00e9caniques\" width=\"1225\" height=\"526\" srcset=\"https:\/\/www.gian-transmission.com\/wp-content\/uploads\/2024\/10\/Gian-TR045-P01-Brushed-Worm-Gear-Motor-for-Mechanical-Dimensions.png 1225w, https:\/\/www.gian-transmission.com\/wp-content\/uploads\/2024\/10\/Gian-TR045-P01-Brushed-Worm-Gear-Motor-for-Mechanical-Dimensions-300x129.png 300w, https:\/\/www.gian-transmission.com\/wp-content\/uploads\/2024\/10\/Gian-TR045-P01-Brushed-Worm-Gear-Motor-for-Mechanical-Dimensions-1024x440.png 1024w, https:\/\/www.gian-transmission.com\/wp-content\/uploads\/2024\/10\/Gian-TR045-P01-Brushed-Worm-Gear-Motor-for-Mechanical-Dimensions-768x330.png 768w, https:\/\/www.gian-transmission.com\/wp-content\/uploads\/2024\/10\/Gian-TR045-P01-Brushed-Worm-Gear-Motor-for-Mechanical-Dimensions-600x258.png 600w\" sizes=\"(max-width: 1225px) 100vw, 1225px\" \/><\/p>\n<div id=\"gtx-trans\" style=\"position: absolute; left: 413px; top: 170.781px;\">\n<div class=\"gtx-trans-icon\"><\/div>\n<\/div>\n","protected":false},"excerpt":{"rendered":"<ul>\n<li><strong>Tension nominale:<\/strong> Fonctionne avec une tension nominale de 12 V.<\/li>\n<li><strong>Vitesse \u00e0 vide:<\/strong> 6500\u00b1650tr\/min, offrant des performances efficaces avec un fonctionnement fluide et constant.<\/li>\n<li><strong>Applications typiques:<\/strong> M\u00e9canisme de verrouillage de la console \u00e9lectrique.<\/li>\n<\/ul>\n","protected":false},"featured_media":7786,"comment_status":"closed","ping_status":"closed","template":"","meta":{"site-sidebar-layout":"default","site-content-layout":"","ast-site-content-layout":"default","site-content-style":"default","site-sidebar-style":"default","ast-global-header-display":"","ast-banner-title-visibility":"","ast-main-header-display":"","ast-hfb-above-header-display":"","ast-hfb-below-header-display":"","ast-hfb-mobile-header-display":"","site-post-title":"","ast-breadcrumbs-content":"","ast-featured-img":"","footer-sml-layout":"","theme-transparent-header-meta":"default","adv-header-id-meta":"","stick-header-meta":"","header-above-stick-meta":"","header-main-stick-meta":"","header-below-stick-meta":"","astra-migrate-meta-layouts":"default","ast-page-background-enabled":"default","ast-page-background-meta":{"desktop":{"background-color":"var(--ast-global-color-4)","background-image":"","background-repeat":"repeat","background-position":"center center","background-size":"auto","background-attachment":"scroll","background-type":"","background-media":"","overlay-type":"","overlay-color":"","overlay-opacity":"","overlay-gradient":""},"tablet":{"background-color":"","background-image":"","background-repeat":"repeat","background-position":"center center","background-size":"auto","background-attachment":"scroll","background-type":"","background-media":"","overlay-type":"","overlay-color":"","overlay-opacity":"","overlay-gradient":""},"mobile":{"background-color":"","background-image":"","background-repeat":"repeat","background-position":"center center","background-size":"auto","background-attachment":"scroll","background-type":"","background-media":"","overlay-type":"","overlay-color":"","overlay-opacity":"","overlay-gradient":""}},"ast-content-background-meta":{"desktop":{"background-color":"var(--ast-global-color-5)","background-image":"","background-repeat":"repeat","background-position":"center center","background-size":"auto","background-attachment":"scroll","background-type":"","background-media":"","overlay-type":"","overlay-color":"","overlay-opacity":"","overlay-gradient":""},"tablet":{"background-color":"var(--ast-global-color-5)","background-image":"","background-repeat":"repeat","background-position":"center center","background-size":"auto","background-attachment":"scroll","background-type":"","background-media":"","overlay-type":"","overlay-color":"","overlay-opacity":"","overlay-gradient":""},"mobile":{"background-color":"var(--ast-global-color-5)","background-image":"","background-repeat":"repeat","background-position":"center center","background-size":"auto","background-attachment":"scroll","background-type":"","background-media":"","overlay-type":"","overlay-color":"","overlay-opacity":"","overlay-gradient":""}}},"product_brand":[],"product_cat":[109,118],"product_tag":[],"class_list":{"0":"post-7785","1":"product","2":"type-product","3":"status-publish","4":"has-post-thumbnail","6":"product_cat-moteur-a-engrenages","7":"product_cat-moteur-a-engrenage-a-vis-sans-fin","8":"desktop-align-left","9":"tablet-align-left","10":"mobile-align-left","12":"first","13":"instock","14":"shipping-taxable","15":"product-type-simple"},"_links":{"self":[{"href":"https:\/\/www.gian-transmission.com\/fr\/wp-json\/wp\/v2\/product\/7785"}],"collection":[{"href":"https:\/\/www.gian-transmission.com\/fr\/wp-json\/wp\/v2\/product"}],"about":[{"href":"https:\/\/www.gian-transmission.com\/fr\/wp-json\/wp\/v2\/types\/product"}],"replies":[{"embeddable":true,"href":"https:\/\/www.gian-transmission.com\/fr\/wp-json\/wp\/v2\/comments?post=7785"}],"wp:featuredmedia":[{"embeddable":true,"href":"https:\/\/www.gian-transmission.com\/fr\/wp-json\/wp\/v2\/media\/7786"}],"wp:attachment":[{"href":"https:\/\/www.gian-transmission.com\/fr\/wp-json\/wp\/v2\/media?parent=7785"}],"wp:term":[{"taxonomy":"product_brand","embeddable":true,"href":"https:\/\/www.gian-transmission.com\/fr\/wp-json\/wp\/v2\/product_brand?post=7785"},{"taxonomy":"product_cat","embeddable":true,"href":"https:\/\/www.gian-transmission.com\/fr\/wp-json\/wp\/v2\/product_cat?post=7785"},{"taxonomy":"product_tag","embeddable":true,"href":"https:\/\/www.gian-transmission.com\/fr\/wp-json\/wp\/v2\/product_tag?post=7785"}],"curies":[{"name":"wp","href":"https:\/\/api.w.org\/{rel}","templated":true}]}}