{"id":7750,"date":"2024-08-22T14:17:11","date_gmt":"2024-08-22T06:17:11","guid":{"rendered":"https:\/\/www.gian-transmission.com\/gian-ld2-rs3605-pilote-de-moteur-cc-sans-balais-1-0-4-2a-8-24vcc\/"},"modified":"2024-11-07T14:30:11","modified_gmt":"2024-11-07T06:30:11","slug":"gian-ld2-rs3605-pilote-de-moteur-cc-sans-balais-1-0-4-2a-8-24vcc","status":"publish","type":"product","link":"https:\/\/www.gian-transmission.com\/fr\/gian-ld2-rs3605-pilote-de-moteur-cc-sans-balais\/","title":{"rendered":"Gian LD2-RS3605 Pilote de Moteur CC Sans Balais ( 1.0-4.2A, 8-24VCC)"},"content":{"rendered":"<h2><span class=\"ez-toc-section\" id=\"Parametres_de_performance_electrique\"><\/span>Param\u00e8tres de performance \u00e9lectrique<span class=\"ez-toc-section-end\"><\/span><\/h2>\n<table>\n<tbody>\n<tr>\n<td>Mod\u00e8le<\/td>\n<td>Courant de sortie<\/td>\n<td>Tension d&#8217;alimentation d&#8217;entr\u00e9e<\/td>\n<td>Courant d&#8217;entr\u00e9e du signal de commande<\/td>\n<td>R\u00e9sistance d&#8217;isolation\n<\/td>\n<\/tr>\n<tr>\n<td>LD-RS3605<\/td>\n<td>1.0-4.2A<\/td>\n<td>8-24VDC<\/td>\n<td>7-16mA<\/td>\n<td>500M\u03a9<\/td>\n<\/tr>\n<\/tbody>\n<\/table>\n<h2><span class=\"ez-toc-section\" id=\"Utilisation_des_parametres_environnementaux\"><\/span>Utilisation des param\u00e8tres environnementaux<span class=\"ez-toc-section-end\"><\/span><\/h2>\n<table>\n<tbody>\n<tr>\n<td>Mod\u00e8le<\/td>\n<td>Temp\u00e9rature<\/td>\n<td>Temp\u00e9rature<\/td>\n<td>Vibrer<\/td>\n<td>Temp\u00e9rature de stockage<\/td>\n<td>Poids<\/td>\n<\/tr>\n<tr>\n<td>LD-RS3605<\/td>\n<td>0-50\u2103<\/td>\n<td>40-90%RH<\/td>\n<td>10~55Hz<br \/>\n\/0.15mm<\/td>\n<td>-20\u2103~65\u2103<\/td>\n<td>190g<\/td>\n<\/tr>\n<\/tbody>\n<\/table>\n<p>&nbsp;<\/p>\n<h2><span class=\"ez-toc-section\" id=\"Dimensions_mecaniques_mm\"><\/span>Dimensions m\u00e9caniques : mm<span class=\"ez-toc-section-end\"><\/span><\/h2>\n<p><img fetchpriority=\"high\" decoding=\"async\" class=\"size-full wp-image-4148 aligncenter\" src=\"https:\/\/www.gian-transmission.com\/wp-content\/uploads\/2024\/08\/LD2-RS3605-for-mechanical-dimensions.jpg\" alt=\"LD2-RS3605 pour les dimensions m\u00e9caniques\" width=\"1200\" height=\"400\" srcset=\"https:\/\/www.gian-transmission.com\/wp-content\/uploads\/2024\/08\/LD2-RS3605-for-mechanical-dimensions.jpg 1200w, https:\/\/www.gian-transmission.com\/wp-content\/uploads\/2024\/08\/LD2-RS3605-for-mechanical-dimensions-300x100.jpg 300w, https:\/\/www.gian-transmission.com\/wp-content\/uploads\/2024\/08\/LD2-RS3605-for-mechanical-dimensions-1024x341.jpg 1024w, https:\/\/www.gian-transmission.com\/wp-content\/uploads\/2024\/08\/LD2-RS3605-for-mechanical-dimensions-768x256.jpg 768w, https:\/\/www.gian-transmission.com\/wp-content\/uploads\/2024\/08\/LD2-RS3605-for-mechanical-dimensions-600x200.jpg 600w\" sizes=\"(max-width: 1200px) 100vw, 1200px\" \/><\/p>\n","protected":false},"excerpt":{"rendered":"<ul>\n<li>Vitesse maximale jusqu&#8217;\u00e0 30 000 tr\/min, couple \u00e9lev\u00e9 et vitesse de sortie \u00e9lev\u00e9e (selon la vitesse du moteur)<\/li>\n<li>Mode de contr\u00f4le de vitesse pour les impulsions et la tension analogique<\/li>\n<li>Interface pour l&#8217;isolation de l&#8217;optocoupleur<\/li>\n<li>Activez l&#8217;entr\u00e9e du signal de commande et du signal de direction pour d\u00e9marrer et arr\u00eater.<\/li>\n<li>Standard 17-bit absolute encoder supports Modbus communication<\/li>\n<li>Protection contre la survitesse, la surintensit\u00e9, la sous-tension et la surchauffe<\/li>\n<\/ul>\n<p>&nbsp;<\/p>\n","protected":false},"featured_media":7751,"comment_status":"closed","ping_status":"closed","template":"","meta":{"site-sidebar-layout":"default","site-content-layout":"","ast-site-content-layout":"default","site-content-style":"default","site-sidebar-style":"default","ast-global-header-display":"","ast-banner-title-visibility":"","ast-main-header-display":"","ast-hfb-above-header-display":"","ast-hfb-below-header-display":"","ast-hfb-mobile-header-display":"","site-post-title":"","ast-breadcrumbs-content":"","ast-featured-img":"","footer-sml-layout":"","theme-transparent-header-meta":"default","adv-header-id-meta":"","stick-header-meta":"","header-above-stick-meta":"","header-main-stick-meta":"","header-below-stick-meta":"","astra-migrate-meta-layouts":"default","ast-page-background-enabled":"default","ast-page-background-meta":{"desktop":{"background-color":"var(--ast-global-color-4)","background-image":"","background-repeat":"repeat","background-position":"center center","background-size":"auto","background-attachment":"scroll","background-type":"","background-media":"","overlay-type":"","overlay-color":"","overlay-opacity":"","overlay-gradient":""},"tablet":{"background-color":"","background-image":"","background-repeat":"repeat","background-position":"center center","background-size":"auto","background-attachment":"scroll","background-type":"","background-media":"","overlay-type":"","overlay-color":"","overlay-opacity":"","overlay-gradient":""},"mobile":{"background-color":"","background-image":"","background-repeat":"repeat","background-position":"center center","background-size":"auto","background-attachment":"scroll","background-type":"","background-media":"","overlay-type":"","overlay-color":"","overlay-opacity":"","overlay-gradient":""}},"ast-content-background-meta":{"desktop":{"background-color":"var(--ast-global-color-5)","background-image":"","background-repeat":"repeat","background-position":"center center","background-size":"auto","background-attachment":"scroll","background-type":"","background-media":"","overlay-type":"","overlay-color":"","overlay-opacity":"","overlay-gradient":""},"tablet":{"background-color":"var(--ast-global-color-5)","background-image":"","background-repeat":"repeat","background-position":"center center","background-size":"auto","background-attachment":"scroll","background-type":"","background-media":"","overlay-type":"","overlay-color":"","overlay-opacity":"","overlay-gradient":""},"mobile":{"background-color":"var(--ast-global-color-5)","background-image":"","background-repeat":"repeat","background-position":"center center","background-size":"auto","background-attachment":"scroll","background-type":"","background-media":"","overlay-type":"","overlay-color":"","overlay-opacity":"","overlay-gradient":""}}},"product_brand":[],"product_cat":[111,114],"product_tag":[],"class_list":{"0":"post-7750","1":"product","2":"type-product","3":"status-publish","4":"has-post-thumbnail","6":"product_cat-pilote-de-moteur","7":"product_cat-pilote-de-moteur-sans-balais","8":"desktop-align-left","9":"tablet-align-left","10":"mobile-align-left","12":"first","13":"instock","14":"shipping-taxable","15":"product-type-simple"},"_links":{"self":[{"href":"https:\/\/www.gian-transmission.com\/fr\/wp-json\/wp\/v2\/product\/7750"}],"collection":[{"href":"https:\/\/www.gian-transmission.com\/fr\/wp-json\/wp\/v2\/product"}],"about":[{"href":"https:\/\/www.gian-transmission.com\/fr\/wp-json\/wp\/v2\/types\/product"}],"replies":[{"embeddable":true,"href":"https:\/\/www.gian-transmission.com\/fr\/wp-json\/wp\/v2\/comments?post=7750"}],"wp:featuredmedia":[{"embeddable":true,"href":"https:\/\/www.gian-transmission.com\/fr\/wp-json\/wp\/v2\/media\/7751"}],"wp:attachment":[{"href":"https:\/\/www.gian-transmission.com\/fr\/wp-json\/wp\/v2\/media?parent=7750"}],"wp:term":[{"taxonomy":"product_brand","embeddable":true,"href":"https:\/\/www.gian-transmission.com\/fr\/wp-json\/wp\/v2\/product_brand?post=7750"},{"taxonomy":"product_cat","embeddable":true,"href":"https:\/\/www.gian-transmission.com\/fr\/wp-json\/wp\/v2\/product_cat?post=7750"},{"taxonomy":"product_tag","embeddable":true,"href":"https:\/\/www.gian-transmission.com\/fr\/wp-json\/wp\/v2\/product_tag?post=7750"}],"curies":[{"name":"wp","href":"https:\/\/api.w.org\/{rel}","templated":true}]}}