{"id":7744,"date":"2024-08-22T18:09:27","date_gmt":"2024-08-22T10:09:27","guid":{"rendered":"https:\/\/www.gian-transmission.com\/gian-blh2d30-k-driver-servomoteur-dc-1-0-1-2a-7-16ma\/"},"modified":"2024-08-22T18:09:27","modified_gmt":"2024-08-22T10:09:27","slug":"gian-blh2d30-k-driver-servomoteur-dc-1-0-1-2a-7-16ma","status":"publish","type":"product","link":"https:\/\/www.gian-transmission.com\/fr\/gian-blh2d30-k-driver-servomoteur-dc\/","title":{"rendered":"Gian BLH2D30-K Driver Servomoteur DC (1.0-1.2A, 7-16mA)"},"content":{"rendered":"<h2><span class=\"ez-toc-section\" id=\"Parametres_de_performance_electrique\"><\/span>Param\u00e8tres de performance \u00e9lectrique<span class=\"ez-toc-section-end\"><\/span><\/h2>\n<table>\n<tbody>\n<tr>\n<td>Mod\u00e8le<\/td>\n<td>Courant de sortie<\/td>\n<td>Tension d&#8217;alimentation d&#8217;entr\u00e9e<\/td>\n<td>Signal de contr\u00f4le Courant d&#8217;entr\u00e9e<\/td>\n<td>Isolation<br \/>\nR\u00e9sistance<\/td>\n<\/tr>\n<tr>\n<td>BLH2D30-K<\/td>\n<td>1.0-1.2A<\/td>\n<td>8-24V DC<\/td>\n<td>7-16mA<\/td>\n<td>500M\u03a9<\/td>\n<\/tr>\n<\/tbody>\n<\/table>\n<h2><span class=\"ez-toc-section\" id=\"Utilisation_des_parametres_environnementaux\"><\/span>Utilisation des param\u00e8tres environnementaux<span class=\"ez-toc-section-end\"><\/span><\/h2>\n<table>\n<tbody>\n<tr>\n<td>Mod\u00e8le<\/td>\n<td>Temp\u00e9rature<\/td>\n<td>Temp\u00e9rature<\/td>\n<td>Vibrer<\/td>\n<td>Temp\u00e9rature de stockage<\/td>\n<td>Poids<\/td>\n<\/tr>\n<tr>\n<td>BLH2D30-K<\/td>\n<td>0-50\u2103<\/td>\n<td>40-90%RH<\/td>\n<td>10~55Hz<br \/>\n\/0.15mm<\/td>\n<td>-20\u2103~65\u2103<\/td>\n<td>190g<\/td>\n<\/tr>\n<\/tbody>\n<\/table>\n<h2><span class=\"ez-toc-section\" id=\"Dimensions_mecaniques_mm\"><\/span>Dimensions m\u00e9caniques : mm<span class=\"ez-toc-section-end\"><\/span><\/h2>\n<p><img fetchpriority=\"high\" decoding=\"async\" class=\"size-full wp-image-4189 aligncenter\" src=\"https:\/\/www.gian-transmission.com\/wp-content\/uploads\/2024\/08\/BLH2D30-K-for-mechanical-dimensions.jpg\" alt=\"BLH2D30-K pour les dimensions m\u00e9caniques\" width=\"1200\" height=\"400\" srcset=\"https:\/\/www.gian-transmission.com\/wp-content\/uploads\/2024\/08\/BLH2D30-K-for-mechanical-dimensions.jpg 1200w, https:\/\/www.gian-transmission.com\/wp-content\/uploads\/2024\/08\/BLH2D30-K-for-mechanical-dimensions-300x100.jpg 300w, https:\/\/www.gian-transmission.com\/wp-content\/uploads\/2024\/08\/BLH2D30-K-for-mechanical-dimensions-1024x341.jpg 1024w, https:\/\/www.gian-transmission.com\/wp-content\/uploads\/2024\/08\/BLH2D30-K-for-mechanical-dimensions-768x256.jpg 768w, https:\/\/www.gian-transmission.com\/wp-content\/uploads\/2024\/08\/BLH2D30-K-for-mechanical-dimensions-600x200.jpg 600w\" sizes=\"(max-width: 1200px) 100vw, 1200px\" \/><\/p>\n","protected":false},"excerpt":{"rendered":"<ul>\n<li>Vitesse de sortie \u00e9lev\u00e9e, couple \u00e9lev\u00e9 et vitesse de pointe de 30 000 tr\/min (selon la vitesse du moteur).<\/li>\n<li>Mode de contr\u00f4le de vitesse par tension analogique et impulsion.<\/li>\n<li>Interface pour entr\u00e9e d&#8217;isolation de coupleur optique.<\/li>\n<li>Activer et d\u00e9sactiver l&#8217;entr\u00e9e du signal de direction et le signal de commande.<\/li>\n<li>Protection contre les surintensit\u00e9s, les surtensions, les sous-tensions, les surchauffes et les survitesses.<\/li>\n<\/ul>\n<p>&nbsp;<\/p>\n","protected":false},"featured_media":7745,"comment_status":"closed","ping_status":"closed","template":"","meta":{"site-sidebar-layout":"default","site-content-layout":"","ast-site-content-layout":"default","site-content-style":"default","site-sidebar-style":"default","ast-global-header-display":"","ast-banner-title-visibility":"","ast-main-header-display":"","ast-hfb-above-header-display":"","ast-hfb-below-header-display":"","ast-hfb-mobile-header-display":"","site-post-title":"","ast-breadcrumbs-content":"","ast-featured-img":"","footer-sml-layout":"","theme-transparent-header-meta":"default","adv-header-id-meta":"","stick-header-meta":"","header-above-stick-meta":"","header-main-stick-meta":"","header-below-stick-meta":"","astra-migrate-meta-layouts":"default","ast-page-background-enabled":"default","ast-page-background-meta":{"desktop":{"background-color":"var(--ast-global-color-4)","background-image":"","background-repeat":"repeat","background-position":"center center","background-size":"auto","background-attachment":"scroll","background-type":"","background-media":"","overlay-type":"","overlay-color":"","overlay-opacity":"","overlay-gradient":""},"tablet":{"background-color":"","background-image":"","background-repeat":"repeat","background-position":"center center","background-size":"auto","background-attachment":"scroll","background-type":"","background-media":"","overlay-type":"","overlay-color":"","overlay-opacity":"","overlay-gradient":""},"mobile":{"background-color":"","background-image":"","background-repeat":"repeat","background-position":"center center","background-size":"auto","background-attachment":"scroll","background-type":"","background-media":"","overlay-type":"","overlay-color":"","overlay-opacity":"","overlay-gradient":""}},"ast-content-background-meta":{"desktop":{"background-color":"var(--ast-global-color-5)","background-image":"","background-repeat":"repeat","background-position":"center center","background-size":"auto","background-attachment":"scroll","background-type":"","background-media":"","overlay-type":"","overlay-color":"","overlay-opacity":"","overlay-gradient":""},"tablet":{"background-color":"var(--ast-global-color-5)","background-image":"","background-repeat":"repeat","background-position":"center center","background-size":"auto","background-attachment":"scroll","background-type":"","background-media":"","overlay-type":"","overlay-color":"","overlay-opacity":"","overlay-gradient":""},"mobile":{"background-color":"var(--ast-global-color-5)","background-image":"","background-repeat":"repeat","background-position":"center center","background-size":"auto","background-attachment":"scroll","background-type":"","background-media":"","overlay-type":"","overlay-color":"","overlay-opacity":"","overlay-gradient":""}}},"product_brand":[],"product_cat":[111,113],"product_tag":[],"class_list":{"0":"post-7744","1":"product","2":"type-product","3":"status-publish","4":"has-post-thumbnail","6":"product_cat-pilote-de-moteur","7":"product_cat-driver-servomoteur-dc","8":"desktop-align-left","9":"tablet-align-left","10":"mobile-align-left","12":"first","13":"instock","14":"shipping-taxable","15":"product-type-simple"},"_links":{"self":[{"href":"https:\/\/www.gian-transmission.com\/fr\/wp-json\/wp\/v2\/product\/7744"}],"collection":[{"href":"https:\/\/www.gian-transmission.com\/fr\/wp-json\/wp\/v2\/product"}],"about":[{"href":"https:\/\/www.gian-transmission.com\/fr\/wp-json\/wp\/v2\/types\/product"}],"replies":[{"embeddable":true,"href":"https:\/\/www.gian-transmission.com\/fr\/wp-json\/wp\/v2\/comments?post=7744"}],"wp:featuredmedia":[{"embeddable":true,"href":"https:\/\/www.gian-transmission.com\/fr\/wp-json\/wp\/v2\/media\/7745"}],"wp:attachment":[{"href":"https:\/\/www.gian-transmission.com\/fr\/wp-json\/wp\/v2\/media?parent=7744"}],"wp:term":[{"taxonomy":"product_brand","embeddable":true,"href":"https:\/\/www.gian-transmission.com\/fr\/wp-json\/wp\/v2\/product_brand?post=7744"},{"taxonomy":"product_cat","embeddable":true,"href":"https:\/\/www.gian-transmission.com\/fr\/wp-json\/wp\/v2\/product_cat?post=7744"},{"taxonomy":"product_tag","embeddable":true,"href":"https:\/\/www.gian-transmission.com\/fr\/wp-json\/wp\/v2\/product_tag?post=7744"}],"curies":[{"name":"wp","href":"https:\/\/api.w.org\/{rel}","templated":true}]}}