{"id":7738,"date":"2024-10-11T10:07:12","date_gmt":"2024-10-11T02:07:12","guid":{"rendered":"https:\/\/www.gian-transmission.com\/gian-3dm580-driver-de-moteur-pas-a-pas-1-0-8-0a-8-24vdc\/"},"modified":"2024-10-11T10:07:12","modified_gmt":"2024-10-11T02:07:12","slug":"gian-3dm580-driver-de-moteur-pas-a-pas-1-0-8-0a-8-24vdc","status":"publish","type":"product","link":"https:\/\/www.gian-transmission.com\/fr\/gian-3dm580-driver-de-moteur-pas-a-pas\/","title":{"rendered":"Gian 3DM580 Driver De Moteur Pas \u00c0 Pas ( 1.0-8.0A, 8-24VDC )"},"content":{"rendered":"<h2><span class=\"ez-toc-section\" id=\"Parametres_de_performance_electrique\"><\/span>Param\u00e8tres de performance \u00e9lectrique<span class=\"ez-toc-section-end\"><\/span><\/h2>\n<table>\n<tbody>\n<tr>\n<td>Mod\u00e8le<\/td>\n<td>Courant de sortie<\/td>\n<td>Tension d&#8217;alimentation d&#8217;entr\u00e9e<\/td>\n<td>Courant d&#8217;entr\u00e9e du signal de commande<\/td>\n<td>Fr\u00e9quence d&#8217;impulsion de pas<\/td>\n<td>Insulation<br \/>\nResistance<\/td>\n<\/tr>\n<tr>\n<td>3DM580<\/td>\n<td>1.0-8.0A<\/td>\n<td>8-24VCC<\/td>\n<td>7-16mA<\/td>\n<td>0-500KHz<\/td>\n<td>100M\u03a9<\/td>\n<\/tr>\n<\/tbody>\n<\/table>\n<h2><span class=\"ez-toc-section\" id=\"Utilisation_des_parametres_environnementaux\"><\/span>Utilisation des param\u00e8tres environnementaux<span class=\"ez-toc-section-end\"><\/span><\/h2>\n<table>\n<tbody>\n<tr>\n<td>Mod\u00e8le<\/td>\n<td>Temp\u00e9rature<\/td>\n<td>Temp\u00e9rature<\/td>\n<td>Vibrer<\/td>\n<td>Temp\u00e9rature de stockage<\/td>\n<td>Poids<\/td>\n<\/tr>\n<tr>\n<td>3DM580<\/td>\n<td>0-50\u2103<\/td>\n<td>40-90%RH<\/td>\n<td>10~55Hz<br \/>\n\/0.15mm<\/td>\n<td>-20\u2103\u223d65\u2103<\/td>\n<td>190g<\/td>\n<\/tr>\n<\/tbody>\n<\/table>\n<h2><span class=\"ez-toc-section\" id=\"Dimensions_mecaniques_mm\"><\/span>Dimensions m\u00e9caniques : mm<span class=\"ez-toc-section-end\"><\/span><\/h2>\n<p><img fetchpriority=\"high\" decoding=\"async\" class=\"alignnone size-full wp-image-5696\" src=\"https:\/\/www.gian-transmission.com\/wp-content\/uploads\/2024\/10\/3DM580-for-mechanical-dimensions.jpg\" alt=\"3DM580 pour les dimensions m\u00e9caniques\" width=\"1200\" height=\"600\" srcset=\"https:\/\/www.gian-transmission.com\/wp-content\/uploads\/2024\/10\/3DM580-for-mechanical-dimensions.jpg 1200w, https:\/\/www.gian-transmission.com\/wp-content\/uploads\/2024\/10\/3DM580-for-mechanical-dimensions-300x150.jpg 300w, https:\/\/www.gian-transmission.com\/wp-content\/uploads\/2024\/10\/3DM580-for-mechanical-dimensions-1024x512.jpg 1024w, https:\/\/www.gian-transmission.com\/wp-content\/uploads\/2024\/10\/3DM580-for-mechanical-dimensions-768x384.jpg 768w, https:\/\/www.gian-transmission.com\/wp-content\/uploads\/2024\/10\/3DM580-for-mechanical-dimensions-600x300.jpg 600w\" sizes=\"(max-width: 1200px) 100vw, 1200px\" \/><\/p>\n","protected":false},"excerpt":{"rendered":"<ul>\n<li>Peut piloter des moteurs pas \u00e0 pas triphas\u00e9s \u00e0 3,6 fils.<\/li>\n<li>Offre un contr\u00f4le flexible du courant de sortie, fonctionnant entre 1,0 et 8,0 A.<\/li>\n<li>Offre un contr\u00f4le pr\u00e9cis avec des fr\u00e9quences d&#8217;impulsions jusqu&#8217;\u00e0 500 kHz pour plus de pr\u00e9cision.<\/li>\n<li>Lotissement haut int\u00e9gr\u00e9.<\/li>\n<li>Une r\u00e9gulation pr\u00e9cise du courant r\u00e9duit consid\u00e9rablement l&#8217;\u00e9chauffement du moteur.<\/li>\n<li>R\u00e9duction automatique du courant de moiti\u00e9 \u00e0 l&#8217;arr\u00eat.<\/li>\n<li>entr\u00e9e pour un signal diff\u00e9rentiel optiquement isol\u00e9.<\/li>\n<li>La fr\u00e9quence de r\u00e9ponse des impulsions peut atteindre 200 kHz.<\/li>\n<li>Avec des fonctions de protection telles que les courts-circuits et les surtensions.<\/li>\n<\/ul>\n<p>&nbsp;<\/p>\n<p>&nbsp;<\/p>\n<p>&nbsp;<\/p>\n","protected":false},"featured_media":7739,"comment_status":"closed","ping_status":"closed","template":"","meta":{"site-sidebar-layout":"default","site-content-layout":"","ast-site-content-layout":"default","site-content-style":"default","site-sidebar-style":"default","ast-global-header-display":"","ast-banner-title-visibility":"","ast-main-header-display":"","ast-hfb-above-header-display":"","ast-hfb-below-header-display":"","ast-hfb-mobile-header-display":"","site-post-title":"","ast-breadcrumbs-content":"","ast-featured-img":"","footer-sml-layout":"","theme-transparent-header-meta":"default","adv-header-id-meta":"","stick-header-meta":"","header-above-stick-meta":"","header-main-stick-meta":"","header-below-stick-meta":"","astra-migrate-meta-layouts":"default","ast-page-background-enabled":"default","ast-page-background-meta":{"desktop":{"background-color":"var(--ast-global-color-4)","background-image":"","background-repeat":"repeat","background-position":"center center","background-size":"auto","background-attachment":"scroll","background-type":"","background-media":"","overlay-type":"","overlay-color":"","overlay-opacity":"","overlay-gradient":""},"tablet":{"background-color":"","background-image":"","background-repeat":"repeat","background-position":"center center","background-size":"auto","background-attachment":"scroll","background-type":"","background-media":"","overlay-type":"","overlay-color":"","overlay-opacity":"","overlay-gradient":""},"mobile":{"background-color":"","background-image":"","background-repeat":"repeat","background-position":"center center","background-size":"auto","background-attachment":"scroll","background-type":"","background-media":"","overlay-type":"","overlay-color":"","overlay-opacity":"","overlay-gradient":""}},"ast-content-background-meta":{"desktop":{"background-color":"var(--ast-global-color-5)","background-image":"","background-repeat":"repeat","background-position":"center center","background-size":"auto","background-attachment":"scroll","background-type":"","background-media":"","overlay-type":"","overlay-color":"","overlay-opacity":"","overlay-gradient":""},"tablet":{"background-color":"var(--ast-global-color-5)","background-image":"","background-repeat":"repeat","background-position":"center center","background-size":"auto","background-attachment":"scroll","background-type":"","background-media":"","overlay-type":"","overlay-color":"","overlay-opacity":"","overlay-gradient":""},"mobile":{"background-color":"var(--ast-global-color-5)","background-image":"","background-repeat":"repeat","background-position":"center center","background-size":"auto","background-attachment":"scroll","background-type":"","background-media":"","overlay-type":"","overlay-color":"","overlay-opacity":"","overlay-gradient":""}}},"product_brand":[],"product_cat":[111,112],"product_tag":[],"class_list":{"0":"post-7738","1":"product","2":"type-product","3":"status-publish","4":"has-post-thumbnail","6":"product_cat-pilote-de-moteur","7":"product_cat-pilote-de-moteur-pas-a-pas","8":"desktop-align-left","9":"tablet-align-left","10":"mobile-align-left","12":"first","13":"instock","14":"shipping-taxable","15":"product-type-simple"},"_links":{"self":[{"href":"https:\/\/www.gian-transmission.com\/fr\/wp-json\/wp\/v2\/product\/7738"}],"collection":[{"href":"https:\/\/www.gian-transmission.com\/fr\/wp-json\/wp\/v2\/product"}],"about":[{"href":"https:\/\/www.gian-transmission.com\/fr\/wp-json\/wp\/v2\/types\/product"}],"replies":[{"embeddable":true,"href":"https:\/\/www.gian-transmission.com\/fr\/wp-json\/wp\/v2\/comments?post=7738"}],"wp:featuredmedia":[{"embeddable":true,"href":"https:\/\/www.gian-transmission.com\/fr\/wp-json\/wp\/v2\/media\/7739"}],"wp:attachment":[{"href":"https:\/\/www.gian-transmission.com\/fr\/wp-json\/wp\/v2\/media?parent=7738"}],"wp:term":[{"taxonomy":"product_brand","embeddable":true,"href":"https:\/\/www.gian-transmission.com\/fr\/wp-json\/wp\/v2\/product_brand?post=7738"},{"taxonomy":"product_cat","embeddable":true,"href":"https:\/\/www.gian-transmission.com\/fr\/wp-json\/wp\/v2\/product_cat?post=7738"},{"taxonomy":"product_tag","embeddable":true,"href":"https:\/\/www.gian-transmission.com\/fr\/wp-json\/wp\/v2\/product_tag?post=7738"}],"curies":[{"name":"wp","href":"https:\/\/api.w.org\/{rel}","templated":true}]}}