{"id":7735,"date":"2024-10-11T10:45:52","date_gmt":"2024-10-11T02:45:52","guid":{"rendered":"https:\/\/www.gian-transmission.com\/gian-cl42-cl57-driver-de-moteur-pas-a-pas-1-2-2-5a-8-24vcc\/"},"modified":"2024-10-11T10:45:52","modified_gmt":"2024-10-11T02:45:52","slug":"gian-cl42-cl57-driver-de-moteur-pas-a-pas-1-2-2-5a-8-24vcc","status":"publish","type":"product","link":"https:\/\/www.gian-transmission.com\/fr\/gian-cl42-cl57-driver-de-moteur-pas-a-pas\/","title":{"rendered":"Gian CL42\/CL57 Driver De Moteur Pas \u00c0 Pas (1.2-2.5A, 8-24VCC )"},"content":{"rendered":"<h2><span class=\"ez-toc-section\" id=\"Parametres_de_performance_electrique\"><\/span>Param\u00e8tres de performance \u00e9lectrique<span class=\"ez-toc-section-end\"><\/span><\/h2>\n<table>\n<tbody>\n<tr>\n<td>Mod\u00e8le<\/td>\n<td>Courant de sortie<\/td>\n<td>Tension d&#8217;alimentation d&#8217;entr\u00e9e<\/td>\n<td>Courant d&#8217;entr\u00e9e logique<\/td>\n<td>Port d&#8217;entr\u00e9e \u00e0 grande vitesse<\/p>\n<p>Fr\u00e9quence d&#8217;impulsion<\/td>\n<td>Insulation<br \/>\nResistance<\/td>\n<\/tr>\n<tr>\n<td>CL42\/CL57<\/td>\n<td>1.2-2.5A<\/td>\n<td>8-24VCC<\/td>\n<td>7-16mA<\/td>\n<td>0-500kHz<\/td>\n<td>100M\u03a9<\/td>\n<\/tr>\n<\/tbody>\n<\/table>\n<h2><span class=\"ez-toc-section\" id=\"Utilisation_des_parametres_denvironnement\"><\/span>Utilisation des param\u00e8tres d&#8217;environnement<span class=\"ez-toc-section-end\"><\/span><\/h2>\n<table width=\"926\">\n<tbody>\n<tr>\n<td width=\"136\">Mod\u00e8le<\/td>\n<td width=\"145\">Temp\u00e9rature<\/td>\n<td width=\"128\">Temp\u00e9rature<\/td>\n<td width=\"207\">Vibrer<\/td>\n<td width=\"202\">Temp\u00e9rature de stockage<\/td>\n<td width=\"107\">Poids<\/td>\n<\/tr>\n<tr>\n<td width=\"136\">CL42\/CL57<\/td>\n<td width=\"145\">0~50\u2103<\/td>\n<td width=\"128\">40~90%RH<\/td>\n<td width=\"207\">10~55Hz\/0.15mm<\/td>\n<td width=\"202\">-20~65\u2103<\/td>\n<td width=\"107\">190g<\/td>\n<\/tr>\n<\/tbody>\n<\/table>\n<h2><span class=\"ez-toc-section\" id=\"Dimensions_mecaniques_mm\"><\/span>Dimensions m\u00e9caniques : mm<span class=\"ez-toc-section-end\"><\/span><\/h2>\n<p><img fetchpriority=\"high\" decoding=\"async\" class=\"alignnone size-full wp-image-5695\" src=\"https:\/\/www.gian-transmission.com\/wp-content\/uploads\/2024\/10\/CL42-CL57-for-mechanical-dimensions.jpg\" alt=\"CL42-CL57 pour les dimensions m\u00e9caniques\" width=\"1200\" height=\"400\" srcset=\"https:\/\/www.gian-transmission.com\/wp-content\/uploads\/2024\/10\/CL42-CL57-for-mechanical-dimensions.jpg 1200w, https:\/\/www.gian-transmission.com\/wp-content\/uploads\/2024\/10\/CL42-CL57-for-mechanical-dimensions-300x100.jpg 300w, https:\/\/www.gian-transmission.com\/wp-content\/uploads\/2024\/10\/CL42-CL57-for-mechanical-dimensions-1024x341.jpg 1024w, https:\/\/www.gian-transmission.com\/wp-content\/uploads\/2024\/10\/CL42-CL57-for-mechanical-dimensions-768x256.jpg 768w, https:\/\/www.gian-transmission.com\/wp-content\/uploads\/2024\/10\/CL42-CL57-for-mechanical-dimensions-600x200.jpg 600w\" sizes=\"(max-width: 1200px) 100vw, 1200px\" \/><\/p>\n<div id=\"gtx-trans\" style=\"position: absolute; left: 181px; top: 410.047px;\">\n<div class=\"gtx-trans-icon\"><\/div>\n<\/div>\n","protected":false},"excerpt":{"rendered":"<ul>\n<li>Peut piloter des moteurs pas \u00e0 pas biphas\u00e9s \u00e0 4, 6, 8 fils (avec codeur de position).<\/li>\n<li>Assure des performances efficaces avec un courant de sortie r\u00e9glable entre 1,2 et 2,5 A.<\/li>\n<li>Lotissement haut int\u00e9gr\u00e9.<\/li>\n<li>L&#8217;\u00e9chauffement du moteur est consid\u00e9rablement r\u00e9duit gr\u00e2ce \u00e0 une r\u00e9gulation pr\u00e9cise du courant.<\/li>\n<li>A l&#8217;arr\u00eat, le courant est automatiquement coup\u00e9 de moiti\u00e9.<\/li>\n<li>Entr\u00e9e pour un signal diff\u00e9rentiel optiquement isol\u00e9.<\/li>\n<li>Fr\u00e9quence de r\u00e9ponse d&#8217;impulsion jusqu&#8217;\u00e0 200 KHz.<\/li>\n<li>Court-circuit, surtension et fonctions de protection suppl\u00e9mentaires.<\/li>\n<\/ul>\n","protected":false},"featured_media":7736,"comment_status":"closed","ping_status":"closed","template":"","meta":{"site-sidebar-layout":"default","site-content-layout":"","ast-site-content-layout":"default","site-content-style":"default","site-sidebar-style":"default","ast-global-header-display":"","ast-banner-title-visibility":"","ast-main-header-display":"","ast-hfb-above-header-display":"","ast-hfb-below-header-display":"","ast-hfb-mobile-header-display":"","site-post-title":"","ast-breadcrumbs-content":"","ast-featured-img":"","footer-sml-layout":"","theme-transparent-header-meta":"default","adv-header-id-meta":"","stick-header-meta":"","header-above-stick-meta":"","header-main-stick-meta":"","header-below-stick-meta":"","astra-migrate-meta-layouts":"default","ast-page-background-enabled":"default","ast-page-background-meta":{"desktop":{"background-color":"var(--ast-global-color-4)","background-image":"","background-repeat":"repeat","background-position":"center center","background-size":"auto","background-attachment":"scroll","background-type":"","background-media":"","overlay-type":"","overlay-color":"","overlay-opacity":"","overlay-gradient":""},"tablet":{"background-color":"","background-image":"","background-repeat":"repeat","background-position":"center center","background-size":"auto","background-attachment":"scroll","background-type":"","background-media":"","overlay-type":"","overlay-color":"","overlay-opacity":"","overlay-gradient":""},"mobile":{"background-color":"","background-image":"","background-repeat":"repeat","background-position":"center center","background-size":"auto","background-attachment":"scroll","background-type":"","background-media":"","overlay-type":"","overlay-color":"","overlay-opacity":"","overlay-gradient":""}},"ast-content-background-meta":{"desktop":{"background-color":"var(--ast-global-color-5)","background-image":"","background-repeat":"repeat","background-position":"center center","background-size":"auto","background-attachment":"scroll","background-type":"","background-media":"","overlay-type":"","overlay-color":"","overlay-opacity":"","overlay-gradient":""},"tablet":{"background-color":"var(--ast-global-color-5)","background-image":"","background-repeat":"repeat","background-position":"center center","background-size":"auto","background-attachment":"scroll","background-type":"","background-media":"","overlay-type":"","overlay-color":"","overlay-opacity":"","overlay-gradient":""},"mobile":{"background-color":"var(--ast-global-color-5)","background-image":"","background-repeat":"repeat","background-position":"center center","background-size":"auto","background-attachment":"scroll","background-type":"","background-media":"","overlay-type":"","overlay-color":"","overlay-opacity":"","overlay-gradient":""}}},"product_brand":[],"product_cat":[111,112],"product_tag":[],"class_list":{"0":"post-7735","1":"product","2":"type-product","3":"status-publish","4":"has-post-thumbnail","6":"product_cat-pilote-de-moteur","7":"product_cat-pilote-de-moteur-pas-a-pas","8":"desktop-align-left","9":"tablet-align-left","10":"mobile-align-left","12":"first","13":"instock","14":"shipping-taxable","15":"product-type-simple"},"_links":{"self":[{"href":"https:\/\/www.gian-transmission.com\/fr\/wp-json\/wp\/v2\/product\/7735"}],"collection":[{"href":"https:\/\/www.gian-transmission.com\/fr\/wp-json\/wp\/v2\/product"}],"about":[{"href":"https:\/\/www.gian-transmission.com\/fr\/wp-json\/wp\/v2\/types\/product"}],"replies":[{"embeddable":true,"href":"https:\/\/www.gian-transmission.com\/fr\/wp-json\/wp\/v2\/comments?post=7735"}],"wp:featuredmedia":[{"embeddable":true,"href":"https:\/\/www.gian-transmission.com\/fr\/wp-json\/wp\/v2\/media\/7736"}],"wp:attachment":[{"href":"https:\/\/www.gian-transmission.com\/fr\/wp-json\/wp\/v2\/media?parent=7735"}],"wp:term":[{"taxonomy":"product_brand","embeddable":true,"href":"https:\/\/www.gian-transmission.com\/fr\/wp-json\/wp\/v2\/product_brand?post=7735"},{"taxonomy":"product_cat","embeddable":true,"href":"https:\/\/www.gian-transmission.com\/fr\/wp-json\/wp\/v2\/product_cat?post=7735"},{"taxonomy":"product_tag","embeddable":true,"href":"https:\/\/www.gian-transmission.com\/fr\/wp-json\/wp\/v2\/product_tag?post=7735"}],"curies":[{"name":"wp","href":"https:\/\/api.w.org\/{rel}","templated":true}]}}