{"id":7732,"date":"2024-10-11T11:38:14","date_gmt":"2024-10-11T03:38:14","guid":{"rendered":"https:\/\/www.gian-transmission.com\/gian-dm442-driver-de-moteur-pas-a-pas-1-0-4-2a-0-200khz\/"},"modified":"2024-10-11T11:38:14","modified_gmt":"2024-10-11T03:38:14","slug":"gian-dm442-driver-de-moteur-pas-a-pas-1-0-4-2a-0-200khz","status":"publish","type":"product","link":"https:\/\/www.gian-transmission.com\/fr\/gian-dm442-driver-de-moteur-pas-a-pas\/","title":{"rendered":"Gian DM442 Driver De Moteur Pas \u00c0 Pas (1.0-4.2A, 0-200KHz )"},"content":{"rendered":"<h2><span class=\"ez-toc-section\" id=\"Parametres_de_performance_electrique\"><\/span>Param\u00e8tres de performance \u00e9lectrique<span class=\"ez-toc-section-end\"><\/span><\/h2>\n<table>\n<tbody>\n<tr>\n<td width=\"11.1200%\">Mod\u00e8le<\/td>\n<td width=\"15.5400%\">Courant de sortie<\/td>\n<td width=\"23.4400%\">Tension d&#8217;alimentation d&#8217;entr\u00e9e<\/td>\n<td width=\"26.7400%\">Courant d&#8217;entr\u00e9e du signal de commande<\/td>\n<td width=\"12.5000%\">Fr\u00e9quence d&#8217;impulsion de pas<\/td>\n<td width=\"10.6000%\">Insulation<br \/>\nResistance<\/td>\n<\/tr>\n<tr>\n<td width=\"11.1200%\">DM442<\/td>\n<td width=\"15.5400%\">1.0-4.2A<\/td>\n<td width=\"23.4400%\">8-24VCC<\/td>\n<td width=\"26.7400%\">7-16mA<\/td>\n<td width=\"12.5000%\">0-200KHz<\/td>\n<td width=\"10.6000%\">500M\u03a9<\/td>\n<\/tr>\n<\/tbody>\n<\/table>\n<h2><span class=\"ez-toc-section\" id=\"Utilisation_des_parametres_environnementaux\"><\/span>Utilisation des param\u00e8tres environnementaux<span class=\"ez-toc-section-end\"><\/span><\/h2>\n<table>\n<tbody>\n<tr>\n<td width=\"12.8200%\">Mod\u00e8le<\/td>\n<td width=\"20.4400%\">Temp\u00e9rature<\/td>\n<td width=\"17.9000%\">Temp\u00e9rature<\/td>\n<td width=\"15.2600%\">Vibrer<\/td>\n<td width=\"21.0400%\">Temp\u00e9rature de stockage<\/td>\n<td width=\"12.4800%\">Poids<\/td>\n<\/tr>\n<tr>\n<td width=\"12.8200%\">DM442<\/td>\n<td width=\"20.4400%\">0-50\u2103<\/td>\n<td width=\"17.9000%\">40-90%RH<\/td>\n<td width=\"15.2600%\">10~55Hz<br \/>\n\/0.15mm<\/td>\n<td width=\"21.0400%\">-20\u2103~ 65\u2103<\/td>\n<td width=\"12.4800%\">190g<\/td>\n<\/tr>\n<\/tbody>\n<\/table>\n<h2><span class=\"ez-toc-section\" id=\"Dimensions_mecaniques_mm\"><\/span>Dimensions m\u00e9caniques : mm<span class=\"ez-toc-section-end\"><\/span><\/h2>\n<p><img fetchpriority=\"high\" decoding=\"async\" class=\"alignnone size-full wp-image-5704\" src=\"https:\/\/www.gian-transmission.com\/wp-content\/uploads\/2024\/10\/Dm442-for-mechanical-dimensions.jpg\" alt=\"DM442 pour les dimensions m\u00e9caniques\" width=\"1200\" height=\"400\" srcset=\"https:\/\/www.gian-transmission.com\/wp-content\/uploads\/2024\/10\/Dm442-for-mechanical-dimensions.jpg 1200w, https:\/\/www.gian-transmission.com\/wp-content\/uploads\/2024\/10\/Dm442-for-mechanical-dimensions-300x100.jpg 300w, https:\/\/www.gian-transmission.com\/wp-content\/uploads\/2024\/10\/Dm442-for-mechanical-dimensions-1024x341.jpg 1024w, https:\/\/www.gian-transmission.com\/wp-content\/uploads\/2024\/10\/Dm442-for-mechanical-dimensions-768x256.jpg 768w, https:\/\/www.gian-transmission.com\/wp-content\/uploads\/2024\/10\/Dm442-for-mechanical-dimensions-600x200.jpg 600w\" sizes=\"(max-width: 1200px) 100vw, 1200px\" \/><\/p>\n","protected":false},"excerpt":{"rendered":"<ul>\n<li>Peut piloter des moteurs pas \u00e0 pas biphas\u00e9s \u00e0 4, 6 et 8 fils.<\/li>\n<li>Lotissement haut int\u00e9gr\u00e9.<\/li>\n<li>Un contr\u00f4le pr\u00e9cis du courant r\u00e9duit consid\u00e9rablement l\u2019\u00e9chauffement du moteur.<\/li>\n<li>Courant automatiquement r\u00e9duit de moiti\u00e9 \u00e0 l&#8217;arr\u00eat.<\/li>\n<li>Entr\u00e9e de signal diff\u00e9rentiel optiquement isol\u00e9e.<\/li>\n<li>Fr\u00e9quence de r\u00e9ponse d&#8217;impulsion jusqu&#8217;\u00e0 200 KHZ.<\/li>\n<li>Surtension, court-circuit et autres fonctions de protection.<\/li>\n<\/ul>\n","protected":false},"featured_media":5705,"comment_status":"closed","ping_status":"closed","template":"","meta":{"site-sidebar-layout":"default","site-content-layout":"","ast-site-content-layout":"default","site-content-style":"default","site-sidebar-style":"default","ast-global-header-display":"","ast-banner-title-visibility":"","ast-main-header-display":"","ast-hfb-above-header-display":"","ast-hfb-below-header-display":"","ast-hfb-mobile-header-display":"","site-post-title":"","ast-breadcrumbs-content":"","ast-featured-img":"","footer-sml-layout":"","theme-transparent-header-meta":"default","adv-header-id-meta":"","stick-header-meta":"","header-above-stick-meta":"","header-main-stick-meta":"","header-below-stick-meta":"","astra-migrate-meta-layouts":"default","ast-page-background-enabled":"default","ast-page-background-meta":{"desktop":{"background-color":"var(--ast-global-color-4)","background-image":"","background-repeat":"repeat","background-position":"center center","background-size":"auto","background-attachment":"scroll","background-type":"","background-media":"","overlay-type":"","overlay-color":"","overlay-opacity":"","overlay-gradient":""},"tablet":{"background-color":"","background-image":"","background-repeat":"repeat","background-position":"center center","background-size":"auto","background-attachment":"scroll","background-type":"","background-media":"","overlay-type":"","overlay-color":"","overlay-opacity":"","overlay-gradient":""},"mobile":{"background-color":"","background-image":"","background-repeat":"repeat","background-position":"center center","background-size":"auto","background-attachment":"scroll","background-type":"","background-media":"","overlay-type":"","overlay-color":"","overlay-opacity":"","overlay-gradient":""}},"ast-content-background-meta":{"desktop":{"background-color":"var(--ast-global-color-5)","background-image":"","background-repeat":"repeat","background-position":"center center","background-size":"auto","background-attachment":"scroll","background-type":"","background-media":"","overlay-type":"","overlay-color":"","overlay-opacity":"","overlay-gradient":""},"tablet":{"background-color":"var(--ast-global-color-5)","background-image":"","background-repeat":"repeat","background-position":"center center","background-size":"auto","background-attachment":"scroll","background-type":"","background-media":"","overlay-type":"","overlay-color":"","overlay-opacity":"","overlay-gradient":""},"mobile":{"background-color":"var(--ast-global-color-5)","background-image":"","background-repeat":"repeat","background-position":"center center","background-size":"auto","background-attachment":"scroll","background-type":"","background-media":"","overlay-type":"","overlay-color":"","overlay-opacity":"","overlay-gradient":""}}},"product_brand":[],"product_cat":[111,112],"product_tag":[],"class_list":{"0":"post-7732","1":"product","2":"type-product","3":"status-publish","4":"has-post-thumbnail","6":"product_cat-pilote-de-moteur","7":"product_cat-pilote-de-moteur-pas-a-pas","8":"desktop-align-left","9":"tablet-align-left","10":"mobile-align-left","12":"first","13":"instock","14":"shipping-taxable","15":"product-type-simple"},"_links":{"self":[{"href":"https:\/\/www.gian-transmission.com\/fr\/wp-json\/wp\/v2\/product\/7732"}],"collection":[{"href":"https:\/\/www.gian-transmission.com\/fr\/wp-json\/wp\/v2\/product"}],"about":[{"href":"https:\/\/www.gian-transmission.com\/fr\/wp-json\/wp\/v2\/types\/product"}],"replies":[{"embeddable":true,"href":"https:\/\/www.gian-transmission.com\/fr\/wp-json\/wp\/v2\/comments?post=7732"}],"wp:featuredmedia":[{"embeddable":true,"href":"https:\/\/www.gian-transmission.com\/fr\/wp-json\/wp\/v2\/media\/5705"}],"wp:attachment":[{"href":"https:\/\/www.gian-transmission.com\/fr\/wp-json\/wp\/v2\/media?parent=7732"}],"wp:term":[{"taxonomy":"product_brand","embeddable":true,"href":"https:\/\/www.gian-transmission.com\/fr\/wp-json\/wp\/v2\/product_brand?post=7732"},{"taxonomy":"product_cat","embeddable":true,"href":"https:\/\/www.gian-transmission.com\/fr\/wp-json\/wp\/v2\/product_cat?post=7732"},{"taxonomy":"product_tag","embeddable":true,"href":"https:\/\/www.gian-transmission.com\/fr\/wp-json\/wp\/v2\/product_tag?post=7732"}],"curies":[{"name":"wp","href":"https:\/\/api.w.org\/{rel}","templated":true}]}}