{"id":7729,"date":"2024-08-07T16:04:23","date_gmt":"2024-08-07T08:04:23","guid":{"rendered":"https:\/\/www.gian-transmission.com\/gian-yf003-p17-moteur-a-engrenages-planetaires-a-balais-5-12-18-21-6v-3000-18000tr-min\/"},"modified":"2024-08-07T16:04:23","modified_gmt":"2024-08-07T08:04:23","slug":"gian-yf003-p17-moteur-a-engrenages-planetaires-a-balais-5-12-18-21-6v-3000-18000tr-min","status":"publish","type":"product","link":"https:\/\/www.gian-transmission.com\/fr\/gian-yf003-p17-moteur-a-engrenages-planetaires-a-balais\/","title":{"rendered":"Gian YF003-P17 Moteur \u00c0 Engrenages Plan\u00e9taires ( \u00c0 Balais 5\/12\/18\/21.6V, 3000-18000tr\/min)"},"content":{"rendered":"<h2><span class=\"ez-toc-section\" id=\"Parametres_de_Performance\"><\/span>Param\u00e8tres de Performance<span class=\"ez-toc-section-end\"><\/span><\/h2>\n<table>\n<tbody>\n<tr>\n<td rowspan=\"2\">Mod\u00e8le<\/p>\n<p>YF003-P17<\/td>\n<td>Tension nominale<\/td>\n<td>Tension de service<\/td>\n<td>Vitesse \u00e0 vide<\/td>\n<\/tr>\n<tr>\n<td>5\/12\/18\/21.6V<\/td>\n<td>5\/12\/18\/21.6V<\/td>\n<td>3000-18000RPM<\/td>\n<\/tr>\n<tr>\n<td rowspan=\"3\">Performance du moteur int\u00e9gr\u00e9<\/td>\n<td rowspan=\"2\">Courant \u00e0 vide<\/td>\n<td colspan=\"2\">Charge nominale<\/td>\n<\/tr>\n<tr>\n<td>Vitesse de chargement<\/td>\n<td>Vitesse de chargement<\/td>\n<\/tr>\n<tr>\n<td>0.05-0.1A<\/td>\n<td>2500-17500RPM<\/td>\n<td>\u22640.4A<\/td>\n<\/tr>\n<tr>\n<td rowspan=\"4\">Performance globale<\/td>\n<td>Tension nominale<\/td>\n<td>Courant \u00e0 vide<\/td>\n<td>Courant \u00e0 vide<\/td>\n<\/tr>\n<tr>\n<td>5\/12\/18\/21.6V<\/td>\n<td>\u22640.4A<\/td>\n<td>\u22640.4A<\/td>\n<\/tr>\n<tr>\n<td>Pouvoir<\/td>\n<td>D\u00e9bit<\/td>\n<td>Bruit<\/td>\n<\/tr>\n<tr>\n<td>1-8W<\/td>\n<td>20-180ml\/min<\/td>\n<td>\u226458dB(Horizontal 50cm)<\/td>\n<\/tr>\n<\/tbody>\n<\/table>\n<h2><span class=\"ez-toc-section\" id=\"Dimensions_mecaniques_mm\"><\/span><strong><b>Dimensions m\u00e9caniques : mm<\/b><\/strong><span class=\"ez-toc-section-end\"><\/span><\/h2>\n<p><img fetchpriority=\"high\" decoding=\"async\" class=\"size-full wp-image-4124 aligncenter\" src=\"https:\/\/www.gian-transmission.com\/wp-content\/uploads\/2024\/08\/YF003-P17-for-mechanical-dimensions.jpg\" alt=\"YF003-P17 pour les dimensions m\u00e9caniques\" width=\"1200\" height=\"500\" srcset=\"https:\/\/www.gian-transmission.com\/wp-content\/uploads\/2024\/08\/YF003-P17-for-mechanical-dimensions.jpg 1200w, https:\/\/www.gian-transmission.com\/wp-content\/uploads\/2024\/08\/YF003-P17-for-mechanical-dimensions-300x125.jpg 300w, https:\/\/www.gian-transmission.com\/wp-content\/uploads\/2024\/08\/YF003-P17-for-mechanical-dimensions-1024x427.jpg 1024w, https:\/\/www.gian-transmission.com\/wp-content\/uploads\/2024\/08\/YF003-P17-for-mechanical-dimensions-768x320.jpg 768w, https:\/\/www.gian-transmission.com\/wp-content\/uploads\/2024\/08\/YF003-P17-for-mechanical-dimensions-600x250.jpg 600w\" sizes=\"(max-width: 1200px) 100vw, 1200px\" \/><\/p>\n<p>&nbsp;<\/p>\n<p>&nbsp;<\/p>\n<div id=\"gtx-trans\" style=\"position: absolute; left: 765px; top: 481.875px;\">\n<div class=\"gtx-trans-icon\"><\/div>\n<\/div>\n","protected":false},"excerpt":{"rendered":"<ul>\n<li><strong>Vitesse \u00e0 vide:<\/strong> La vitesse \u00e0 vide de 3 000 \u00e0 18 000 tr\/min offre des performances polyvalentes et \u00e0 grande vitesse.<\/li>\n<li><strong>D\u00e9bit:<\/strong> Offre un contr\u00f4le pr\u00e9cis du d\u00e9bit et des performances efficaces \u00e0 20-180 ml\/min.<\/li>\n<li><strong>Application typique:<\/strong> Pompe p\u00e9ristaltique pour le nettoyeur.<\/li>\n<\/ul>\n","protected":false},"featured_media":7730,"comment_status":"closed","ping_status":"closed","template":"","meta":{"site-sidebar-layout":"default","site-content-layout":"","ast-site-content-layout":"default","site-content-style":"default","site-sidebar-style":"default","ast-global-header-display":"","ast-banner-title-visibility":"","ast-main-header-display":"","ast-hfb-above-header-display":"","ast-hfb-below-header-display":"","ast-hfb-mobile-header-display":"","site-post-title":"","ast-breadcrumbs-content":"","ast-featured-img":"","footer-sml-layout":"","theme-transparent-header-meta":"default","adv-header-id-meta":"","stick-header-meta":"","header-above-stick-meta":"","header-main-stick-meta":"","header-below-stick-meta":"","astra-migrate-meta-layouts":"default","ast-page-background-enabled":"default","ast-page-background-meta":{"desktop":{"background-color":"var(--ast-global-color-4)","background-image":"","background-repeat":"repeat","background-position":"center center","background-size":"auto","background-attachment":"scroll","background-type":"","background-media":"","overlay-type":"","overlay-color":"","overlay-opacity":"","overlay-gradient":""},"tablet":{"background-color":"","background-image":"","background-repeat":"repeat","background-position":"center center","background-size":"auto","background-attachment":"scroll","background-type":"","background-media":"","overlay-type":"","overlay-color":"","overlay-opacity":"","overlay-gradient":""},"mobile":{"background-color":"","background-image":"","background-repeat":"repeat","background-position":"center center","background-size":"auto","background-attachment":"scroll","background-type":"","background-media":"","overlay-type":"","overlay-color":"","overlay-opacity":"","overlay-gradient":""}},"ast-content-background-meta":{"desktop":{"background-color":"var(--ast-global-color-5)","background-image":"","background-repeat":"repeat","background-position":"center center","background-size":"auto","background-attachment":"scroll","background-type":"","background-media":"","overlay-type":"","overlay-color":"","overlay-opacity":"","overlay-gradient":""},"tablet":{"background-color":"var(--ast-global-color-5)","background-image":"","background-repeat":"repeat","background-position":"center center","background-size":"auto","background-attachment":"scroll","background-type":"","background-media":"","overlay-type":"","overlay-color":"","overlay-opacity":"","overlay-gradient":""},"mobile":{"background-color":"var(--ast-global-color-5)","background-image":"","background-repeat":"repeat","background-position":"center center","background-size":"auto","background-attachment":"scroll","background-type":"","background-media":"","overlay-type":"","overlay-color":"","overlay-opacity":"","overlay-gradient":""}}},"product_brand":[],"product_cat":[109,107,110],"product_tag":[],"class_list":{"0":"post-7729","1":"product","2":"type-product","3":"status-publish","4":"has-post-thumbnail","6":"product_cat-moteur-a-engrenages","7":"product_cat-moteur-a-engrenage-planetaire","8":"product_cat-moteur-a-engrenages-planetaires-a-balais","9":"desktop-align-left","10":"tablet-align-left","11":"mobile-align-left","13":"first","14":"instock","15":"shipping-taxable","16":"product-type-simple"},"_links":{"self":[{"href":"https:\/\/www.gian-transmission.com\/fr\/wp-json\/wp\/v2\/product\/7729"}],"collection":[{"href":"https:\/\/www.gian-transmission.com\/fr\/wp-json\/wp\/v2\/product"}],"about":[{"href":"https:\/\/www.gian-transmission.com\/fr\/wp-json\/wp\/v2\/types\/product"}],"replies":[{"embeddable":true,"href":"https:\/\/www.gian-transmission.com\/fr\/wp-json\/wp\/v2\/comments?post=7729"}],"wp:featuredmedia":[{"embeddable":true,"href":"https:\/\/www.gian-transmission.com\/fr\/wp-json\/wp\/v2\/media\/7730"}],"wp:attachment":[{"href":"https:\/\/www.gian-transmission.com\/fr\/wp-json\/wp\/v2\/media?parent=7729"}],"wp:term":[{"taxonomy":"product_brand","embeddable":true,"href":"https:\/\/www.gian-transmission.com\/fr\/wp-json\/wp\/v2\/product_brand?post=7729"},{"taxonomy":"product_cat","embeddable":true,"href":"https:\/\/www.gian-transmission.com\/fr\/wp-json\/wp\/v2\/product_cat?post=7729"},{"taxonomy":"product_tag","embeddable":true,"href":"https:\/\/www.gian-transmission.com\/fr\/wp-json\/wp\/v2\/product_tag?post=7729"}],"curies":[{"name":"wp","href":"https:\/\/api.w.org\/{rel}","templated":true}]}}