{"id":7723,"date":"2024-10-10T14:48:30","date_gmt":"2024-10-10T06:48:30","guid":{"rendered":"https:\/\/www.gian-transmission.com\/gian-tr039-p01-moteur-a-engrenages-planetaires-a-balais-12v-%e2%89%a415a\/"},"modified":"2024-10-10T14:48:30","modified_gmt":"2024-10-10T06:48:30","slug":"gian-tr039-p01-moteur-a-engrenages-planetaires-a-balais-12v-%e2%89%a415a","status":"publish","type":"product","link":"https:\/\/www.gian-transmission.com\/fr\/gian-tr039-p01-moteur-a-engrenages-planetaires-a-balais\/","title":{"rendered":"Gian TR039-P01 Moteur \u00c0 Engrenages Plan\u00e9taires ( \u00c0 Balais, 12V, \u226415A)"},"content":{"rendered":"<h2><span class=\"ez-toc-section\" id=\"Parametres_de_Performance\"><\/span>Param\u00e8tres de Performance<span class=\"ez-toc-section-end\"><\/span><\/h2>\n<table>\n<tbody>\n<tr>\n<td width=\"19.9000%\">Mod\u00e8le<\/td>\n<td width=\"13.9800%\">Tension nominale<\/td>\n<td width=\"15.1800%\">Vitesse \u00e0 vide<\/td>\n<td width=\"21.4800%\">Courant du rotor bloqu\u00e9<\/td>\n<td width=\"29.4200%\">Courant du rotor bloqu\u00e9<\/td>\n<\/tr>\n<tr>\n<td width=\"19.9000%\">TR039-P01<\/td>\n<td width=\"13.9800%\">12V<\/td>\n<td width=\"15.1800%\">255\u00b12 5.5RPM<\/td>\n<td width=\"21.4800%\">\u226415A<\/td>\n<td width=\"29.4200%\">3,78N.m~4,62N.m<\/td>\n<\/tr>\n<\/tbody>\n<\/table>\n<h2><span class=\"ez-toc-section\" id=\"Dimensions_mecaniques_mm\"><\/span>Dimensions m\u00e9caniques : mm<span class=\"ez-toc-section-end\"><\/span><\/h2>\n<p><img fetchpriority=\"high\" decoding=\"async\" class=\"size-full wp-image-5627 aligncenter\" src=\"https:\/\/www.gian-transmission.com\/wp-content\/uploads\/2024\/10\/Gian-TR039-P01-Brushed-Planetary-Gear-Motor-for-Mechanical-Dimensions.png\" alt=\"\" width=\"1168\" height=\"529\" srcset=\"https:\/\/www.gian-transmission.com\/wp-content\/uploads\/2024\/10\/Gian-TR039-P01-Brushed-Planetary-Gear-Motor-for-Mechanical-Dimensions.png 1168w, https:\/\/www.gian-transmission.com\/wp-content\/uploads\/2024\/10\/Gian-TR039-P01-Brushed-Planetary-Gear-Motor-for-Mechanical-Dimensions-300x136.png 300w, https:\/\/www.gian-transmission.com\/wp-content\/uploads\/2024\/10\/Gian-TR039-P01-Brushed-Planetary-Gear-Motor-for-Mechanical-Dimensions-1024x464.png 1024w, https:\/\/www.gian-transmission.com\/wp-content\/uploads\/2024\/10\/Gian-TR039-P01-Brushed-Planetary-Gear-Motor-for-Mechanical-Dimensions-768x348.png 768w, https:\/\/www.gian-transmission.com\/wp-content\/uploads\/2024\/10\/Gian-TR039-P01-Brushed-Planetary-Gear-Motor-for-Mechanical-Dimensions-600x272.png 600w\" sizes=\"(max-width: 1168px) 100vw, 1168px\" \/><\/p>\n<p>&nbsp;<\/p>\n<p>&nbsp;<\/p>\n","protected":false},"excerpt":{"rendered":"<ul>\n<li> <strong> Tension nominale:<\/strong> Fonctionne efficacement avec une tension nominale de 12 V.<\/li>\n<li><strong>Vitesse \u00e0 vide:<\/strong> 255\u00b12 5,5 tr\/min, garantissant un fonctionnement \u00e0 basse vitesse pr\u00e9cis, fluide et fiable.<\/li>\n<li><strong>Applications typiques:<\/strong> Boite de vitesse pour coffre \u00e9lectrique.<\/li>\n<\/ul>\n","protected":false},"featured_media":7724,"comment_status":"closed","ping_status":"closed","template":"","meta":{"site-sidebar-layout":"default","site-content-layout":"","ast-site-content-layout":"default","site-content-style":"default","site-sidebar-style":"default","ast-global-header-display":"","ast-banner-title-visibility":"","ast-main-header-display":"","ast-hfb-above-header-display":"","ast-hfb-below-header-display":"","ast-hfb-mobile-header-display":"","site-post-title":"","ast-breadcrumbs-content":"","ast-featured-img":"","footer-sml-layout":"","theme-transparent-header-meta":"default","adv-header-id-meta":"","stick-header-meta":"","header-above-stick-meta":"","header-main-stick-meta":"","header-below-stick-meta":"","astra-migrate-meta-layouts":"default","ast-page-background-enabled":"default","ast-page-background-meta":{"desktop":{"background-color":"var(--ast-global-color-4)","background-image":"","background-repeat":"repeat","background-position":"center center","background-size":"auto","background-attachment":"scroll","background-type":"","background-media":"","overlay-type":"","overlay-color":"","overlay-opacity":"","overlay-gradient":""},"tablet":{"background-color":"","background-image":"","background-repeat":"repeat","background-position":"center center","background-size":"auto","background-attachment":"scroll","background-type":"","background-media":"","overlay-type":"","overlay-color":"","overlay-opacity":"","overlay-gradient":""},"mobile":{"background-color":"","background-image":"","background-repeat":"repeat","background-position":"center center","background-size":"auto","background-attachment":"scroll","background-type":"","background-media":"","overlay-type":"","overlay-color":"","overlay-opacity":"","overlay-gradient":""}},"ast-content-background-meta":{"desktop":{"background-color":"var(--ast-global-color-5)","background-image":"","background-repeat":"repeat","background-position":"center center","background-size":"auto","background-attachment":"scroll","background-type":"","background-media":"","overlay-type":"","overlay-color":"","overlay-opacity":"","overlay-gradient":""},"tablet":{"background-color":"var(--ast-global-color-5)","background-image":"","background-repeat":"repeat","background-position":"center center","background-size":"auto","background-attachment":"scroll","background-type":"","background-media":"","overlay-type":"","overlay-color":"","overlay-opacity":"","overlay-gradient":""},"mobile":{"background-color":"var(--ast-global-color-5)","background-image":"","background-repeat":"repeat","background-position":"center center","background-size":"auto","background-attachment":"scroll","background-type":"","background-media":"","overlay-type":"","overlay-color":"","overlay-opacity":"","overlay-gradient":""}}},"product_brand":[],"product_cat":[109,107,110],"product_tag":[],"class_list":{"0":"post-7723","1":"product","2":"type-product","3":"status-publish","4":"has-post-thumbnail","6":"product_cat-moteur-a-engrenages","7":"product_cat-moteur-a-engrenage-planetaire","8":"product_cat-moteur-a-engrenages-planetaires-a-balais","9":"desktop-align-left","10":"tablet-align-left","11":"mobile-align-left","13":"first","14":"instock","15":"shipping-taxable","16":"product-type-simple"},"_links":{"self":[{"href":"https:\/\/www.gian-transmission.com\/fr\/wp-json\/wp\/v2\/product\/7723"}],"collection":[{"href":"https:\/\/www.gian-transmission.com\/fr\/wp-json\/wp\/v2\/product"}],"about":[{"href":"https:\/\/www.gian-transmission.com\/fr\/wp-json\/wp\/v2\/types\/product"}],"replies":[{"embeddable":true,"href":"https:\/\/www.gian-transmission.com\/fr\/wp-json\/wp\/v2\/comments?post=7723"}],"wp:featuredmedia":[{"embeddable":true,"href":"https:\/\/www.gian-transmission.com\/fr\/wp-json\/wp\/v2\/media\/7724"}],"wp:attachment":[{"href":"https:\/\/www.gian-transmission.com\/fr\/wp-json\/wp\/v2\/media?parent=7723"}],"wp:term":[{"taxonomy":"product_brand","embeddable":true,"href":"https:\/\/www.gian-transmission.com\/fr\/wp-json\/wp\/v2\/product_brand?post=7723"},{"taxonomy":"product_cat","embeddable":true,"href":"https:\/\/www.gian-transmission.com\/fr\/wp-json\/wp\/v2\/product_cat?post=7723"},{"taxonomy":"product_tag","embeddable":true,"href":"https:\/\/www.gian-transmission.com\/fr\/wp-json\/wp\/v2\/product_tag?post=7723"}],"curies":[{"name":"wp","href":"https:\/\/api.w.org\/{rel}","templated":true}]}}