{"id":7720,"date":"2024-10-10T16:30:12","date_gmt":"2024-10-10T08:30:12","guid":{"rendered":"https:\/\/www.gian-transmission.com\/gian-tr048-p01-moteur-a-engrenages-planetaires-a-balais-24v-185rpm\/"},"modified":"2024-10-10T16:30:12","modified_gmt":"2024-10-10T08:30:12","slug":"gian-tr048-p01-moteur-a-engrenages-planetaires-a-balais-24v-185rpm","status":"publish","type":"product","link":"https:\/\/www.gian-transmission.com\/fr\/gian-tr048-p01-moteur-a-engrenages-planetaires-a-balais\/","title":{"rendered":"Gian TR048-P01 Moteur \u00c0 Engrenages Plan\u00e9taires ( \u00c0 Balais, 24V, 185RPM)"},"content":{"rendered":"<h2><span class=\"ez-toc-section\" id=\"Parametres_de_Performance\"><\/span>Param\u00e8tres de Performance<span class=\"ez-toc-section-end\"><\/span><\/h2>\n<table>\n<tbody>\n<tr>\n<td width=\"19.9200%\">Mod\u00e8le<\/td>\n<td width=\"13.7600%\">Tension Nominale<\/td>\n<td width=\"15.9200%\">Vitesse Nominale<\/td>\n<td width=\"13.9400%\">Courant \u00e9lectrique<\/td>\n<td width=\"15.5800%\">Couple<\/td>\n<td width=\"20.8400%\">Temp\u00e9rature de fonctionnement<\/td>\n<\/tr>\n<tr>\n<td width=\"19.9200%\">TR048-P01<\/td>\n<td width=\"13.7600%\">24V<\/td>\n<td width=\"15.9200%\">185tr\/min<\/td>\n<td width=\"13.9400%\">&lt;2A<\/td>\n<td width=\"15.5800%\">1.12N.m<\/td>\n<td width=\"20.8400%\">-20\u00b0~+60\u00b0<\/td>\n<\/tr>\n<\/tbody>\n<\/table>\n<h2><span class=\"ez-toc-section\" id=\"Dimensions_mecaniques_mm\"><\/span>Dimensions m\u00e9caniques : mm<span class=\"ez-toc-section-end\"><\/span><\/h2>\n<p><img fetchpriority=\"high\" decoding=\"async\" class=\"size-full wp-image-5652 aligncenter\" src=\"https:\/\/www.gian-transmission.com\/wp-content\/uploads\/2024\/10\/Gian-TR048-P01-Brushed-Planetary-Gear-Motor-for-Mechanical-Dimensions.png\" alt=\"Moteur \u00e0 engrenages plan\u00e9taires \u00e0 balais Gian TR048-P01 pour dimensions m\u00e9caniques\" width=\"1300\" height=\"507\" srcset=\"https:\/\/www.gian-transmission.com\/wp-content\/uploads\/2024\/10\/Gian-TR048-P01-Brushed-Planetary-Gear-Motor-for-Mechanical-Dimensions.png 1300w, https:\/\/www.gian-transmission.com\/wp-content\/uploads\/2024\/10\/Gian-TR048-P01-Brushed-Planetary-Gear-Motor-for-Mechanical-Dimensions-300x117.png 300w, https:\/\/www.gian-transmission.com\/wp-content\/uploads\/2024\/10\/Gian-TR048-P01-Brushed-Planetary-Gear-Motor-for-Mechanical-Dimensions-1024x399.png 1024w, https:\/\/www.gian-transmission.com\/wp-content\/uploads\/2024\/10\/Gian-TR048-P01-Brushed-Planetary-Gear-Motor-for-Mechanical-Dimensions-768x300.png 768w, https:\/\/www.gian-transmission.com\/wp-content\/uploads\/2024\/10\/Gian-TR048-P01-Brushed-Planetary-Gear-Motor-for-Mechanical-Dimensions-600x234.png 600w\" sizes=\"(max-width: 1300px) 100vw, 1300px\" \/><\/p>\n","protected":false},"excerpt":{"rendered":"<ul>\n<li><strong>Tension nominale:<\/strong> Tension nominale de 24 V, garantissant un couple fiable et un fonctionnement stable.<\/li>\n<li><strong>Vitesse nominale:<\/strong> 185 tr\/min, garantissant un fonctionnement constant \u00e0 basse vitesse et un couple pr\u00e9cis.<\/li>\n<li><strong>Applications typiques:<\/strong> Boite de vitesse pour la machine \u00e0 caf\u00e9.<\/li>\n<\/ul>\n","protected":false},"featured_media":7721,"comment_status":"closed","ping_status":"closed","template":"","meta":{"site-sidebar-layout":"default","site-content-layout":"","ast-site-content-layout":"default","site-content-style":"default","site-sidebar-style":"default","ast-global-header-display":"","ast-banner-title-visibility":"","ast-main-header-display":"","ast-hfb-above-header-display":"","ast-hfb-below-header-display":"","ast-hfb-mobile-header-display":"","site-post-title":"","ast-breadcrumbs-content":"","ast-featured-img":"","footer-sml-layout":"","theme-transparent-header-meta":"default","adv-header-id-meta":"","stick-header-meta":"","header-above-stick-meta":"","header-main-stick-meta":"","header-below-stick-meta":"","astra-migrate-meta-layouts":"default","ast-page-background-enabled":"default","ast-page-background-meta":{"desktop":{"background-color":"var(--ast-global-color-4)","background-image":"","background-repeat":"repeat","background-position":"center center","background-size":"auto","background-attachment":"scroll","background-type":"","background-media":"","overlay-type":"","overlay-color":"","overlay-opacity":"","overlay-gradient":""},"tablet":{"background-color":"","background-image":"","background-repeat":"repeat","background-position":"center center","background-size":"auto","background-attachment":"scroll","background-type":"","background-media":"","overlay-type":"","overlay-color":"","overlay-opacity":"","overlay-gradient":""},"mobile":{"background-color":"","background-image":"","background-repeat":"repeat","background-position":"center center","background-size":"auto","background-attachment":"scroll","background-type":"","background-media":"","overlay-type":"","overlay-color":"","overlay-opacity":"","overlay-gradient":""}},"ast-content-background-meta":{"desktop":{"background-color":"var(--ast-global-color-5)","background-image":"","background-repeat":"repeat","background-position":"center center","background-size":"auto","background-attachment":"scroll","background-type":"","background-media":"","overlay-type":"","overlay-color":"","overlay-opacity":"","overlay-gradient":""},"tablet":{"background-color":"var(--ast-global-color-5)","background-image":"","background-repeat":"repeat","background-position":"center center","background-size":"auto","background-attachment":"scroll","background-type":"","background-media":"","overlay-type":"","overlay-color":"","overlay-opacity":"","overlay-gradient":""},"mobile":{"background-color":"var(--ast-global-color-5)","background-image":"","background-repeat":"repeat","background-position":"center center","background-size":"auto","background-attachment":"scroll","background-type":"","background-media":"","overlay-type":"","overlay-color":"","overlay-opacity":"","overlay-gradient":""}}},"product_brand":[],"product_cat":[109,107,110],"product_tag":[],"class_list":{"0":"post-7720","1":"product","2":"type-product","3":"status-publish","4":"has-post-thumbnail","6":"product_cat-moteur-a-engrenages","7":"product_cat-moteur-a-engrenage-planetaire","8":"product_cat-moteur-a-engrenages-planetaires-a-balais","9":"desktop-align-left","10":"tablet-align-left","11":"mobile-align-left","13":"first","14":"instock","15":"shipping-taxable","16":"product-type-simple"},"_links":{"self":[{"href":"https:\/\/www.gian-transmission.com\/fr\/wp-json\/wp\/v2\/product\/7720"}],"collection":[{"href":"https:\/\/www.gian-transmission.com\/fr\/wp-json\/wp\/v2\/product"}],"about":[{"href":"https:\/\/www.gian-transmission.com\/fr\/wp-json\/wp\/v2\/types\/product"}],"replies":[{"embeddable":true,"href":"https:\/\/www.gian-transmission.com\/fr\/wp-json\/wp\/v2\/comments?post=7720"}],"wp:featuredmedia":[{"embeddable":true,"href":"https:\/\/www.gian-transmission.com\/fr\/wp-json\/wp\/v2\/media\/7721"}],"wp:attachment":[{"href":"https:\/\/www.gian-transmission.com\/fr\/wp-json\/wp\/v2\/media?parent=7720"}],"wp:term":[{"taxonomy":"product_brand","embeddable":true,"href":"https:\/\/www.gian-transmission.com\/fr\/wp-json\/wp\/v2\/product_brand?post=7720"},{"taxonomy":"product_cat","embeddable":true,"href":"https:\/\/www.gian-transmission.com\/fr\/wp-json\/wp\/v2\/product_cat?post=7720"},{"taxonomy":"product_tag","embeddable":true,"href":"https:\/\/www.gian-transmission.com\/fr\/wp-json\/wp\/v2\/product_tag?post=7720"}],"curies":[{"name":"wp","href":"https:\/\/api.w.org\/{rel}","templated":true}]}}