{"id":7717,"date":"2024-10-10T17:05:09","date_gmt":"2024-10-10T09:05:09","guid":{"rendered":"https:\/\/www.gian-transmission.com\/gian-tr052-p01-moteur-a-engrenages-planetaires-a-balais-6v-%e2%89%a41500ma\/"},"modified":"2024-10-10T17:05:09","modified_gmt":"2024-10-10T09:05:09","slug":"gian-tr052-p01-moteur-a-engrenages-planetaires-a-balais-6v-%e2%89%a41500ma","status":"publish","type":"product","link":"https:\/\/www.gian-transmission.com\/fr\/gian-tr052-p01-moteur-a-engrenages-planetaires-a-balais\/","title":{"rendered":"Gian TR052-P01 Moteur \u00c0 Engrenages Plan\u00e9taires ( \u00c0 Balais, 6V, \u22641500mA)"},"content":{"rendered":"<h2><span class=\"ez-toc-section\" id=\"Parametres_de_Performance\"><\/span>Param\u00e8tres de Performance<span class=\"ez-toc-section-end\"><\/span><\/h2>\n<table>\n<tbody>\n<tr>\n<td width=\"12.2200%\">Mod\u00e8le<\/td>\n<td width=\"13.6400%\">Tension Nominale<\/td>\n<td width=\"16.8400%\">Vitesse \u00e0 vide<\/td>\n<td width=\"16.9600%\">Couple verrouill\u00e9<\/td>\n<td width=\"17.0200%\">Couple verrouill\u00e9<\/td>\n<td width=\"23.2600%\">Bruit<\/td>\n<\/tr>\n<tr>\n<td width=\"12.2200%\">TR052-P01<\/td>\n<td width=\"13.6400%\">6V<\/td>\n<td width=\"16.8400%\">32\u00b115%tr\/min<\/td>\n<td width=\"16.9600%\">\u226510Kg.cm<\/td>\n<td width=\"17.0200%\">\u22641500mA<\/td>\n<td width=\"23.2600%\">Courant \u00e0 rotor bloqu\u00e9<\/td>\n<\/tr>\n<\/tbody>\n<\/table>\n<h2><span class=\"ez-toc-section\" id=\"Dimensions_mecaniques_mm\"><\/span>Dimensions m\u00e9caniques : mm<span class=\"ez-toc-section-end\"><\/span><\/h2>\n<p><img fetchpriority=\"high\" decoding=\"async\" class=\"alignnone size-full wp-image-5671\" src=\"https:\/\/www.gian-transmission.com\/wp-content\/uploads\/2024\/10\/Gian-TR052-P01-Brushed-Planetary-Gear-Motor-for-Mechanical-Dimensions-.png\" alt=\"Moteur \u00e0 engrenages plan\u00e9taires \u00e0 balais Gian TR052-P01 pour dimensions m\u00e9caniques\" width=\"1274\" height=\"498\" srcset=\"https:\/\/www.gian-transmission.com\/wp-content\/uploads\/2024\/10\/Gian-TR052-P01-Brushed-Planetary-Gear-Motor-for-Mechanical-Dimensions-.png 1274w, https:\/\/www.gian-transmission.com\/wp-content\/uploads\/2024\/10\/Gian-TR052-P01-Brushed-Planetary-Gear-Motor-for-Mechanical-Dimensions--300x117.png 300w, https:\/\/www.gian-transmission.com\/wp-content\/uploads\/2024\/10\/Gian-TR052-P01-Brushed-Planetary-Gear-Motor-for-Mechanical-Dimensions--1024x400.png 1024w, https:\/\/www.gian-transmission.com\/wp-content\/uploads\/2024\/10\/Gian-TR052-P01-Brushed-Planetary-Gear-Motor-for-Mechanical-Dimensions--768x300.png 768w, https:\/\/www.gian-transmission.com\/wp-content\/uploads\/2024\/10\/Gian-TR052-P01-Brushed-Planetary-Gear-Motor-for-Mechanical-Dimensions--600x235.png 600w\" sizes=\"(max-width: 1274px) 100vw, 1274px\" \/><\/p>\n<p>&nbsp;<\/p>\n","protected":false},"excerpt":{"rendered":"<ul>\n<li><strong>Tension nominale:<\/strong> Fonctionnant \u00e0 une tension nominale de 6 V, il fournit une alimentation fiable pour les applications basse tension.<\/li>\n<li><strong>Vitesse \u00e0 vide:<\/strong> 32 \u00b1 15 % tr\/min, garantissant un fonctionnement \u00e0 basse vitesse fluide, pr\u00e9cis et stable.<\/li>\n<li><strong>Applications typiques:<\/strong> Bo\u00eete de vitesses de verrouillage de porte intelligente.<\/li>\n<\/ul>\n<p>&nbsp;<\/p>\n","protected":false},"featured_media":7718,"comment_status":"closed","ping_status":"closed","template":"","meta":{"site-sidebar-layout":"default","site-content-layout":"","ast-site-content-layout":"default","site-content-style":"default","site-sidebar-style":"default","ast-global-header-display":"","ast-banner-title-visibility":"","ast-main-header-display":"","ast-hfb-above-header-display":"","ast-hfb-below-header-display":"","ast-hfb-mobile-header-display":"","site-post-title":"","ast-breadcrumbs-content":"","ast-featured-img":"","footer-sml-layout":"","theme-transparent-header-meta":"default","adv-header-id-meta":"","stick-header-meta":"","header-above-stick-meta":"","header-main-stick-meta":"","header-below-stick-meta":"","astra-migrate-meta-layouts":"default","ast-page-background-enabled":"default","ast-page-background-meta":{"desktop":{"background-color":"var(--ast-global-color-4)","background-image":"","background-repeat":"repeat","background-position":"center center","background-size":"auto","background-attachment":"scroll","background-type":"","background-media":"","overlay-type":"","overlay-color":"","overlay-opacity":"","overlay-gradient":""},"tablet":{"background-color":"","background-image":"","background-repeat":"repeat","background-position":"center center","background-size":"auto","background-attachment":"scroll","background-type":"","background-media":"","overlay-type":"","overlay-color":"","overlay-opacity":"","overlay-gradient":""},"mobile":{"background-color":"","background-image":"","background-repeat":"repeat","background-position":"center center","background-size":"auto","background-attachment":"scroll","background-type":"","background-media":"","overlay-type":"","overlay-color":"","overlay-opacity":"","overlay-gradient":""}},"ast-content-background-meta":{"desktop":{"background-color":"var(--ast-global-color-5)","background-image":"","background-repeat":"repeat","background-position":"center center","background-size":"auto","background-attachment":"scroll","background-type":"","background-media":"","overlay-type":"","overlay-color":"","overlay-opacity":"","overlay-gradient":""},"tablet":{"background-color":"var(--ast-global-color-5)","background-image":"","background-repeat":"repeat","background-position":"center center","background-size":"auto","background-attachment":"scroll","background-type":"","background-media":"","overlay-type":"","overlay-color":"","overlay-opacity":"","overlay-gradient":""},"mobile":{"background-color":"var(--ast-global-color-5)","background-image":"","background-repeat":"repeat","background-position":"center center","background-size":"auto","background-attachment":"scroll","background-type":"","background-media":"","overlay-type":"","overlay-color":"","overlay-opacity":"","overlay-gradient":""}}},"product_brand":[],"product_cat":[109,107,110],"product_tag":[],"class_list":{"0":"post-7717","1":"product","2":"type-product","3":"status-publish","4":"has-post-thumbnail","6":"product_cat-moteur-a-engrenages","7":"product_cat-moteur-a-engrenage-planetaire","8":"product_cat-moteur-a-engrenages-planetaires-a-balais","9":"desktop-align-left","10":"tablet-align-left","11":"mobile-align-left","13":"first","14":"instock","15":"shipping-taxable","16":"product-type-simple"},"_links":{"self":[{"href":"https:\/\/www.gian-transmission.com\/fr\/wp-json\/wp\/v2\/product\/7717"}],"collection":[{"href":"https:\/\/www.gian-transmission.com\/fr\/wp-json\/wp\/v2\/product"}],"about":[{"href":"https:\/\/www.gian-transmission.com\/fr\/wp-json\/wp\/v2\/types\/product"}],"replies":[{"embeddable":true,"href":"https:\/\/www.gian-transmission.com\/fr\/wp-json\/wp\/v2\/comments?post=7717"}],"wp:featuredmedia":[{"embeddable":true,"href":"https:\/\/www.gian-transmission.com\/fr\/wp-json\/wp\/v2\/media\/7718"}],"wp:attachment":[{"href":"https:\/\/www.gian-transmission.com\/fr\/wp-json\/wp\/v2\/media?parent=7717"}],"wp:term":[{"taxonomy":"product_brand","embeddable":true,"href":"https:\/\/www.gian-transmission.com\/fr\/wp-json\/wp\/v2\/product_brand?post=7717"},{"taxonomy":"product_cat","embeddable":true,"href":"https:\/\/www.gian-transmission.com\/fr\/wp-json\/wp\/v2\/product_cat?post=7717"},{"taxonomy":"product_tag","embeddable":true,"href":"https:\/\/www.gian-transmission.com\/fr\/wp-json\/wp\/v2\/product_tag?post=7717"}],"curies":[{"name":"wp","href":"https:\/\/api.w.org\/{rel}","templated":true}]}}