{"id":7714,"date":"2024-10-11T10:50:19","date_gmt":"2024-10-11T02:50:19","guid":{"rendered":"https:\/\/www.gian-transmission.com\/gian-tr060-p01-moteur-a-engrenages-planetaires-a-balais-5v-115rpm\/"},"modified":"2024-10-11T10:50:19","modified_gmt":"2024-10-11T02:50:19","slug":"gian-tr060-p01-moteur-a-engrenages-planetaires-a-balais-5v-115rpm","status":"publish","type":"product","link":"https:\/\/www.gian-transmission.com\/fr\/gian-tr060-p01-moteur-a-engrenages-planetaires-a-balais\/","title":{"rendered":"Gian TR060-P01 Moteur \u00c0 Engrenages Plan\u00e9taires ( \u00c0 Balais, 5V, 115RPM)"},"content":{"rendered":"<h2><span class=\"ez-toc-section\" id=\"Parametres_de_Performance\"><\/span>Param\u00e8tres de Performance<span class=\"ez-toc-section-end\"><\/span><\/h2>\n<table>\n<tbody>\n<tr>\n<td>Mod\u00e8le<\/td>\n<td>Tension nominale<\/td>\n<td>Vitesse nominale<\/td>\n<td>Rapport de soustraction<\/td>\n<td>Courant nominal<\/td>\n<td width=\"88\">D\u00e9bit<\/td>\n<\/tr>\n<tr>\n<td>TR060-P01<\/td>\n<td>5V<\/td>\n<td>115tr\/min<\/td>\n<td>75<\/td>\n<td>\u22640.15A<\/td>\n<td width=\"88\">7.5ml\/min\u00b11ml<\/td>\n<\/tr>\n<\/tbody>\n<\/table>\n<h2><span class=\"ez-toc-section\" id=\"Dimensions_mecaniques_mm\"><\/span>Dimensions m\u00e9caniques : mm<span class=\"ez-toc-section-end\"><\/span><\/h2>\n<p><img fetchpriority=\"high\" decoding=\"async\" class=\"size-full wp-image-5689 aligncenter\" src=\"https:\/\/www.gian-transmission.com\/wp-content\/uploads\/2024\/10\/Gian-TR060-P01-Brushed-Planetary-Gear-Motor-for-Mechanical-Dimensions.png\" alt=\"Moteur \u00e0 engrenages plan\u00e9taires \u00e0 balais Gian TR060-P01 pour dimensions m\u00e9caniques\" width=\"1210\" height=\"536\" srcset=\"https:\/\/www.gian-transmission.com\/wp-content\/uploads\/2024\/10\/Gian-TR060-P01-Brushed-Planetary-Gear-Motor-for-Mechanical-Dimensions.png 1210w, https:\/\/www.gian-transmission.com\/wp-content\/uploads\/2024\/10\/Gian-TR060-P01-Brushed-Planetary-Gear-Motor-for-Mechanical-Dimensions-300x133.png 300w, https:\/\/www.gian-transmission.com\/wp-content\/uploads\/2024\/10\/Gian-TR060-P01-Brushed-Planetary-Gear-Motor-for-Mechanical-Dimensions-1024x454.png 1024w, https:\/\/www.gian-transmission.com\/wp-content\/uploads\/2024\/10\/Gian-TR060-P01-Brushed-Planetary-Gear-Motor-for-Mechanical-Dimensions-768x340.png 768w, https:\/\/www.gian-transmission.com\/wp-content\/uploads\/2024\/10\/Gian-TR060-P01-Brushed-Planetary-Gear-Motor-for-Mechanical-Dimensions-600x266.png 600w\" sizes=\"(max-width: 1210px) 100vw, 1210px\" \/><\/p>\n","protected":false},"excerpt":{"rendered":"<ul>\n<li><strong>Vitesse nominale:<\/strong> 115 tr\/min, offrant une sortie de rotation efficace et stable.<\/li>\n<li><strong>Rapport de soustraction:<\/strong> Le rapport de r\u00e9duction de 75:1 offre un couple \u00e9lev\u00e9 et des performances de vitesse contr\u00f4l\u00e9es.<\/li>\n<li><strong>Applications typiques:<\/strong> Pompe p\u00e9ristaltique pour le nettoyeur.<\/li>\n<\/ul>\n","protected":false},"featured_media":7715,"comment_status":"closed","ping_status":"closed","template":"","meta":{"site-sidebar-layout":"default","site-content-layout":"","ast-site-content-layout":"default","site-content-style":"default","site-sidebar-style":"default","ast-global-header-display":"","ast-banner-title-visibility":"","ast-main-header-display":"","ast-hfb-above-header-display":"","ast-hfb-below-header-display":"","ast-hfb-mobile-header-display":"","site-post-title":"","ast-breadcrumbs-content":"","ast-featured-img":"","footer-sml-layout":"","theme-transparent-header-meta":"default","adv-header-id-meta":"","stick-header-meta":"","header-above-stick-meta":"","header-main-stick-meta":"","header-below-stick-meta":"","astra-migrate-meta-layouts":"default","ast-page-background-enabled":"default","ast-page-background-meta":{"desktop":{"background-color":"var(--ast-global-color-4)","background-image":"","background-repeat":"repeat","background-position":"center center","background-size":"auto","background-attachment":"scroll","background-type":"","background-media":"","overlay-type":"","overlay-color":"","overlay-opacity":"","overlay-gradient":""},"tablet":{"background-color":"","background-image":"","background-repeat":"repeat","background-position":"center center","background-size":"auto","background-attachment":"scroll","background-type":"","background-media":"","overlay-type":"","overlay-color":"","overlay-opacity":"","overlay-gradient":""},"mobile":{"background-color":"","background-image":"","background-repeat":"repeat","background-position":"center center","background-size":"auto","background-attachment":"scroll","background-type":"","background-media":"","overlay-type":"","overlay-color":"","overlay-opacity":"","overlay-gradient":""}},"ast-content-background-meta":{"desktop":{"background-color":"var(--ast-global-color-5)","background-image":"","background-repeat":"repeat","background-position":"center center","background-size":"auto","background-attachment":"scroll","background-type":"","background-media":"","overlay-type":"","overlay-color":"","overlay-opacity":"","overlay-gradient":""},"tablet":{"background-color":"var(--ast-global-color-5)","background-image":"","background-repeat":"repeat","background-position":"center center","background-size":"auto","background-attachment":"scroll","background-type":"","background-media":"","overlay-type":"","overlay-color":"","overlay-opacity":"","overlay-gradient":""},"mobile":{"background-color":"var(--ast-global-color-5)","background-image":"","background-repeat":"repeat","background-position":"center center","background-size":"auto","background-attachment":"scroll","background-type":"","background-media":"","overlay-type":"","overlay-color":"","overlay-opacity":"","overlay-gradient":""}}},"product_brand":[],"product_cat":[107,110],"product_tag":[],"class_list":{"0":"post-7714","1":"product","2":"type-product","3":"status-publish","4":"has-post-thumbnail","6":"product_cat-moteur-a-engrenage-planetaire","7":"product_cat-moteur-a-engrenages-planetaires-a-balais","8":"desktop-align-left","9":"tablet-align-left","10":"mobile-align-left","12":"first","13":"instock","14":"shipping-taxable","15":"product-type-simple"},"_links":{"self":[{"href":"https:\/\/www.gian-transmission.com\/fr\/wp-json\/wp\/v2\/product\/7714"}],"collection":[{"href":"https:\/\/www.gian-transmission.com\/fr\/wp-json\/wp\/v2\/product"}],"about":[{"href":"https:\/\/www.gian-transmission.com\/fr\/wp-json\/wp\/v2\/types\/product"}],"replies":[{"embeddable":true,"href":"https:\/\/www.gian-transmission.com\/fr\/wp-json\/wp\/v2\/comments?post=7714"}],"wp:featuredmedia":[{"embeddable":true,"href":"https:\/\/www.gian-transmission.com\/fr\/wp-json\/wp\/v2\/media\/7715"}],"wp:attachment":[{"href":"https:\/\/www.gian-transmission.com\/fr\/wp-json\/wp\/v2\/media?parent=7714"}],"wp:term":[{"taxonomy":"product_brand","embeddable":true,"href":"https:\/\/www.gian-transmission.com\/fr\/wp-json\/wp\/v2\/product_brand?post=7714"},{"taxonomy":"product_cat","embeddable":true,"href":"https:\/\/www.gian-transmission.com\/fr\/wp-json\/wp\/v2\/product_cat?post=7714"},{"taxonomy":"product_tag","embeddable":true,"href":"https:\/\/www.gian-transmission.com\/fr\/wp-json\/wp\/v2\/product_tag?post=7714"}],"curies":[{"name":"wp","href":"https:\/\/api.w.org\/{rel}","templated":true}]}}