{"id":7708,"date":"2024-10-11T13:28:58","date_gmt":"2024-10-11T05:28:58","guid":{"rendered":"https:\/\/www.gian-transmission.com\/gian-tr067-p01-moteur-a-engrenages-planetaires-a-balais18v-%e2%89%a40-75a\/"},"modified":"2024-10-11T13:28:58","modified_gmt":"2024-10-11T05:28:58","slug":"gian-tr067-p01-moteur-a-engrenages-planetaires-a-balais18v-%e2%89%a40-75a","status":"publish","type":"product","link":"https:\/\/www.gian-transmission.com\/fr\/gian-tr067-p01-moteur-a-engrenages-planetaires-a-balais\/","title":{"rendered":"Gian TR067-P01 Moteur \u00c0 Engrenages Plan\u00e9taires ( \u00c0 Balais,18V, \u22640.75A)"},"content":{"rendered":"<h2><span class=\"ez-toc-section\" id=\"Parametres_de_Performance\"><\/span>Param\u00e8tres de Performance<span class=\"ez-toc-section-end\"><\/span><\/h2>\n<table>\n<tbody>\n<tr>\n<td width=\"18.6400%\">Mod\u00e8le<\/td>\n<td width=\"25.9600%\">Tension nominale<\/td>\n<td width=\"26.8800%\">Courant \u00e0 vide<\/td>\n<td width=\"28.5000%\">Vitesse \u00e0 vide<\/td>\n<\/tr>\n<tr>\n<td rowspan=\"3\" width=\"18.6400%\">TR067-P01<\/td>\n<td width=\"25.9600%\">18V<\/td>\n<td width=\"26.8800%\">\u22640.75A<\/td>\n<td width=\"28.5000%\">460\u00b110%<br \/>\ntr\/min<\/td>\n<\/tr>\n<tr>\n<td width=\"25.9600%\">Courant \u00e0 vide<\/td>\n<td width=\"26.8800%\">Rapport de r\u00e9duction<\/td>\n<td width=\"28.5000%\">Bruit<\/td>\n<\/tr>\n<tr>\n<td width=\"25.9600%\">1A<\/td>\n<td width=\"26.8800%\">20.25<\/td>\n<td width=\"28.5000%\">\u226460dB(distance horizontale 50cm)<\/td>\n<\/tr>\n<\/tbody>\n<\/table>\n<h2><span class=\"ez-toc-section\" id=\"Dimensions_mecaniques_mm\"><\/span>Dimensions m\u00e9caniques : mm<span class=\"ez-toc-section-end\"><\/span><\/h2>\n<p><img fetchpriority=\"high\" decoding=\"async\" class=\"size-full wp-image-5711 aligncenter\" src=\"https:\/\/www.gian-transmission.com\/wp-content\/uploads\/2024\/10\/TRO67-P01-Brushed-Planetary-Gear-Motor-for-Mechanical-Dimensions.png\" alt=\"Moteur \u00e0 engrenages plan\u00e9taires \u00e0 balais TR067-P01 pour dimensions m\u00e9caniques\" width=\"1200\" height=\"505\" srcset=\"https:\/\/www.gian-transmission.com\/wp-content\/uploads\/2024\/10\/TRO67-P01-Brushed-Planetary-Gear-Motor-for-Mechanical-Dimensions.png 1200w, https:\/\/www.gian-transmission.com\/wp-content\/uploads\/2024\/10\/TRO67-P01-Brushed-Planetary-Gear-Motor-for-Mechanical-Dimensions-300x126.png 300w, https:\/\/www.gian-transmission.com\/wp-content\/uploads\/2024\/10\/TRO67-P01-Brushed-Planetary-Gear-Motor-for-Mechanical-Dimensions-1024x431.png 1024w, https:\/\/www.gian-transmission.com\/wp-content\/uploads\/2024\/10\/TRO67-P01-Brushed-Planetary-Gear-Motor-for-Mechanical-Dimensions-768x323.png 768w, https:\/\/www.gian-transmission.com\/wp-content\/uploads\/2024\/10\/TRO67-P01-Brushed-Planetary-Gear-Motor-for-Mechanical-Dimensions-600x253.png 600w\" sizes=\"(max-width: 1200px) 100vw, 1200px\" \/><\/p>\n<p>&nbsp;<\/p>\n","protected":false},"excerpt":{"rendered":"<ul>\n<li><strong>Courant \u00e0 vide:<\/strong> \u2264 0,75 A garantit une faible consommation d&#8217;\u00e9nergie pendant le fonctionnement au ralenti.<\/li>\n<li><strong>Courant \u00e0 vide:<\/strong> 1A, garantissant des performances efficaces avec une consommation d&#8217;\u00e9nergie minimale.<\/li>\n<li><strong>Applications typiques:<\/strong> Brosse roulante pour le nettoyeur.<\/li>\n<\/ul>\n<p>&nbsp;<\/p>\n","protected":false},"featured_media":7709,"comment_status":"closed","ping_status":"closed","template":"","meta":{"site-sidebar-layout":"default","site-content-layout":"","ast-site-content-layout":"default","site-content-style":"default","site-sidebar-style":"default","ast-global-header-display":"","ast-banner-title-visibility":"","ast-main-header-display":"","ast-hfb-above-header-display":"","ast-hfb-below-header-display":"","ast-hfb-mobile-header-display":"","site-post-title":"","ast-breadcrumbs-content":"","ast-featured-img":"","footer-sml-layout":"","theme-transparent-header-meta":"default","adv-header-id-meta":"","stick-header-meta":"","header-above-stick-meta":"","header-main-stick-meta":"","header-below-stick-meta":"","astra-migrate-meta-layouts":"default","ast-page-background-enabled":"default","ast-page-background-meta":{"desktop":{"background-color":"var(--ast-global-color-4)","background-image":"","background-repeat":"repeat","background-position":"center center","background-size":"auto","background-attachment":"scroll","background-type":"","background-media":"","overlay-type":"","overlay-color":"","overlay-opacity":"","overlay-gradient":""},"tablet":{"background-color":"","background-image":"","background-repeat":"repeat","background-position":"center center","background-size":"auto","background-attachment":"scroll","background-type":"","background-media":"","overlay-type":"","overlay-color":"","overlay-opacity":"","overlay-gradient":""},"mobile":{"background-color":"","background-image":"","background-repeat":"repeat","background-position":"center center","background-size":"auto","background-attachment":"scroll","background-type":"","background-media":"","overlay-type":"","overlay-color":"","overlay-opacity":"","overlay-gradient":""}},"ast-content-background-meta":{"desktop":{"background-color":"var(--ast-global-color-5)","background-image":"","background-repeat":"repeat","background-position":"center center","background-size":"auto","background-attachment":"scroll","background-type":"","background-media":"","overlay-type":"","overlay-color":"","overlay-opacity":"","overlay-gradient":""},"tablet":{"background-color":"var(--ast-global-color-5)","background-image":"","background-repeat":"repeat","background-position":"center center","background-size":"auto","background-attachment":"scroll","background-type":"","background-media":"","overlay-type":"","overlay-color":"","overlay-opacity":"","overlay-gradient":""},"mobile":{"background-color":"var(--ast-global-color-5)","background-image":"","background-repeat":"repeat","background-position":"center center","background-size":"auto","background-attachment":"scroll","background-type":"","background-media":"","overlay-type":"","overlay-color":"","overlay-opacity":"","overlay-gradient":""}}},"product_brand":[],"product_cat":[109,110],"product_tag":[],"class_list":{"0":"post-7708","1":"product","2":"type-product","3":"status-publish","4":"has-post-thumbnail","6":"product_cat-moteur-a-engrenages","7":"product_cat-moteur-a-engrenages-planetaires-a-balais","8":"desktop-align-left","9":"tablet-align-left","10":"mobile-align-left","12":"first","13":"instock","14":"shipping-taxable","15":"product-type-simple"},"_links":{"self":[{"href":"https:\/\/www.gian-transmission.com\/fr\/wp-json\/wp\/v2\/product\/7708"}],"collection":[{"href":"https:\/\/www.gian-transmission.com\/fr\/wp-json\/wp\/v2\/product"}],"about":[{"href":"https:\/\/www.gian-transmission.com\/fr\/wp-json\/wp\/v2\/types\/product"}],"replies":[{"embeddable":true,"href":"https:\/\/www.gian-transmission.com\/fr\/wp-json\/wp\/v2\/comments?post=7708"}],"wp:featuredmedia":[{"embeddable":true,"href":"https:\/\/www.gian-transmission.com\/fr\/wp-json\/wp\/v2\/media\/7709"}],"wp:attachment":[{"href":"https:\/\/www.gian-transmission.com\/fr\/wp-json\/wp\/v2\/media?parent=7708"}],"wp:term":[{"taxonomy":"product_brand","embeddable":true,"href":"https:\/\/www.gian-transmission.com\/fr\/wp-json\/wp\/v2\/product_brand?post=7708"},{"taxonomy":"product_cat","embeddable":true,"href":"https:\/\/www.gian-transmission.com\/fr\/wp-json\/wp\/v2\/product_cat?post=7708"},{"taxonomy":"product_tag","embeddable":true,"href":"https:\/\/www.gian-transmission.com\/fr\/wp-json\/wp\/v2\/product_tag?post=7708"}],"curies":[{"name":"wp","href":"https:\/\/api.w.org\/{rel}","templated":true}]}}