{"id":7702,"date":"2024-10-11T14:13:56","date_gmt":"2024-10-11T06:13:56","guid":{"rendered":"https:\/\/www.gian-transmission.com\/gian-tr075-p08-moteur-a-engrenage-planetaire-sans-balais-12v-1-8n-m\/"},"modified":"2024-10-11T14:13:56","modified_gmt":"2024-10-11T06:13:56","slug":"gian-tr075-p08-moteur-a-engrenage-planetaire-sans-balais-12v-1-8n-m","status":"publish","type":"product","link":"https:\/\/www.gian-transmission.com\/fr\/gian-tr075-p08-moteur-a-engrenage-planetaire-sans-balais\/","title":{"rendered":"Gian TR075-P08 Moteur \u00c0 Engrenage Plan\u00e9taire ( Sans Balais, 12V, 1.8N.m)"},"content":{"rendered":"<h2><span class=\"ez-toc-section\" id=\"Parametres_de_Performance\"><\/span>Param\u00e8tres de Performance<span class=\"ez-toc-section-end\"><\/span><\/h2>\n<table>\n<tbody>\n<tr>\n<td width=\"14.6600%\">Mod\u00e8le<\/td>\n<td width=\"15.9200%\">Tension Nominale<\/td>\n<td width=\"15.7600%\">Vitesse Nominale<\/td>\n<td width=\"15.7800%\">Moment \u00e9valu\u00e9<\/td>\n<td width=\"16.5800%\">Courant nominal<\/td>\n<td width=\"21.2400%\">Bruit<\/td>\n<\/tr>\n<tr>\n<td width=\"14.6600%\">TR075-P08<\/td>\n<td width=\"15.9200%\">12V<\/td>\n<td width=\"15.7600%\">21.6\u00b115%tr\/min<\/td>\n<td width=\"15.7800%\">1.8N.m<\/td>\n<td width=\"16.5800%\">1A<\/td>\n<td width=\"21.2400%\">\u226455dB (distance horizontale 1m)<\/td>\n<\/tr>\n<\/tbody>\n<\/table>\n<h2><span class=\"ez-toc-section\" id=\"Dimensions_mecaniques_mm\"><\/span>Dimensions m\u00e9caniques : mm<span class=\"ez-toc-section-end\"><\/span><\/h2>\n<p><img fetchpriority=\"high\" decoding=\"async\" class=\"size-full wp-image-5725 aligncenter\" src=\"https:\/\/www.gian-transmission.com\/wp-content\/uploads\/2024\/10\/TR075-P08-for-mechanical-dimensions.jpg\" alt=\"Moteur \u00e0 engrenages plan\u00e9taires sans balais TR075-P08 pour dimensions m\u00e9caniques\" width=\"1200\" height=\"500\" srcset=\"https:\/\/www.gian-transmission.com\/wp-content\/uploads\/2024\/10\/TR075-P08-for-mechanical-dimensions.jpg 1200w, https:\/\/www.gian-transmission.com\/wp-content\/uploads\/2024\/10\/TR075-P08-for-mechanical-dimensions-300x125.jpg 300w, https:\/\/www.gian-transmission.com\/wp-content\/uploads\/2024\/10\/TR075-P08-for-mechanical-dimensions-1024x427.jpg 1024w, https:\/\/www.gian-transmission.com\/wp-content\/uploads\/2024\/10\/TR075-P08-for-mechanical-dimensions-768x320.jpg 768w, https:\/\/www.gian-transmission.com\/wp-content\/uploads\/2024\/10\/TR075-P08-for-mechanical-dimensions-600x250.jpg 600w\" sizes=\"(max-width: 1200px) 100vw, 1200px\" \/><\/p>\n","protected":false},"excerpt":{"rendered":"<ul>\n<li><strong>Vitesse nominale:<\/strong> 21,6 \u00b1 15 % tr\/min, offrant un contr\u00f4le pr\u00e9cis et des performances de vitesse constantes.<\/li>\n<li><strong>Moment \u00e9valu\u00e9:<\/strong> 1,8 N.m, offrant un couple de sortie puissant et constant.<\/li>\n<li><strong>Applications typiques :<\/strong> Bo\u00eete de vitesses BLDC pour le robot.<\/li>\n<\/ul>\n<p>&nbsp;<\/p>\n","protected":false},"featured_media":7703,"comment_status":"closed","ping_status":"closed","template":"","meta":{"site-sidebar-layout":"default","site-content-layout":"","ast-site-content-layout":"default","site-content-style":"default","site-sidebar-style":"default","ast-global-header-display":"","ast-banner-title-visibility":"","ast-main-header-display":"","ast-hfb-above-header-display":"","ast-hfb-below-header-display":"","ast-hfb-mobile-header-display":"","site-post-title":"","ast-breadcrumbs-content":"","ast-featured-img":"","footer-sml-layout":"","theme-transparent-header-meta":"default","adv-header-id-meta":"","stick-header-meta":"","header-above-stick-meta":"","header-main-stick-meta":"","header-below-stick-meta":"","astra-migrate-meta-layouts":"default","ast-page-background-enabled":"default","ast-page-background-meta":{"desktop":{"background-color":"var(--ast-global-color-4)","background-image":"","background-repeat":"repeat","background-position":"center center","background-size":"auto","background-attachment":"scroll","background-type":"","background-media":"","overlay-type":"","overlay-color":"","overlay-opacity":"","overlay-gradient":""},"tablet":{"background-color":"","background-image":"","background-repeat":"repeat","background-position":"center center","background-size":"auto","background-attachment":"scroll","background-type":"","background-media":"","overlay-type":"","overlay-color":"","overlay-opacity":"","overlay-gradient":""},"mobile":{"background-color":"","background-image":"","background-repeat":"repeat","background-position":"center center","background-size":"auto","background-attachment":"scroll","background-type":"","background-media":"","overlay-type":"","overlay-color":"","overlay-opacity":"","overlay-gradient":""}},"ast-content-background-meta":{"desktop":{"background-color":"var(--ast-global-color-5)","background-image":"","background-repeat":"repeat","background-position":"center center","background-size":"auto","background-attachment":"scroll","background-type":"","background-media":"","overlay-type":"","overlay-color":"","overlay-opacity":"","overlay-gradient":""},"tablet":{"background-color":"var(--ast-global-color-5)","background-image":"","background-repeat":"repeat","background-position":"center center","background-size":"auto","background-attachment":"scroll","background-type":"","background-media":"","overlay-type":"","overlay-color":"","overlay-opacity":"","overlay-gradient":""},"mobile":{"background-color":"var(--ast-global-color-5)","background-image":"","background-repeat":"repeat","background-position":"center center","background-size":"auto","background-attachment":"scroll","background-type":"","background-media":"","overlay-type":"","overlay-color":"","overlay-opacity":"","overlay-gradient":""}}},"product_brand":[],"product_cat":[109,107,108],"product_tag":[],"class_list":{"0":"post-7702","1":"product","2":"type-product","3":"status-publish","4":"has-post-thumbnail","6":"product_cat-moteur-a-engrenages","7":"product_cat-moteur-a-engrenage-planetaire","8":"product_cat-moteur-a-engrenage-planetaire-sans-balais","9":"desktop-align-left","10":"tablet-align-left","11":"mobile-align-left","13":"first","14":"instock","15":"shipping-taxable","16":"product-type-simple"},"_links":{"self":[{"href":"https:\/\/www.gian-transmission.com\/fr\/wp-json\/wp\/v2\/product\/7702"}],"collection":[{"href":"https:\/\/www.gian-transmission.com\/fr\/wp-json\/wp\/v2\/product"}],"about":[{"href":"https:\/\/www.gian-transmission.com\/fr\/wp-json\/wp\/v2\/types\/product"}],"replies":[{"embeddable":true,"href":"https:\/\/www.gian-transmission.com\/fr\/wp-json\/wp\/v2\/comments?post=7702"}],"wp:featuredmedia":[{"embeddable":true,"href":"https:\/\/www.gian-transmission.com\/fr\/wp-json\/wp\/v2\/media\/7703"}],"wp:attachment":[{"href":"https:\/\/www.gian-transmission.com\/fr\/wp-json\/wp\/v2\/media?parent=7702"}],"wp:term":[{"taxonomy":"product_brand","embeddable":true,"href":"https:\/\/www.gian-transmission.com\/fr\/wp-json\/wp\/v2\/product_brand?post=7702"},{"taxonomy":"product_cat","embeddable":true,"href":"https:\/\/www.gian-transmission.com\/fr\/wp-json\/wp\/v2\/product_cat?post=7702"},{"taxonomy":"product_tag","embeddable":true,"href":"https:\/\/www.gian-transmission.com\/fr\/wp-json\/wp\/v2\/product_tag?post=7702"}],"curies":[{"name":"wp","href":"https:\/\/api.w.org\/{rel}","templated":true}]}}