{"id":7693,"date":"2024-10-14T13:32:18","date_gmt":"2024-10-14T05:32:18","guid":{"rendered":"https:\/\/www.gian-transmission.com\/gian-tr058-moteur-a-engrenages-planetaires-a-balais-12-22v\/"},"modified":"2024-10-14T13:32:18","modified_gmt":"2024-10-14T05:32:18","slug":"gian-tr058-moteur-a-engrenages-planetaires-a-balais-12-22v","status":"publish","type":"product","link":"https:\/\/www.gian-transmission.com\/fr\/gian-tr058-moteur-a-engrenages-planetaires-a-balais\/","title":{"rendered":"Gian TR058 Moteur \u00c0 Engrenages Plan\u00e9taires (\u00c0 Balais, 12-22V )"},"content":{"rendered":"<h2><span class=\"ez-toc-section\" id=\"Parametres_de_Performance\"><\/span>Param\u00e8tres de Performance<span class=\"ez-toc-section-end\"><\/span><\/h2>\n<table>\n<tbody>\n<tr>\n<td> Mod\u00e8le<\/td>\n<td>Vitesse Nominale<\/td>\n<td>Diam\u00e8tre du tuyau<\/td>\n<td>Couler<\/td>\n<td>Rapport de R\u00e9duction<\/td>\n<td>Tension<\/td>\n<\/tr>\n<tr>\n<td>TR058-P01<\/td>\n<td>6972\u00b110%tr\/min<\/td>\n<td>2.5&#215;5.1mm<\/td>\n<td>8V200\u00b115%\/12V300\u00b110%mL\/min<\/td>\n<td>5.538<\/td>\n<td>12V<\/td>\n<\/tr>\n<tr>\n<td>TR058-P02<\/td>\n<td>6000\u00b110%tr\/min<\/td>\n<td>3.4x6mm<\/td>\n<td>450\u00b110%mL\/min<\/td>\n<td>5.538<\/td>\n<td>20V<\/td>\n<\/tr>\n<tr>\n<td>TR058-P03<\/td>\n<td>5000\u00b110%tr\/min<\/td>\n<td>3&#215;5.6mm<\/td>\n<td>15V200\u00b110%\/22V300\u00b110%mL\/min<\/td>\n<td>5.538<\/td>\n<td>22V<\/td>\n<\/tr>\n<tr>\n<td>TR058-P04<\/td>\n<td>6000\u00b110%tr\/min<\/td>\n<td>3.4x6mm<\/td>\n<td>450\u00b110%mL\/min<\/td>\n<td>5.538<\/td>\n<td>20V<\/td>\n<\/tr>\n<\/tbody>\n<\/table>\n<h2><span class=\"ez-toc-section\" id=\"Dimensions_mecaniques_mm\"><\/span>Dimensions m\u00e9caniques : mm<span class=\"ez-toc-section-end\"><\/span><\/h2>\n<p><img fetchpriority=\"high\" decoding=\"async\" class=\"alignnone size-full wp-image-5781\" src=\"https:\/\/www.gian-transmission.com\/wp-content\/uploads\/2024\/10\/TR058.jpg\" alt=\"Dimensions m\u00e9caniques pour TR058\" width=\"1200\" height=\"436\" srcset=\"https:\/\/www.gian-transmission.com\/wp-content\/uploads\/2024\/10\/TR058.jpg 1200w, https:\/\/www.gian-transmission.com\/wp-content\/uploads\/2024\/10\/TR058-300x109.jpg 300w, https:\/\/www.gian-transmission.com\/wp-content\/uploads\/2024\/10\/TR058-1024x372.jpg 1024w, https:\/\/www.gian-transmission.com\/wp-content\/uploads\/2024\/10\/TR058-768x279.jpg 768w, https:\/\/www.gian-transmission.com\/wp-content\/uploads\/2024\/10\/TR058-600x218.jpg 600w\" sizes=\"(max-width: 1200px) 100vw, 1200px\" \/><\/p>\n","protected":false},"excerpt":{"rendered":"<p><strong>Diam\u00e8tre du tube :<\/strong> 2,5*5,1mm, 3,4*6mm, 3*5,6mm, 3,4*6mm<\/p>\n<p><strong>Tension :<\/strong> Plusieurs options, comme 12v, 20v, 22v.<\/p>\n<p><strong>Application typique : <\/strong>Pompe p\u00e9ristaltique pour le nettoyeur.<\/p>\n","protected":false},"featured_media":7694,"comment_status":"closed","ping_status":"closed","template":"","meta":{"site-sidebar-layout":"default","site-content-layout":"","ast-site-content-layout":"default","site-content-style":"default","site-sidebar-style":"default","ast-global-header-display":"","ast-banner-title-visibility":"","ast-main-header-display":"","ast-hfb-above-header-display":"","ast-hfb-below-header-display":"","ast-hfb-mobile-header-display":"","site-post-title":"","ast-breadcrumbs-content":"","ast-featured-img":"","footer-sml-layout":"","theme-transparent-header-meta":"default","adv-header-id-meta":"","stick-header-meta":"","header-above-stick-meta":"","header-main-stick-meta":"","header-below-stick-meta":"","astra-migrate-meta-layouts":"default","ast-page-background-enabled":"default","ast-page-background-meta":{"desktop":{"background-color":"var(--ast-global-color-4)","background-image":"","background-repeat":"repeat","background-position":"center center","background-size":"auto","background-attachment":"scroll","background-type":"","background-media":"","overlay-type":"","overlay-color":"","overlay-opacity":"","overlay-gradient":""},"tablet":{"background-color":"","background-image":"","background-repeat":"repeat","background-position":"center center","background-size":"auto","background-attachment":"scroll","background-type":"","background-media":"","overlay-type":"","overlay-color":"","overlay-opacity":"","overlay-gradient":""},"mobile":{"background-color":"","background-image":"","background-repeat":"repeat","background-position":"center center","background-size":"auto","background-attachment":"scroll","background-type":"","background-media":"","overlay-type":"","overlay-color":"","overlay-opacity":"","overlay-gradient":""}},"ast-content-background-meta":{"desktop":{"background-color":"var(--ast-global-color-5)","background-image":"","background-repeat":"repeat","background-position":"center center","background-size":"auto","background-attachment":"scroll","background-type":"","background-media":"","overlay-type":"","overlay-color":"","overlay-opacity":"","overlay-gradient":""},"tablet":{"background-color":"var(--ast-global-color-5)","background-image":"","background-repeat":"repeat","background-position":"center center","background-size":"auto","background-attachment":"scroll","background-type":"","background-media":"","overlay-type":"","overlay-color":"","overlay-opacity":"","overlay-gradient":""},"mobile":{"background-color":"var(--ast-global-color-5)","background-image":"","background-repeat":"repeat","background-position":"center center","background-size":"auto","background-attachment":"scroll","background-type":"","background-media":"","overlay-type":"","overlay-color":"","overlay-opacity":"","overlay-gradient":""}}},"product_brand":[],"product_cat":[109,107,110],"product_tag":[],"class_list":{"0":"post-7693","1":"product","2":"type-product","3":"status-publish","4":"has-post-thumbnail","6":"product_cat-moteur-a-engrenages","7":"product_cat-moteur-a-engrenage-planetaire","8":"product_cat-moteur-a-engrenages-planetaires-a-balais","9":"desktop-align-left","10":"tablet-align-left","11":"mobile-align-left","13":"first","14":"instock","15":"shipping-taxable","16":"product-type-simple"},"_links":{"self":[{"href":"https:\/\/www.gian-transmission.com\/fr\/wp-json\/wp\/v2\/product\/7693"}],"collection":[{"href":"https:\/\/www.gian-transmission.com\/fr\/wp-json\/wp\/v2\/product"}],"about":[{"href":"https:\/\/www.gian-transmission.com\/fr\/wp-json\/wp\/v2\/types\/product"}],"replies":[{"embeddable":true,"href":"https:\/\/www.gian-transmission.com\/fr\/wp-json\/wp\/v2\/comments?post=7693"}],"wp:featuredmedia":[{"embeddable":true,"href":"https:\/\/www.gian-transmission.com\/fr\/wp-json\/wp\/v2\/media\/7694"}],"wp:attachment":[{"href":"https:\/\/www.gian-transmission.com\/fr\/wp-json\/wp\/v2\/media?parent=7693"}],"wp:term":[{"taxonomy":"product_brand","embeddable":true,"href":"https:\/\/www.gian-transmission.com\/fr\/wp-json\/wp\/v2\/product_brand?post=7693"},{"taxonomy":"product_cat","embeddable":true,"href":"https:\/\/www.gian-transmission.com\/fr\/wp-json\/wp\/v2\/product_cat?post=7693"},{"taxonomy":"product_tag","embeddable":true,"href":"https:\/\/www.gian-transmission.com\/fr\/wp-json\/wp\/v2\/product_tag?post=7693"}],"curies":[{"name":"wp","href":"https:\/\/api.w.org\/{rel}","templated":true}]}}