{"id":7690,"date":"2024-10-14T15:28:59","date_gmt":"2024-10-14T07:28:59","guid":{"rendered":"https:\/\/www.gian-transmission.com\/gian-tr062-moteur-a-engrenages-planetaires-a-balais-6000%c2%b110tr-min-2-5x5-1mm\/"},"modified":"2024-10-14T15:28:59","modified_gmt":"2024-10-14T07:28:59","slug":"gian-tr062-moteur-a-engrenages-planetaires-a-balais-6000%c2%b110tr-min-2-5x5-1mm","status":"publish","type":"product","link":"https:\/\/www.gian-transmission.com\/fr\/gian-tr062-moteur-a-engrenages-planetaires-a-balais\/","title":{"rendered":"Gian TR062 Moteur \u00c0 Engrenages Plan\u00e9taires \u00c0 Balais (6000\u00b110%tr\/min, 2.5\u00d75.1mm)"},"content":{"rendered":"<h2><span class=\"ez-toc-section\" id=\"Parametres_de_Performance\"><\/span>Param\u00e8tres de Performance<span class=\"ez-toc-section-end\"><\/span><\/h2>\n<table>\n<tbody>\n<tr>\n<td>Mod\u00e8le<\/td>\n<td>Vitesse Nominale<\/td>\n<td>Vitesse \u00e0 vide<\/td>\n<td>Diam\u00e8tre du tuyau<\/td>\n<td> D\u00e9bit<\/td>\n<td>Rapport de R\u00e9duction<\/td>\n<td>Tension<\/td>\n<\/tr>\n<tr>\n<td>TR062-P01<\/td>\n<td>6000\u00b110%tr\/min<\/td>\n<td>7400\u00b110%tr\/min<\/td>\n<td>2.5\u00d75.1mm<\/td>\n<td>260\u00b110%\/ml<\/td>\n<td>5.538<\/td>\n<td>28.8<\/td>\n<\/tr>\n<tr>\n<td>TR062-P02<\/td>\n<td>6000\u00b110%tr\/min<\/td>\n<td>7400\u00b110%tr\/min<\/td>\n<td>2.5\u00d75.1mm<\/td>\n<td>260\u00b110%\/ml<\/td>\n<td>5.538<\/td>\n<td>18.8<\/td>\n<\/tr>\n<\/tbody>\n<\/table>\n<h2><span class=\"ez-toc-section\" id=\"Dimensions_mecaniques_mm\"><\/span>Dimensions m\u00e9caniques : mm<span class=\"ez-toc-section-end\"><\/span><\/h2>\n<p><img fetchpriority=\"high\" decoding=\"async\" class=\"alignnone size-full wp-image-5788\" src=\"https:\/\/www.gian-transmission.com\/wp-content\/uploads\/2024\/10\/TR062-1.jpg\" alt=\"Dimensions m\u00e9caniques pour TR062\" width=\"1200\" height=\"476\" srcset=\"https:\/\/www.gian-transmission.com\/wp-content\/uploads\/2024\/10\/TR062-1.jpg 1200w, https:\/\/www.gian-transmission.com\/wp-content\/uploads\/2024\/10\/TR062-1-300x119.jpg 300w, https:\/\/www.gian-transmission.com\/wp-content\/uploads\/2024\/10\/TR062-1-1024x406.jpg 1024w, https:\/\/www.gian-transmission.com\/wp-content\/uploads\/2024\/10\/TR062-1-768x305.jpg 768w, https:\/\/www.gian-transmission.com\/wp-content\/uploads\/2024\/10\/TR062-1-600x238.jpg 600w\" sizes=\"(max-width: 1200px) 100vw, 1200px\" \/><\/p>\n","protected":false},"excerpt":{"rendered":"<ul>\n<li> <strong> D\u00e9bit: <\/strong>Assure un contr\u00f4le pr\u00e9cis du d\u00e9bit avec un d\u00e9bit de 260\u00b110% ml\/min.<\/li>\n<li><strong>Vitesse \u00e0 vide:<\/strong> Offre une efficacit\u00e9 \u00e9lev\u00e9e avec une vitesse \u00e0 vide de 7 400 \u00b1 10 % tr\/min.<\/li>\n<li><strong>Application typique:<\/strong> Pompe p\u00e9ristaltique pour autolaveuse.<\/li>\n<\/ul>\n","protected":false},"featured_media":7691,"comment_status":"closed","ping_status":"closed","template":"","meta":{"site-sidebar-layout":"default","site-content-layout":"","ast-site-content-layout":"default","site-content-style":"default","site-sidebar-style":"default","ast-global-header-display":"","ast-banner-title-visibility":"","ast-main-header-display":"","ast-hfb-above-header-display":"","ast-hfb-below-header-display":"","ast-hfb-mobile-header-display":"","site-post-title":"","ast-breadcrumbs-content":"","ast-featured-img":"","footer-sml-layout":"","theme-transparent-header-meta":"default","adv-header-id-meta":"","stick-header-meta":"","header-above-stick-meta":"","header-main-stick-meta":"","header-below-stick-meta":"","astra-migrate-meta-layouts":"default","ast-page-background-enabled":"default","ast-page-background-meta":{"desktop":{"background-color":"var(--ast-global-color-4)","background-image":"","background-repeat":"repeat","background-position":"center center","background-size":"auto","background-attachment":"scroll","background-type":"","background-media":"","overlay-type":"","overlay-color":"","overlay-opacity":"","overlay-gradient":""},"tablet":{"background-color":"","background-image":"","background-repeat":"repeat","background-position":"center center","background-size":"auto","background-attachment":"scroll","background-type":"","background-media":"","overlay-type":"","overlay-color":"","overlay-opacity":"","overlay-gradient":""},"mobile":{"background-color":"","background-image":"","background-repeat":"repeat","background-position":"center center","background-size":"auto","background-attachment":"scroll","background-type":"","background-media":"","overlay-type":"","overlay-color":"","overlay-opacity":"","overlay-gradient":""}},"ast-content-background-meta":{"desktop":{"background-color":"var(--ast-global-color-5)","background-image":"","background-repeat":"repeat","background-position":"center center","background-size":"auto","background-attachment":"scroll","background-type":"","background-media":"","overlay-type":"","overlay-color":"","overlay-opacity":"","overlay-gradient":""},"tablet":{"background-color":"var(--ast-global-color-5)","background-image":"","background-repeat":"repeat","background-position":"center center","background-size":"auto","background-attachment":"scroll","background-type":"","background-media":"","overlay-type":"","overlay-color":"","overlay-opacity":"","overlay-gradient":""},"mobile":{"background-color":"var(--ast-global-color-5)","background-image":"","background-repeat":"repeat","background-position":"center center","background-size":"auto","background-attachment":"scroll","background-type":"","background-media":"","overlay-type":"","overlay-color":"","overlay-opacity":"","overlay-gradient":""}}},"product_brand":[],"product_cat":[109,107,110],"product_tag":[],"class_list":{"0":"post-7690","1":"product","2":"type-product","3":"status-publish","4":"has-post-thumbnail","6":"product_cat-moteur-a-engrenages","7":"product_cat-moteur-a-engrenage-planetaire","8":"product_cat-moteur-a-engrenages-planetaires-a-balais","9":"desktop-align-left","10":"tablet-align-left","11":"mobile-align-left","13":"first","14":"instock","15":"shipping-taxable","16":"product-type-simple"},"_links":{"self":[{"href":"https:\/\/www.gian-transmission.com\/fr\/wp-json\/wp\/v2\/product\/7690"}],"collection":[{"href":"https:\/\/www.gian-transmission.com\/fr\/wp-json\/wp\/v2\/product"}],"about":[{"href":"https:\/\/www.gian-transmission.com\/fr\/wp-json\/wp\/v2\/types\/product"}],"replies":[{"embeddable":true,"href":"https:\/\/www.gian-transmission.com\/fr\/wp-json\/wp\/v2\/comments?post=7690"}],"wp:featuredmedia":[{"embeddable":true,"href":"https:\/\/www.gian-transmission.com\/fr\/wp-json\/wp\/v2\/media\/7691"}],"wp:attachment":[{"href":"https:\/\/www.gian-transmission.com\/fr\/wp-json\/wp\/v2\/media?parent=7690"}],"wp:term":[{"taxonomy":"product_brand","embeddable":true,"href":"https:\/\/www.gian-transmission.com\/fr\/wp-json\/wp\/v2\/product_brand?post=7690"},{"taxonomy":"product_cat","embeddable":true,"href":"https:\/\/www.gian-transmission.com\/fr\/wp-json\/wp\/v2\/product_cat?post=7690"},{"taxonomy":"product_tag","embeddable":true,"href":"https:\/\/www.gian-transmission.com\/fr\/wp-json\/wp\/v2\/product_tag?post=7690"}],"curies":[{"name":"wp","href":"https:\/\/api.w.org\/{rel}","templated":true}]}}