{"id":7674,"date":"2024-08-07T11:53:50","date_gmt":"2024-08-07T03:53:50","guid":{"rendered":"https:\/\/www.gian-transmission.com\/gian-tr029-p02-moteur-cc-sans-balais-outrunner-12v-21000rpm\/"},"modified":"2024-08-07T11:53:50","modified_gmt":"2024-08-07T03:53:50","slug":"gian-tr029-p02-moteur-cc-sans-balais-outrunner-12v-21000rpm","status":"publish","type":"product","link":"https:\/\/www.gian-transmission.com\/fr\/gian-tr029-p02-moteur-cc-sans-balais-outrunner\/","title":{"rendered":"Gian TR029-P02 Moteur Cc Sans Balais Outrunner (12V, 21000rpm)"},"content":{"rendered":"<h2><span class=\"ez-toc-section\" id=\"Parametres_de_Performance\"><\/span>Param\u00e8tres de Performance<span class=\"ez-toc-section-end\"><\/span><\/h2>\n<table>\n<tbody>\n<tr>\n<td>Mod\u00e8le<\/td>\n<td>Tension Nominale<\/td>\n<td>Vitesse \u00e0 vide<\/td>\n<td>Vitesse Nominale<\/td>\n<td>Couple nominal<\/td>\n<td>Courant nominal<\/td>\n<td>Retour \u00c9lectromoteur<br \/>\nConstante de force<\/td>\n<\/tr>\n<tr>\n<td rowspan=\"3\">Tr029-P02<\/td>\n<td> 12V<\/td>\n<td>21000rpm<\/td>\n<td>18700m<\/td>\n<td>5mNm<\/td>\n<td>1A<\/td>\n<td>0.4V\/Krpm<\/td>\n<\/tr>\n<tr>\n<td>Constante de couple<\/td>\n<td>R\u00e9sistance di\u00e9lectrique<\/td>\n<td colspan=\"2\">R\u00e9sistance d&#8217;isolation<\/td>\n<td>R\u00e9sistance de ligne<\/td>\n<td>Poids<\/td>\n<\/tr>\n<tr>\n<td>5.5mNm\/A<\/td>\n<td>300V 1mA<br \/>\nAC1S<\/td>\n<td colspan=\"2\">10M\u03a9<br \/>\n250V DC<\/td>\n<td>0.8\u03a9<\/td>\n<td>0.26kg<\/td>\n<\/tr>\n<\/tbody>\n<\/table>\n<h2><span class=\"ez-toc-section\" id=\"Dimensions_mecaniques_mm\"><\/span>Dimensions m\u00e9caniques : mm<span class=\"ez-toc-section-end\"><\/span><\/h2>\n<p><img fetchpriority=\"high\" decoding=\"async\" class=\"alignnone size-full wp-image-4135\" src=\"https:\/\/www.gian-transmission.com\/wp-content\/uploads\/2024\/08\/TR029-P02-for-mechanical-dimensions.jpg\" alt=\"TR029-P02 pour les dimensions m\u00e9caniques\" width=\"1200\" height=\"600\" srcset=\"https:\/\/www.gian-transmission.com\/wp-content\/uploads\/2024\/08\/TR029-P02-for-mechanical-dimensions.jpg 1200w, https:\/\/www.gian-transmission.com\/wp-content\/uploads\/2024\/08\/TR029-P02-for-mechanical-dimensions-300x150.jpg 300w, https:\/\/www.gian-transmission.com\/wp-content\/uploads\/2024\/08\/TR029-P02-for-mechanical-dimensions-1024x512.jpg 1024w, https:\/\/www.gian-transmission.com\/wp-content\/uploads\/2024\/08\/TR029-P02-for-mechanical-dimensions-768x384.jpg 768w, https:\/\/www.gian-transmission.com\/wp-content\/uploads\/2024\/08\/TR029-P02-for-mechanical-dimensions-600x300.jpg 600w\" sizes=\"(max-width: 1200px) 100vw, 1200px\" \/><\/p>\n<p>&nbsp;<\/p>\n<p>&nbsp;<\/p>\n<div id=\"gtx-trans\" style=\"position: absolute; left: 357px; top: 184.484px;\">\n<div class=\"gtx-trans-icon\"><\/div>\n<\/div>\n","protected":false},"excerpt":{"rendered":"<ul>\n<li><strong>Taille commune:<\/strong> Gamme de diam\u00e8tres de 22 mm \u00e0 120 mm.<\/li>\n<li><strong>Vitesse \u00e0 vide:<\/strong> Offre une efficacit\u00e9 et une stabilit\u00e9 \u00e9lev\u00e9es \u00e0 une vitesse \u00e0 vide de 21 000 tr\/min.<\/li>\n<li><strong>Poids:<\/strong> L\u00e9ger et puissant, avec 0,26 kg pour des performances am\u00e9lior\u00e9es.<\/li>\n<li><strong>Applications typiques:<\/strong> Rotor ext\u00e9rieur BLDC de contr\u00f4le de soupape.<\/li>\n<\/ul>\n<p>&nbsp;<\/p>\n","protected":false},"featured_media":4101,"comment_status":"closed","ping_status":"closed","template":"","meta":{"site-sidebar-layout":"default","site-content-layout":"","ast-site-content-layout":"default","site-content-style":"default","site-sidebar-style":"default","ast-global-header-display":"","ast-banner-title-visibility":"","ast-main-header-display":"","ast-hfb-above-header-display":"","ast-hfb-below-header-display":"","ast-hfb-mobile-header-display":"","site-post-title":"","ast-breadcrumbs-content":"","ast-featured-img":"","footer-sml-layout":"","theme-transparent-header-meta":"default","adv-header-id-meta":"","stick-header-meta":"","header-above-stick-meta":"","header-main-stick-meta":"","header-below-stick-meta":"","astra-migrate-meta-layouts":"default","ast-page-background-enabled":"default","ast-page-background-meta":{"desktop":{"background-color":"var(--ast-global-color-4)","background-image":"","background-repeat":"repeat","background-position":"center center","background-size":"auto","background-attachment":"scroll","background-type":"","background-media":"","overlay-type":"","overlay-color":"","overlay-opacity":"","overlay-gradient":""},"tablet":{"background-color":"","background-image":"","background-repeat":"repeat","background-position":"center center","background-size":"auto","background-attachment":"scroll","background-type":"","background-media":"","overlay-type":"","overlay-color":"","overlay-opacity":"","overlay-gradient":""},"mobile":{"background-color":"","background-image":"","background-repeat":"repeat","background-position":"center center","background-size":"auto","background-attachment":"scroll","background-type":"","background-media":"","overlay-type":"","overlay-color":"","overlay-opacity":"","overlay-gradient":""}},"ast-content-background-meta":{"desktop":{"background-color":"var(--ast-global-color-5)","background-image":"","background-repeat":"repeat","background-position":"center center","background-size":"auto","background-attachment":"scroll","background-type":"","background-media":"","overlay-type":"","overlay-color":"","overlay-opacity":"","overlay-gradient":""},"tablet":{"background-color":"var(--ast-global-color-5)","background-image":"","background-repeat":"repeat","background-position":"center center","background-size":"auto","background-attachment":"scroll","background-type":"","background-media":"","overlay-type":"","overlay-color":"","overlay-opacity":"","overlay-gradient":""},"mobile":{"background-color":"var(--ast-global-color-5)","background-image":"","background-repeat":"repeat","background-position":"center center","background-size":"auto","background-attachment":"scroll","background-type":"","background-media":"","overlay-type":"","overlay-color":"","overlay-opacity":"","overlay-gradient":""}}},"product_brand":[],"product_cat":[101,103,105],"product_tag":[],"class_list":{"0":"post-7674","1":"product","2":"type-product","3":"status-publish","4":"has-post-thumbnail","6":"product_cat-moteur","7":"product_cat-moteur-cc-sans-balais","8":"product_cat-moteur-cc-sans-balais-outrunner","9":"desktop-align-left","10":"tablet-align-left","11":"mobile-align-left","13":"first","14":"instock","15":"shipping-taxable","16":"product-type-simple"},"_links":{"self":[{"href":"https:\/\/www.gian-transmission.com\/fr\/wp-json\/wp\/v2\/product\/7674"}],"collection":[{"href":"https:\/\/www.gian-transmission.com\/fr\/wp-json\/wp\/v2\/product"}],"about":[{"href":"https:\/\/www.gian-transmission.com\/fr\/wp-json\/wp\/v2\/types\/product"}],"replies":[{"embeddable":true,"href":"https:\/\/www.gian-transmission.com\/fr\/wp-json\/wp\/v2\/comments?post=7674"}],"wp:featuredmedia":[{"embeddable":true,"href":"https:\/\/www.gian-transmission.com\/fr\/wp-json\/wp\/v2\/media\/4101"}],"wp:attachment":[{"href":"https:\/\/www.gian-transmission.com\/fr\/wp-json\/wp\/v2\/media?parent=7674"}],"wp:term":[{"taxonomy":"product_brand","embeddable":true,"href":"https:\/\/www.gian-transmission.com\/fr\/wp-json\/wp\/v2\/product_brand?post=7674"},{"taxonomy":"product_cat","embeddable":true,"href":"https:\/\/www.gian-transmission.com\/fr\/wp-json\/wp\/v2\/product_cat?post=7674"},{"taxonomy":"product_tag","embeddable":true,"href":"https:\/\/www.gian-transmission.com\/fr\/wp-json\/wp\/v2\/product_tag?post=7674"}],"curies":[{"name":"wp","href":"https:\/\/api.w.org\/{rel}","templated":true}]}}