{"id":7662,"date":"2024-10-10T13:58:06","date_gmt":"2024-10-10T05:58:06","guid":{"rendered":"https:\/\/www.gian-transmission.com\/gain-tr036-p01-moteur-pas-a-pas-a-aimant-permanent-5v-5-625-64\/"},"modified":"2024-10-10T13:58:06","modified_gmt":"2024-10-10T05:58:06","slug":"gain-tr036-p01-moteur-pas-a-pas-a-aimant-permanent-5v-5-625-64","status":"publish","type":"product","link":"https:\/\/www.gian-transmission.com\/fr\/gain-tr036-p01-moteur-pas-a-pas-a-aimant-permanent\/","title":{"rendered":"Gain TR036-P01 Moteur Pas \u00c0 Pas \u00c0 Aimant Permanent (5V, 5.625\u00b0\/64 )"},"content":{"rendered":"<h2><span class=\"ez-toc-section\" id=\"Parametres_de_Performance\"><\/span>Param\u00e8tres de Performance<span class=\"ez-toc-section-end\"><\/span><\/h2>\n<table>\n<tbody>\n<tr>\n<td>Mod\u00e8le<\/td>\n<td>Tension Nominale<\/td>\n<td>Angle de Marche<\/td>\n<td>R\u00e9duction du moteur<br \/>\nRapport<\/td>\n<td>R\u00e9sistance<\/td>\n<td>Couple de traction 800 IPS<\/td>\n<td>Mode de conduite<\/td>\n<\/tr>\n<tr>\n<td>TR036-P01<\/td>\n<td> 5V<\/td>\n<td>5.625\u00b0\/64<\/td>\n<td>1\/64<\/td>\n<td>10\u03a9<\/td>\n<td>\u2265107.8mN.m<\/td>\n<td>Tension unipolaire<\/td>\n<\/tr>\n<\/tbody>\n<\/table>\n<h2><span class=\"ez-toc-section\" id=\"Dimensions_mecaniques_mm\"><\/span>Dimensions m\u00e9caniques : mm<span class=\"ez-toc-section-end\"><\/span><\/h2>\n<p><img fetchpriority=\"high\" decoding=\"async\" class=\"size-full wp-image-5620 aligncenter\" src=\"https:\/\/www.gian-transmission.com\/wp-content\/uploads\/2024\/10\/TR036-P01-PM-Stepper-Motor-of-Mechanical-dimensions.png\" alt=\"Moteur Pas \u00c0 Pas \u00c0 Aimant Permanent TR036-P01 de dimensions m\u00e9caniques\" width=\"1185\" height=\"499\" srcset=\"https:\/\/www.gian-transmission.com\/wp-content\/uploads\/2024\/10\/TR036-P01-PM-Stepper-Motor-of-Mechanical-dimensions.png 1185w, https:\/\/www.gian-transmission.com\/wp-content\/uploads\/2024\/10\/TR036-P01-PM-Stepper-Motor-of-Mechanical-dimensions-300x126.png 300w, https:\/\/www.gian-transmission.com\/wp-content\/uploads\/2024\/10\/TR036-P01-PM-Stepper-Motor-of-Mechanical-dimensions-1024x431.png 1024w, https:\/\/www.gian-transmission.com\/wp-content\/uploads\/2024\/10\/TR036-P01-PM-Stepper-Motor-of-Mechanical-dimensions-768x323.png 768w, https:\/\/www.gian-transmission.com\/wp-content\/uploads\/2024\/10\/TR036-P01-PM-Stepper-Motor-of-Mechanical-dimensions-600x253.png 600w\" sizes=\"(max-width: 1185px) 100vw, 1185px\" \/><\/p>\n<p>&nbsp;<\/p>\n","protected":false},"excerpt":{"rendered":"<ul>\n<li><strong>Tension de d\u00e9marrage:<\/strong> La tension de d\u00e9marrage \u2264 12 V garantit un fonctionnement efficace \u00e0 faible consommation.<\/li>\n<li><strong>Temps de trajet de Lockheed:<\/strong> Port\u00e9e de 100 ms&lt;t&lt;400 ms, offrant des performances efficaces et fiables.<\/li>\n<li><strong>Courant instantan\u00e9 max. :<\/strong> 3,2 A, garantissant un couple de sortie robuste pour les applications exigeantes.<\/li>\n<li><strong>Applications typiques :<\/strong> M\u00e9canisme de verrouillage de la pile de chargement.<\/li>\n<\/ul>\n<p>&nbsp;<\/p>\n","protected":false},"featured_media":5621,"comment_status":"closed","ping_status":"closed","template":"","meta":{"site-sidebar-layout":"default","site-content-layout":"","ast-site-content-layout":"default","site-content-style":"default","site-sidebar-style":"default","ast-global-header-display":"","ast-banner-title-visibility":"","ast-main-header-display":"","ast-hfb-above-header-display":"","ast-hfb-below-header-display":"","ast-hfb-mobile-header-display":"","site-post-title":"","ast-breadcrumbs-content":"","ast-featured-img":"","footer-sml-layout":"","theme-transparent-header-meta":"default","adv-header-id-meta":"","stick-header-meta":"","header-above-stick-meta":"","header-main-stick-meta":"","header-below-stick-meta":"","astra-migrate-meta-layouts":"default","ast-page-background-enabled":"default","ast-page-background-meta":{"desktop":{"background-color":"var(--ast-global-color-4)","background-image":"","background-repeat":"repeat","background-position":"center center","background-size":"auto","background-attachment":"scroll","background-type":"","background-media":"","overlay-type":"","overlay-color":"","overlay-opacity":"","overlay-gradient":""},"tablet":{"background-color":"","background-image":"","background-repeat":"repeat","background-position":"center center","background-size":"auto","background-attachment":"scroll","background-type":"","background-media":"","overlay-type":"","overlay-color":"","overlay-opacity":"","overlay-gradient":""},"mobile":{"background-color":"","background-image":"","background-repeat":"repeat","background-position":"center center","background-size":"auto","background-attachment":"scroll","background-type":"","background-media":"","overlay-type":"","overlay-color":"","overlay-opacity":"","overlay-gradient":""}},"ast-content-background-meta":{"desktop":{"background-color":"var(--ast-global-color-5)","background-image":"","background-repeat":"repeat","background-position":"center center","background-size":"auto","background-attachment":"scroll","background-type":"","background-media":"","overlay-type":"","overlay-color":"","overlay-opacity":"","overlay-gradient":""},"tablet":{"background-color":"var(--ast-global-color-5)","background-image":"","background-repeat":"repeat","background-position":"center center","background-size":"auto","background-attachment":"scroll","background-type":"","background-media":"","overlay-type":"","overlay-color":"","overlay-opacity":"","overlay-gradient":""},"mobile":{"background-color":"var(--ast-global-color-5)","background-image":"","background-repeat":"repeat","background-position":"center center","background-size":"auto","background-attachment":"scroll","background-type":"","background-media":"","overlay-type":"","overlay-color":"","overlay-opacity":"","overlay-gradient":""}}},"product_brand":[],"product_cat":[101,99,100],"product_tag":[],"class_list":{"0":"post-7662","1":"product","2":"type-product","3":"status-publish","4":"has-post-thumbnail","6":"product_cat-moteur","7":"product_cat-moteur-pas-a-pas","8":"product_cat-moteur-pas-a-pas-a-aimant-permanent","9":"desktop-align-left","10":"tablet-align-left","11":"mobile-align-left","13":"first","14":"instock","15":"shipping-taxable","16":"product-type-simple"},"_links":{"self":[{"href":"https:\/\/www.gian-transmission.com\/fr\/wp-json\/wp\/v2\/product\/7662"}],"collection":[{"href":"https:\/\/www.gian-transmission.com\/fr\/wp-json\/wp\/v2\/product"}],"about":[{"href":"https:\/\/www.gian-transmission.com\/fr\/wp-json\/wp\/v2\/types\/product"}],"replies":[{"embeddable":true,"href":"https:\/\/www.gian-transmission.com\/fr\/wp-json\/wp\/v2\/comments?post=7662"}],"wp:featuredmedia":[{"embeddable":true,"href":"https:\/\/www.gian-transmission.com\/fr\/wp-json\/wp\/v2\/media\/5621"}],"wp:attachment":[{"href":"https:\/\/www.gian-transmission.com\/fr\/wp-json\/wp\/v2\/media?parent=7662"}],"wp:term":[{"taxonomy":"product_brand","embeddable":true,"href":"https:\/\/www.gian-transmission.com\/fr\/wp-json\/wp\/v2\/product_brand?post=7662"},{"taxonomy":"product_cat","embeddable":true,"href":"https:\/\/www.gian-transmission.com\/fr\/wp-json\/wp\/v2\/product_cat?post=7662"},{"taxonomy":"product_tag","embeddable":true,"href":"https:\/\/www.gian-transmission.com\/fr\/wp-json\/wp\/v2\/product_tag?post=7662"}],"curies":[{"name":"wp","href":"https:\/\/api.w.org\/{rel}","templated":true}]}}