{"id":7659,"date":"2024-10-10T15:25:59","date_gmt":"2024-10-10T07:25:59","guid":{"rendered":"https:\/\/www.gian-transmission.com\/gian-tr040-p01-moteur-pas-a-pas-lineaire-5v-18-225rpm\/"},"modified":"2024-10-10T15:25:59","modified_gmt":"2024-10-10T07:25:59","slug":"gian-tr040-p01-moteur-pas-a-pas-lineaire-5v-18-225rpm","status":"publish","type":"product","link":"https:\/\/www.gian-transmission.com\/fr\/gian-tr040-p01-moteur-pas-a-pas-lineaire\/","title":{"rendered":"Gian TR040-P01 Moteur Pas \u00c0 Pas Lin\u00e9aire (5V, 18\u00b0, 225RPM)"},"content":{"rendered":"<h2><span class=\"ez-toc-section\" id=\"Parametres_de_Performance\"><\/span>Param\u00e8tres de Performance<span class=\"ez-toc-section-end\"><\/span><\/h2>\n<table>\n<tbody>\n<tr>\n<td>Mod\u00e8le<\/td>\n<td>Tension Nominale<\/td>\n<td>Vitesse Nominale<\/td>\n<td>Rapport de soustraction<\/td>\n<td>Angle de Marche<\/td>\n<td>Fr\u00e9quence de Traction<\/td>\n<\/tr>\n<tr>\n<td>Performances du moteur int\u00e9gr\u00e9<\/td>\n<td>5V<\/td>\n<td>225tr\/min<\/td>\n<td>20<\/td>\n<td>18\u00b0<\/td>\n<td>1500IPS<\/td>\n<\/tr>\n<tr>\n<td rowspan=\"2\">Performance globale<\/td>\n<td>Courant nominal<\/td>\n<td>Distance de d\u00e9placement<\/td>\n<td colspan=\"2\">Dur\u00e9e d&#8217;un seul coup<\/td>\n<td>Bruit<\/td>\n<\/tr>\n<tr>\n<td>\u22640.45A<\/td>\n<td>38.5mm<\/td>\n<td colspan=\"2\">2.8s<\/td>\n<td>42dB,30cm<\/td>\n<\/tr>\n<\/tbody>\n<\/table>\n<h2><span class=\"ez-toc-section\" id=\"Dimensions_mecaniques_mm\"><\/span>Dimensions m\u00e9caniques : mm<span class=\"ez-toc-section-end\"><\/span><\/h2>\n<p><img fetchpriority=\"high\" decoding=\"async\" class=\"size-full wp-image-5639 aligncenter\" src=\"https:\/\/www.gian-transmission.com\/wp-content\/uploads\/2024\/10\/Gian-TR040-P01-PM-Stepper-Motor-for-Mechanical-Dimensions.png\" alt=\"Moteur Pas \u00c0 Pas Lin\u00e9aire Gian TR040-P01 pour dimensions m\u00e9caniques\" width=\"1186\" height=\"495\" srcset=\"https:\/\/www.gian-transmission.com\/wp-content\/uploads\/2024\/10\/Gian-TR040-P01-PM-Stepper-Motor-for-Mechanical-Dimensions.png 1186w, https:\/\/www.gian-transmission.com\/wp-content\/uploads\/2024\/10\/Gian-TR040-P01-PM-Stepper-Motor-for-Mechanical-Dimensions-300x125.png 300w, https:\/\/www.gian-transmission.com\/wp-content\/uploads\/2024\/10\/Gian-TR040-P01-PM-Stepper-Motor-for-Mechanical-Dimensions-1024x427.png 1024w, https:\/\/www.gian-transmission.com\/wp-content\/uploads\/2024\/10\/Gian-TR040-P01-PM-Stepper-Motor-for-Mechanical-Dimensions-768x321.png 768w, https:\/\/www.gian-transmission.com\/wp-content\/uploads\/2024\/10\/Gian-TR040-P01-PM-Stepper-Motor-for-Mechanical-Dimensions-600x250.png 600w\" sizes=\"(max-width: 1186px) 100vw, 1186px\" \/><\/p>\n<p>&nbsp;<\/p>\n<div id=\"gtx-trans\" style=\"position: absolute; left: 534px; top: 106.781px;\">\n<div class=\"gtx-trans-icon\"><\/div>\n<\/div>\n","protected":false},"excerpt":{"rendered":"<ul>\n<li><strong>Taille commune:<\/strong> 78.1mm*43mm*11.3mm<\/li>\n<li><strong>Vitesse nominale:<\/strong> \u00c9valu\u00e9 \u00e0 225 tr\/min, assurant un contr\u00f4le de mouvement fluide et pr\u00e9cis.<\/li>\n<li><strong>Angle de marche:<\/strong> L&#8217;angle de pas de 18\u00b0 permet un positionnement pr\u00e9cis pour des mouvements lin\u00e9aires pr\u00e9cis.<\/li>\n<\/ul>\n<p>&nbsp;<\/p>\n","protected":false},"featured_media":7660,"comment_status":"closed","ping_status":"closed","template":"","meta":{"site-sidebar-layout":"default","site-content-layout":"","ast-site-content-layout":"default","site-content-style":"default","site-sidebar-style":"default","ast-global-header-display":"","ast-banner-title-visibility":"","ast-main-header-display":"","ast-hfb-above-header-display":"","ast-hfb-below-header-display":"","ast-hfb-mobile-header-display":"","site-post-title":"","ast-breadcrumbs-content":"","ast-featured-img":"","footer-sml-layout":"","theme-transparent-header-meta":"default","adv-header-id-meta":"","stick-header-meta":"","header-above-stick-meta":"","header-main-stick-meta":"","header-below-stick-meta":"","astra-migrate-meta-layouts":"default","ast-page-background-enabled":"default","ast-page-background-meta":{"desktop":{"background-color":"var(--ast-global-color-4)","background-image":"","background-repeat":"repeat","background-position":"center center","background-size":"auto","background-attachment":"scroll","background-type":"","background-media":"","overlay-type":"","overlay-color":"","overlay-opacity":"","overlay-gradient":""},"tablet":{"background-color":"","background-image":"","background-repeat":"repeat","background-position":"center center","background-size":"auto","background-attachment":"scroll","background-type":"","background-media":"","overlay-type":"","overlay-color":"","overlay-opacity":"","overlay-gradient":""},"mobile":{"background-color":"","background-image":"","background-repeat":"repeat","background-position":"center center","background-size":"auto","background-attachment":"scroll","background-type":"","background-media":"","overlay-type":"","overlay-color":"","overlay-opacity":"","overlay-gradient":""}},"ast-content-background-meta":{"desktop":{"background-color":"var(--ast-global-color-5)","background-image":"","background-repeat":"repeat","background-position":"center center","background-size":"auto","background-attachment":"scroll","background-type":"","background-media":"","overlay-type":"","overlay-color":"","overlay-opacity":"","overlay-gradient":""},"tablet":{"background-color":"var(--ast-global-color-5)","background-image":"","background-repeat":"repeat","background-position":"center center","background-size":"auto","background-attachment":"scroll","background-type":"","background-media":"","overlay-type":"","overlay-color":"","overlay-opacity":"","overlay-gradient":""},"mobile":{"background-color":"var(--ast-global-color-5)","background-image":"","background-repeat":"repeat","background-position":"center center","background-size":"auto","background-attachment":"scroll","background-type":"","background-media":"","overlay-type":"","overlay-color":"","overlay-opacity":"","overlay-gradient":""}}},"product_brand":[],"product_cat":[101,99,106],"product_tag":[],"class_list":{"0":"post-7659","1":"product","2":"type-product","3":"status-publish","4":"has-post-thumbnail","6":"product_cat-moteur","7":"product_cat-moteur-pas-a-pas","8":"product_cat-moteur-pas-a-pas-lineaire","9":"desktop-align-left","10":"tablet-align-left","11":"mobile-align-left","13":"first","14":"instock","15":"shipping-taxable","16":"product-type-simple"},"_links":{"self":[{"href":"https:\/\/www.gian-transmission.com\/fr\/wp-json\/wp\/v2\/product\/7659"}],"collection":[{"href":"https:\/\/www.gian-transmission.com\/fr\/wp-json\/wp\/v2\/product"}],"about":[{"href":"https:\/\/www.gian-transmission.com\/fr\/wp-json\/wp\/v2\/types\/product"}],"replies":[{"embeddable":true,"href":"https:\/\/www.gian-transmission.com\/fr\/wp-json\/wp\/v2\/comments?post=7659"}],"wp:featuredmedia":[{"embeddable":true,"href":"https:\/\/www.gian-transmission.com\/fr\/wp-json\/wp\/v2\/media\/7660"}],"wp:attachment":[{"href":"https:\/\/www.gian-transmission.com\/fr\/wp-json\/wp\/v2\/media?parent=7659"}],"wp:term":[{"taxonomy":"product_brand","embeddable":true,"href":"https:\/\/www.gian-transmission.com\/fr\/wp-json\/wp\/v2\/product_brand?post=7659"},{"taxonomy":"product_cat","embeddable":true,"href":"https:\/\/www.gian-transmission.com\/fr\/wp-json\/wp\/v2\/product_cat?post=7659"},{"taxonomy":"product_tag","embeddable":true,"href":"https:\/\/www.gian-transmission.com\/fr\/wp-json\/wp\/v2\/product_tag?post=7659"}],"curies":[{"name":"wp","href":"https:\/\/api.w.org\/{rel}","templated":true}]}}