{"id":7656,"date":"2024-10-10T15:44:43","date_gmt":"2024-10-10T07:44:43","guid":{"rendered":"https:\/\/www.gian-transmission.com\/gian-tr091-p01-moteur-pas-a-pas-a-aimant-permanent-5v-5324rpm\/"},"modified":"2024-10-10T15:44:43","modified_gmt":"2024-10-10T07:44:43","slug":"gian-tr091-p01-moteur-pas-a-pas-a-aimant-permanent-5v-5324rpm","status":"publish","type":"product","link":"https:\/\/www.gian-transmission.com\/fr\/gian-tr091-p01-moteur-pas-a-pas-a-aimant-permanent\/","title":{"rendered":"Gian TR091-P01 Moteur Pas \u00c0 Pas \u00c0 Aimant Permanent (5V, 5324RPM )"},"content":{"rendered":"<h2><span class=\"ez-toc-section\" id=\"Parametres_de_Performance\"><\/span>Param\u00e8tres de Performance<span class=\"ez-toc-section-end\"><\/span><\/h2>\n<table>\n<tbody>\n<tr>\n<td>Mod\u00e8le<\/td>\n<td>Tension nominale<\/td>\n<td>Tension de service<\/td>\n<td>Vitesse \u00e0 vide<\/td>\n<\/tr>\n<tr>\n<td>TR091-P01<\/td>\n<td>5V<\/td>\n<td>3-7V<\/td>\n<td>5324RPM<\/td>\n<\/tr>\n<tr>\n<td rowspan=\"2\">Performances du moteur int\u00e9gr\u00e9<\/td>\n<td>Courant \u00e0 vide<\/td>\n<td>Vitesse de chargement<\/td>\n<td>Courant de charge<\/td>\n<\/tr>\n<tr>\n<td>\u22640.2A<\/td>\n<td>88RPM<\/td>\n<td>0.3Amax<\/td>\n<\/tr>\n<tr>\n<td rowspan=\"2\">Performance globale<\/td>\n<td>Tension nominale<\/td>\n<td>Force motrice<\/td>\n<td>Dur\u00e9e d&#8217;un seul trajet<\/td>\n<\/tr>\n<tr>\n<td>5V<\/td>\n<td>0.33N.m<\/td>\n<td>3.2S<\/td>\n<\/tr>\n<\/tbody>\n<\/table>\n<h2><span class=\"ez-toc-section\" id=\"Dimensions_mecaniques_mm\"><\/span>Dimensions m\u00e9caniques : mm<span class=\"ez-toc-section-end\"><\/span><\/h2>\n<p><img fetchpriority=\"high\" decoding=\"async\" class=\"alignnone size-full wp-image-5636\" src=\"https:\/\/www.gian-transmission.com\/wp-content\/uploads\/2024\/10\/Mechanical-dimensions-for-TR09-P01.png\" alt=\"Dimensions m\u00e9caniques pour TR09-P01\" width=\"1323\" height=\"567\" srcset=\"https:\/\/www.gian-transmission.com\/wp-content\/uploads\/2024\/10\/Mechanical-dimensions-for-TR09-P01.png 1323w, https:\/\/www.gian-transmission.com\/wp-content\/uploads\/2024\/10\/Mechanical-dimensions-for-TR09-P01-300x129.png 300w, https:\/\/www.gian-transmission.com\/wp-content\/uploads\/2024\/10\/Mechanical-dimensions-for-TR09-P01-1024x439.png 1024w, https:\/\/www.gian-transmission.com\/wp-content\/uploads\/2024\/10\/Mechanical-dimensions-for-TR09-P01-768x329.png 768w, https:\/\/www.gian-transmission.com\/wp-content\/uploads\/2024\/10\/Mechanical-dimensions-for-TR09-P01-600x257.png 600w\" sizes=\"(max-width: 1323px) 100vw, 1323px\" \/><\/p>\n<p>&nbsp;<\/p>\n","protected":false},"excerpt":{"rendered":"<ul>\n<li><strong>Taille commune:<\/strong> 47.5mm*10mm*14mm<\/li>\n<li><strong>Tension nominale:<\/strong> La tension nominale de 5 V garantit un contr\u00f4le efficace et pr\u00e9cis dans les applications \u00e0 faible consommation.<\/li>\n<li><strong>Application typique:<\/strong> Lunettes de r\u00e9alit\u00e9 virtuelle<\/li>\n<\/ul>\n<p>&nbsp;<\/p>\n","protected":false},"featured_media":5640,"comment_status":"closed","ping_status":"closed","template":"","meta":{"site-sidebar-layout":"default","site-content-layout":"","ast-site-content-layout":"default","site-content-style":"default","site-sidebar-style":"default","ast-global-header-display":"","ast-banner-title-visibility":"","ast-main-header-display":"","ast-hfb-above-header-display":"","ast-hfb-below-header-display":"","ast-hfb-mobile-header-display":"","site-post-title":"","ast-breadcrumbs-content":"","ast-featured-img":"","footer-sml-layout":"","theme-transparent-header-meta":"default","adv-header-id-meta":"","stick-header-meta":"","header-above-stick-meta":"","header-main-stick-meta":"","header-below-stick-meta":"","astra-migrate-meta-layouts":"default","ast-page-background-enabled":"default","ast-page-background-meta":{"desktop":{"background-color":"var(--ast-global-color-4)","background-image":"","background-repeat":"repeat","background-position":"center center","background-size":"auto","background-attachment":"scroll","background-type":"","background-media":"","overlay-type":"","overlay-color":"","overlay-opacity":"","overlay-gradient":""},"tablet":{"background-color":"","background-image":"","background-repeat":"repeat","background-position":"center center","background-size":"auto","background-attachment":"scroll","background-type":"","background-media":"","overlay-type":"","overlay-color":"","overlay-opacity":"","overlay-gradient":""},"mobile":{"background-color":"","background-image":"","background-repeat":"repeat","background-position":"center center","background-size":"auto","background-attachment":"scroll","background-type":"","background-media":"","overlay-type":"","overlay-color":"","overlay-opacity":"","overlay-gradient":""}},"ast-content-background-meta":{"desktop":{"background-color":"var(--ast-global-color-5)","background-image":"","background-repeat":"repeat","background-position":"center center","background-size":"auto","background-attachment":"scroll","background-type":"","background-media":"","overlay-type":"","overlay-color":"","overlay-opacity":"","overlay-gradient":""},"tablet":{"background-color":"var(--ast-global-color-5)","background-image":"","background-repeat":"repeat","background-position":"center center","background-size":"auto","background-attachment":"scroll","background-type":"","background-media":"","overlay-type":"","overlay-color":"","overlay-opacity":"","overlay-gradient":""},"mobile":{"background-color":"var(--ast-global-color-5)","background-image":"","background-repeat":"repeat","background-position":"center center","background-size":"auto","background-attachment":"scroll","background-type":"","background-media":"","overlay-type":"","overlay-color":"","overlay-opacity":"","overlay-gradient":""}}},"product_brand":[],"product_cat":[101,99,100],"product_tag":[],"class_list":{"0":"post-7656","1":"product","2":"type-product","3":"status-publish","4":"has-post-thumbnail","6":"product_cat-moteur","7":"product_cat-moteur-pas-a-pas","8":"product_cat-moteur-pas-a-pas-a-aimant-permanent","9":"desktop-align-left","10":"tablet-align-left","11":"mobile-align-left","13":"first","14":"instock","15":"shipping-taxable","16":"product-type-simple"},"_links":{"self":[{"href":"https:\/\/www.gian-transmission.com\/fr\/wp-json\/wp\/v2\/product\/7656"}],"collection":[{"href":"https:\/\/www.gian-transmission.com\/fr\/wp-json\/wp\/v2\/product"}],"about":[{"href":"https:\/\/www.gian-transmission.com\/fr\/wp-json\/wp\/v2\/types\/product"}],"replies":[{"embeddable":true,"href":"https:\/\/www.gian-transmission.com\/fr\/wp-json\/wp\/v2\/comments?post=7656"}],"wp:featuredmedia":[{"embeddable":true,"href":"https:\/\/www.gian-transmission.com\/fr\/wp-json\/wp\/v2\/media\/5640"}],"wp:attachment":[{"href":"https:\/\/www.gian-transmission.com\/fr\/wp-json\/wp\/v2\/media?parent=7656"}],"wp:term":[{"taxonomy":"product_brand","embeddable":true,"href":"https:\/\/www.gian-transmission.com\/fr\/wp-json\/wp\/v2\/product_brand?post=7656"},{"taxonomy":"product_cat","embeddable":true,"href":"https:\/\/www.gian-transmission.com\/fr\/wp-json\/wp\/v2\/product_cat?post=7656"},{"taxonomy":"product_tag","embeddable":true,"href":"https:\/\/www.gian-transmission.com\/fr\/wp-json\/wp\/v2\/product_tag?post=7656"}],"curies":[{"name":"wp","href":"https:\/\/api.w.org\/{rel}","templated":true}]}}