{"id":7653,"date":"2024-10-10T16:47:24","date_gmt":"2024-10-10T08:47:24","guid":{"rendered":"https:\/\/www.gian-transmission.com\/gian-tr048-p02-moteur-pas-a-pas-lineaire-12v-15\/"},"modified":"2024-10-10T16:47:24","modified_gmt":"2024-10-10T08:47:24","slug":"gian-tr048-p02-moteur-pas-a-pas-lineaire-12v-15","status":"publish","type":"product","link":"https:\/\/www.gian-transmission.com\/fr\/gian-tr048-p02-moteur-pas-a-pas-lineaire\/","title":{"rendered":"Gian TR048-P02 Moteur Pas \u00c0 Pas Lin\u00e9aire (12V, 15\u00b0)"},"content":{"rendered":"<h2><span class=\"ez-toc-section\" id=\"Parametres_de_Performance\"><\/span>Param\u00e8tres de Performance<span class=\"ez-toc-section-end\"><\/span><\/h2>\n<table>\n<tbody>\n<tr>\n<td>Mod\u00e8le<\/td>\n<td>Tension Nominale<\/td>\n<td>Angle de Marche<\/td>\n<td>Num\u00e9ro de phase<\/td>\n<td>R\u00e9sistance<\/td>\n<td>Pouss\u00e9e<\/td>\n<\/tr>\n<tr>\n<td>TR048-P02<\/td>\n<td>12V<\/td>\n<td>15\u00b0<\/td>\n<td>Phase 2-2<\/td>\n<td>10.5\u03a9<\/td>\n<td>350g(500IPS\/12V)<\/td>\n<\/tr>\n<\/tbody>\n<\/table>\n<h2><span class=\"ez-toc-section\" id=\"Dimensions_mecaniques_mm\"><\/span>Dimensions m\u00e9caniques : mm<span class=\"ez-toc-section-end\"><\/span><\/h2>\n<p><img fetchpriority=\"high\" decoding=\"async\" class=\"alignnone size-full wp-image-5661\" src=\"https:\/\/www.gian-transmission.com\/wp-content\/uploads\/2024\/10\/Gian-TR048-P02-Linear-Stepper-Motor-for-Mechanical-Dimensions-.png\" alt=\"Moteur pas \u00e0 pas lin\u00e9aire Gian TR048-P02 pour dimensions m\u00e9caniques\" width=\"1186\" height=\"459\" srcset=\"https:\/\/www.gian-transmission.com\/wp-content\/uploads\/2024\/10\/Gian-TR048-P02-Linear-Stepper-Motor-for-Mechanical-Dimensions-.png 1186w, https:\/\/www.gian-transmission.com\/wp-content\/uploads\/2024\/10\/Gian-TR048-P02-Linear-Stepper-Motor-for-Mechanical-Dimensions--300x116.png 300w, https:\/\/www.gian-transmission.com\/wp-content\/uploads\/2024\/10\/Gian-TR048-P02-Linear-Stepper-Motor-for-Mechanical-Dimensions--1024x396.png 1024w, https:\/\/www.gian-transmission.com\/wp-content\/uploads\/2024\/10\/Gian-TR048-P02-Linear-Stepper-Motor-for-Mechanical-Dimensions--768x297.png 768w, https:\/\/www.gian-transmission.com\/wp-content\/uploads\/2024\/10\/Gian-TR048-P02-Linear-Stepper-Motor-for-Mechanical-Dimensions--600x232.png 600w\" sizes=\"(max-width: 1186px) 100vw, 1186px\" \/><\/p>\n<div id=\"gtx-trans\" style=\"position: absolute; left: 420px; top: 154.781px;\">\n<div class=\"gtx-trans-icon\"><\/div>\n<\/div>\n","protected":false},"excerpt":{"rendered":"<ul>\n<li><strong>Tension nominale:<\/strong> 12 V, offrant des performances fiables avec un contr\u00f4le pr\u00e9cis.<\/li>\n<li><strong>Angle de marche:<\/strong> 15\u00b0, permettant un mouvement incr\u00e9mental contr\u00f4l\u00e9, le rendant id\u00e9al pour les applications n\u00e9cessitant des r\u00e9glages fins.<\/li>\n<li><strong>Applications typiques:<\/strong> Boite de vitesse pour la machine \u00e0 caf\u00e9.<\/li>\n<\/ul>\n","protected":false},"featured_media":5665,"comment_status":"closed","ping_status":"closed","template":"","meta":{"site-sidebar-layout":"default","site-content-layout":"","ast-site-content-layout":"default","site-content-style":"default","site-sidebar-style":"default","ast-global-header-display":"","ast-banner-title-visibility":"","ast-main-header-display":"","ast-hfb-above-header-display":"","ast-hfb-below-header-display":"","ast-hfb-mobile-header-display":"","site-post-title":"","ast-breadcrumbs-content":"","ast-featured-img":"","footer-sml-layout":"","theme-transparent-header-meta":"default","adv-header-id-meta":"","stick-header-meta":"","header-above-stick-meta":"","header-main-stick-meta":"","header-below-stick-meta":"","astra-migrate-meta-layouts":"default","ast-page-background-enabled":"default","ast-page-background-meta":{"desktop":{"background-color":"var(--ast-global-color-4)","background-image":"","background-repeat":"repeat","background-position":"center center","background-size":"auto","background-attachment":"scroll","background-type":"","background-media":"","overlay-type":"","overlay-color":"","overlay-opacity":"","overlay-gradient":""},"tablet":{"background-color":"","background-image":"","background-repeat":"repeat","background-position":"center center","background-size":"auto","background-attachment":"scroll","background-type":"","background-media":"","overlay-type":"","overlay-color":"","overlay-opacity":"","overlay-gradient":""},"mobile":{"background-color":"","background-image":"","background-repeat":"repeat","background-position":"center center","background-size":"auto","background-attachment":"scroll","background-type":"","background-media":"","overlay-type":"","overlay-color":"","overlay-opacity":"","overlay-gradient":""}},"ast-content-background-meta":{"desktop":{"background-color":"var(--ast-global-color-5)","background-image":"","background-repeat":"repeat","background-position":"center center","background-size":"auto","background-attachment":"scroll","background-type":"","background-media":"","overlay-type":"","overlay-color":"","overlay-opacity":"","overlay-gradient":""},"tablet":{"background-color":"var(--ast-global-color-5)","background-image":"","background-repeat":"repeat","background-position":"center center","background-size":"auto","background-attachment":"scroll","background-type":"","background-media":"","overlay-type":"","overlay-color":"","overlay-opacity":"","overlay-gradient":""},"mobile":{"background-color":"var(--ast-global-color-5)","background-image":"","background-repeat":"repeat","background-position":"center center","background-size":"auto","background-attachment":"scroll","background-type":"","background-media":"","overlay-type":"","overlay-color":"","overlay-opacity":"","overlay-gradient":""}}},"product_brand":[],"product_cat":[101,99,106],"product_tag":[],"class_list":{"0":"post-7653","1":"product","2":"type-product","3":"status-publish","4":"has-post-thumbnail","6":"product_cat-moteur","7":"product_cat-moteur-pas-a-pas","8":"product_cat-moteur-pas-a-pas-lineaire","9":"desktop-align-left","10":"tablet-align-left","11":"mobile-align-left","13":"first","14":"instock","15":"shipping-taxable","16":"product-type-simple"},"_links":{"self":[{"href":"https:\/\/www.gian-transmission.com\/fr\/wp-json\/wp\/v2\/product\/7653"}],"collection":[{"href":"https:\/\/www.gian-transmission.com\/fr\/wp-json\/wp\/v2\/product"}],"about":[{"href":"https:\/\/www.gian-transmission.com\/fr\/wp-json\/wp\/v2\/types\/product"}],"replies":[{"embeddable":true,"href":"https:\/\/www.gian-transmission.com\/fr\/wp-json\/wp\/v2\/comments?post=7653"}],"wp:featuredmedia":[{"embeddable":true,"href":"https:\/\/www.gian-transmission.com\/fr\/wp-json\/wp\/v2\/media\/5665"}],"wp:attachment":[{"href":"https:\/\/www.gian-transmission.com\/fr\/wp-json\/wp\/v2\/media?parent=7653"}],"wp:term":[{"taxonomy":"product_brand","embeddable":true,"href":"https:\/\/www.gian-transmission.com\/fr\/wp-json\/wp\/v2\/product_brand?post=7653"},{"taxonomy":"product_cat","embeddable":true,"href":"https:\/\/www.gian-transmission.com\/fr\/wp-json\/wp\/v2\/product_cat?post=7653"},{"taxonomy":"product_tag","embeddable":true,"href":"https:\/\/www.gian-transmission.com\/fr\/wp-json\/wp\/v2\/product_tag?post=7653"}],"curies":[{"name":"wp","href":"https:\/\/api.w.org\/{rel}","templated":true}]}}