{"id":7641,"date":"2024-10-11T09:02:08","date_gmt":"2024-10-11T01:02:08","guid":{"rendered":"https:\/\/www.gian-transmission.com\/gian-tr054-p01-moteur-pas-a-pas-a-aimant-permanent-5v-18\/"},"modified":"2024-10-29T19:25:33","modified_gmt":"2024-10-29T11:25:33","slug":"gian-tr054-p01-moteur-pas-a-pas-a-aimant-permanent-5v-18","status":"publish","type":"product","link":"https:\/\/www.gian-transmission.com\/fr\/gian-tr054-p01-moteur-pas-a-pas-a-aimant-permanent\/","title":{"rendered":"Gian TR054-P01 Moteur Pas \u00c0 Pas \u00c0 Aimant Permanent (5V, 18\u00b0)"},"content":{"rendered":"<h2><span class=\"ez-toc-section\" id=\"Parametres_de_Performance\"><\/span>Param\u00e8tres de Performance<span class=\"ez-toc-section-end\"><\/span><\/h2>\n<table>\n<tbody>\n<tr>\n<td width=\"15.7400%\">Mod\u00e8le<\/td>\n<td width=\"12.7000%\">Tension Nominale<\/td>\n<td width=\"10.6200%\">Angle de Marche<\/td>\n<td width=\"13.3000%\">Num\u00e9ro de phase<\/td>\n<td width=\"15.3000%\">R\u00e9sistance<\/td>\n<td width=\"32.2800%\">R\u00e9sistance<\/td>\n<\/tr>\n<tr>\n<td width=\"15.7400%\">TR054-P01<\/td>\n<td width=\"12.7000%\">5V<\/td>\n<td width=\"10.6200%\">18\u00b0<\/td>\n<td width=\"13.3000%\">Phase 2-2<\/td>\n<td width=\"15.3000%\">14\u03a9<\/td>\n<td width=\"32.2800%\">300g(1200IPS\/5V)<\/td>\n<\/tr>\n<\/tbody>\n<\/table>\n<h2><span class=\"ez-toc-section\" id=\"Dimensions_mecaniques_mm\"><\/span>Dimensions m\u00e9caniques : mm<span class=\"ez-toc-section-end\"><\/span><\/h2>\n<p><img fetchpriority=\"high\" decoding=\"async\" class=\"size-full wp-image-5683 aligncenter\" src=\"https:\/\/www.gian-transmission.com\/wp-content\/uploads\/2024\/10\/TR054-P01-for-mechanical-dimensions.jpg\" alt=\"Moteur pas \u00e0 pas PM TR054-P01 pour dimensions m\u00e9caniques\" width=\"1200\" height=\"600\" srcset=\"https:\/\/www.gian-transmission.com\/wp-content\/uploads\/2024\/10\/TR054-P01-for-mechanical-dimensions.jpg 1200w, https:\/\/www.gian-transmission.com\/wp-content\/uploads\/2024\/10\/TR054-P01-for-mechanical-dimensions-300x150.jpg 300w, https:\/\/www.gian-transmission.com\/wp-content\/uploads\/2024\/10\/TR054-P01-for-mechanical-dimensions-1024x512.jpg 1024w, https:\/\/www.gian-transmission.com\/wp-content\/uploads\/2024\/10\/TR054-P01-for-mechanical-dimensions-768x384.jpg 768w, https:\/\/www.gian-transmission.com\/wp-content\/uploads\/2024\/10\/TR054-P01-for-mechanical-dimensions-600x300.jpg 600w\" sizes=\"(max-width: 1200px) 100vw, 1200px\" \/><\/p>\n","protected":false},"excerpt":{"rendered":"<ul>\n<li><strong>Taille commune:<\/strong> 13mm*20mm*32mm<\/li>\n<li><strong>Angle de marche:<\/strong> Angle de pas de 18\u00b0 pour un contr\u00f4le pr\u00e9cis du positionnement.<\/li>\n<li><strong>Num\u00e9ro de phase:<\/strong> Moteur biphas\u00e9 offrant un couple \u00e9lev\u00e9, un contr\u00f4le pr\u00e9cis et une conception compacte.<\/li>\n<li><strong>Applications typiques:<\/strong> Bo\u00eete de vitesses pour imageur thermique infrarouge.<\/li>\n<\/ul>\n<p>&nbsp;<\/p>\n<p>&nbsp;<\/p>\n","protected":false},"featured_media":7644,"comment_status":"closed","ping_status":"closed","template":"","meta":{"site-sidebar-layout":"default","site-content-layout":"","ast-site-content-layout":"default","site-content-style":"default","site-sidebar-style":"default","ast-global-header-display":"","ast-banner-title-visibility":"","ast-main-header-display":"","ast-hfb-above-header-display":"","ast-hfb-below-header-display":"","ast-hfb-mobile-header-display":"","site-post-title":"","ast-breadcrumbs-content":"","ast-featured-img":"","footer-sml-layout":"","theme-transparent-header-meta":"default","adv-header-id-meta":"","stick-header-meta":"","header-above-stick-meta":"","header-main-stick-meta":"","header-below-stick-meta":"","astra-migrate-meta-layouts":"set","ast-page-background-enabled":"default","ast-page-background-meta":{"desktop":{"background-color":"var(--ast-global-color-4)","background-image":"","background-repeat":"repeat","background-position":"center center","background-size":"auto","background-attachment":"scroll","background-type":"","background-media":"","overlay-type":"","overlay-color":"","overlay-opacity":"","overlay-gradient":""},"tablet":{"background-color":"","background-image":"","background-repeat":"repeat","background-position":"center center","background-size":"auto","background-attachment":"scroll","background-type":"","background-media":"","overlay-type":"","overlay-color":"","overlay-opacity":"","overlay-gradient":""},"mobile":{"background-color":"","background-image":"","background-repeat":"repeat","background-position":"center center","background-size":"auto","background-attachment":"scroll","background-type":"","background-media":"","overlay-type":"","overlay-color":"","overlay-opacity":"","overlay-gradient":""}},"ast-content-background-meta":{"desktop":{"background-color":"var(--ast-global-color-5)","background-image":"","background-repeat":"repeat","background-position":"center center","background-size":"auto","background-attachment":"scroll","background-type":"","background-media":"","overlay-type":"","overlay-color":"","overlay-opacity":"","overlay-gradient":""},"tablet":{"background-color":"var(--ast-global-color-5)","background-image":"","background-repeat":"repeat","background-position":"center center","background-size":"auto","background-attachment":"scroll","background-type":"","background-media":"","overlay-type":"","overlay-color":"","overlay-opacity":"","overlay-gradient":""},"mobile":{"background-color":"var(--ast-global-color-5)","background-image":"","background-repeat":"repeat","background-position":"center center","background-size":"auto","background-attachment":"scroll","background-type":"","background-media":"","overlay-type":"","overlay-color":"","overlay-opacity":"","overlay-gradient":""}}},"product_brand":[],"product_cat":[101,99,100],"product_tag":[],"class_list":{"0":"post-7641","1":"product","2":"type-product","3":"status-publish","4":"has-post-thumbnail","6":"product_cat-moteur","7":"product_cat-moteur-pas-a-pas","8":"product_cat-moteur-pas-a-pas-a-aimant-permanent","9":"desktop-align-left","10":"tablet-align-left","11":"mobile-align-left","13":"first","14":"instock","15":"shipping-taxable","16":"product-type-simple"},"_links":{"self":[{"href":"https:\/\/www.gian-transmission.com\/fr\/wp-json\/wp\/v2\/product\/7641"}],"collection":[{"href":"https:\/\/www.gian-transmission.com\/fr\/wp-json\/wp\/v2\/product"}],"about":[{"href":"https:\/\/www.gian-transmission.com\/fr\/wp-json\/wp\/v2\/types\/product"}],"replies":[{"embeddable":true,"href":"https:\/\/www.gian-transmission.com\/fr\/wp-json\/wp\/v2\/comments?post=7641"}],"wp:featuredmedia":[{"embeddable":true,"href":"https:\/\/www.gian-transmission.com\/fr\/wp-json\/wp\/v2\/media\/7644"}],"wp:attachment":[{"href":"https:\/\/www.gian-transmission.com\/fr\/wp-json\/wp\/v2\/media?parent=7641"}],"wp:term":[{"taxonomy":"product_brand","embeddable":true,"href":"https:\/\/www.gian-transmission.com\/fr\/wp-json\/wp\/v2\/product_brand?post=7641"},{"taxonomy":"product_cat","embeddable":true,"href":"https:\/\/www.gian-transmission.com\/fr\/wp-json\/wp\/v2\/product_cat?post=7641"},{"taxonomy":"product_tag","embeddable":true,"href":"https:\/\/www.gian-transmission.com\/fr\/wp-json\/wp\/v2\/product_tag?post=7641"}],"curies":[{"name":"wp","href":"https:\/\/api.w.org\/{rel}","templated":true}]}}