{"id":7615,"date":"2024-10-14T13:23:39","date_gmt":"2024-10-14T05:23:39","guid":{"rendered":"https:\/\/www.gian-transmission.com\/gian-bldc1230-moteur-cc-sans-noyau-24v-1100%c2%b110tr-min\/"},"modified":"2024-10-29T18:29:53","modified_gmt":"2024-10-29T10:29:53","slug":"gian-bldc1230-moteur-cc-sans-noyau-24v-1100%c2%b110tr-min","status":"publish","type":"product","link":"https:\/\/www.gian-transmission.com\/fr\/gian-bldc1230-moteur-cc-sans-noyau\/","title":{"rendered":"Gian BLDC1230 Moteur CC Sans Noyau (24V, 1100\u00b110%tr\/min)"},"content":{"rendered":"<h2><span class=\"ez-toc-section\" id=\"Parametres_de_Performance\"><\/span>Param\u00e8tres de Performance<span class=\"ez-toc-section-end\"><\/span><\/h2>\n<table>\n<tbody>\n<tr>\n<td>Mod\u00e8le<\/td>\n<td>Tension de Fonctionnement<\/td>\n<td>Vitesse de Chargement<\/td>\n<td>Moment de Charge<\/td>\n<td>Courant de Charge<\/td>\n<td>Rapport de R\u00e9duction<\/td>\n<\/tr>\n<tr>\n<td>BLDC1230<\/td>\n<td>24V<\/td>\n<td>1100\u00b110%tr\/min<\/td>\n<td>\u2265450g \u00b7cm<\/td>\n<td>\u22641.5mA<\/td>\n<td>1:25<\/td>\n<\/tr>\n<\/tbody>\n<\/table>\n<h2><span class=\"ez-toc-section\" id=\"Dimensions_mecaniques_mm\"><\/span>Dimensions m\u00e9caniques : mm<span class=\"ez-toc-section-end\"><\/span><\/h2>\n<p><img fetchpriority=\"high\" decoding=\"async\" class=\"size-full wp-image-5777 aligncenter\" src=\"https:\/\/www.gian-transmission.com\/wp-content\/uploads\/2024\/10\/BLDC1230-Coreless-DC-Brushless-Motor-for-Mechanical-dimensions.png\" alt=\"Moteur \u00e0 courant continu sans noyau BLDC1230 sans balais pour dimensions m\u00e9caniques\" width=\"1200\" height=\"476\" srcset=\"https:\/\/www.gian-transmission.com\/wp-content\/uploads\/2024\/10\/BLDC1230-Coreless-DC-Brushless-Motor-for-Mechanical-dimensions.png 1200w, https:\/\/www.gian-transmission.com\/wp-content\/uploads\/2024\/10\/BLDC1230-Coreless-DC-Brushless-Motor-for-Mechanical-dimensions-300x119.png 300w, https:\/\/www.gian-transmission.com\/wp-content\/uploads\/2024\/10\/BLDC1230-Coreless-DC-Brushless-Motor-for-Mechanical-dimensions-1024x406.png 1024w, https:\/\/www.gian-transmission.com\/wp-content\/uploads\/2024\/10\/BLDC1230-Coreless-DC-Brushless-Motor-for-Mechanical-dimensions-768x305.png 768w, https:\/\/www.gian-transmission.com\/wp-content\/uploads\/2024\/10\/BLDC1230-Coreless-DC-Brushless-Motor-for-Mechanical-dimensions-600x238.png 600w\" sizes=\"(max-width: 1200px) 100vw, 1200px\" \/><\/p>\n","protected":false},"excerpt":{"rendered":"<ul>\n<li><strong>Tension de fonctionnement:<\/strong> 24 V, haute efficacit\u00e9, l\u00e9ger, faible bruit, adapt\u00e9 aux applications de pr\u00e9cision.<\/li>\n<li><strong>Vitesse de chargement:<\/strong> 100 \u00b1 10 % tr\/min, offre un fonctionnement fluide, des performances constantes et un contr\u00f4le de pr\u00e9cision \u00e0 grande vitesse.<\/li>\n<li><strong>Applications typiques:<\/strong> Moteur manuel agile<\/li>\n<\/ul>\n","protected":false},"featured_media":7617,"comment_status":"closed","ping_status":"closed","template":"","meta":{"site-sidebar-layout":"default","site-content-layout":"","ast-site-content-layout":"default","site-content-style":"default","site-sidebar-style":"default","ast-global-header-display":"","ast-banner-title-visibility":"","ast-main-header-display":"","ast-hfb-above-header-display":"","ast-hfb-below-header-display":"","ast-hfb-mobile-header-display":"","site-post-title":"","ast-breadcrumbs-content":"","ast-featured-img":"","footer-sml-layout":"","theme-transparent-header-meta":"default","adv-header-id-meta":"","stick-header-meta":"","header-above-stick-meta":"","header-main-stick-meta":"","header-below-stick-meta":"","astra-migrate-meta-layouts":"set","ast-page-background-enabled":"default","ast-page-background-meta":{"desktop":{"background-color":"var(--ast-global-color-4)","background-image":"","background-repeat":"repeat","background-position":"center center","background-size":"auto","background-attachment":"scroll","background-type":"","background-media":"","overlay-type":"","overlay-color":"","overlay-opacity":"","overlay-gradient":""},"tablet":{"background-color":"","background-image":"","background-repeat":"repeat","background-position":"center center","background-size":"auto","background-attachment":"scroll","background-type":"","background-media":"","overlay-type":"","overlay-color":"","overlay-opacity":"","overlay-gradient":""},"mobile":{"background-color":"","background-image":"","background-repeat":"repeat","background-position":"center center","background-size":"auto","background-attachment":"scroll","background-type":"","background-media":"","overlay-type":"","overlay-color":"","overlay-opacity":"","overlay-gradient":""}},"ast-content-background-meta":{"desktop":{"background-color":"var(--ast-global-color-5)","background-image":"","background-repeat":"repeat","background-position":"center center","background-size":"auto","background-attachment":"scroll","background-type":"","background-media":"","overlay-type":"","overlay-color":"","overlay-opacity":"","overlay-gradient":""},"tablet":{"background-color":"var(--ast-global-color-5)","background-image":"","background-repeat":"repeat","background-position":"center center","background-size":"auto","background-attachment":"scroll","background-type":"","background-media":"","overlay-type":"","overlay-color":"","overlay-opacity":"","overlay-gradient":""},"mobile":{"background-color":"var(--ast-global-color-5)","background-image":"","background-repeat":"repeat","background-position":"center center","background-size":"auto","background-attachment":"scroll","background-type":"","background-media":"","overlay-type":"","overlay-color":"","overlay-opacity":"","overlay-gradient":""}}},"product_brand":[],"product_cat":[101,102],"product_tag":[],"class_list":{"0":"post-7615","1":"product","2":"type-product","3":"status-publish","4":"has-post-thumbnail","6":"product_cat-moteur","7":"product_cat-moteur-cc-sans-noyau-et-sans-balais","8":"desktop-align-left","9":"tablet-align-left","10":"mobile-align-left","12":"first","13":"instock","14":"shipping-taxable","15":"product-type-simple"},"_links":{"self":[{"href":"https:\/\/www.gian-transmission.com\/fr\/wp-json\/wp\/v2\/product\/7615"}],"collection":[{"href":"https:\/\/www.gian-transmission.com\/fr\/wp-json\/wp\/v2\/product"}],"about":[{"href":"https:\/\/www.gian-transmission.com\/fr\/wp-json\/wp\/v2\/types\/product"}],"replies":[{"embeddable":true,"href":"https:\/\/www.gian-transmission.com\/fr\/wp-json\/wp\/v2\/comments?post=7615"}],"wp:featuredmedia":[{"embeddable":true,"href":"https:\/\/www.gian-transmission.com\/fr\/wp-json\/wp\/v2\/media\/7617"}],"wp:attachment":[{"href":"https:\/\/www.gian-transmission.com\/fr\/wp-json\/wp\/v2\/media?parent=7615"}],"wp:term":[{"taxonomy":"product_brand","embeddable":true,"href":"https:\/\/www.gian-transmission.com\/fr\/wp-json\/wp\/v2\/product_brand?post=7615"},{"taxonomy":"product_cat","embeddable":true,"href":"https:\/\/www.gian-transmission.com\/fr\/wp-json\/wp\/v2\/product_cat?post=7615"},{"taxonomy":"product_tag","embeddable":true,"href":"https:\/\/www.gian-transmission.com\/fr\/wp-json\/wp\/v2\/product_tag?post=7615"}],"curies":[{"name":"wp","href":"https:\/\/api.w.org\/{rel}","templated":true}]}}