{"id":7606,"date":"2024-10-14T15:57:35","date_gmt":"2024-10-14T07:57:35","guid":{"rendered":"https:\/\/www.gian-transmission.com\/gian-tr014-p01-moteur-pas-a-pas-a-aimant-permanent-5v-165tr-min-18\/"},"modified":"2024-10-29T18:19:41","modified_gmt":"2024-10-29T10:19:41","slug":"gian-tr014-p01-moteur-pas-a-pas-a-aimant-permanent-5v-165tr-min-18","status":"publish","type":"product","link":"https:\/\/www.gian-transmission.com\/fr\/gian-tr014-p01-moteur-pas-a-pas-a-aimant-permanent\/","title":{"rendered":"Gian TR014-P01 Moteur Pas \u00c0 Pas \u00c0 Aimant Permanent (5V, 165tr\/min, 18\u00b0)"},"content":{"rendered":"<h2><span class=\"ez-toc-section\" id=\"Parametres_de_Performance\"><\/span>Param\u00e8tres de Performance<span class=\"ez-toc-section-end\"><\/span><\/h2>\n<table>\n<tbody>\n<tr>\n<td>Mod\u00e8le<\/td>\n<td>Tension Nominale<\/td>\n<td>Vitesse Nominale<\/td>\n<td>Rapport de R\u00e9duction<\/td>\n<td>Angle de Marche<\/td>\n<td>Fr\u00e9quence de Traction<\/td>\n<\/tr>\n<tr>\n<td rowspan=\"3\">TR014-P01<\/td>\n<td>5V<\/td>\n<td>165 tr\/min<\/td>\n<td>20<\/td>\n<td>18\u00b0<\/td>\n<td>1100IPS<\/td>\n<\/tr>\n<tr>\n<td>Courant nominal<\/td>\n<td>itin\u00e9raire<\/td>\n<td colspan=\"2\">Dur\u00e9e d&#8217;un seul trajet<\/td>\n<td>Bruit<\/td>\n<\/tr>\n<tr>\n<td>\u22640.45A<\/td>\n<td>31.5mm<\/td>\n<td colspan=\"2\">3.18S<\/td>\n<td>42dB(30cm)(A)MAX<\/td>\n<\/tr>\n<\/tbody>\n<\/table>\n<h2><span class=\"ez-toc-section\" id=\"Dimensions_mecaniques_mm\"><\/span>Dimensions m\u00e9caniques : mm<span class=\"ez-toc-section-end\"><\/span><\/h2>\n<p><img fetchpriority=\"high\" decoding=\"async\" class=\"alignnone size-full wp-image-5801\" src=\"https:\/\/www.gian-transmission.com\/wp-content\/uploads\/2024\/10\/TR014-P01-1.jpg\" alt=\"TR014-P01 Moteur Pas \u00c0 Pas \u00c0 Aimant Permanent\" width=\"1200\" height=\"600\" srcset=\"https:\/\/www.gian-transmission.com\/wp-content\/uploads\/2024\/10\/TR014-P01-1.jpg 1200w, https:\/\/www.gian-transmission.com\/wp-content\/uploads\/2024\/10\/TR014-P01-1-300x150.jpg 300w, https:\/\/www.gian-transmission.com\/wp-content\/uploads\/2024\/10\/TR014-P01-1-1024x512.jpg 1024w, https:\/\/www.gian-transmission.com\/wp-content\/uploads\/2024\/10\/TR014-P01-1-768x384.jpg 768w, https:\/\/www.gian-transmission.com\/wp-content\/uploads\/2024\/10\/TR014-P01-1-600x300.jpg 600w\" sizes=\"(max-width: 1200px) 100vw, 1200px\" \/><\/p>\n","protected":false},"excerpt":{"rendered":"<ul>\n<li><strong>itin\u00e9raire:<\/strong> L&#8217;itin\u00e9raire de 31,5 mm permet un positionnement pr\u00e9cis et un contr\u00f4le fluide du mouvement lin\u00e9aire.<\/li>\n<li><strong>Dur\u00e9e d&#8217;un seul trajet: <\/strong>Le temps de trajet unique de 3,18 s offre une ex\u00e9cution de mouvement efficace, contr\u00f4l\u00e9e et pr\u00e9cise.<\/li>\n<li><strong>Application typique:<\/strong> Levage de la cam\u00e9ra de t\u00e9l\u00e9vision<\/li>\n<\/ul>\n","protected":false},"featured_media":7607,"comment_status":"closed","ping_status":"closed","template":"","meta":{"site-sidebar-layout":"default","site-content-layout":"","ast-site-content-layout":"default","site-content-style":"default","site-sidebar-style":"default","ast-global-header-display":"","ast-banner-title-visibility":"","ast-main-header-display":"","ast-hfb-above-header-display":"","ast-hfb-below-header-display":"","ast-hfb-mobile-header-display":"","site-post-title":"","ast-breadcrumbs-content":"","ast-featured-img":"","footer-sml-layout":"","theme-transparent-header-meta":"default","adv-header-id-meta":"","stick-header-meta":"","header-above-stick-meta":"","header-main-stick-meta":"","header-below-stick-meta":"","astra-migrate-meta-layouts":"set","ast-page-background-enabled":"default","ast-page-background-meta":{"desktop":{"background-color":"var(--ast-global-color-4)","background-image":"","background-repeat":"repeat","background-position":"center center","background-size":"auto","background-attachment":"scroll","background-type":"","background-media":"","overlay-type":"","overlay-color":"","overlay-opacity":"","overlay-gradient":""},"tablet":{"background-color":"","background-image":"","background-repeat":"repeat","background-position":"center center","background-size":"auto","background-attachment":"scroll","background-type":"","background-media":"","overlay-type":"","overlay-color":"","overlay-opacity":"","overlay-gradient":""},"mobile":{"background-color":"","background-image":"","background-repeat":"repeat","background-position":"center center","background-size":"auto","background-attachment":"scroll","background-type":"","background-media":"","overlay-type":"","overlay-color":"","overlay-opacity":"","overlay-gradient":""}},"ast-content-background-meta":{"desktop":{"background-color":"var(--ast-global-color-5)","background-image":"","background-repeat":"repeat","background-position":"center center","background-size":"auto","background-attachment":"scroll","background-type":"","background-media":"","overlay-type":"","overlay-color":"","overlay-opacity":"","overlay-gradient":""},"tablet":{"background-color":"var(--ast-global-color-5)","background-image":"","background-repeat":"repeat","background-position":"center center","background-size":"auto","background-attachment":"scroll","background-type":"","background-media":"","overlay-type":"","overlay-color":"","overlay-opacity":"","overlay-gradient":""},"mobile":{"background-color":"var(--ast-global-color-5)","background-image":"","background-repeat":"repeat","background-position":"center center","background-size":"auto","background-attachment":"scroll","background-type":"","background-media":"","overlay-type":"","overlay-color":"","overlay-opacity":"","overlay-gradient":""}}},"product_brand":[],"product_cat":[101,99,100],"product_tag":[],"class_list":{"0":"post-7606","1":"product","2":"type-product","3":"status-publish","4":"has-post-thumbnail","6":"product_cat-moteur","7":"product_cat-moteur-pas-a-pas","8":"product_cat-moteur-pas-a-pas-a-aimant-permanent","9":"desktop-align-left","10":"tablet-align-left","11":"mobile-align-left","13":"first","14":"instock","15":"shipping-taxable","16":"product-type-simple"},"_links":{"self":[{"href":"https:\/\/www.gian-transmission.com\/fr\/wp-json\/wp\/v2\/product\/7606"}],"collection":[{"href":"https:\/\/www.gian-transmission.com\/fr\/wp-json\/wp\/v2\/product"}],"about":[{"href":"https:\/\/www.gian-transmission.com\/fr\/wp-json\/wp\/v2\/types\/product"}],"replies":[{"embeddable":true,"href":"https:\/\/www.gian-transmission.com\/fr\/wp-json\/wp\/v2\/comments?post=7606"}],"wp:featuredmedia":[{"embeddable":true,"href":"https:\/\/www.gian-transmission.com\/fr\/wp-json\/wp\/v2\/media\/7607"}],"wp:attachment":[{"href":"https:\/\/www.gian-transmission.com\/fr\/wp-json\/wp\/v2\/media?parent=7606"}],"wp:term":[{"taxonomy":"product_brand","embeddable":true,"href":"https:\/\/www.gian-transmission.com\/fr\/wp-json\/wp\/v2\/product_brand?post=7606"},{"taxonomy":"product_cat","embeddable":true,"href":"https:\/\/www.gian-transmission.com\/fr\/wp-json\/wp\/v2\/product_cat?post=7606"},{"taxonomy":"product_tag","embeddable":true,"href":"https:\/\/www.gian-transmission.com\/fr\/wp-json\/wp\/v2\/product_tag?post=7606"}],"curies":[{"name":"wp","href":"https:\/\/api.w.org\/{rel}","templated":true}]}}