{"id":7603,"date":"2024-10-14T16:08:05","date_gmt":"2024-10-14T08:08:05","guid":{"rendered":"https:\/\/www.gian-transmission.com\/gian-tr008-p02-moteur-pas-a-pas-a-aimant-permanent-5v-444tr-min-22-5\/"},"modified":"2024-10-29T18:20:26","modified_gmt":"2024-10-29T10:20:26","slug":"gian-tr008-p02-moteur-pas-a-pas-a-aimant-permanent-5v-444tr-min-22-5","status":"publish","type":"product","link":"https:\/\/www.gian-transmission.com\/fr\/gian-tr008-p02-moteur-pas-a-pas-a-aimant-permanent\/","title":{"rendered":"Gian TR008-P02 Moteur Pas \u00c0 Pas \u00c0 Aimant Permanent (5V, 444tr\/min, 22.5\u00b0)"},"content":{"rendered":"<h2><span class=\"ez-toc-section\" id=\"Parametres_de_Performance\"><\/span>Param\u00e8tres de Performance<span class=\"ez-toc-section-end\"><\/span><\/h2>\n<table>\n<tbody>\n<tr>\n<td>Mod\u00e8le<\/td>\n<td>Tension Nominale<\/td>\n<td>Vitesse Nominale<\/td>\n<td>Rapport de R\u00e9duction<\/td>\n<td>Angle de Marche<\/td>\n<td>Fr\u00e9quence de Traction<\/td>\n<\/tr>\n<tr>\n<td rowspan=\"3\">TR008-P02<\/td>\n<td>5V<\/td>\n<td>444 tr\/min<\/td>\n<td>25<\/td>\n<td>22.5\u00b0<\/td>\n<td>2400IPS<\/td>\n<\/tr>\n<tr>\n<td>Courant nominal<\/td>\n<td>Itin\u00e9raire<\/td>\n<td colspan=\"2\">Dur\u00e9e d&#8217;un seul trajet<\/td>\n<td>Bruit<\/td>\n<\/tr>\n<tr>\n<td>\u22640.45A<\/td>\n<td>8,6 mm<\/td>\n<td colspan=\"2\">0.48S<\/td>\n<td>55dB(10cm)(A)MAX<\/td>\n<\/tr>\n<\/tbody>\n<\/table>\n<h2><span class=\"ez-toc-section\" id=\"Dimensions_mecaniques_mm\"><\/span>Dimensions m\u00e9caniques : mm<span class=\"ez-toc-section-end\"><\/span><\/h2>\n<p><img fetchpriority=\"high\" decoding=\"async\" class=\"alignnone size-full wp-image-5805\" src=\"https:\/\/www.gian-transmission.com\/wp-content\/uploads\/2024\/10\/TR008-P02-1.jpg\" alt=\"Dimensions m\u00e9caniques du moteur pas \u00e0 pas \u00e0 aimant permanent TR008-P02\" width=\"1200\" height=\"600\" srcset=\"https:\/\/www.gian-transmission.com\/wp-content\/uploads\/2024\/10\/TR008-P02-1.jpg 1200w, https:\/\/www.gian-transmission.com\/wp-content\/uploads\/2024\/10\/TR008-P02-1-300x150.jpg 300w, https:\/\/www.gian-transmission.com\/wp-content\/uploads\/2024\/10\/TR008-P02-1-1024x512.jpg 1024w, https:\/\/www.gian-transmission.com\/wp-content\/uploads\/2024\/10\/TR008-P02-1-768x384.jpg 768w, https:\/\/www.gian-transmission.com\/wp-content\/uploads\/2024\/10\/TR008-P02-1-600x300.jpg 600w\" sizes=\"(max-width: 1200px) 100vw, 1200px\" \/><\/p>\n","protected":false},"excerpt":{"rendered":"<ul>\n<li><strong>Bruit: <\/strong>Un niveau sonore de 55 dB, garantissant des performances \u00e0 faible bruit.<\/li>\n<li><strong>Angle de marche:<\/strong> Un angle de pas de 22,5\u00b0 assure un contr\u00f4le pr\u00e9cis et un mouvement de rotation fluide.<\/li>\n<li><strong>Application typique:<\/strong> Levage de la cam\u00e9ra du t\u00e9l\u00e9phone portable<\/li>\n<\/ul>\n<p>&nbsp;<\/p>\n","protected":false},"featured_media":7604,"comment_status":"closed","ping_status":"closed","template":"","meta":{"site-sidebar-layout":"default","site-content-layout":"","ast-site-content-layout":"default","site-content-style":"default","site-sidebar-style":"default","ast-global-header-display":"","ast-banner-title-visibility":"","ast-main-header-display":"","ast-hfb-above-header-display":"","ast-hfb-below-header-display":"","ast-hfb-mobile-header-display":"","site-post-title":"","ast-breadcrumbs-content":"","ast-featured-img":"","footer-sml-layout":"","theme-transparent-header-meta":"default","adv-header-id-meta":"","stick-header-meta":"","header-above-stick-meta":"","header-main-stick-meta":"","header-below-stick-meta":"","astra-migrate-meta-layouts":"set","ast-page-background-enabled":"default","ast-page-background-meta":{"desktop":{"background-color":"var(--ast-global-color-4)","background-image":"","background-repeat":"repeat","background-position":"center center","background-size":"auto","background-attachment":"scroll","background-type":"","background-media":"","overlay-type":"","overlay-color":"","overlay-opacity":"","overlay-gradient":""},"tablet":{"background-color":"","background-image":"","background-repeat":"repeat","background-position":"center center","background-size":"auto","background-attachment":"scroll","background-type":"","background-media":"","overlay-type":"","overlay-color":"","overlay-opacity":"","overlay-gradient":""},"mobile":{"background-color":"","background-image":"","background-repeat":"repeat","background-position":"center center","background-size":"auto","background-attachment":"scroll","background-type":"","background-media":"","overlay-type":"","overlay-color":"","overlay-opacity":"","overlay-gradient":""}},"ast-content-background-meta":{"desktop":{"background-color":"var(--ast-global-color-5)","background-image":"","background-repeat":"repeat","background-position":"center center","background-size":"auto","background-attachment":"scroll","background-type":"","background-media":"","overlay-type":"","overlay-color":"","overlay-opacity":"","overlay-gradient":""},"tablet":{"background-color":"var(--ast-global-color-5)","background-image":"","background-repeat":"repeat","background-position":"center center","background-size":"auto","background-attachment":"scroll","background-type":"","background-media":"","overlay-type":"","overlay-color":"","overlay-opacity":"","overlay-gradient":""},"mobile":{"background-color":"var(--ast-global-color-5)","background-image":"","background-repeat":"repeat","background-position":"center center","background-size":"auto","background-attachment":"scroll","background-type":"","background-media":"","overlay-type":"","overlay-color":"","overlay-opacity":"","overlay-gradient":""}}},"product_brand":[],"product_cat":[101,99,100],"product_tag":[],"class_list":{"0":"post-7603","1":"product","2":"type-product","3":"status-publish","4":"has-post-thumbnail","6":"product_cat-moteur","7":"product_cat-moteur-pas-a-pas","8":"product_cat-moteur-pas-a-pas-a-aimant-permanent","9":"desktop-align-left","10":"tablet-align-left","11":"mobile-align-left","13":"first","14":"instock","15":"shipping-taxable","16":"product-type-simple"},"_links":{"self":[{"href":"https:\/\/www.gian-transmission.com\/fr\/wp-json\/wp\/v2\/product\/7603"}],"collection":[{"href":"https:\/\/www.gian-transmission.com\/fr\/wp-json\/wp\/v2\/product"}],"about":[{"href":"https:\/\/www.gian-transmission.com\/fr\/wp-json\/wp\/v2\/types\/product"}],"replies":[{"embeddable":true,"href":"https:\/\/www.gian-transmission.com\/fr\/wp-json\/wp\/v2\/comments?post=7603"}],"wp:featuredmedia":[{"embeddable":true,"href":"https:\/\/www.gian-transmission.com\/fr\/wp-json\/wp\/v2\/media\/7604"}],"wp:attachment":[{"href":"https:\/\/www.gian-transmission.com\/fr\/wp-json\/wp\/v2\/media?parent=7603"}],"wp:term":[{"taxonomy":"product_brand","embeddable":true,"href":"https:\/\/www.gian-transmission.com\/fr\/wp-json\/wp\/v2\/product_brand?post=7603"},{"taxonomy":"product_cat","embeddable":true,"href":"https:\/\/www.gian-transmission.com\/fr\/wp-json\/wp\/v2\/product_cat?post=7603"},{"taxonomy":"product_tag","embeddable":true,"href":"https:\/\/www.gian-transmission.com\/fr\/wp-json\/wp\/v2\/product_tag?post=7603"}],"curies":[{"name":"wp","href":"https:\/\/api.w.org\/{rel}","templated":true}]}}