{"id":10874,"date":"2024-11-21T12:01:12","date_gmt":"2024-11-21T04:01:12","guid":{"rendered":"https:\/\/www.gian-transmission.com\/servomoteur-gian-gsv130-cc-2000-w-2000-tr-min\/"},"modified":"2024-11-21T12:01:12","modified_gmt":"2024-11-21T04:01:12","slug":"servomoteur-gian-gsv130-cc-2000-w-2000-tr-min","status":"publish","type":"product","link":"https:\/\/www.gian-transmission.com\/fr\/servomoteur-gian-gsv130-cc-2000-w-2000-tr-min\/","title":{"rendered":"Servomoteur Gian GSV130 (CC, 2000 W, 2000 tr\/min)"},"content":{"rendered":"<h2><span class=\"ez-toc-section\" id=\"Parametres_de_Performance\"><\/span>Param\u00e8tres de Performance<span class=\"ez-toc-section-end\"><\/span><\/h2>\n<table width=\"989\">\n<tbody>\n<tr>\n<td width=\"204\">Mod\u00e8le<\/td>\n<td colspan=\"4\" width=\"784\">GSV130<\/td>\n<\/tr>\n<tr>\n<td width=\"204\">Puissance nominale<\/td>\n<td colspan=\"2\" width=\"343\">2000W<\/td>\n<td colspan=\"2\" width=\"441\">3000W<\/td>\n<\/tr>\n<tr>\n<td width=\"204\">Tension nominale<\/td>\n<td width=\"126\">220VDC<\/td>\n<td width=\"217\">48VDC<\/td>\n<td width=\"218\">220VDC<\/td>\n<td width=\"222\">48VDC<\/td>\n<\/tr>\n<tr>\n<td width=\"204\">Vitesse nominale<\/td>\n<td width=\"126\">2000RPM<\/td>\n<td width=\"217\">2000RPM<\/td>\n<td width=\"218\">2000RPM<\/td>\n<td width=\"222\">2000RPM<\/td>\n<\/tr>\n<tr>\n<td width=\"204\">Couple nominal<\/td>\n<td width=\"126\">9,55N-m<\/td>\n<td width=\"217\">9,55N-m<\/td>\n<td width=\"218\">14,3N-m<\/td>\n<td width=\"222\">14,3N-m<\/td>\n<\/tr>\n<tr>\n<td width=\"204\">Courant nominal<\/td>\n<td width=\"126\">9.3A<\/td>\n<td width=\"217\">52.9A<\/td>\n<td width=\"218\">14A<\/td>\n<td width=\"222\">79.3A<\/td>\n<\/tr>\n<tr>\n<td width=\"204\">R\u00e9sistance ligne \u00e0 ligne<\/td>\n<td width=\"126\">0.8\u03a9<\/td>\n<td width=\"217\">0.025\u03a9<\/td>\n<td width=\"218\">0.5\u03a9<\/td>\n<td width=\"222\">0.016\u03a9<\/td>\n<\/tr>\n<tr>\n<td width=\"204\">Inductance ligne \u00e0 ligne<\/td>\n<td width=\"126\">4.2mH<\/td>\n<td width=\"217\">0.14mH<\/td>\n<td width=\"218\">3mH<\/td>\n<td width=\"222\">0.1mH<\/td>\n<\/tr>\n<tr>\n<td width=\"204\">Contre-EMF<\/td>\n<td width=\"126\">68V\/Krpm<\/td>\n<td width=\"217\">12V\/Krpm<\/td>\n<td width=\"218\">68V\/Krpm<\/td>\n<td width=\"222\">12V\/Krpm<\/td>\n<\/tr>\n<tr>\n<td width=\"204\">Ils sont constitu\u00e9s de couple<\/td>\n<td width=\"126\">1.03Nm\/A<\/td>\n<td width=\"217\">0.18Nm\/A<\/td>\n<td width=\"218\">1.02Nm\/A<\/td>\n<td width=\"222\">0.18Nm\/A<\/td>\n<\/tr>\n<tr>\n<td width=\"204\">Constante de temps \u00e9lectrique<\/td>\n<td width=\"126\">5.3ms<\/td>\n<td width=\"217\">5.6ms<\/td>\n<td width=\"218\">6ms<\/td>\n<td width=\"222\">6.3ms<\/td>\n<\/tr>\n<tr>\n<td width=\"204\">Constante de temps m\u00e9canique<\/td>\n<td width=\"126\">1.68ms<\/td>\n<td width=\"217\">1.69ms<\/td>\n<td width=\"218\">1.5ms<\/td>\n<td width=\"222\">1.54ms<\/td>\n<\/tr>\n<tr>\n<td width=\"204\">Inertie du rotor<\/td>\n<td width=\"126\">14Kg.cm\u00b2<\/td>\n<td width=\"217\">14Kg.cm\u00b2<\/td>\n<td width=\"218\">19.9Kg.cm\u00b2<\/td>\n<td width=\"222\">19.9Kg.cm\u00b2<\/td>\n<\/tr>\n<tr>\n<td width=\"204\">Rotor \u00e0 inertie avec frein<\/td>\n<td width=\"126\">15.2Kg.cm\u00b2<\/td>\n<td width=\"217\">15.2Kg.cm\u00b2<\/td>\n<td width=\"218\">20.2Kg.cm\u00b2<\/td>\n<td width=\"222\">20.2Kg.cm\u00b2<\/td>\n<\/tr>\n<tr>\n<td width=\"204\">Nombre de p\u00f4les<\/td>\n<td width=\"126\">10<\/td>\n<td width=\"217\">10<\/td>\n<td width=\"218\">10<\/td>\n<td width=\"222\">10<\/td>\n<\/tr>\n<\/tbody>\n<\/table>\n<h2><span class=\"ez-toc-section\" id=\"Dimensions_mecaniques_mm\"><\/span>Dimensions m\u00e9caniques : mm<span class=\"ez-toc-section-end\"><\/span><\/h2>\n<p><img fetchpriority=\"high\" decoding=\"async\" class=\"alignnone size-full wp-image-10860\" src=\"https:\/\/www.gian-transmission.com\/wp-content\/uploads\/2024\/11\/GSV130-DC-Servo-Motor-Mechanical-Dimensions.jpg\" alt=\"Dimensions m\u00e9caniques du servomoteur \u00e0 courant continu GSV130\" width=\"1200\" height=\"500\" srcset=\"https:\/\/www.gian-transmission.com\/wp-content\/uploads\/2024\/11\/GSV130-DC-Servo-Motor-Mechanical-Dimensions.jpg 1200w, https:\/\/www.gian-transmission.com\/wp-content\/uploads\/2024\/11\/GSV130-DC-Servo-Motor-Mechanical-Dimensions-300x125.jpg 300w, https:\/\/www.gian-transmission.com\/wp-content\/uploads\/2024\/11\/GSV130-DC-Servo-Motor-Mechanical-Dimensions-1024x427.jpg 1024w, https:\/\/www.gian-transmission.com\/wp-content\/uploads\/2024\/11\/GSV130-DC-Servo-Motor-Mechanical-Dimensions-768x320.jpg 768w, https:\/\/www.gian-transmission.com\/wp-content\/uploads\/2024\/11\/GSV130-DC-Servo-Motor-Mechanical-Dimensions-600x250.jpg 600w\" sizes=\"(max-width: 1200px) 100vw, 1200px\" \/><\/p>\n","protected":false},"excerpt":{"rendered":"<ul>\n<li>Longueur du moteur : 150 mm-193 mm<\/li>\n<li>Poids : 7 kg-12,7 kg<\/li>\n<li>Courant nominal : 9,3 A \u00e0 79,3 A, garantissant une adaptabilit\u00e9 et une efficacit\u00e9 \u00e9lev\u00e9es.<\/li>\n<li>Vitesse nominale : 2 000 tr\/min offrant un contr\u00f4le pr\u00e9cis de la vitesse et une efficacit\u00e9 pour diverses applications industrielles.<\/li>\n<\/ul>\n<p>&nbsp;<\/p>\n","protected":false},"featured_media":10865,"comment_status":"closed","ping_status":"closed","template":"","meta":{"site-sidebar-layout":"default","site-content-layout":"","ast-site-content-layout":"default","site-content-style":"default","site-sidebar-style":"default","ast-global-header-display":"","ast-banner-title-visibility":"","ast-main-header-display":"","ast-hfb-above-header-display":"","ast-hfb-below-header-display":"","ast-hfb-mobile-header-display":"","site-post-title":"","ast-breadcrumbs-content":"","ast-featured-img":"","footer-sml-layout":"","theme-transparent-header-meta":"default","adv-header-id-meta":"","stick-header-meta":"","header-above-stick-meta":"","header-main-stick-meta":"","header-below-stick-meta":"","astra-migrate-meta-layouts":"default","ast-page-background-enabled":"default","ast-page-background-meta":{"desktop":{"background-color":"var(--ast-global-color-4)","background-image":"","background-repeat":"repeat","background-position":"center center","background-size":"auto","background-attachment":"scroll","background-type":"","background-media":"","overlay-type":"","overlay-color":"","overlay-opacity":"","overlay-gradient":""},"tablet":{"background-color":"","background-image":"","background-repeat":"repeat","background-position":"center center","background-size":"auto","background-attachment":"scroll","background-type":"","background-media":"","overlay-type":"","overlay-color":"","overlay-opacity":"","overlay-gradient":""},"mobile":{"background-color":"","background-image":"","background-repeat":"repeat","background-position":"center center","background-size":"auto","background-attachment":"scroll","background-type":"","background-media":"","overlay-type":"","overlay-color":"","overlay-opacity":"","overlay-gradient":""}},"ast-content-background-meta":{"desktop":{"background-color":"var(--ast-global-color-5)","background-image":"","background-repeat":"repeat","background-position":"center center","background-size":"auto","background-attachment":"scroll","background-type":"","background-media":"","overlay-type":"","overlay-color":"","overlay-opacity":"","overlay-gradient":""},"tablet":{"background-color":"var(--ast-global-color-5)","background-image":"","background-repeat":"repeat","background-position":"center center","background-size":"auto","background-attachment":"scroll","background-type":"","background-media":"","overlay-type":"","overlay-color":"","overlay-opacity":"","overlay-gradient":""},"mobile":{"background-color":"var(--ast-global-color-5)","background-image":"","background-repeat":"repeat","background-position":"center center","background-size":"auto","background-attachment":"scroll","background-type":"","background-media":"","overlay-type":"","overlay-color":"","overlay-opacity":"","overlay-gradient":""}}},"product_brand":[],"product_cat":[101,163,164],"product_tag":[],"class_list":{"0":"post-10874","1":"product","2":"type-product","3":"status-publish","4":"has-post-thumbnail","6":"product_cat-moteur","7":"product_cat-servomoteur","8":"product_cat-servomoteur-cc","9":"desktop-align-left","10":"tablet-align-left","11":"mobile-align-left","13":"first","14":"instock","15":"shipping-taxable","16":"product-type-simple"},"_links":{"self":[{"href":"https:\/\/www.gian-transmission.com\/fr\/wp-json\/wp\/v2\/product\/10874"}],"collection":[{"href":"https:\/\/www.gian-transmission.com\/fr\/wp-json\/wp\/v2\/product"}],"about":[{"href":"https:\/\/www.gian-transmission.com\/fr\/wp-json\/wp\/v2\/types\/product"}],"replies":[{"embeddable":true,"href":"https:\/\/www.gian-transmission.com\/fr\/wp-json\/wp\/v2\/comments?post=10874"}],"wp:featuredmedia":[{"embeddable":true,"href":"https:\/\/www.gian-transmission.com\/fr\/wp-json\/wp\/v2\/media\/10865"}],"wp:attachment":[{"href":"https:\/\/www.gian-transmission.com\/fr\/wp-json\/wp\/v2\/media?parent=10874"}],"wp:term":[{"taxonomy":"product_brand","embeddable":true,"href":"https:\/\/www.gian-transmission.com\/fr\/wp-json\/wp\/v2\/product_brand?post=10874"},{"taxonomy":"product_cat","embeddable":true,"href":"https:\/\/www.gian-transmission.com\/fr\/wp-json\/wp\/v2\/product_cat?post=10874"},{"taxonomy":"product_tag","embeddable":true,"href":"https:\/\/www.gian-transmission.com\/fr\/wp-json\/wp\/v2\/product_tag?post=10874"}],"curies":[{"name":"wp","href":"https:\/\/api.w.org\/{rel}","templated":true}]}}