{"id":7013,"date":"2024-10-10T17:37:20","date_gmt":"2024-10-10T09:37:20","guid":{"rendered":"https:\/\/www.gian-transmission.com\/gian-dm5-422-driver-motor-paso-a-paso-sep-sitename\/"},"modified":"2024-12-16T11:12:45","modified_gmt":"2024-12-16T03:12:45","slug":"gian-dm5-422-driver-motor-paso-a-paso-sep-sitename","status":"publish","type":"product","link":"https:\/\/www.gian-transmission.com\/es\/gian-dm5-422-driver-motor-paso-a-paso\/","title":{"rendered":"Gian DM5-422 Controlador de motor paso a paso %%sep%% %%sitename%%"},"content":{"rendered":"<h2><span class=\"ez-toc-section\" id=\"Parametros_de_rendimiento_electrico\"><\/span>Par\u00e1metros de rendimiento el\u00e9ctrico<span class=\"ez-toc-section-end\"><\/span><\/h2>\n<table>\n<tbody>\n<tr>\n<td>Modelo<\/td>\n<td>Corriente de Salida<\/td>\n<td>Voltaje de la fuente de alimentaci\u00f3n de entrada<\/td>\n<td>Corriente de entrada de la se\u00f1al de control<\/td>\n<td>Frecuencia de pulso escalonado<\/td>\n<td>Resistencia de aislamiento<\/td>\n<\/tr>\n<tr>\n<td>DM5-422<\/td>\n<td>1.0-4.2A<\/td>\n<td>8-24V CC<\/td>\n<td>7-16mA<\/td>\n<td>0-200KHz<\/td>\n<td>500M\u03a9<\/td>\n<\/tr>\n<\/tbody>\n<\/table>\n<h2><span class=\"ez-toc-section\" id=\"Uso_de_parametros_ambientales\"><\/span>Uso de par\u00e1metros ambientales<span class=\"ez-toc-section-end\"><\/span><\/h2>\n<table>\n<tbody>\n<tr>\n<td>Modelo<\/td>\n<td>Temperatura<\/td>\n<td>Humedad<\/td>\n<td>Vibrar<\/td>\n<td>Temperatura de Almacenamiento<\/td>\n<td>Peso<\/td>\n<\/tr>\n<tr>\n<td>DM5-422<\/td>\n<td>0-50\u2103<\/td>\n<td>40-90%RH<\/td>\n<td>10~55Hz<br \/>\n\/0,15mm<\/td>\n<td>-20\u2103\u223d65\u2103<\/td>\n<td>190g<\/td>\n<\/tr>\n<\/tbody>\n<\/table>\n<h2><span class=\"ez-toc-section\" id=\"Dimensiones_Mecanicas_mm\"><\/span>Dimensiones Mec\u00e1nicas: mm<span class=\"ez-toc-section-end\"><\/span><\/h2>\n<p><img fetchpriority=\"high\" decoding=\"async\" class=\"alignnone size-full wp-image-5680\" src=\"https:\/\/www.gian-transmission.com\/wp-content\/uploads\/2024\/10\/DM5-422-for-mechanical-dimensions.jpg\" alt=\"DM5-422 para dimensiones mec\u00e1nicas\" width=\"1200\" height=\"400\" srcset=\"https:\/\/www.gian-transmission.com\/wp-content\/uploads\/2024\/10\/DM5-422-for-mechanical-dimensions.jpg 1200w, https:\/\/www.gian-transmission.com\/wp-content\/uploads\/2024\/10\/DM5-422-for-mechanical-dimensions-300x100.jpg 300w, https:\/\/www.gian-transmission.com\/wp-content\/uploads\/2024\/10\/DM5-422-for-mechanical-dimensions-1024x341.jpg 1024w, https:\/\/www.gian-transmission.com\/wp-content\/uploads\/2024\/10\/DM5-422-for-mechanical-dimensions-768x256.jpg 768w, https:\/\/www.gian-transmission.com\/wp-content\/uploads\/2024\/10\/DM5-422-for-mechanical-dimensions-600x200.jpg 600w\" sizes=\"(max-width: 1200px) 100vw, 1200px\" \/><\/p>\n","protected":false},"excerpt":{"rendered":"<ul>\n<li>Puede controlar 5 motores paso a paso de cinco fases y 10 cables.<\/li>\n<li>Funciona de manera eficiente con 8-24 V CC y ofrece un rendimiento flexible.<\/li>\n<li>Subdivisi\u00f3n alta construida.<\/li>\n<li>La regulaci\u00f3n precisa de la corriente reduce significativamente el calentamiento del motor.<\/li>\n<li>En estado estacionario la corriente se reduce autom\u00e1ticamente a la mitad.<\/li>\n<li>Una entrada de se\u00f1al diferencial que est\u00e1 aislada \u00f3pticamente.<\/li>\n<li>Frecuencia de respuesta de pulsos hasta 200 kHz.<\/li>\n<li>Incluyendo cortocircuitos, sobretensi\u00f3n y muchas funciones de protecci\u00f3n.<\/li>\n<\/ul>\n<p>&nbsp;<\/p>\n","protected":false},"featured_media":6806,"comment_status":"closed","ping_status":"closed","template":"","meta":{"site-sidebar-layout":"default","site-content-layout":"","ast-site-content-layout":"default","site-content-style":"default","site-sidebar-style":"default","ast-global-header-display":"","ast-banner-title-visibility":"","ast-main-header-display":"","ast-hfb-above-header-display":"","ast-hfb-below-header-display":"","ast-hfb-mobile-header-display":"","site-post-title":"","ast-breadcrumbs-content":"","ast-featured-img":"","footer-sml-layout":"","theme-transparent-header-meta":"default","adv-header-id-meta":"","stick-header-meta":"","header-above-stick-meta":"","header-main-stick-meta":"","header-below-stick-meta":"","astra-migrate-meta-layouts":"set","ast-page-background-enabled":"default","ast-page-background-meta":{"desktop":{"background-color":"var(--ast-global-color-4)","background-image":"","background-repeat":"repeat","background-position":"center center","background-size":"auto","background-attachment":"scroll","background-type":"","background-media":"","overlay-type":"","overlay-color":"","overlay-opacity":"","overlay-gradient":""},"tablet":{"background-color":"","background-image":"","background-repeat":"repeat","background-position":"center center","background-size":"auto","background-attachment":"scroll","background-type":"","background-media":"","overlay-type":"","overlay-color":"","overlay-opacity":"","overlay-gradient":""},"mobile":{"background-color":"","background-image":"","background-repeat":"repeat","background-position":"center center","background-size":"auto","background-attachment":"scroll","background-type":"","background-media":"","overlay-type":"","overlay-color":"","overlay-opacity":"","overlay-gradient":""}},"ast-content-background-meta":{"desktop":{"background-color":"var(--ast-global-color-5)","background-image":"","background-repeat":"repeat","background-position":"center center","background-size":"auto","background-attachment":"scroll","background-type":"","background-media":"","overlay-type":"","overlay-color":"","overlay-opacity":"","overlay-gradient":""},"tablet":{"background-color":"var(--ast-global-color-5)","background-image":"","background-repeat":"repeat","background-position":"center center","background-size":"auto","background-attachment":"scroll","background-type":"","background-media":"","overlay-type":"","overlay-color":"","overlay-opacity":"","overlay-gradient":""},"mobile":{"background-color":"var(--ast-global-color-5)","background-image":"","background-repeat":"repeat","background-position":"center center","background-size":"auto","background-attachment":"scroll","background-type":"","background-media":"","overlay-type":"","overlay-color":"","overlay-opacity":"","overlay-gradient":""}}},"product_brand":[],"product_cat":[198,91],"product_tag":[],"class_list":{"0":"post-7013","1":"product","2":"type-product","3":"status-publish","4":"has-post-thumbnail","6":"product_cat-controlador-motor","7":"product_cat-driver-motor-paso-a-paso","8":"desktop-align-left","9":"tablet-align-left","10":"mobile-align-left","12":"first","13":"instock","14":"shipping-taxable","15":"product-type-simple"},"_links":{"self":[{"href":"https:\/\/www.gian-transmission.com\/es\/wp-json\/wp\/v2\/product\/7013"}],"collection":[{"href":"https:\/\/www.gian-transmission.com\/es\/wp-json\/wp\/v2\/product"}],"about":[{"href":"https:\/\/www.gian-transmission.com\/es\/wp-json\/wp\/v2\/types\/product"}],"replies":[{"embeddable":true,"href":"https:\/\/www.gian-transmission.com\/es\/wp-json\/wp\/v2\/comments?post=7013"}],"wp:featuredmedia":[{"embeddable":true,"href":"https:\/\/www.gian-transmission.com\/es\/wp-json\/wp\/v2\/media\/6806"}],"wp:attachment":[{"href":"https:\/\/www.gian-transmission.com\/es\/wp-json\/wp\/v2\/media?parent=7013"}],"wp:term":[{"taxonomy":"product_brand","embeddable":true,"href":"https:\/\/www.gian-transmission.com\/es\/wp-json\/wp\/v2\/product_brand?post=7013"},{"taxonomy":"product_cat","embeddable":true,"href":"https:\/\/www.gian-transmission.com\/es\/wp-json\/wp\/v2\/product_cat?post=7013"},{"taxonomy":"product_tag","embeddable":true,"href":"https:\/\/www.gian-transmission.com\/es\/wp-json\/wp\/v2\/product_tag?post=7013"}],"curies":[{"name":"wp","href":"https:\/\/api.w.org\/{rel}","templated":true}]}}