{"id":7012,"date":"2024-08-22T14:17:11","date_gmt":"2024-08-22T06:17:11","guid":{"rendered":"https:\/\/www.gian-transmission.com\/gian-ld2-rs3605-controlador-de-motor-sin-escobillas-10-42-a-8-24-v-cc\/"},"modified":"2024-12-13T18:20:45","modified_gmt":"2024-12-13T10:20:45","slug":"gian-ld2-rs3605-controlador-de-motor-sin-escobillas-10-42-a-8-24-v-cc","status":"publish","type":"product","link":"https:\/\/www.gian-transmission.com\/es\/gian-ld2-rs3605-controlador-de-motor-sin-escobillas\/","title":{"rendered":"Gian LD2-RS3605 Controlador de Motor CC Sin Escobillas( 1.0-4.2A, 8-24VCC)"},"content":{"rendered":"<h2><span class=\"ez-toc-section\" id=\"Parametros_de_rendimiento_electrico\"><\/span>Par\u00e1metros de rendimiento el\u00e9ctrico<span class=\"ez-toc-section-end\"><\/span><\/h2>\n<table>\n<tbody>\n<tr>\n<td>Modelo<\/td>\n<td>Corriente de salida<\/td>\n<td>Tensi\u00f3n de alimentaci\u00f3n de entrada<\/td>\n<td>Corriente de entrada de la se\u00f1al de control<\/td>\n<td>Resistencia de aislamiento<\/td>\n<\/tr>\n<tr>\n<td>LD-RS3605<\/td>\n<td>1.0-4.2A<\/td>\n<td>8-24VCC<\/td>\n<td>7-16 mA<\/td>\n<td>500M\u03a9<\/td>\n<\/tr>\n<\/tbody>\n<\/table>\n<h2><span class=\"ez-toc-section\" id=\"Uso_de_parametros_ambientales\"><\/span>Uso de par\u00e1metros ambientales<span class=\"ez-toc-section-end\"><\/span><\/h2>\n<table>\n<tbody>\n<tr>\n<td>Modelo<\/td>\n<td>Temperatura<\/td>\n<td>Humedad<\/td>\n<td>Vibrar<\/td>\n<td>Temperatura de Almacenamiento<\/td>\n<td>Peso<\/td>\n<\/tr>\n<tr>\n<td>LD-RS3605<\/td>\n<td>0-50\u2103<\/td>\n<td>40-90%RH<\/td>\n<td>10~55Hz \/0.15mm<\/td>\n<td>-20\u2103~65\u2103<\/td>\n<td>190g<\/td>\n<\/tr>\n<\/tbody>\n<\/table>\n<p>&nbsp;<\/p>\n<h2><span class=\"ez-toc-section\" id=\"Dimensiones_Mecanicas_mm\"><\/span>Dimensiones Mec\u00e1nicas: mm<span class=\"ez-toc-section-end\"><\/span><\/h2>\n<p><img fetchpriority=\"high\" decoding=\"async\" class=\"size-full wp-image-4148 aligncenter\" src=\"https:\/\/www.gian-transmission.com\/wp-content\/uploads\/2024\/08\/LD2-RS3605-for-mechanical-dimensions.jpg\" alt=\"LD2-RS3605 Para Dimensiones Mec\u00e1nicas\" width=\"1200\" height=\"400\" srcset=\"https:\/\/www.gian-transmission.com\/wp-content\/uploads\/2024\/08\/LD2-RS3605-for-mechanical-dimensions.jpg 1200w, https:\/\/www.gian-transmission.com\/wp-content\/uploads\/2024\/08\/LD2-RS3605-for-mechanical-dimensions-300x100.jpg 300w, https:\/\/www.gian-transmission.com\/wp-content\/uploads\/2024\/08\/LD2-RS3605-for-mechanical-dimensions-1024x341.jpg 1024w, https:\/\/www.gian-transmission.com\/wp-content\/uploads\/2024\/08\/LD2-RS3605-for-mechanical-dimensions-768x256.jpg 768w, https:\/\/www.gian-transmission.com\/wp-content\/uploads\/2024\/08\/LD2-RS3605-for-mechanical-dimensions-600x200.jpg 600w\" sizes=\"(max-width: 1200px) 100vw, 1200px\" \/><\/p>\n","protected":false},"excerpt":{"rendered":"<ul>\n<li>Velocidad m\u00e1xima de hasta 30.000 RPM, alto par y salida de alta velocidad (dependiendo de la velocidad del motor)<\/li>\n<li>Modo de control de velocidad para pulsos y voltaje anal\u00f3gico<\/li>\n<li>Interface for the isolation of the optocoupler<\/li>\n<li>Habilite la entrada de se\u00f1al de control y se\u00f1al de direcci\u00f3n para iniciar y detener.<\/li>\n<li>El codificador absoluto est\u00e1ndar de 17 bits admite la comunicaci\u00f3n Modbus<\/li>\n<li>Protecci\u00f3n contra exceso de velocidad, sobrecorriente, subtensi\u00f3n y sobrecalentamiento.<\/li>\n<\/ul>\n<p>&nbsp;<\/p>\n","protected":false},"featured_media":6870,"comment_status":"closed","ping_status":"closed","template":"","meta":{"site-sidebar-layout":"default","site-content-layout":"","ast-site-content-layout":"default","site-content-style":"default","site-sidebar-style":"default","ast-global-header-display":"","ast-banner-title-visibility":"","ast-main-header-display":"","ast-hfb-above-header-display":"","ast-hfb-below-header-display":"","ast-hfb-mobile-header-display":"","site-post-title":"","ast-breadcrumbs-content":"","ast-featured-img":"","footer-sml-layout":"","theme-transparent-header-meta":"default","adv-header-id-meta":"","stick-header-meta":"","header-above-stick-meta":"","header-main-stick-meta":"","header-below-stick-meta":"","astra-migrate-meta-layouts":"set","ast-page-background-enabled":"default","ast-page-background-meta":{"desktop":{"background-color":"var(--ast-global-color-4)","background-image":"","background-repeat":"repeat","background-position":"center center","background-size":"auto","background-attachment":"scroll","background-type":"","background-media":"","overlay-type":"","overlay-color":"","overlay-opacity":"","overlay-gradient":""},"tablet":{"background-color":"","background-image":"","background-repeat":"repeat","background-position":"center center","background-size":"auto","background-attachment":"scroll","background-type":"","background-media":"","overlay-type":"","overlay-color":"","overlay-opacity":"","overlay-gradient":""},"mobile":{"background-color":"","background-image":"","background-repeat":"repeat","background-position":"center center","background-size":"auto","background-attachment":"scroll","background-type":"","background-media":"","overlay-type":"","overlay-color":"","overlay-opacity":"","overlay-gradient":""}},"ast-content-background-meta":{"desktop":{"background-color":"var(--ast-global-color-5)","background-image":"","background-repeat":"repeat","background-position":"center center","background-size":"auto","background-attachment":"scroll","background-type":"","background-media":"","overlay-type":"","overlay-color":"","overlay-opacity":"","overlay-gradient":""},"tablet":{"background-color":"var(--ast-global-color-5)","background-image":"","background-repeat":"repeat","background-position":"center center","background-size":"auto","background-attachment":"scroll","background-type":"","background-media":"","overlay-type":"","overlay-color":"","overlay-opacity":"","overlay-gradient":""},"mobile":{"background-color":"var(--ast-global-color-5)","background-image":"","background-repeat":"repeat","background-position":"center center","background-size":"auto","background-attachment":"scroll","background-type":"","background-media":"","overlay-type":"","overlay-color":"","overlay-opacity":"","overlay-gradient":""}}},"product_brand":[],"product_cat":[198,197],"product_tag":[],"class_list":{"0":"post-7012","1":"product","2":"type-product","3":"status-publish","4":"has-post-thumbnail","6":"product_cat-controlador-motor","7":"product_cat-controlador-de-motor-dc-sin-escobillas","8":"desktop-align-left","9":"tablet-align-left","10":"mobile-align-left","12":"first","13":"instock","14":"shipping-taxable","15":"product-type-simple"},"_links":{"self":[{"href":"https:\/\/www.gian-transmission.com\/es\/wp-json\/wp\/v2\/product\/7012"}],"collection":[{"href":"https:\/\/www.gian-transmission.com\/es\/wp-json\/wp\/v2\/product"}],"about":[{"href":"https:\/\/www.gian-transmission.com\/es\/wp-json\/wp\/v2\/types\/product"}],"replies":[{"embeddable":true,"href":"https:\/\/www.gian-transmission.com\/es\/wp-json\/wp\/v2\/comments?post=7012"}],"wp:featuredmedia":[{"embeddable":true,"href":"https:\/\/www.gian-transmission.com\/es\/wp-json\/wp\/v2\/media\/6870"}],"wp:attachment":[{"href":"https:\/\/www.gian-transmission.com\/es\/wp-json\/wp\/v2\/media?parent=7012"}],"wp:term":[{"taxonomy":"product_brand","embeddable":true,"href":"https:\/\/www.gian-transmission.com\/es\/wp-json\/wp\/v2\/product_brand?post=7012"},{"taxonomy":"product_cat","embeddable":true,"href":"https:\/\/www.gian-transmission.com\/es\/wp-json\/wp\/v2\/product_cat?post=7012"},{"taxonomy":"product_tag","embeddable":true,"href":"https:\/\/www.gian-transmission.com\/es\/wp-json\/wp\/v2\/product_tag?post=7012"}],"curies":[{"name":"wp","href":"https:\/\/api.w.org\/{rel}","templated":true}]}}