{"id":7010,"date":"2024-10-11T10:45:52","date_gmt":"2024-10-11T02:45:52","guid":{"rendered":"https:\/\/www.gian-transmission.com\/gian-cl42-cl57-driver-motor-paso-a-paso-1-2-2-5a-8-24vcc\/"},"modified":"2024-12-16T11:08:14","modified_gmt":"2024-12-16T03:08:14","slug":"gian-cl42-cl57-driver-motor-paso-a-paso-1-2-2-5a-8-24vcc","status":"publish","type":"product","link":"https:\/\/www.gian-transmission.com\/es\/gian-cl42\/cl57-driver-motor-paso-a-paso\/","title":{"rendered":"Gian CL42\/CL57 Controlador de Motor Paso A Paso (1.2-2.5A, 8-24VCC )"},"content":{"rendered":"<h2><span class=\"ez-toc-section\" id=\"Parametros_de_rendimiento_electrico\"><\/span>Par\u00e1metros de rendimiento el\u00e9ctrico<span class=\"ez-toc-section-end\"><\/span><\/h2>\n<table>\n<tbody>\n<tr>\n<td>Modelo<\/td>\n<td>Corriente de Salida<\/td>\n<td>Voltaje de la fuente de alimentaci\u00f3n de entrada<\/td>\n<td>Corriente de entrada l\u00f3gica<\/td>\n<td>Puerto de entrada de alta velocidad<\/p>\n<p>Frecuencia de pulso<\/td>\n<td>Insulation<br \/>\nResistance<\/td>\n<\/tr>\n<tr>\n<td>CL42\/CL57<\/td>\n<td>1.2-2.5A<\/td>\n<td>8-24VCC<\/td>\n<td>7-16mA<\/td>\n<td>0-500kHz<\/td>\n<td>100M\u03a9<\/td>\n<\/tr>\n<\/tbody>\n<\/table>\n<h2><span class=\"ez-toc-section\" id=\"Uso_de_parametros_de_entorno\"><\/span>Uso de par\u00e1metros de entorno<span class=\"ez-toc-section-end\"><\/span><\/h2>\n<table width=\"926\">\n<tbody>\n<tr>\n<td width=\"136\">Modelo<\/td>\n<td width=\"145\">Temperatura<\/td>\n<td width=\"128\">Humedad<\/td>\n<td width=\"207\">Vibrar<\/td>\n<td width=\"202\">Temperatura de almacenamiento<\/td>\n<td width=\"107\">Peso<\/td>\n<\/tr>\n<tr>\n<td width=\"136\">CL42\/CL57<\/td>\n<td width=\"145\">0~50\u2103<\/td>\n<td width=\"128\">40~90%RH<\/td>\n<td width=\"207\">10~55Hz\/0.15mm<\/td>\n<td width=\"202\">-20~65\u2103<\/td>\n<td width=\"107\">190g<\/td>\n<\/tr>\n<\/tbody>\n<\/table>\n<h2><span class=\"ez-toc-section\" id=\"Dimensiones_Mecanicas_mm\"><\/span>Dimensiones Mec\u00e1nicas: mm<span class=\"ez-toc-section-end\"><\/span><\/h2>\n<p><img fetchpriority=\"high\" decoding=\"async\" class=\"alignnone size-full wp-image-5695\" src=\"https:\/\/www.gian-transmission.com\/wp-content\/uploads\/2024\/10\/CL42-CL57-for-mechanical-dimensions.jpg\" alt=\"CL42-CL57 para dimensiones mec\u00e1nicas\" width=\"1200\" height=\"400\" srcset=\"https:\/\/www.gian-transmission.com\/wp-content\/uploads\/2024\/10\/CL42-CL57-for-mechanical-dimensions.jpg 1200w, https:\/\/www.gian-transmission.com\/wp-content\/uploads\/2024\/10\/CL42-CL57-for-mechanical-dimensions-300x100.jpg 300w, https:\/\/www.gian-transmission.com\/wp-content\/uploads\/2024\/10\/CL42-CL57-for-mechanical-dimensions-1024x341.jpg 1024w, https:\/\/www.gian-transmission.com\/wp-content\/uploads\/2024\/10\/CL42-CL57-for-mechanical-dimensions-768x256.jpg 768w, https:\/\/www.gian-transmission.com\/wp-content\/uploads\/2024\/10\/CL42-CL57-for-mechanical-dimensions-600x200.jpg 600w\" sizes=\"(max-width: 1200px) 100vw, 1200px\" \/><\/p>\n<div id=\"gtx-trans\" style=\"position: absolute; left: 181px; top: 410.047px;\">\n<div class=\"gtx-trans-icon\"><\/div>\n<\/div>\n","protected":false},"excerpt":{"rendered":"<ul>\n<li>Puede controlar motores paso a paso bif\u00e1sicos de 4, 6 y 8 cables (con codificador de posici\u00f3n).<\/li>\n<li>Garantiza un rendimiento eficiente con corriente de salida ajustable entre 1,2 y 2,5 A.<\/li>\n<li>Subdivisi\u00f3n alta integrada.<\/li>\n<li>El calentamiento del motor se reduce significativamente gracias a la regulaci\u00f3n precisa de la corriente.<\/li>\n<li>En estado parado, la corriente se corta autom\u00e1ticamente a la mitad.<\/li>\n<li>Entrada para una se\u00f1al diferencial que est\u00e1 aislada \u00f3pticamente.<\/li>\n<li>Frecuencia de respuesta de pulso hasta 200 KHz.<\/li>\n<li>Cortocircuito, sobretensi\u00f3n y funciones de protecci\u00f3n adicionales.<\/li>\n<\/ul>\n","protected":false},"featured_media":6812,"comment_status":"closed","ping_status":"closed","template":"","meta":{"site-sidebar-layout":"default","site-content-layout":"","ast-site-content-layout":"default","site-content-style":"default","site-sidebar-style":"default","ast-global-header-display":"","ast-banner-title-visibility":"","ast-main-header-display":"","ast-hfb-above-header-display":"","ast-hfb-below-header-display":"","ast-hfb-mobile-header-display":"","site-post-title":"","ast-breadcrumbs-content":"","ast-featured-img":"","footer-sml-layout":"","theme-transparent-header-meta":"default","adv-header-id-meta":"","stick-header-meta":"","header-above-stick-meta":"","header-main-stick-meta":"","header-below-stick-meta":"","astra-migrate-meta-layouts":"set","ast-page-background-enabled":"default","ast-page-background-meta":{"desktop":{"background-color":"var(--ast-global-color-4)","background-image":"","background-repeat":"repeat","background-position":"center center","background-size":"auto","background-attachment":"scroll","background-type":"","background-media":"","overlay-type":"","overlay-color":"","overlay-opacity":"","overlay-gradient":""},"tablet":{"background-color":"","background-image":"","background-repeat":"repeat","background-position":"center center","background-size":"auto","background-attachment":"scroll","background-type":"","background-media":"","overlay-type":"","overlay-color":"","overlay-opacity":"","overlay-gradient":""},"mobile":{"background-color":"","background-image":"","background-repeat":"repeat","background-position":"center center","background-size":"auto","background-attachment":"scroll","background-type":"","background-media":"","overlay-type":"","overlay-color":"","overlay-opacity":"","overlay-gradient":""}},"ast-content-background-meta":{"desktop":{"background-color":"var(--ast-global-color-5)","background-image":"","background-repeat":"repeat","background-position":"center center","background-size":"auto","background-attachment":"scroll","background-type":"","background-media":"","overlay-type":"","overlay-color":"","overlay-opacity":"","overlay-gradient":""},"tablet":{"background-color":"var(--ast-global-color-5)","background-image":"","background-repeat":"repeat","background-position":"center center","background-size":"auto","background-attachment":"scroll","background-type":"","background-media":"","overlay-type":"","overlay-color":"","overlay-opacity":"","overlay-gradient":""},"mobile":{"background-color":"var(--ast-global-color-5)","background-image":"","background-repeat":"repeat","background-position":"center center","background-size":"auto","background-attachment":"scroll","background-type":"","background-media":"","overlay-type":"","overlay-color":"","overlay-opacity":"","overlay-gradient":""}}},"product_brand":[],"product_cat":[198,91],"product_tag":[],"class_list":{"0":"post-7010","1":"product","2":"type-product","3":"status-publish","4":"has-post-thumbnail","6":"product_cat-controlador-motor","7":"product_cat-driver-motor-paso-a-paso","8":"desktop-align-left","9":"tablet-align-left","10":"mobile-align-left","12":"first","13":"instock","14":"shipping-taxable","15":"product-type-simple"},"_links":{"self":[{"href":"https:\/\/www.gian-transmission.com\/es\/wp-json\/wp\/v2\/product\/7010"}],"collection":[{"href":"https:\/\/www.gian-transmission.com\/es\/wp-json\/wp\/v2\/product"}],"about":[{"href":"https:\/\/www.gian-transmission.com\/es\/wp-json\/wp\/v2\/types\/product"}],"replies":[{"embeddable":true,"href":"https:\/\/www.gian-transmission.com\/es\/wp-json\/wp\/v2\/comments?post=7010"}],"wp:featuredmedia":[{"embeddable":true,"href":"https:\/\/www.gian-transmission.com\/es\/wp-json\/wp\/v2\/media\/6812"}],"wp:attachment":[{"href":"https:\/\/www.gian-transmission.com\/es\/wp-json\/wp\/v2\/media?parent=7010"}],"wp:term":[{"taxonomy":"product_brand","embeddable":true,"href":"https:\/\/www.gian-transmission.com\/es\/wp-json\/wp\/v2\/product_brand?post=7010"},{"taxonomy":"product_cat","embeddable":true,"href":"https:\/\/www.gian-transmission.com\/es\/wp-json\/wp\/v2\/product_cat?post=7010"},{"taxonomy":"product_tag","embeddable":true,"href":"https:\/\/www.gian-transmission.com\/es\/wp-json\/wp\/v2\/product_tag?post=7010"}],"curies":[{"name":"wp","href":"https:\/\/api.w.org\/{rel}","templated":true}]}}