{"id":6989,"date":"2024-10-14T15:29:08","date_gmt":"2024-10-14T07:29:08","guid":{"rendered":"https:\/\/www.gian-transmission.com\/gian-bldc1220-sin-nucleo-24v-700%c2%b110rpm\/"},"modified":"2024-10-25T09:05:05","modified_gmt":"2024-10-25T01:05:05","slug":"gian-bldc1220-sin-nucleo-24v-700%c2%b110rpm","status":"publish","type":"product","link":"https:\/\/www.gian-transmission.com\/es\/gian-bldc1220-motor-de-cc-sin-escobillas-y-sin-nucleo\/","title":{"rendered":"Gian BLDC1220 (Sin n\u00facleo, 24V, 700\u00b110%RPM)"},"content":{"rendered":"<h2><span class=\"ez-toc-section\" id=\"Parametros_de_Rendimiento\"><\/span>Par\u00e1metros de Rendimiento<span class=\"ez-toc-section-end\"><\/span><\/h2>\n<table>\n<tbody>\n<tr>\n<td width=\"72\">Modelo<\/td>\n<td width=\"104\">Voltaje de Trabajo<\/td>\n<td width=\"100\">Velocidad de Carga<\/td>\n<td width=\"93\">Momento de Carga<\/td>\n<td width=\"86\">Corriente de Carga<\/td>\n<td width=\"101\">Relaci\u00f3n de Reducci\u00f3n<\/td>\n<\/tr>\n<tr>\n<td width=\"72\">BLDC1220<\/td>\n<td width=\"104\">24V<\/td>\n<td width=\"100\">700\u00b110%RPM<\/td>\n<td width=\"93\">\u2265250g\u00b7cm<\/td>\n<td width=\"86\">\u2264600mA<\/td>\n<td width=\"101\">1:25<\/td>\n<\/tr>\n<\/tbody>\n<\/table>\n<h2><span class=\"ez-toc-section\" id=\"Dimensiones_Mecanicas_mm\"><\/span>Dimensiones Mec\u00e1nicas: mm<span class=\"ez-toc-section-end\"><\/span><\/h2>\n<p><img fetchpriority=\"high\" decoding=\"async\" class=\"size-full wp-image-5785 aligncenter\" src=\"https:\/\/www.gian-transmission.com\/wp-content\/uploads\/2024\/10\/BLDC1220-Coreless-DC-Brushless-Motor-for-Mechanical-dimensions.png\" alt=\"Motor de CC sin escobillas y sin n\u00facleo BLDC1220 para dimensiones mec\u00e1nicas\" width=\"1200\" height=\"500\" srcset=\"https:\/\/www.gian-transmission.com\/wp-content\/uploads\/2024\/10\/BLDC1220-Coreless-DC-Brushless-Motor-for-Mechanical-dimensions.png 1200w, https:\/\/www.gian-transmission.com\/wp-content\/uploads\/2024\/10\/BLDC1220-Coreless-DC-Brushless-Motor-for-Mechanical-dimensions-300x125.png 300w, https:\/\/www.gian-transmission.com\/wp-content\/uploads\/2024\/10\/BLDC1220-Coreless-DC-Brushless-Motor-for-Mechanical-dimensions-1024x427.png 1024w, https:\/\/www.gian-transmission.com\/wp-content\/uploads\/2024\/10\/BLDC1220-Coreless-DC-Brushless-Motor-for-Mechanical-dimensions-768x320.png 768w, https:\/\/www.gian-transmission.com\/wp-content\/uploads\/2024\/10\/BLDC1220-Coreless-DC-Brushless-Motor-for-Mechanical-dimensions-600x250.png 600w\" sizes=\"(max-width: 1200px) 100vw, 1200px\" \/><\/p>\n","protected":false},"excerpt":{"rendered":"<ul>\n<li><strong>Voltaje de Trabajo:<\/strong> Funciona a 24 V, ofreciendo alta eficiencia, m\u00ednimo ruido y dise\u00f1o liviano para tareas de precisi\u00f3n.<\/li>\n<li><strong>Velocidad de Carga:<\/strong> 700 \u00b1 10% RPM, lo que garantiza un rendimiento confiable y un funcionamiento suave en aplicaciones de precisi\u00f3n.<\/li>\n<li><strong>Aplicaciones T\u00edpicas:<\/strong> Motor de mano \u00e1gil.<\/li>\n<\/ul>\n","protected":false},"featured_media":6853,"comment_status":"closed","ping_status":"closed","template":"","meta":{"site-sidebar-layout":"default","site-content-layout":"","ast-site-content-layout":"default","site-content-style":"default","site-sidebar-style":"default","ast-global-header-display":"","ast-banner-title-visibility":"","ast-main-header-display":"","ast-hfb-above-header-display":"","ast-hfb-below-header-display":"","ast-hfb-mobile-header-display":"","site-post-title":"","ast-breadcrumbs-content":"","ast-featured-img":"","footer-sml-layout":"","theme-transparent-header-meta":"default","adv-header-id-meta":"","stick-header-meta":"","header-above-stick-meta":"","header-main-stick-meta":"","header-below-stick-meta":"","astra-migrate-meta-layouts":"set","ast-page-background-enabled":"default","ast-page-background-meta":{"desktop":{"background-color":"var(--ast-global-color-4)","background-image":"","background-repeat":"repeat","background-position":"center center","background-size":"auto","background-attachment":"scroll","background-type":"","background-media":"","overlay-type":"","overlay-color":"","overlay-opacity":"","overlay-gradient":""},"tablet":{"background-color":"","background-image":"","background-repeat":"repeat","background-position":"center center","background-size":"auto","background-attachment":"scroll","background-type":"","background-media":"","overlay-type":"","overlay-color":"","overlay-opacity":"","overlay-gradient":""},"mobile":{"background-color":"","background-image":"","background-repeat":"repeat","background-position":"center center","background-size":"auto","background-attachment":"scroll","background-type":"","background-media":"","overlay-type":"","overlay-color":"","overlay-opacity":"","overlay-gradient":""}},"ast-content-background-meta":{"desktop":{"background-color":"var(--ast-global-color-5)","background-image":"","background-repeat":"repeat","background-position":"center center","background-size":"auto","background-attachment":"scroll","background-type":"","background-media":"","overlay-type":"","overlay-color":"","overlay-opacity":"","overlay-gradient":""},"tablet":{"background-color":"var(--ast-global-color-5)","background-image":"","background-repeat":"repeat","background-position":"center center","background-size":"auto","background-attachment":"scroll","background-type":"","background-media":"","overlay-type":"","overlay-color":"","overlay-opacity":"","overlay-gradient":""},"mobile":{"background-color":"var(--ast-global-color-5)","background-image":"","background-repeat":"repeat","background-position":"center center","background-size":"auto","background-attachment":"scroll","background-type":"","background-media":"","overlay-type":"","overlay-color":"","overlay-opacity":"","overlay-gradient":""}}},"product_brand":[],"product_cat":[75,86],"product_tag":[],"class_list":{"0":"post-6989","1":"product","2":"type-product","3":"status-publish","4":"has-post-thumbnail","6":"product_cat-motor","7":"product_cat-motor-de-cc-sin-escobillas-y-sin-nucleo","8":"desktop-align-left","9":"tablet-align-left","10":"mobile-align-left","12":"first","13":"instock","14":"shipping-taxable","15":"product-type-simple"},"_links":{"self":[{"href":"https:\/\/www.gian-transmission.com\/es\/wp-json\/wp\/v2\/product\/6989"}],"collection":[{"href":"https:\/\/www.gian-transmission.com\/es\/wp-json\/wp\/v2\/product"}],"about":[{"href":"https:\/\/www.gian-transmission.com\/es\/wp-json\/wp\/v2\/types\/product"}],"replies":[{"embeddable":true,"href":"https:\/\/www.gian-transmission.com\/es\/wp-json\/wp\/v2\/comments?post=6989"}],"wp:featuredmedia":[{"embeddable":true,"href":"https:\/\/www.gian-transmission.com\/es\/wp-json\/wp\/v2\/media\/6853"}],"wp:attachment":[{"href":"https:\/\/www.gian-transmission.com\/es\/wp-json\/wp\/v2\/media?parent=6989"}],"wp:term":[{"taxonomy":"product_brand","embeddable":true,"href":"https:\/\/www.gian-transmission.com\/es\/wp-json\/wp\/v2\/product_brand?post=6989"},{"taxonomy":"product_cat","embeddable":true,"href":"https:\/\/www.gian-transmission.com\/es\/wp-json\/wp\/v2\/product_cat?post=6989"},{"taxonomy":"product_tag","embeddable":true,"href":"https:\/\/www.gian-transmission.com\/es\/wp-json\/wp\/v2\/product_tag?post=6989"}],"curies":[{"name":"wp","href":"https:\/\/api.w.org\/{rel}","templated":true}]}}