{"id":6972,"date":"2024-10-12T17:09:18","date_gmt":"2024-10-12T09:09:18","guid":{"rendered":"https:\/\/www.gian-transmission.com\/gian-bldc3025-outrunner-12v-100%c2%b112rpm\/"},"modified":"2024-10-24T15:26:45","modified_gmt":"2024-10-24T07:26:45","slug":"gian-bldc3025-outrunner-12v-100%c2%b112rpm","status":"publish","type":"product","link":"https:\/\/www.gian-transmission.com\/es\/gian-bldc3025-motor-cc-sin-escobillas-outrunner\/","title":{"rendered":"Gian BLDC3025 (Outrunner, 12V, 100\u00b112%RPM)"},"content":{"rendered":"<h2><span class=\"ez-toc-section\" id=\"Parametros_de_Rendimiento\"><\/span>Par\u00e1metros de Rendimiento<span class=\"ez-toc-section-end\"><\/span><\/h2>\n<table>\n<tbody>\n<tr>\n<td width=\"90\">Modelo<\/td>\n<td width=\"79\">Voltaje Nominal<\/td>\n<td width=\"75\">Carga Nominal<\/td>\n<td width=\"74\">Corriente Nominal<\/td>\n<td width=\"89\">Velocidad Nominal<\/td>\n<td width=\"80\">Vibraci\u00f3n del Motor<\/td>\n<\/tr>\n<tr>\n<td width=\"90\">BLDC3025<\/td>\n<td width=\"79\">12V<\/td>\n<td width=\"75\">180g.cm<\/td>\n<td width=\"74\">0,35 A m\u00e1x.<\/td>\n<td width=\"89\">100\u00b112%RPM<\/td>\n<td width=\"80\">\u22641.2mm\/s<\/td>\n<\/tr>\n<\/tbody>\n<\/table>\n<h2><span class=\"ez-toc-section\" id=\"Dimensiones_Mecanicas_mm\"><\/span>Dimensiones Mec\u00e1nicas: mm<span class=\"ez-toc-section-end\"><\/span><\/h2>\n<p><img fetchpriority=\"high\" decoding=\"async\" class=\"alignnone size-full wp-image-5738\" src=\"https:\/\/www.gian-transmission.com\/wp-content\/uploads\/2024\/10\/BLDC3025-1.jpg\" alt=\"Dimensiones mec\u00e1nicas del modelo BLDC3025\" width=\"1200\" height=\"600\" srcset=\"https:\/\/www.gian-transmission.com\/wp-content\/uploads\/2024\/10\/BLDC3025-1.jpg 1200w, https:\/\/www.gian-transmission.com\/wp-content\/uploads\/2024\/10\/BLDC3025-1-300x150.jpg 300w, https:\/\/www.gian-transmission.com\/wp-content\/uploads\/2024\/10\/BLDC3025-1-1024x512.jpg 1024w, https:\/\/www.gian-transmission.com\/wp-content\/uploads\/2024\/10\/BLDC3025-1-768x384.jpg 768w, https:\/\/www.gian-transmission.com\/wp-content\/uploads\/2024\/10\/BLDC3025-1-600x300.jpg 600w\" sizes=\"(max-width: 1200px) 100vw, 1200px\" \/><\/p>\n","protected":false},"excerpt":{"rendered":"<ul>\n<li><strong>Vibraci\u00f3n del motor:<\/strong> La vibraci\u00f3n \u22641,2 mm\/s garantiza un funcionamiento m\u00e1s suave y reduce el estr\u00e9s mec\u00e1nico.<\/li>\n<li><strong>Corriente nominal:<\/strong> Con una corriente nominal m\u00e1xima de 0,35 A, ofrece eficiencia energ\u00e9tica y bajo consumo de energ\u00eda.<\/li>\n<li><strong>Aplicaci\u00f3n t\u00edpica:<\/strong> Motor DC sin escobillas para aspiradoras rob\u00f3ticas.<\/li>\n<\/ul>\n<p>&nbsp;<\/p>\n","protected":false},"featured_media":6830,"comment_status":"closed","ping_status":"closed","template":"","meta":{"site-sidebar-layout":"default","site-content-layout":"","ast-site-content-layout":"default","site-content-style":"default","site-sidebar-style":"default","ast-global-header-display":"","ast-banner-title-visibility":"","ast-main-header-display":"","ast-hfb-above-header-display":"","ast-hfb-below-header-display":"","ast-hfb-mobile-header-display":"","site-post-title":"","ast-breadcrumbs-content":"","ast-featured-img":"","footer-sml-layout":"","theme-transparent-header-meta":"default","adv-header-id-meta":"","stick-header-meta":"","header-above-stick-meta":"","header-main-stick-meta":"","header-below-stick-meta":"","astra-migrate-meta-layouts":"set","ast-page-background-enabled":"default","ast-page-background-meta":{"desktop":{"background-color":"var(--ast-global-color-4)","background-image":"","background-repeat":"repeat","background-position":"center center","background-size":"auto","background-attachment":"scroll","background-type":"","background-media":"","overlay-type":"","overlay-color":"","overlay-opacity":"","overlay-gradient":""},"tablet":{"background-color":"","background-image":"","background-repeat":"repeat","background-position":"center center","background-size":"auto","background-attachment":"scroll","background-type":"","background-media":"","overlay-type":"","overlay-color":"","overlay-opacity":"","overlay-gradient":""},"mobile":{"background-color":"","background-image":"","background-repeat":"repeat","background-position":"center center","background-size":"auto","background-attachment":"scroll","background-type":"","background-media":"","overlay-type":"","overlay-color":"","overlay-opacity":"","overlay-gradient":""}},"ast-content-background-meta":{"desktop":{"background-color":"var(--ast-global-color-5)","background-image":"","background-repeat":"repeat","background-position":"center center","background-size":"auto","background-attachment":"scroll","background-type":"","background-media":"","overlay-type":"","overlay-color":"","overlay-opacity":"","overlay-gradient":""},"tablet":{"background-color":"var(--ast-global-color-5)","background-image":"","background-repeat":"repeat","background-position":"center center","background-size":"auto","background-attachment":"scroll","background-type":"","background-media":"","overlay-type":"","overlay-color":"","overlay-opacity":"","overlay-gradient":""},"mobile":{"background-color":"var(--ast-global-color-5)","background-image":"","background-repeat":"repeat","background-position":"center center","background-size":"auto","background-attachment":"scroll","background-type":"","background-media":"","overlay-type":"","overlay-color":"","overlay-opacity":"","overlay-gradient":""}}},"product_brand":[],"product_cat":[75,80,84],"product_tag":[],"class_list":{"0":"post-6972","1":"product","2":"type-product","3":"status-publish","4":"has-post-thumbnail","6":"product_cat-motor","7":"product_cat-motor-cc-sin-escobillas","8":"product_cat-motor-cc-sin-escobillas-outrunner","9":"desktop-align-left","10":"tablet-align-left","11":"mobile-align-left","13":"first","14":"instock","15":"shipping-taxable","16":"product-type-simple"},"_links":{"self":[{"href":"https:\/\/www.gian-transmission.com\/es\/wp-json\/wp\/v2\/product\/6972"}],"collection":[{"href":"https:\/\/www.gian-transmission.com\/es\/wp-json\/wp\/v2\/product"}],"about":[{"href":"https:\/\/www.gian-transmission.com\/es\/wp-json\/wp\/v2\/types\/product"}],"replies":[{"embeddable":true,"href":"https:\/\/www.gian-transmission.com\/es\/wp-json\/wp\/v2\/comments?post=6972"}],"wp:featuredmedia":[{"embeddable":true,"href":"https:\/\/www.gian-transmission.com\/es\/wp-json\/wp\/v2\/media\/6830"}],"wp:attachment":[{"href":"https:\/\/www.gian-transmission.com\/es\/wp-json\/wp\/v2\/media?parent=6972"}],"wp:term":[{"taxonomy":"product_brand","embeddable":true,"href":"https:\/\/www.gian-transmission.com\/es\/wp-json\/wp\/v2\/product_brand?post=6972"},{"taxonomy":"product_cat","embeddable":true,"href":"https:\/\/www.gian-transmission.com\/es\/wp-json\/wp\/v2\/product_cat?post=6972"},{"taxonomy":"product_tag","embeddable":true,"href":"https:\/\/www.gian-transmission.com\/es\/wp-json\/wp\/v2\/product_tag?post=6972"}],"curies":[{"name":"wp","href":"https:\/\/api.w.org\/{rel}","templated":true}]}}