{"id":6948,"date":"2024-10-14T15:57:35","date_gmt":"2024-10-14T07:57:35","guid":{"rendered":"https:\/\/www.gian-transmission.com\/gian-tr014-p01-motor-paso-a-paso-de-iman-permanente-5v-165rpm-18\/"},"modified":"2024-10-24T16:38:09","modified_gmt":"2024-10-24T08:38:09","slug":"gian-tr014-p01-motor-paso-a-paso-de-iman-permanente-5v-165rpm-18","status":"publish","type":"product","link":"https:\/\/www.gian-transmission.com\/es\/gian-tr014-p01-motor-paso-a-paso-de-iman-permanente\/","title":{"rendered":"Gian TR014-P01 (Motor Paso A Paso de Iman Permanente, 5V, 165RPM, 18\u00b0)"},"content":{"rendered":"<h2><span class=\"ez-toc-section\" id=\"Parametros_de_Rendimiento\"><\/span>Par\u00e1metros de Rendimiento<span class=\"ez-toc-section-end\"><\/span><\/h2>\n<table>\n<tbody>\n<tr>\n<td>Modelo<\/td>\n<td>Voltaje nominal<\/td>\n<td>Velocidad Nominal<\/td>\n<td>Relaci\u00f3n de Reducci\u00f3n<\/td>\n<td>\u00c1ngulo de paso<\/td>\n<td>Frecuencia de tracci\u00f3n<\/td>\n<\/tr>\n<tr>\n<td rowspan=\"3\">TR014-P01<\/td>\n<td>5V<\/td>\n<td>165RPM<\/td>\n<td>20<\/td>\n<td>18\u00b0<\/td>\n<td>1100 p\u00e1ginas por segundo<\/td>\n<\/tr>\n<tr>\n<td>Corriente nominal<\/td>\n<td>itinerario<\/td>\n<td colspan=\"2\">Tiempo de viaje \u00fanico<\/td>\n<td>Ruido<\/td>\n<\/tr>\n<tr>\n<td>\u22640,45 A<\/td>\n<td>31,5 mm<\/td>\n<td colspan=\"2\">3.18S42 dB<\/td>\n<td>(30 cm) (A) M\u00c1XIMO<\/td>\n<\/tr>\n<\/tbody>\n<\/table>\n<h2><span class=\"ez-toc-section\" id=\"Dimensiones_Mecanicas_mm\"><\/span>Dimensiones Mec\u00e1nicas: mm<span class=\"ez-toc-section-end\"><\/span><\/h2>\n<p><img fetchpriority=\"high\" decoding=\"async\" class=\"alignnone size-full wp-image-5801\" src=\"https:\/\/www.gian-transmission.com\/wp-content\/uploads\/2024\/10\/TR014-P01-1.jpg\" alt=\"TR014-P01 motor paso a paso de iman permanente\" width=\"1200\" height=\"600\" srcset=\"https:\/\/www.gian-transmission.com\/wp-content\/uploads\/2024\/10\/TR014-P01-1.jpg 1200w, https:\/\/www.gian-transmission.com\/wp-content\/uploads\/2024\/10\/TR014-P01-1-300x150.jpg 300w, https:\/\/www.gian-transmission.com\/wp-content\/uploads\/2024\/10\/TR014-P01-1-1024x512.jpg 1024w, https:\/\/www.gian-transmission.com\/wp-content\/uploads\/2024\/10\/TR014-P01-1-768x384.jpg 768w, https:\/\/www.gian-transmission.com\/wp-content\/uploads\/2024\/10\/TR014-P01-1-600x300.jpg 600w\" sizes=\"(max-width: 1200px) 100vw, 1200px\" \/><\/p>\n","protected":false},"excerpt":{"rendered":"<ul>\n<li><strong>itinerario:<\/strong> El itinerario de 31,5 mm permite un posicionamiento preciso y un control de movimiento lineal suave.<\/li>\n<li><strong>Tiempo de viaje \u00fanico: <\/strong>El tiempo de viaje \u00fanico de 3,18 s ofrece una ejecuci\u00f3n de movimiento eficiente, controlada y precisa.<\/li>\n<li><strong>Aplicaci\u00f3n T\u00edpica:<\/strong> Elevaci\u00f3n de c\u00e1mara de televisi\u00f3n<\/li>\n<\/ul>\n","protected":false},"featured_media":6858,"comment_status":"closed","ping_status":"closed","template":"","meta":{"site-sidebar-layout":"default","site-content-layout":"","ast-site-content-layout":"default","site-content-style":"default","site-sidebar-style":"default","ast-global-header-display":"","ast-banner-title-visibility":"","ast-main-header-display":"","ast-hfb-above-header-display":"","ast-hfb-below-header-display":"","ast-hfb-mobile-header-display":"","site-post-title":"","ast-breadcrumbs-content":"","ast-featured-img":"","footer-sml-layout":"","theme-transparent-header-meta":"default","adv-header-id-meta":"","stick-header-meta":"","header-above-stick-meta":"","header-main-stick-meta":"","header-below-stick-meta":"","astra-migrate-meta-layouts":"set","ast-page-background-enabled":"default","ast-page-background-meta":{"desktop":{"background-color":"var(--ast-global-color-4)","background-image":"","background-repeat":"repeat","background-position":"center center","background-size":"auto","background-attachment":"scroll","background-type":"","background-media":"","overlay-type":"","overlay-color":"","overlay-opacity":"","overlay-gradient":""},"tablet":{"background-color":"","background-image":"","background-repeat":"repeat","background-position":"center center","background-size":"auto","background-attachment":"scroll","background-type":"","background-media":"","overlay-type":"","overlay-color":"","overlay-opacity":"","overlay-gradient":""},"mobile":{"background-color":"","background-image":"","background-repeat":"repeat","background-position":"center center","background-size":"auto","background-attachment":"scroll","background-type":"","background-media":"","overlay-type":"","overlay-color":"","overlay-opacity":"","overlay-gradient":""}},"ast-content-background-meta":{"desktop":{"background-color":"var(--ast-global-color-5)","background-image":"","background-repeat":"repeat","background-position":"center center","background-size":"auto","background-attachment":"scroll","background-type":"","background-media":"","overlay-type":"","overlay-color":"","overlay-opacity":"","overlay-gradient":""},"tablet":{"background-color":"var(--ast-global-color-5)","background-image":"","background-repeat":"repeat","background-position":"center center","background-size":"auto","background-attachment":"scroll","background-type":"","background-media":"","overlay-type":"","overlay-color":"","overlay-opacity":"","overlay-gradient":""},"mobile":{"background-color":"var(--ast-global-color-5)","background-image":"","background-repeat":"repeat","background-position":"center center","background-size":"auto","background-attachment":"scroll","background-type":"","background-media":"","overlay-type":"","overlay-color":"","overlay-opacity":"","overlay-gradient":""}}},"product_brand":[],"product_cat":[75,73,74],"product_tag":[],"class_list":{"0":"post-6948","1":"product","2":"type-product","3":"status-publish","4":"has-post-thumbnail","6":"product_cat-motor","7":"product_cat-motor-paso-a-paso","8":"product_cat-motor-paso-a-paso-de-iman-permanente","9":"desktop-align-left","10":"tablet-align-left","11":"mobile-align-left","13":"first","14":"instock","15":"shipping-taxable","16":"product-type-simple"},"_links":{"self":[{"href":"https:\/\/www.gian-transmission.com\/es\/wp-json\/wp\/v2\/product\/6948"}],"collection":[{"href":"https:\/\/www.gian-transmission.com\/es\/wp-json\/wp\/v2\/product"}],"about":[{"href":"https:\/\/www.gian-transmission.com\/es\/wp-json\/wp\/v2\/types\/product"}],"replies":[{"embeddable":true,"href":"https:\/\/www.gian-transmission.com\/es\/wp-json\/wp\/v2\/comments?post=6948"}],"wp:featuredmedia":[{"embeddable":true,"href":"https:\/\/www.gian-transmission.com\/es\/wp-json\/wp\/v2\/media\/6858"}],"wp:attachment":[{"href":"https:\/\/www.gian-transmission.com\/es\/wp-json\/wp\/v2\/media?parent=6948"}],"wp:term":[{"taxonomy":"product_brand","embeddable":true,"href":"https:\/\/www.gian-transmission.com\/es\/wp-json\/wp\/v2\/product_brand?post=6948"},{"taxonomy":"product_cat","embeddable":true,"href":"https:\/\/www.gian-transmission.com\/es\/wp-json\/wp\/v2\/product_cat?post=6948"},{"taxonomy":"product_tag","embeddable":true,"href":"https:\/\/www.gian-transmission.com\/es\/wp-json\/wp\/v2\/product_tag?post=6948"}],"curies":[{"name":"wp","href":"https:\/\/api.w.org\/{rel}","templated":true}]}}