{"id":6932,"date":"2024-08-30T10:37:25","date_gmt":"2024-08-30T02:37:25","guid":{"rendered":"https:\/\/www.gian-transmission.com\/politica-de-privacidad\/"},"modified":"2024-10-23T17:34:34","modified_gmt":"2024-10-23T09:34:34","slug":"politica-de-privacidad","status":"publish","type":"page","link":"https:\/\/www.gian-transmission.com\/es\/politica-de-privacidad\/","title":{"rendered":"Pol\u00edtica de privacidad"},"content":{"rendered":"\t\t<div data-elementor-type=\"wp-page\" data-elementor-id=\"6932\" class=\"elementor elementor-6932 elementor-5361\" data-elementor-post-type=\"page\">\n\t\t\t\t<div class=\"elementor-element elementor-element-90b7188 e-flex e-con-boxed wpr-particle-no wpr-jarallax-no wpr-parallax-no wpr-sticky-section-no e-con e-parent\" data-id=\"90b7188\" data-element_type=\"container\" data-settings=\"{&quot;background_background&quot;:&quot;classic&quot;,&quot;_ha_eqh_enable&quot;:false}\">\n\t\t\t\t\t<div class=\"e-con-inner\">\n\t\t\t\t<div class=\"elementor-element elementor-element-2516d73 elementor-widget elementor-widget-spacer\" data-id=\"2516d73\" data-element_type=\"widget\" data-widget_type=\"spacer.default\">\n\t\t\t\t<div class=\"elementor-widget-container\">\n\t\t\t\t\t<div class=\"elementor-spacer\">\n\t\t\t<div class=\"elementor-spacer-inner\"><\/div>\n\t\t<\/div>\n\t\t\t\t<\/div>\n\t\t\t\t<\/div>\n\t\t\t\t\t<\/div>\n\t\t\t\t<\/div>\n\t\t<div class=\"elementor-element elementor-element-3c3b2210 e-flex e-con-boxed wpr-particle-no wpr-jarallax-no wpr-parallax-no wpr-sticky-section-no e-con e-parent\" data-id=\"3c3b2210\" data-element_type=\"container\" data-settings=\"{&quot;_ha_eqh_enable&quot;:false}\">\n\t\t\t\t\t<div class=\"e-con-inner\">\n\t\t\t\t<div class=\"elementor-element elementor-element-204a74ca privacy-policy elementor-widget elementor-widget-text-editor\" data-id=\"204a74ca\" data-element_type=\"widget\" data-widget_type=\"text-editor.default\">\n\t\t\t\t<div class=\"elementor-widget-container\">\n\t\t\t\t\t\t\t<h2><span class=\"ez-toc-section\" id=\"Politica_de_privacidad\"><\/span><strong>Pol\u00edtica de privacidad<\/strong><span class=\"ez-toc-section-end\"><\/span><\/h2>\n<p>\u00a1Bienvenido a Gian-transmission! Si visita nuestra tienda, significa que acepta autom\u00e1ticamente todos estos t\u00e9rminos y condiciones. Lea atentamente toda la informaci\u00f3n sobre nuestras pautas, t\u00e9rminos y acuerdos.  <\/p>\n<p>Es muy importante preocuparse por la informaci\u00f3n porque vivimos en una sociedad informacional y no se puede subestimar la forma en que se utilizar\u00e1 y compartir\u00e1 la informaci\u00f3n.<\/p>\n<p>La confianza es la piedra angular de la amistad y agradecemos su decisi\u00f3n de elegir nuestra tienda. Le brindamos acceso total a diferentes tipos de informaci\u00f3n relacionada con su cuenta. <\/p>\n<p>Adem\u00e1s, tenga en cuenta que nuestro sitio web contiene numerosas marcas comerciales que pueden pertenecer tanto a nuestra empresa como a empresas de terceros.<\/p>\n<p>Se proh\u00edbe el uso de logotipos, \u00edconos y nombres de servicios de cualquier manera que pueda causar confusi\u00f3n entre nuestros clientes y se considerar\u00e1 una violaci\u00f3n de la ley de derechos de autor.<\/p>\n<p>Nos reservamos el derecho de realizar cambios a estos t\u00e9rminos y condiciones en cualquier momento sin notificaci\u00f3n previa.<\/p>\n<p>Al utilizar este sitio web, usted acepta los t\u00e9rminos de la versi\u00f3n m\u00e1s reciente de esta Pol\u00edtica de privacidad. Lea nuestros T\u00e9rminos de uso para comprender las reglas generales sobre el uso de este sitio web. Salvo que se indique lo contrario en otros avisos legales, pol\u00edticas, T\u00e9rminos de uso u otros avisos de este sitio web, esta Pol\u00edtica de privacidad y los T\u00e9rminos de uso constituyen el acuerdo completo entre usted y Gian-transmission.com con respecto al uso de este sitio web. Es posible que est\u00e9 sujeto a t\u00e9rminos adicionales que puedan aplicarse cuando acceda a servicios o materiales particulares en ciertas \u00e1reas de este sitio web o al seguir un enlace desde este sitio web.   <\/p>\n<h3><span class=\"ez-toc-section\" id=\"Introduccion\"><\/span>Introducci\u00f3n<span class=\"ez-toc-section-end\"><\/span><\/h3>\n<p>La informaci\u00f3n que recibimos y c\u00f3mo la utilizamos depende de lo que hagas cuando visites nuestro sitio web. Recopilamos y utilizamos tu informaci\u00f3n no personal (informaci\u00f3n que no te identifica personalmente) de forma diferente a tu informaci\u00f3n personal. <\/p>\n<p>\u00bfQu\u00e9 es la informaci\u00f3n no personal?<\/p>\n<p>La informaci\u00f3n no personal es la informaci\u00f3n que recopilamos a trav\u00e9s de este sitio web y que no nos identifica como persona individual. Puede incluir informaci\u00f3n como la siguiente: <\/p>\n<ul>\n<li>el tipo de software de navegaci\u00f3n web que utiliza (por ejemplo, Netscape Navigator o Internet Explorer)<\/li>\n<li>el nombre del dominio desde el que accede a Internet<\/li>\n<li>la direcci\u00f3n de Internet del sitio web desde el que se conect\u00f3 directamente a nuestro sitio web<\/li>\n<li>La fecha y hora en que accede a nuestro sitio web<\/li>\n<li>Qu\u00e9 p\u00e1ginas has visitado en nuestro sitio web<\/li>\n<li>los t\u00e9rminos de b\u00fasqueda que utiliza<\/li>\n<li>los enlaces en los que haces clic<\/li>\n<li>informaci\u00f3n personal que se ha vuelto no personal o an\u00f3nima (es decir, informaci\u00f3n que ya no refleja ni hace referencia a un usuario individualmente identificable)<\/li>\n<\/ul>\n<p>Si visita nuestro sitio web para leer o descargar informaci\u00f3n, como informaci\u00f3n sobre una condici\u00f3n de salud o sobre uno de nuestros productos, podemos recopilar cierta informaci\u00f3n no personal sobre usted desde su computadora. Esta informaci\u00f3n se recopila desde el navegador web de su computadora: si solo lee o descarga informaci\u00f3n en nuestro sitio web, no recopilamos ni conocemos su nombre, direcci\u00f3n de correo electr\u00f3nico, direcci\u00f3n de domicilio u otra informaci\u00f3n personal sobre usted. Podemos colocar un archivo de texto llamado cookie en los archivos del navegador de su computadora cuando nos visita. La cookie puede almacenarse en el disco duro de su computadora. La informaci\u00f3n que recopilamos mediante cookies es informaci\u00f3n no personal. Siempre tiene la libertad de rechazar nuestras cookies si su navegador lo permite, pero algunas partes de nuestro sitio web pueden no funcionar correctamente para usted si lo hace. No permitiremos que terceros que no sean las empresas que contratamos para realizar servicios o funciones en nuestro nombre coloquen cookies en nuestro sitio web.      <\/p>\n<h3><span class=\"ez-toc-section\" id=\"%C2%BFQue_hace_Gian-transmissioncom_con_la_informacion_no_personal\"><\/span>\u00bfQu\u00e9 hace Gian-transmission.com con la informaci\u00f3n no personal?<span class=\"ez-toc-section-end\"><\/span><\/h3>\n<p>Dado que la informaci\u00f3n no personal no puede identificarlo ni vincularlo con usted de ninguna manera, no existen restricciones sobre las formas en que podemos usar o compartir informaci\u00f3n no personal. Siempre estamos buscando formas de brindarle un mejor servicio y mejorar este sitio web. Usaremos su informaci\u00f3n no personal para ayudarnos a hacer que este sitio web sea m\u00e1s \u00fatil para los visitantes. Tambi\u00e9n usaremos informaci\u00f3n no personal para otros fines comerciales. Por ejemplo, podemos usar informaci\u00f3n no personal o informaci\u00f3n no personal agregada para:    <\/p>\n<ul>\n<li>Crear informes para uso interno para desarrollar programas, productos, servicios o contenidos.<\/li>\n<li>personalizar la informaci\u00f3n o servicios que sean de su inter\u00e9s<\/li>\n<li>Comp\u00e1rtelo o v\u00e9ndelo a terceros<\/li>\n<li>Proporcionar \u201cestad\u00edsticas de tr\u00e1fico\u201d y \u201ctasas de respuesta\u201d agregadas a terceros<\/li>\n<\/ul>\n<h3><span class=\"ez-toc-section\" id=\"%C2%BFQue_es_la_informacion_personal\"><\/span>\u00bfQu\u00e9 es la informaci\u00f3n personal?<span class=\"ez-toc-section-end\"><\/span><\/h3>\n<p>La informaci\u00f3n personal es la informaci\u00f3n que recopilamos a trav\u00e9s de este sitio web y que podemos usar para identificarlo espec\u00edficamente, como su:<\/p>\n<ul>\n<li>nombre<\/li>\n<li>n\u00famero telef\u00f3nico<\/li>\n<li>direcci\u00f3n de correo electr\u00f3nico<\/li>\n<li>n\u00famero de serie del dispositivo m\u00e9dico<\/li>\n<li>informaci\u00f3n personal de salud<\/li>\n<li>fecha de nacimiento<\/li>\n<\/ul>\n<p>En algunos lugares de este sitio web, usted tiene la oportunidad de enviarnos informaci\u00f3n personal sobre usted, de elegir recibir informaci\u00f3n particular o de participar en una actividad. Por ejemplo, puede completar un formulario de registro, una encuesta o un formulario de correo electr\u00f3nico y puede elegir recibir material educativo sobre nuestros productos y terapias. <\/p>\n<p>Tambi\u00e9n puede optar por permitirnos personalizar sus visitas al sitio web, en cuyo caso le solicitaremos cierta informaci\u00f3n personal para que sus visitas a nuestro sitio web le resulten m\u00e1s \u00fatiles. Cuando esta informaci\u00f3n se combina con la informaci\u00f3n no personal que recopilamos a trav\u00e9s de las cookies (descritas anteriormente), podremos saber que ha visitado nuestro sitio web anteriormente y personalizar su acceso a nuestro sitio web, por ejemplo, inform\u00e1ndole sobre nuevas funciones que pueden ser de su inter\u00e9s. <\/p>\n<h3><span class=\"ez-toc-section\" id=\"%C2%BFComo_Gian-transmissioncom_conserva_y_utiliza_la_informacion_personal\"><\/span>\u00bfC\u00f3mo Gian-transmission.com conserva y utiliza la informaci\u00f3n personal?<span class=\"ez-toc-section-end\"><\/span><\/h3>\n<p>Podemos conservar y utilizar la informaci\u00f3n personal que recopilamos de usted a trav\u00e9s de este sitio web para brindarle acceso a este sitio web. Adem\u00e1s, podemos conservar y utilizar su informaci\u00f3n personal: <\/p>\n<ul>\n<li>Para responder a sus solicitudes<\/li>\n<li>Para personalizar su acceso a nuestro sitio web, por ejemplo, inform\u00e1ndole sobre nuevas funciones que puedan ser de su inter\u00e9s.<\/li>\n<li>para desarrollar registros, incluidos registros de su informaci\u00f3n personal<\/li>\n<li>Para comunicarnos con usted con informaci\u00f3n que pueda ser de su inter\u00e9s, incluida informaci\u00f3n sobre ensayos cl\u00ednicos y sobre productos y servicios nuestros y de otros.<\/li>\n<li>para fines anal\u00edticos y para investigar, desarrollar y mejorar programas, productos, servicios y contenidos<\/li>\n<li>eliminar sus identificadores personales (su nombre, direcci\u00f3n de correo electr\u00f3nico, n\u00famero de seguro social, etc.). En este caso, ya no se le identificar\u00eda como un individuo \u00fanico. Una vez que hayamos desidentificado la informaci\u00f3n, se convertir\u00e1 en informaci\u00f3n no personal y podremos tratarla como cualquier otra informaci\u00f3n no personal.  <\/li>\n<li>Para hacer cumplir esta Declaraci\u00f3n de privacidad y otras reglas sobre su uso de este sitio web<\/li>\n<li>para proteger nuestros derechos o propiedad<\/li>\n<li>para proteger la salud, la seguridad o el bienestar de alguien<\/li>\n<li>para cumplir con una ley o reglamento, una orden judicial u otros procesos legales<\/li>\n<\/ul>\n<p>No tenemos un m\u00e9todo para revisar la informaci\u00f3n personal o no personal recopilada a trav\u00e9s de este sitio.<\/p>\n<h3><span class=\"ez-toc-section\" id=\"%C2%BFQue_hace_Gian-transmissioncom_con_la_informacion_no_personal-2\"><\/span>\u00bfQu\u00e9 hace Gian-transmission.com con la informaci\u00f3n no personal?<span class=\"ez-toc-section-end\"><\/span><\/h3>\n<p>Gian-transmission.com no compartir\u00e1 su informaci\u00f3n personal recopilada de este sitio web con un tercero no relacionado sin su permiso, excepto que se indique lo contrario en esta Declaraci\u00f3n de privacidad.<\/p>\n<p>En el curso normal de nuestras actividades, podemos compartir cierta informaci\u00f3n personal con empresas que contratamos para que realicen servicios o funciones en nuestro nombre. En todos los casos en los que compartamos su informaci\u00f3n personal con un tercero, no lo autorizaremos a conservar, divulgar o usar su informaci\u00f3n con otros, excepto con el prop\u00f3sito de proporcionar los servicios que les solicitamos. No venderemos, intercambiaremos ni publicaremos su informaci\u00f3n personal, excepto en relaci\u00f3n con una venta, fusi\u00f3n, disoluci\u00f3n o adquisici\u00f3n corporativa.  <\/p>\n<p>Podemos estar legalmente obligados a divulgar su informaci\u00f3n personal en respuesta a una orden judicial, citaci\u00f3n, orden de allanamiento, ley o reglamento. Podemos cooperar con las autoridades policiales en la investigaci\u00f3n y el procesamiento de los visitantes del sitio web que infrinjan nuestras normas o tengan un comportamiento que sea perjudicial para otros visitantes (o ilegal). <\/p>\n<h3><span class=\"ez-toc-section\" id=\"%C2%BFQue_pasa_con_la_privacidad_en_otros_sitios_web\"><\/span>\u00bfQu\u00e9 pasa con la privacidad en otros sitios web?<span class=\"ez-toc-section-end\"><\/span><\/h3>\n<p>Este sitio web puede contener enlaces a otros sitios web. Algunos de esos sitios web pueden ser operados por Gian-transmission y otros pueden ser operados por terceros. Proporcionamos los enlaces para su conveniencia, pero no revisamos, controlamos ni monitoreamos las pr\u00e1cticas de privacidad de los sitios web operados por otros. Esta Declaraci\u00f3n de privacidad no se aplica a ning\u00fan otro sitio web, ni siquiera a los otros sitios web de Gian-transmission.com. No somos responsables del desempe\u00f1o de los sitios web operados por terceros ni de sus relaciones comerciales con ellos. Por lo tanto, cada vez que abandone este sitio web, le recomendamos que revise las pr\u00e1cticas de privacidad de cada sitio web y saque sus propias conclusiones sobre la idoneidad de estas pr\u00e1cticas.     <\/p>\n<h3><span class=\"ez-toc-section\" id=\"%C2%BFGian-transmission-transmissioncom_alguna_vez_se_comunica_directamente_con_los_visitantes_de_este_sitio_web\"><\/span>\u00bfGian-transmission-transmission.com alguna vez se comunica directamente con los visitantes de este sitio web?<span class=\"ez-toc-section-end\"><\/span><\/h3>\n<p>Podemos comunicarnos con usted peri\u00f3dicamente por correo electr\u00f3nico, correo postal o tel\u00e9fono si usted acepta dicho contacto para proporcionarle informaci\u00f3n sobre programas, productos, servicios y contenido que puedan ser de su inter\u00e9s. Adem\u00e1s, algunas de las funciones de este sitio web le permiten comunicarse con nosotros mediante un formulario en l\u00ednea. Si su comunicaci\u00f3n solicita una respuesta de nuestra parte, le enviaremos una respuesta por correo electr\u00f3nico. La respuesta o confirmaci\u00f3n por correo electr\u00f3nico puede incluir su informaci\u00f3n personal, incluida informaci\u00f3n personal sobre su salud, su nombre, direcci\u00f3n, etc. No podemos garantizar que los correos electr\u00f3nicos que le enviemos est\u00e9n protegidos contra interceptaciones no autorizadas.    <\/p>\n<h3><span class=\"ez-toc-section\" id=\"%C2%BFQue_pasa_con_la_seguridad_del_sitio_web\"><\/span>\u00bfQu\u00e9 pasa con la seguridad del sitio web?<span class=\"ez-toc-section-end\"><\/span><\/h3>\n<p>La seguridad es muy importante para nosotros. Tambi\u00e9n entendemos que la seguridad es importante para usted. Tomamos medidas razonables para proteger su informaci\u00f3n personal contra p\u00e9rdida, mal uso y acceso no autorizado, divulgaci\u00f3n, alteraci\u00f3n o destrucci\u00f3n. Debe tener en cuenta que ninguna transmisi\u00f3n por Internet es 100% segura o libre de errores. En particular, el correo electr\u00f3nico enviado hacia o desde este sitio puede no ser seguro, por lo que debe tener especial cuidado al decidir qu\u00e9 informaci\u00f3n nos env\u00eda por correo electr\u00f3nico.    <\/p>\n\t\t\t\t\t\t<\/div>\n\t\t\t\t<\/div>\n\t\t\t\t\t<\/div>\n\t\t\t\t<\/div>\n\t\t\t\t<\/div>\n\t\t","protected":false},"excerpt":{"rendered":"<p>Pol\u00edtica de privacidad \u00a1Bienvenido a Gian-transmission! Si visita nuestra tienda, significa que acepta autom\u00e1ticamente todos estos t\u00e9rminos y condiciones. Lea atentamente toda la informaci\u00f3n sobre nuestras pautas, t\u00e9rminos y acuerdos. Es muy importante preocuparse por la informaci\u00f3n porque vivimos en una sociedad informacional y no se puede subestimar la forma en que se utilizar\u00e1 y compartir\u00e1 la informaci\u00f3n. La confianza es la piedra angular de la amistad y agradecemos su decisi\u00f3n de elegir nuestra tienda. Le brindamos acceso total a diferentes tipos de informaci\u00f3n relacionada con su cuenta. Adem\u00e1s, tenga en cuenta que nuestro sitio web contiene numerosas marcas comerciales que pueden pertenecer tanto a nuestra empresa como a empresas de terceros. Se proh\u00edbe el uso de logotipos, \u00edconos y nombres de servicios de cualquier manera que pueda causar confusi\u00f3n entre nuestros clientes y se considerar\u00e1 una violaci\u00f3n de la ley de derechos de autor. Nos reservamos el derecho de realizar cambios a estos t\u00e9rminos y condiciones en cualquier momento sin notificaci\u00f3n previa. Al utilizar este sitio web, usted acepta los t\u00e9rminos de la versi\u00f3n m\u00e1s reciente de esta Pol\u00edtica de privacidad. Lea nuestros T\u00e9rminos de uso para comprender las reglas generales sobre el uso de este sitio web. Salvo que se indique lo contrario en otros avisos legales, pol\u00edticas, T\u00e9rminos de uso u otros avisos de este sitio web, esta Pol\u00edtica de privacidad y los T\u00e9rminos de uso constituyen el acuerdo completo entre usted y Gian-transmission.com con respecto al uso de este sitio web. Es posible que est\u00e9 sujeto a t\u00e9rminos adicionales que puedan aplicarse cuando acceda a servicios o materiales particulares en ciertas \u00e1reas de este sitio web o al seguir un enlace desde este sitio web. Introducci\u00f3n La informaci\u00f3n que recibimos y c\u00f3mo la utilizamos depende de lo que hagas cuando visites nuestro sitio web. Recopilamos y utilizamos tu informaci\u00f3n no personal (informaci\u00f3n que no te identifica personalmente) de forma diferente a tu informaci\u00f3n personal. \u00bfQu\u00e9 es la informaci\u00f3n no personal? La informaci\u00f3n no personal es la informaci\u00f3n que recopilamos a trav\u00e9s de este sitio web y que no nos identifica como persona individual. Puede incluir informaci\u00f3n como la siguiente: el tipo de software de navegaci\u00f3n web que utiliza (por ejemplo, Netscape Navigator o Internet Explorer) el nombre del dominio desde el que accede a Internet la direcci\u00f3n de Internet del sitio web desde el que se conect\u00f3 directamente a nuestro sitio web La fecha y hora en que accede a nuestro sitio web Qu\u00e9 p\u00e1ginas has visitado en nuestro sitio web los t\u00e9rminos de b\u00fasqueda que utiliza los enlaces en los que haces clic informaci\u00f3n personal que se ha vuelto no personal o an\u00f3nima (es decir, informaci\u00f3n que ya no refleja ni hace referencia a un usuario individualmente identificable) Si visita nuestro sitio web para leer o descargar informaci\u00f3n, como informaci\u00f3n sobre una condici\u00f3n de salud o sobre uno de nuestros productos, podemos recopilar cierta informaci\u00f3n no personal sobre usted desde su computadora. Esta informaci\u00f3n se recopila desde el navegador web de su computadora: si solo lee o descarga informaci\u00f3n en nuestro sitio web, no recopilamos ni conocemos su nombre, direcci\u00f3n de correo electr\u00f3nico, direcci\u00f3n de domicilio u otra informaci\u00f3n personal sobre usted. Podemos colocar un archivo de texto llamado cookie en los archivos del navegador de su computadora cuando nos visita. La cookie puede almacenarse en el disco duro de su computadora. La informaci\u00f3n que recopilamos mediante cookies es informaci\u00f3n no personal. Siempre tiene la libertad de rechazar nuestras cookies si su navegador lo permite, pero algunas partes de nuestro sitio web pueden no funcionar correctamente para usted si lo hace. No permitiremos que terceros que no sean las empresas que contratamos para realizar servicios o funciones en nuestro nombre coloquen cookies en nuestro sitio web. \u00bfQu\u00e9 hace Gian-transmission.com con la informaci\u00f3n no personal? Dado que la informaci\u00f3n no personal no puede identificarlo ni vincularlo con usted de ninguna manera, no existen restricciones sobre las formas en que podemos usar o compartir informaci\u00f3n no personal. Siempre estamos buscando formas de brindarle un mejor servicio y mejorar este sitio web. Usaremos su informaci\u00f3n no personal para ayudarnos a hacer que este sitio web sea m\u00e1s \u00fatil para los visitantes. Tambi\u00e9n usaremos informaci\u00f3n no personal para otros fines comerciales. Por ejemplo, podemos usar informaci\u00f3n no personal o informaci\u00f3n no personal agregada para: Crear informes para uso interno para desarrollar programas, productos, servicios o contenidos. personalizar la informaci\u00f3n o servicios que sean de su inter\u00e9s Comp\u00e1rtelo o v\u00e9ndelo a terceros Proporcionar \u201cestad\u00edsticas de tr\u00e1fico\u201d y \u201ctasas de respuesta\u201d agregadas a terceros \u00bfQu\u00e9 es la informaci\u00f3n personal? La informaci\u00f3n personal es la informaci\u00f3n que recopilamos a trav\u00e9s de este sitio web y que podemos usar para identificarlo espec\u00edficamente, como su: nombre n\u00famero telef\u00f3nico direcci\u00f3n de correo electr\u00f3nico n\u00famero de serie del dispositivo m\u00e9dico informaci\u00f3n personal de salud fecha de nacimiento En algunos lugares de este sitio web, usted tiene la oportunidad de enviarnos informaci\u00f3n personal sobre usted, de elegir recibir informaci\u00f3n particular o de participar en una actividad. Por ejemplo, puede completar un formulario de registro, una encuesta o un formulario de correo electr\u00f3nico y puede elegir recibir material educativo sobre nuestros productos y terapias. Tambi\u00e9n puede optar por permitirnos personalizar sus visitas al sitio web, en cuyo caso le solicitaremos cierta informaci\u00f3n personal para que sus visitas a nuestro sitio web le resulten m\u00e1s \u00fatiles. Cuando esta informaci\u00f3n se combina con la informaci\u00f3n no personal que recopilamos a trav\u00e9s de las cookies (descritas anteriormente), podremos saber que ha visitado nuestro sitio web anteriormente y personalizar su acceso a nuestro sitio web, por ejemplo, inform\u00e1ndole sobre nuevas funciones que pueden ser de su inter\u00e9s. \u00bfC\u00f3mo Gian-transmission.com conserva y utiliza la informaci\u00f3n personal? Podemos conservar y utilizar la informaci\u00f3n personal que recopilamos de usted a trav\u00e9s de este sitio web para brindarle acceso a este sitio web. Adem\u00e1s, podemos conservar y utilizar su informaci\u00f3n personal: Para responder a sus solicitudes Para personalizar su acceso a nuestro sitio web, por ejemplo, inform\u00e1ndole sobre nuevas funciones que puedan ser de su<\/p>\n","protected":false},"author":1,"featured_media":0,"parent":0,"menu_order":0,"comment_status":"closed","ping_status":"closed","template":"","meta":{"site-sidebar-layout":"default","site-content-layout":"","ast-site-content-layout":"default","site-content-style":"default","site-sidebar-style":"default","ast-global-header-display":"","ast-banner-title-visibility":"","ast-main-header-display":"","ast-hfb-above-header-display":"","ast-hfb-below-header-display":"","ast-hfb-mobile-header-display":"","site-post-title":"disabled","ast-breadcrumbs-content":"","ast-featured-img":"","footer-sml-layout":"","theme-transparent-header-meta":"default","adv-header-id-meta":"","stick-header-meta":"","header-above-stick-meta":"","header-main-stick-meta":"","header-below-stick-meta":"","astra-migrate-meta-layouts":"default","ast-page-background-enabled":"default","ast-page-background-meta":{"desktop":{"background-color":"var(--ast-global-color-4)","background-image":"","background-repeat":"repeat","background-position":"center center","background-size":"auto","background-attachment":"scroll","background-type":"","background-media":"","overlay-type":"","overlay-color":"","overlay-opacity":"","overlay-gradient":""},"tablet":{"background-color":"","background-image":"","background-repeat":"repeat","background-position":"center center","background-size":"auto","background-attachment":"scroll","background-type":"","background-media":"","overlay-type":"","overlay-color":"","overlay-opacity":"","overlay-gradient":""},"mobile":{"background-color":"","background-image":"","background-repeat":"repeat","background-position":"center center","background-size":"auto","background-attachment":"scroll","background-type":"","background-media":"","overlay-type":"","overlay-color":"","overlay-opacity":"","overlay-gradient":""}},"ast-content-background-meta":{"desktop":{"background-color":"var(--ast-global-color-5)","background-image":"","background-repeat":"repeat","background-position":"center center","background-size":"auto","background-attachment":"scroll","background-type":"","background-media":"","overlay-type":"","overlay-color":"","overlay-opacity":"","overlay-gradient":""},"tablet":{"background-color":"var(--ast-global-color-5)","background-image":"","background-repeat":"repeat","background-position":"center center","background-size":"auto","background-attachment":"scroll","background-type":"","background-media":"","overlay-type":"","overlay-color":"","overlay-opacity":"","overlay-gradient":""},"mobile":{"background-color":"var(--ast-global-color-5)","background-image":"","background-repeat":"repeat","background-position":"center center","background-size":"auto","background-attachment":"scroll","background-type":"","background-media":"","overlay-type":"","overlay-color":"","overlay-opacity":"","overlay-gradient":""}},"footnotes":""},"class_list":["post-6932","page","type-page","status-publish","hentry"],"_links":{"self":[{"href":"https:\/\/www.gian-transmission.com\/es\/wp-json\/wp\/v2\/pages\/6932"}],"collection":[{"href":"https:\/\/www.gian-transmission.com\/es\/wp-json\/wp\/v2\/pages"}],"about":[{"href":"https:\/\/www.gian-transmission.com\/es\/wp-json\/wp\/v2\/types\/page"}],"author":[{"embeddable":true,"href":"https:\/\/www.gian-transmission.com\/es\/wp-json\/wp\/v2\/users\/1"}],"replies":[{"embeddable":true,"href":"https:\/\/www.gian-transmission.com\/es\/wp-json\/wp\/v2\/comments?post=6932"}],"version-history":[{"count":0,"href":"https:\/\/www.gian-transmission.com\/es\/wp-json\/wp\/v2\/pages\/6932\/revisions"}],"wp:attachment":[{"href":"https:\/\/www.gian-transmission.com\/es\/wp-json\/wp\/v2\/media?parent=6932"}],"curies":[{"name":"wp","href":"https:\/\/api.w.org\/{rel}","templated":true}]}}