{"id":9628,"date":"2024-08-22T14:17:11","date_gmt":"2024-08-22T06:17:11","guid":{"rendered":"https:\/\/www.gian-transmission.com\/gian-ld2-rs3605-bldc-motor-treiber-1-0-4-2a-8-24vdc\/"},"modified":"2024-12-16T11:12:44","modified_gmt":"2024-12-16T03:12:44","slug":"gian-ld2-rs3605-bldc-motor-treiber-1-0-4-2a-8-24vdc","status":"publish","type":"product","link":"https:\/\/www.gian-transmission.com\/de\/gian-ld2-rs3605-bldc-motor-treiber-1-0-4-2a-8-24vdc\/","title":{"rendered":"Gian LD2-RS3605 BLDC Motor Treiber ( 1.0-4.2A, 8-24VDC)"},"content":{"rendered":"<h2><span class=\"ez-toc-section\" id=\"Elektrische_Leistungsparameter\"><\/span>Elektrische Leistungsparameter<span class=\"ez-toc-section-end\"><\/span><\/h2>\n<table>\n<tbody>\n<tr>\n<td>Modell<\/td>\n<td>Ausgangsstrom<\/td>\n<td>Spannung der Eingangsstromversorgung<\/td>\n<td>Eingangsspannung des Steuersignals<\/td>\n<td>Widerstand der Isolierung\n<\/td>\n<\/tr>\n<tr>\n<td>LD-RS3605<\/td>\n<td>1.0-4.2A<\/td>\n<td>8-24VDC<\/td>\n<td>7-16mA<\/td>\n<td>500M\u03a9<\/td>\n<\/tr>\n<\/tbody>\n<\/table>\n<h2><span class=\"ez-toc-section\" id=\"Verwenden_von_Umgebungsparametern\"><\/span>Verwenden von Umgebungsparametern<span class=\"ez-toc-section-end\"><\/span><\/h2>\n<table>\n<tbody>\n<tr>\n<td>Modell<\/td>\n<td>Temperatur<\/td>\n<td>Luftfeuchtigkeit<\/td>\n<td>Vibrieren<\/td>\n<td>Lagertemperatur<\/td>\n<td>Gewicht<\/td>\n<\/tr>\n<tr>\n<td>LD-RS3605<\/td>\n<td>0-50\u2103<\/td>\n<td>40-90%RH<\/td>\n<td>10~55Hz<br \/>\n\/0.15mm<\/td>\n<td>-20\u2103~65\u2103<\/td>\n<td>190g<\/td>\n<\/tr>\n<\/tbody>\n<\/table>\n<p>&nbsp;<\/p>\n<h2><span class=\"ez-toc-section\" id=\"Mechanische_Abmessungen_mm\"><\/span>Mechanische Abmessungen: mm<span class=\"ez-toc-section-end\"><\/span><\/h2>\n<p><img fetchpriority=\"high\" decoding=\"async\" class=\"size-full wp-image-4148 aligncenter\" src=\"https:\/\/www.gian-transmission.com\/wp-content\/uploads\/2024\/08\/LD2-RS3605-for-mechanical-dimensions.jpg\" alt=\"LD2-RS3605 f\u00fcr mechanische Abmessungen\" width=\"1200\" height=\"400\" srcset=\"https:\/\/www.gian-transmission.com\/wp-content\/uploads\/2024\/08\/LD2-RS3605-for-mechanical-dimensions.jpg 1200w, https:\/\/www.gian-transmission.com\/wp-content\/uploads\/2024\/08\/LD2-RS3605-for-mechanical-dimensions-300x100.jpg 300w, https:\/\/www.gian-transmission.com\/wp-content\/uploads\/2024\/08\/LD2-RS3605-for-mechanical-dimensions-1024x341.jpg 1024w, https:\/\/www.gian-transmission.com\/wp-content\/uploads\/2024\/08\/LD2-RS3605-for-mechanical-dimensions-768x256.jpg 768w, https:\/\/www.gian-transmission.com\/wp-content\/uploads\/2024\/08\/LD2-RS3605-for-mechanical-dimensions-600x200.jpg 600w\" sizes=\"(max-width: 1200px) 100vw, 1200px\" \/><\/p>\n","protected":false},"excerpt":{"rendered":"<ul>\n<li>Maximale Drehzahl bis zu 30.000 U\/min, hohes Drehmoment und hohe Drehzahlabgabe (abh\u00e4ngig von der Motordrehzahl)<\/li>\n<li>Geschwindigkeitsregelungsmodus f\u00fcr Impulse und analoge Spannung<\/li>\n<li>Schnittstelle zur Trennung des Optokopplers<\/li>\n<li>Aktivieren Sie zum Starten und Stoppen die Steuersignal- und Richtungssignaleingabe.<br data-mce-bogus=\"1\"><\/li>\n<li>Standardm\u00e4\u00dfiger 17-Bit-Absolutwertgeber unterst\u00fctzt Modbus-Kommunikation<\/li>\n<li>Schutz vor \u00dcberdrehzahl, \u00dcberstrom, Unterspannung und \u00dcberhitzung<\/li>\n<\/ul>\n<p>&nbsp;<\/p>\n","protected":false},"featured_media":9629,"comment_status":"closed","ping_status":"closed","template":"","meta":{"site-sidebar-layout":"default","site-content-layout":"","ast-site-content-layout":"default","site-content-style":"default","site-sidebar-style":"default","ast-global-header-display":"","ast-banner-title-visibility":"","ast-main-header-display":"","ast-hfb-above-header-display":"","ast-hfb-below-header-display":"","ast-hfb-mobile-header-display":"","site-post-title":"","ast-breadcrumbs-content":"","ast-featured-img":"","footer-sml-layout":"","theme-transparent-header-meta":"default","adv-header-id-meta":"","stick-header-meta":"","header-above-stick-meta":"","header-main-stick-meta":"","header-below-stick-meta":"","astra-migrate-meta-layouts":"default","ast-page-background-enabled":"default","ast-page-background-meta":{"desktop":{"background-color":"var(--ast-global-color-4)","background-image":"","background-repeat":"repeat","background-position":"center center","background-size":"auto","background-attachment":"scroll","background-type":"","background-media":"","overlay-type":"","overlay-color":"","overlay-opacity":"","overlay-gradient":""},"tablet":{"background-color":"","background-image":"","background-repeat":"repeat","background-position":"center center","background-size":"auto","background-attachment":"scroll","background-type":"","background-media":"","overlay-type":"","overlay-color":"","overlay-opacity":"","overlay-gradient":""},"mobile":{"background-color":"","background-image":"","background-repeat":"repeat","background-position":"center center","background-size":"auto","background-attachment":"scroll","background-type":"","background-media":"","overlay-type":"","overlay-color":"","overlay-opacity":"","overlay-gradient":""}},"ast-content-background-meta":{"desktop":{"background-color":"var(--ast-global-color-5)","background-image":"","background-repeat":"repeat","background-position":"center center","background-size":"auto","background-attachment":"scroll","background-type":"","background-media":"","overlay-type":"","overlay-color":"","overlay-opacity":"","overlay-gradient":""},"tablet":{"background-color":"var(--ast-global-color-5)","background-image":"","background-repeat":"repeat","background-position":"center center","background-size":"auto","background-attachment":"scroll","background-type":"","background-media":"","overlay-type":"","overlay-color":"","overlay-opacity":"","overlay-gradient":""},"mobile":{"background-color":"var(--ast-global-color-5)","background-image":"","background-repeat":"repeat","background-position":"center center","background-size":"auto","background-attachment":"scroll","background-type":"","background-media":"","overlay-type":"","overlay-color":"","overlay-opacity":"","overlay-gradient":""}}},"product_brand":[],"product_cat":[153,156],"product_tag":[],"class_list":{"0":"post-9628","1":"product","2":"type-product","3":"status-publish","4":"has-post-thumbnail","6":"product_cat-motortreiber","7":"product_cat-burstenloser-motortreiber","8":"desktop-align-left","9":"tablet-align-left","10":"mobile-align-left","12":"first","13":"instock","14":"shipping-taxable","15":"product-type-simple"},"_links":{"self":[{"href":"https:\/\/www.gian-transmission.com\/de\/wp-json\/wp\/v2\/product\/9628"}],"collection":[{"href":"https:\/\/www.gian-transmission.com\/de\/wp-json\/wp\/v2\/product"}],"about":[{"href":"https:\/\/www.gian-transmission.com\/de\/wp-json\/wp\/v2\/types\/product"}],"replies":[{"embeddable":true,"href":"https:\/\/www.gian-transmission.com\/de\/wp-json\/wp\/v2\/comments?post=9628"}],"wp:featuredmedia":[{"embeddable":true,"href":"https:\/\/www.gian-transmission.com\/de\/wp-json\/wp\/v2\/media\/9629"}],"wp:attachment":[{"href":"https:\/\/www.gian-transmission.com\/de\/wp-json\/wp\/v2\/media?parent=9628"}],"wp:term":[{"taxonomy":"product_brand","embeddable":true,"href":"https:\/\/www.gian-transmission.com\/de\/wp-json\/wp\/v2\/product_brand?post=9628"},{"taxonomy":"product_cat","embeddable":true,"href":"https:\/\/www.gian-transmission.com\/de\/wp-json\/wp\/v2\/product_cat?post=9628"},{"taxonomy":"product_tag","embeddable":true,"href":"https:\/\/www.gian-transmission.com\/de\/wp-json\/wp\/v2\/product_tag?post=9628"}],"curies":[{"name":"wp","href":"https:\/\/api.w.org\/{rel}","templated":true}]}}