{"id":9622,"date":"2024-08-22T14:34:44","date_gmt":"2024-08-22T06:34:44","guid":{"rendered":"https:\/\/www.gian-transmission.com\/gian-blhd100k-dc-servomotor-treiber-10-42-a-500-m%cf%89\/"},"modified":"2024-08-22T14:34:44","modified_gmt":"2024-08-22T06:34:44","slug":"gian-blhd100k-dc-servomotor-treiber-10-42-a-500-m%cf%89","status":"publish","type":"product","link":"https:\/\/www.gian-transmission.com\/de\/gian-blhd100k-dc-servomotor-treiber-10-42-a-500-m%CF%89\/","title":{"rendered":"Gian BLHD100K DC Servomotor Treiber (1,0-4,2 A, 500 M\u03a9)"},"content":{"rendered":"<h2><span class=\"ez-toc-section\" id=\"Elektrische_Leistungsparameter\"><\/span>Elektrische Leistungsparameter<span class=\"ez-toc-section-end\"><\/span><\/h2>\n<table>\n<tbody>\n<tr>\n<td>Modell<\/td>\n<td>Ausgang Strom<\/td>\n<td>Eingangsleistung Versorgungsspannung<\/td>\n<td>Steuersignal Eingangsstrom<\/td>\n<td>Isolierung<br \/>\nWiderstand<\/td>\n<\/tr>\n<tr>\n<td>BLHD100K<\/td>\n<td>1.0-4.2A<\/td>\n<td>8-24VDC<\/td>\n<td>7-16mA<\/td>\n<td>500M\u03a9<\/td>\n<\/tr>\n<\/tbody>\n<\/table>\n<h2><span class=\"ez-toc-section\" id=\"Verwenden_von_Umgebungsparametern\"><\/span>Verwenden von Umgebungsparametern<span class=\"ez-toc-section-end\"><\/span><\/h2>\n<table>\n<tbody>\n<tr>\n<td>Modell<\/td>\n<td>Temperatur<\/td>\n<td>Luftfeuchtigkeit<\/td>\n<td>Vibrieren<\/td>\n<td>Lagertemperatur<\/td>\n<td>Gewicht<\/td>\n<\/tr>\n<tr>\n<td>BLHD100K<\/td>\n<td>0-50\u2103<\/td>\n<td>40-90%RH<\/td>\n<td>10~55Hz<br \/>\n\/0.15mm<\/td>\n<td>-20\u2103~65\u2103<\/td>\n<td>190g<\/td>\n<\/tr>\n<\/tbody>\n<\/table>\n<h2><span class=\"ez-toc-section\" id=\"Mechanische_Abmessungen_mm\"><\/span>Mechanische Abmessungen: mm<span class=\"ez-toc-section-end\"><\/span><\/h2>\n<p><img fetchpriority=\"high\" decoding=\"async\" class=\"size-full wp-image-4156 aligncenter\" src=\"https:\/\/www.gian-transmission.com\/wp-content\/uploads\/2024\/08\/BLHD100K-for-mechanical-dimensions.jpg\" alt=\"BLHD100K f\u00fcr mechanische Abmessungen\" width=\"1200\" height=\"400\" srcset=\"https:\/\/www.gian-transmission.com\/wp-content\/uploads\/2024\/08\/BLHD100K-for-mechanical-dimensions.jpg 1200w, https:\/\/www.gian-transmission.com\/wp-content\/uploads\/2024\/08\/BLHD100K-for-mechanical-dimensions-300x100.jpg 300w, https:\/\/www.gian-transmission.com\/wp-content\/uploads\/2024\/08\/BLHD100K-for-mechanical-dimensions-1024x341.jpg 1024w, https:\/\/www.gian-transmission.com\/wp-content\/uploads\/2024\/08\/BLHD100K-for-mechanical-dimensions-768x256.jpg 768w, https:\/\/www.gian-transmission.com\/wp-content\/uploads\/2024\/08\/BLHD100K-for-mechanical-dimensions-600x200.jpg 600w\" sizes=\"(max-width: 1200px) 100vw, 1200px\" \/><\/p>\n<div id=\"gtx-trans\" style=\"position: absolute; left: 887px; top: 306.078px;\">\n<div class=\"gtx-trans-icon\"><\/div>\n<\/div>\n","protected":false},"excerpt":{"rendered":"<ul>\n<li>Hohes Drehmoment, hohe Drehzahlleistung, H\u00f6chstgeschwindigkeit bis zu 30.000 U\/min (abh\u00e4ngig von der Motordrehzahl).<\/li>\n<li>Impuls- und analoger Spannungsgeschwindigkeitsregelungsmodus.<\/li>\n<li>Optokoppler-Isolationseingangsschnittstelle.<\/li>\n<li>Start- und Stopp-Freigabe-Steuersignal, Richtungssignaleingang.<\/li>\n<li>\u00dcberstrom-, \u00dcberspannungs-, Unterspannungs-, \u00dcberhitzungs- und \u00dcberdrehzahlschutz.<\/li>\n<\/ul>\n","protected":false},"featured_media":9623,"comment_status":"closed","ping_status":"closed","template":"","meta":{"site-sidebar-layout":"default","site-content-layout":"","ast-site-content-layout":"default","site-content-style":"default","site-sidebar-style":"default","ast-global-header-display":"","ast-banner-title-visibility":"","ast-main-header-display":"","ast-hfb-above-header-display":"","ast-hfb-below-header-display":"","ast-hfb-mobile-header-display":"","site-post-title":"","ast-breadcrumbs-content":"","ast-featured-img":"","footer-sml-layout":"","theme-transparent-header-meta":"default","adv-header-id-meta":"","stick-header-meta":"","header-above-stick-meta":"","header-main-stick-meta":"","header-below-stick-meta":"","astra-migrate-meta-layouts":"default","ast-page-background-enabled":"default","ast-page-background-meta":{"desktop":{"background-color":"var(--ast-global-color-4)","background-image":"","background-repeat":"repeat","background-position":"center center","background-size":"auto","background-attachment":"scroll","background-type":"","background-media":"","overlay-type":"","overlay-color":"","overlay-opacity":"","overlay-gradient":""},"tablet":{"background-color":"","background-image":"","background-repeat":"repeat","background-position":"center center","background-size":"auto","background-attachment":"scroll","background-type":"","background-media":"","overlay-type":"","overlay-color":"","overlay-opacity":"","overlay-gradient":""},"mobile":{"background-color":"","background-image":"","background-repeat":"repeat","background-position":"center center","background-size":"auto","background-attachment":"scroll","background-type":"","background-media":"","overlay-type":"","overlay-color":"","overlay-opacity":"","overlay-gradient":""}},"ast-content-background-meta":{"desktop":{"background-color":"var(--ast-global-color-5)","background-image":"","background-repeat":"repeat","background-position":"center center","background-size":"auto","background-attachment":"scroll","background-type":"","background-media":"","overlay-type":"","overlay-color":"","overlay-opacity":"","overlay-gradient":""},"tablet":{"background-color":"var(--ast-global-color-5)","background-image":"","background-repeat":"repeat","background-position":"center center","background-size":"auto","background-attachment":"scroll","background-type":"","background-media":"","overlay-type":"","overlay-color":"","overlay-opacity":"","overlay-gradient":""},"mobile":{"background-color":"var(--ast-global-color-5)","background-image":"","background-repeat":"repeat","background-position":"center center","background-size":"auto","background-attachment":"scroll","background-type":"","background-media":"","overlay-type":"","overlay-color":"","overlay-opacity":"","overlay-gradient":""}}},"product_brand":[],"product_cat":[153,155],"product_tag":[],"class_list":{"0":"post-9622","1":"product","2":"type-product","3":"status-publish","4":"has-post-thumbnail","6":"product_cat-motortreiber","7":"product_cat-dc-servomotor-treiber","8":"desktop-align-left","9":"tablet-align-left","10":"mobile-align-left","12":"first","13":"instock","14":"shipping-taxable","15":"product-type-simple"},"_links":{"self":[{"href":"https:\/\/www.gian-transmission.com\/de\/wp-json\/wp\/v2\/product\/9622"}],"collection":[{"href":"https:\/\/www.gian-transmission.com\/de\/wp-json\/wp\/v2\/product"}],"about":[{"href":"https:\/\/www.gian-transmission.com\/de\/wp-json\/wp\/v2\/types\/product"}],"replies":[{"embeddable":true,"href":"https:\/\/www.gian-transmission.com\/de\/wp-json\/wp\/v2\/comments?post=9622"}],"wp:featuredmedia":[{"embeddable":true,"href":"https:\/\/www.gian-transmission.com\/de\/wp-json\/wp\/v2\/media\/9623"}],"wp:attachment":[{"href":"https:\/\/www.gian-transmission.com\/de\/wp-json\/wp\/v2\/media?parent=9622"}],"wp:term":[{"taxonomy":"product_brand","embeddable":true,"href":"https:\/\/www.gian-transmission.com\/de\/wp-json\/wp\/v2\/product_brand?post=9622"},{"taxonomy":"product_cat","embeddable":true,"href":"https:\/\/www.gian-transmission.com\/de\/wp-json\/wp\/v2\/product_cat?post=9622"},{"taxonomy":"product_tag","embeddable":true,"href":"https:\/\/www.gian-transmission.com\/de\/wp-json\/wp\/v2\/product_tag?post=9622"}],"curies":[{"name":"wp","href":"https:\/\/api.w.org\/{rel}","templated":true}]}}