{"id":9604,"date":"2024-10-10T16:14:38","date_gmt":"2024-10-10T08:14:38","guid":{"rendered":"https:\/\/www.gian-transmission.com\/gian-tr092-p01-schnecken-getriebemotor-gebuerstet-12-v-%e2%89%a4-110-ma\/"},"modified":"2024-11-07T13:50:41","modified_gmt":"2024-11-07T05:50:41","slug":"gian-tr092-p01-schnecken-getriebemotor-gebuerstet-12-v-%e2%89%a4-110-ma","status":"publish","type":"product","link":"https:\/\/www.gian-transmission.com\/de\/gian-tr092-p01-schnecken-getriebemotor-gebuerstet-12-v-110-ma\/","title":{"rendered":"Gian TR092-P01 Schnecken Getriebemotor ( Geb\u00fcrsteter, 12 V, \u2264 110 mA )"},"content":{"rendered":"<h2><span class=\"ez-toc-section\" id=\"Leistungsparameter\"><\/span>Leistungsparameter<span class=\"ez-toc-section-end\"><\/span><\/h2>\n<table>\n<tbody>\n<tr>\n<td width=\"12.1800%\">Modell<\/td>\n<td width=\"14.4600%\">Nennspannung<\/td>\n<td width=\"15.4800%\">Untersetzungsverh\u00e4ltnis<\/td>\n<td width=\"20.0200%\">Leerlaufstrom<\/td>\n<td width=\"19.0400%\">Leerlaufdrehzahl<\/td>\n<td width=\"18.7600%\">Nennstrom<\/td>\n<\/tr>\n<tr>\n<td rowspan=\"3\" width=\"12.1800%\">TR092-P01<\/td>\n<td width=\"14.4600%\">12V<\/td>\n<td width=\"15.4800%\">1:200<\/td>\n<td width=\"20.0200%\">\u2264110mA<\/td>\n<td width=\"19.0400%\">40 \u00b1 15 % U\/min<\/td>\n<td width=\"18.7600%\">\u22640.6A<\/td>\n<\/tr>\n<tr>\n<td width=\"14.4600%\">Nenndrehzahl<\/td>\n<td width=\"15.4800%\">Nenndrehmoment<\/td>\n<td width=\"20.0200%\">Moment des blockierten Rotors<\/td>\n<td width=\"19.0400%\">Strom bei blockiertem Rotor<\/td>\n<td width=\"18.7600%\">Ger\u00e4usch<\/td>\n<\/tr>\n<tr>\n<td width=\"14.4600%\">35\u00b115%<br \/>\nRPM<\/td>\n<td width=\"15.4800%\">4.0Kgf.cm<\/td>\n<td width=\"20.0200%\">\u226515Kgf.cm<\/td>\n<td width=\"19.0400%\">\u22643.8A<\/td>\n<td width=\"18.7600%\">40dB(A)@50cm<\/td>\n<\/tr>\n<\/tbody>\n<\/table>\n<h2><span class=\"ez-toc-section\" id=\"Mechanische_Abmessungen_mm\"><\/span>Mechanische Abmessungen: mm<span class=\"ez-toc-section-end\"><\/span><\/h2>\n<p><img fetchpriority=\"high\" decoding=\"async\" class=\"alignnone size-full wp-image-5651\" src=\"https:\/\/www.gian-transmission.com\/wp-content\/uploads\/2024\/10\/Mechanical-Dimensions-for-TR092-P01.png\" alt=\"Mechanische Abmessungen f\u00fcr TR092-P01\" width=\"1368\" height=\"606\" srcset=\"https:\/\/www.gian-transmission.com\/wp-content\/uploads\/2024\/10\/Mechanical-Dimensions-for-TR092-P01.png 1368w, https:\/\/www.gian-transmission.com\/wp-content\/uploads\/2024\/10\/Mechanical-Dimensions-for-TR092-P01-300x133.png 300w, https:\/\/www.gian-transmission.com\/wp-content\/uploads\/2024\/10\/Mechanical-Dimensions-for-TR092-P01-1024x454.png 1024w, https:\/\/www.gian-transmission.com\/wp-content\/uploads\/2024\/10\/Mechanical-Dimensions-for-TR092-P01-768x340.png 768w, https:\/\/www.gian-transmission.com\/wp-content\/uploads\/2024\/10\/Mechanical-Dimensions-for-TR092-P01-600x266.png 600w\" sizes=\"(max-width: 1368px) 100vw, 1368px\" \/><\/p>\n<p>&nbsp;<\/p>\n","protected":false},"excerpt":{"rendered":"<ul>\n<li><strong>Untersetzungsverh\u00e4ltnis:<\/strong> Eine Untersetzung von 1:200 gew\u00e4hrleistet ein h\u00f6heres Drehmoment und eine sanfte Kraft\u00fcbertragung.<\/li>\n<li><strong>Nennspannung:<\/strong> Funktioniert mit einer Nennspannung von 12 V.<\/li>\n<li><strong>Typische Anwendung: <\/strong>Kommerzieller Roboterstaubsauger.<\/li>\n<\/ul>\n","protected":false},"featured_media":9605,"comment_status":"closed","ping_status":"closed","template":"","meta":{"site-sidebar-layout":"default","site-content-layout":"","ast-site-content-layout":"default","site-content-style":"default","site-sidebar-style":"default","ast-global-header-display":"","ast-banner-title-visibility":"","ast-main-header-display":"","ast-hfb-above-header-display":"","ast-hfb-below-header-display":"","ast-hfb-mobile-header-display":"","site-post-title":"","ast-breadcrumbs-content":"","ast-featured-img":"","footer-sml-layout":"","theme-transparent-header-meta":"default","adv-header-id-meta":"","stick-header-meta":"","header-above-stick-meta":"","header-main-stick-meta":"","header-below-stick-meta":"","astra-migrate-meta-layouts":"default","ast-page-background-enabled":"default","ast-page-background-meta":{"desktop":{"background-color":"var(--ast-global-color-4)","background-image":"","background-repeat":"repeat","background-position":"center center","background-size":"auto","background-attachment":"scroll","background-type":"","background-media":"","overlay-type":"","overlay-color":"","overlay-opacity":"","overlay-gradient":""},"tablet":{"background-color":"","background-image":"","background-repeat":"repeat","background-position":"center center","background-size":"auto","background-attachment":"scroll","background-type":"","background-media":"","overlay-type":"","overlay-color":"","overlay-opacity":"","overlay-gradient":""},"mobile":{"background-color":"","background-image":"","background-repeat":"repeat","background-position":"center center","background-size":"auto","background-attachment":"scroll","background-type":"","background-media":"","overlay-type":"","overlay-color":"","overlay-opacity":"","overlay-gradient":""}},"ast-content-background-meta":{"desktop":{"background-color":"var(--ast-global-color-5)","background-image":"","background-repeat":"repeat","background-position":"center center","background-size":"auto","background-attachment":"scroll","background-type":"","background-media":"","overlay-type":"","overlay-color":"","overlay-opacity":"","overlay-gradient":""},"tablet":{"background-color":"var(--ast-global-color-5)","background-image":"","background-repeat":"repeat","background-position":"center center","background-size":"auto","background-attachment":"scroll","background-type":"","background-media":"","overlay-type":"","overlay-color":"","overlay-opacity":"","overlay-gradient":""},"mobile":{"background-color":"var(--ast-global-color-5)","background-image":"","background-repeat":"repeat","background-position":"center center","background-size":"auto","background-attachment":"scroll","background-type":"","background-media":"","overlay-type":"","overlay-color":"","overlay-opacity":"","overlay-gradient":""}}},"product_brand":[],"product_cat":[147,152],"product_tag":[],"class_list":{"0":"post-9604","1":"product","2":"type-product","3":"status-publish","4":"has-post-thumbnail","6":"product_cat-getriebe-motoren","7":"product_cat-schnecken-getriebemotor","8":"desktop-align-left","9":"tablet-align-left","10":"mobile-align-left","12":"first","13":"instock","14":"shipping-taxable","15":"product-type-simple"},"_links":{"self":[{"href":"https:\/\/www.gian-transmission.com\/de\/wp-json\/wp\/v2\/product\/9604"}],"collection":[{"href":"https:\/\/www.gian-transmission.com\/de\/wp-json\/wp\/v2\/product"}],"about":[{"href":"https:\/\/www.gian-transmission.com\/de\/wp-json\/wp\/v2\/types\/product"}],"replies":[{"embeddable":true,"href":"https:\/\/www.gian-transmission.com\/de\/wp-json\/wp\/v2\/comments?post=9604"}],"wp:featuredmedia":[{"embeddable":true,"href":"https:\/\/www.gian-transmission.com\/de\/wp-json\/wp\/v2\/media\/9605"}],"wp:attachment":[{"href":"https:\/\/www.gian-transmission.com\/de\/wp-json\/wp\/v2\/media?parent=9604"}],"wp:term":[{"taxonomy":"product_brand","embeddable":true,"href":"https:\/\/www.gian-transmission.com\/de\/wp-json\/wp\/v2\/product_brand?post=9604"},{"taxonomy":"product_cat","embeddable":true,"href":"https:\/\/www.gian-transmission.com\/de\/wp-json\/wp\/v2\/product_cat?post=9604"},{"taxonomy":"product_tag","embeddable":true,"href":"https:\/\/www.gian-transmission.com\/de\/wp-json\/wp\/v2\/product_tag?post=9604"}],"curies":[{"name":"wp","href":"https:\/\/api.w.org\/{rel}","templated":true}]}}