{"id":9601,"date":"2024-10-10T15:50:48","date_gmt":"2024-10-10T07:50:48","guid":{"rendered":"https:\/\/www.gian-transmission.com\/gian-tr045-p01-schnecken-getriebemotor-gebuersten-12-v-6500-%c2%b1-650-u-min\/"},"modified":"2024-11-07T13:50:40","modified_gmt":"2024-11-07T05:50:40","slug":"gian-tr045-p01-schnecken-getriebemotor-gebuersten-12-v-6500-%c2%b1-650-u-min","status":"publish","type":"product","link":"https:\/\/www.gian-transmission.com\/de\/gian-tr045-p01-schnecken-getriebemotor-gebuersten-12-v-6500-650-u-min\/","title":{"rendered":"Gian TR045-P01 Schnecken Getriebemotor ( Geb\u00fcrsteter, 12 V, 6500 \u00b1 650 U\/min )"},"content":{"rendered":"<h2><span class=\"ez-toc-section\" id=\"Leistungsparameter\"><\/span>Leistungsparameter:<span class=\"ez-toc-section-end\"><\/span><\/h2>\n<table>\n<tbody>\n<tr>\n<td width=\"13.1000%\">Modell<\/td>\n<td width=\"17.6000%\">Nennspannung<\/td>\n<td width=\"17.6000%\">Leerlaufdrehzahl<\/td>\n<td width=\"15.8200%\">Nennmoment<\/td>\n<td width=\"11.6200%\">Laststrom<\/td>\n<td width=\"24.2200%\">L\u00e4rm<\/td>\n<\/tr>\n<tr>\n<td width=\"13.1000%\">TR045-P01<\/td>\n<td width=\"17.6000%\">12V<\/td>\n<td width=\"17.6000%\">6500 \u00b1 650 U\/min<\/td>\n<td width=\"15.8200%\">\u226515N<\/td>\n<td width=\"11.6200%\">\u2264400mA<\/td>\n<td width=\"24.2200%\">\u226460 dB (horizontale Entfernung 50 cm)<\/td>\n<\/tr>\n<\/tbody>\n<\/table>\n<h2><span class=\"ez-toc-section\" id=\"Mechanische_Abmessungen_mm\"><\/span>Mechanische Abmessungen: mm<span class=\"ez-toc-section-end\"><\/span><\/h2>\n<p><img fetchpriority=\"high\" decoding=\"async\" class=\"size-full wp-image-5644 aligncenter\" src=\"https:\/\/www.gian-transmission.com\/wp-content\/uploads\/2024\/10\/Gian-TR045-P01-Brushed-Worm-Gear-Motor-for-Mechanical-Dimensions.png\" alt=\"Gian TR045-P01 B\u00fcrsten Schnecken getriebemotor f\u00fcr mechanische Abmessungen\" width=\"1225\" height=\"526\" srcset=\"https:\/\/www.gian-transmission.com\/wp-content\/uploads\/2024\/10\/Gian-TR045-P01-Brushed-Worm-Gear-Motor-for-Mechanical-Dimensions.png 1225w, https:\/\/www.gian-transmission.com\/wp-content\/uploads\/2024\/10\/Gian-TR045-P01-Brushed-Worm-Gear-Motor-for-Mechanical-Dimensions-300x129.png 300w, https:\/\/www.gian-transmission.com\/wp-content\/uploads\/2024\/10\/Gian-TR045-P01-Brushed-Worm-Gear-Motor-for-Mechanical-Dimensions-1024x440.png 1024w, https:\/\/www.gian-transmission.com\/wp-content\/uploads\/2024\/10\/Gian-TR045-P01-Brushed-Worm-Gear-Motor-for-Mechanical-Dimensions-768x330.png 768w, https:\/\/www.gian-transmission.com\/wp-content\/uploads\/2024\/10\/Gian-TR045-P01-Brushed-Worm-Gear-Motor-for-Mechanical-Dimensions-600x258.png 600w\" sizes=\"(max-width: 1225px) 100vw, 1225px\" \/><\/p>\n<div id=\"gtx-trans\" style=\"position: absolute; left: 413px; top: 170.781px;\">\n<div class=\"gtx-trans-icon\"><\/div>\n<\/div>\n","protected":false},"excerpt":{"rendered":"<ul>\n<li><strong>Nennspannung:<\/strong> Arbeitet mit einer Nennspannung von 12 V.<\/li>\n<li><strong>Leerlaufdrehzahl:<\/strong> 6500 \u00b1 650 U\/min, sorgt f\u00fcr effiziente Leistung bei gleichm\u00e4\u00dfigem, konstantem Betrieb.<\/li>\n<li><strong>Typische Anwendungen:<\/strong> Verriegelungsmechanismus f\u00fcr die elektrische Konsole.<\/li>\n<\/ul>\n","protected":false},"featured_media":9602,"comment_status":"closed","ping_status":"closed","template":"","meta":{"site-sidebar-layout":"default","site-content-layout":"","ast-site-content-layout":"default","site-content-style":"default","site-sidebar-style":"default","ast-global-header-display":"","ast-banner-title-visibility":"","ast-main-header-display":"","ast-hfb-above-header-display":"","ast-hfb-below-header-display":"","ast-hfb-mobile-header-display":"","site-post-title":"","ast-breadcrumbs-content":"","ast-featured-img":"","footer-sml-layout":"","theme-transparent-header-meta":"default","adv-header-id-meta":"","stick-header-meta":"","header-above-stick-meta":"","header-main-stick-meta":"","header-below-stick-meta":"","astra-migrate-meta-layouts":"default","ast-page-background-enabled":"default","ast-page-background-meta":{"desktop":{"background-color":"var(--ast-global-color-4)","background-image":"","background-repeat":"repeat","background-position":"center center","background-size":"auto","background-attachment":"scroll","background-type":"","background-media":"","overlay-type":"","overlay-color":"","overlay-opacity":"","overlay-gradient":""},"tablet":{"background-color":"","background-image":"","background-repeat":"repeat","background-position":"center center","background-size":"auto","background-attachment":"scroll","background-type":"","background-media":"","overlay-type":"","overlay-color":"","overlay-opacity":"","overlay-gradient":""},"mobile":{"background-color":"","background-image":"","background-repeat":"repeat","background-position":"center center","background-size":"auto","background-attachment":"scroll","background-type":"","background-media":"","overlay-type":"","overlay-color":"","overlay-opacity":"","overlay-gradient":""}},"ast-content-background-meta":{"desktop":{"background-color":"var(--ast-global-color-5)","background-image":"","background-repeat":"repeat","background-position":"center center","background-size":"auto","background-attachment":"scroll","background-type":"","background-media":"","overlay-type":"","overlay-color":"","overlay-opacity":"","overlay-gradient":""},"tablet":{"background-color":"var(--ast-global-color-5)","background-image":"","background-repeat":"repeat","background-position":"center center","background-size":"auto","background-attachment":"scroll","background-type":"","background-media":"","overlay-type":"","overlay-color":"","overlay-opacity":"","overlay-gradient":""},"mobile":{"background-color":"var(--ast-global-color-5)","background-image":"","background-repeat":"repeat","background-position":"center center","background-size":"auto","background-attachment":"scroll","background-type":"","background-media":"","overlay-type":"","overlay-color":"","overlay-opacity":"","overlay-gradient":""}}},"product_brand":[],"product_cat":[147,152],"product_tag":[],"class_list":{"0":"post-9601","1":"product","2":"type-product","3":"status-publish","4":"has-post-thumbnail","6":"product_cat-getriebe-motoren","7":"product_cat-schnecken-getriebemotor","8":"desktop-align-left","9":"tablet-align-left","10":"mobile-align-left","12":"first","13":"instock","14":"shipping-taxable","15":"product-type-simple"},"_links":{"self":[{"href":"https:\/\/www.gian-transmission.com\/de\/wp-json\/wp\/v2\/product\/9601"}],"collection":[{"href":"https:\/\/www.gian-transmission.com\/de\/wp-json\/wp\/v2\/product"}],"about":[{"href":"https:\/\/www.gian-transmission.com\/de\/wp-json\/wp\/v2\/types\/product"}],"replies":[{"embeddable":true,"href":"https:\/\/www.gian-transmission.com\/de\/wp-json\/wp\/v2\/comments?post=9601"}],"wp:featuredmedia":[{"embeddable":true,"href":"https:\/\/www.gian-transmission.com\/de\/wp-json\/wp\/v2\/media\/9602"}],"wp:attachment":[{"href":"https:\/\/www.gian-transmission.com\/de\/wp-json\/wp\/v2\/media?parent=9601"}],"wp:term":[{"taxonomy":"product_brand","embeddable":true,"href":"https:\/\/www.gian-transmission.com\/de\/wp-json\/wp\/v2\/product_brand?post=9601"},{"taxonomy":"product_cat","embeddable":true,"href":"https:\/\/www.gian-transmission.com\/de\/wp-json\/wp\/v2\/product_cat?post=9601"},{"taxonomy":"product_tag","embeddable":true,"href":"https:\/\/www.gian-transmission.com\/de\/wp-json\/wp\/v2\/product_tag?post=9601"}],"curies":[{"name":"wp","href":"https:\/\/api.w.org\/{rel}","templated":true}]}}