{"id":9592,"date":"2024-10-10T17:10:52","date_gmt":"2024-10-10T09:10:52","guid":{"rendered":"https:\/\/www.gian-transmission.com\/gian-yf003-p01-stirnradgetriebemotor-gebuerstet-4-84-v-950-ma\/"},"modified":"2024-10-10T17:10:52","modified_gmt":"2024-10-10T09:10:52","slug":"gian-yf003-p01-stirnradgetriebemotor-gebuerstet-4-84-v-950-ma","status":"publish","type":"product","link":"https:\/\/www.gian-transmission.com\/de\/gian-yf003-p01-stirnradgetriebemotor-gebuerstet-4-84-v-950-ma\/","title":{"rendered":"Gian YF003-P01 Stirnradgetriebemotor ( Geb\u00fcrstet, 4 \u2013 8,4 V, 950 mA )"},"content":{"rendered":"<h2><span class=\"ez-toc-section\" id=\"Leistungsparameter\"><\/span>Leistungsparameter<span class=\"ez-toc-section-end\"><\/span><\/h2>\n<table>\n<tbody>\n<tr>\n<td>Modell<\/td>\n<td>Nennspannung<\/td>\n<td>Leerlaufdrehzahl<\/td>\n<td>Leerlaufstrom<\/td>\n<td>Nennlast<\/td>\n<td>Untersetzungsverh\u00e4ltnis<\/td>\n<td>Zahnradattrappe<\/td>\n<\/tr>\n<tr>\n<td>YF003-P01<\/td>\n<td>4-8.4V<\/td>\n<td>0,133 Sek.\/60\u00b0 (75 U\/min)<\/td>\n<td>950mA<\/td>\n<td>5kg. cm <\/td>\n<td>266.925<\/td>\n<td>\u22640.5\u00b0<\/td>\n<\/tr>\n<\/tbody>\n<\/table>\n<h2><span class=\"ez-toc-section\" id=\"Mechanische_Abmessungen_mm\"><\/span>Mechanische Abmessungen: mm<span class=\"ez-toc-section-end\"><\/span><\/h2>\n<p><img fetchpriority=\"high\" decoding=\"async\" class=\"alignnone size-full wp-image-5670\" src=\"https:\/\/www.gian-transmission.com\/wp-content\/uploads\/2024\/10\/Mechanical-dimensions-for-YF003-P01.png\" alt=\"Mechanische Abmessungen f\u00fcr YF003-P01\" width=\"1393\" height=\"550\" srcset=\"https:\/\/www.gian-transmission.com\/wp-content\/uploads\/2024\/10\/Mechanical-dimensions-for-YF003-P01.png 1393w, https:\/\/www.gian-transmission.com\/wp-content\/uploads\/2024\/10\/Mechanical-dimensions-for-YF003-P01-300x118.png 300w, https:\/\/www.gian-transmission.com\/wp-content\/uploads\/2024\/10\/Mechanical-dimensions-for-YF003-P01-1024x404.png 1024w, https:\/\/www.gian-transmission.com\/wp-content\/uploads\/2024\/10\/Mechanical-dimensions-for-YF003-P01-768x303.png 768w, https:\/\/www.gian-transmission.com\/wp-content\/uploads\/2024\/10\/Mechanical-dimensions-for-YF003-P01-600x237.png 600w\" sizes=\"(max-width: 1393px) 100vw, 1393px\" \/><\/p>\n","protected":false},"excerpt":{"rendered":"<ul>\n<li><strong>Nennspannung:<\/strong> Arbeitet zwischen 4\u20138,4 V und bietet vielseitige Leistung.<\/li>\n<li><strong>Leerlaufdrehzahl:<\/strong> Bietet eine gleichm\u00e4\u00dfige, pr\u00e4zise Bewegung mit einer Leerlaufgeschwindigkeit von 0,133 Sek.\/60\u00b0 (75 U\/min).<\/li>\n<li><strong>Typische Anwendung:<\/strong> Schwimmbadroboter Servo<\/li>\n<\/ul>\n<p>&nbsp;<\/p>\n","protected":false},"featured_media":9593,"comment_status":"closed","ping_status":"closed","template":"","meta":{"site-sidebar-layout":"default","site-content-layout":"","ast-site-content-layout":"default","site-content-style":"default","site-sidebar-style":"default","ast-global-header-display":"","ast-banner-title-visibility":"","ast-main-header-display":"","ast-hfb-above-header-display":"","ast-hfb-below-header-display":"","ast-hfb-mobile-header-display":"","site-post-title":"","ast-breadcrumbs-content":"","ast-featured-img":"","footer-sml-layout":"","theme-transparent-header-meta":"default","adv-header-id-meta":"","stick-header-meta":"","header-above-stick-meta":"","header-main-stick-meta":"","header-below-stick-meta":"","astra-migrate-meta-layouts":"default","ast-page-background-enabled":"default","ast-page-background-meta":{"desktop":{"background-color":"var(--ast-global-color-4)","background-image":"","background-repeat":"repeat","background-position":"center center","background-size":"auto","background-attachment":"scroll","background-type":"","background-media":"","overlay-type":"","overlay-color":"","overlay-opacity":"","overlay-gradient":""},"tablet":{"background-color":"","background-image":"","background-repeat":"repeat","background-position":"center center","background-size":"auto","background-attachment":"scroll","background-type":"","background-media":"","overlay-type":"","overlay-color":"","overlay-opacity":"","overlay-gradient":""},"mobile":{"background-color":"","background-image":"","background-repeat":"repeat","background-position":"center center","background-size":"auto","background-attachment":"scroll","background-type":"","background-media":"","overlay-type":"","overlay-color":"","overlay-opacity":"","overlay-gradient":""}},"ast-content-background-meta":{"desktop":{"background-color":"var(--ast-global-color-5)","background-image":"","background-repeat":"repeat","background-position":"center center","background-size":"auto","background-attachment":"scroll","background-type":"","background-media":"","overlay-type":"","overlay-color":"","overlay-opacity":"","overlay-gradient":""},"tablet":{"background-color":"var(--ast-global-color-5)","background-image":"","background-repeat":"repeat","background-position":"center center","background-size":"auto","background-attachment":"scroll","background-type":"","background-media":"","overlay-type":"","overlay-color":"","overlay-opacity":"","overlay-gradient":""},"mobile":{"background-color":"var(--ast-global-color-5)","background-image":"","background-repeat":"repeat","background-position":"center center","background-size":"auto","background-attachment":"scroll","background-type":"","background-media":"","overlay-type":"","overlay-color":"","overlay-opacity":"","overlay-gradient":""}}},"product_brand":[],"product_cat":[147,149,150],"product_tag":[],"class_list":{"0":"post-9592","1":"product","2":"type-product","3":"status-publish","4":"has-post-thumbnail","6":"product_cat-getriebe-motoren","7":"product_cat-stirnradgetriebemotor","8":"product_cat-burstenloser-stirnradgetriebemotor","9":"desktop-align-left","10":"tablet-align-left","11":"mobile-align-left","13":"first","14":"instock","15":"shipping-taxable","16":"product-type-simple"},"_links":{"self":[{"href":"https:\/\/www.gian-transmission.com\/de\/wp-json\/wp\/v2\/product\/9592"}],"collection":[{"href":"https:\/\/www.gian-transmission.com\/de\/wp-json\/wp\/v2\/product"}],"about":[{"href":"https:\/\/www.gian-transmission.com\/de\/wp-json\/wp\/v2\/types\/product"}],"replies":[{"embeddable":true,"href":"https:\/\/www.gian-transmission.com\/de\/wp-json\/wp\/v2\/comments?post=9592"}],"wp:featuredmedia":[{"embeddable":true,"href":"https:\/\/www.gian-transmission.com\/de\/wp-json\/wp\/v2\/media\/9593"}],"wp:attachment":[{"href":"https:\/\/www.gian-transmission.com\/de\/wp-json\/wp\/v2\/media?parent=9592"}],"wp:term":[{"taxonomy":"product_brand","embeddable":true,"href":"https:\/\/www.gian-transmission.com\/de\/wp-json\/wp\/v2\/product_brand?post=9592"},{"taxonomy":"product_cat","embeddable":true,"href":"https:\/\/www.gian-transmission.com\/de\/wp-json\/wp\/v2\/product_cat?post=9592"},{"taxonomy":"product_tag","embeddable":true,"href":"https:\/\/www.gian-transmission.com\/de\/wp-json\/wp\/v2\/product_tag?post=9592"}],"curies":[{"name":"wp","href":"https:\/\/api.w.org\/{rel}","templated":true}]}}