{"id":9580,"date":"2024-10-10T14:48:30","date_gmt":"2024-10-10T06:48:30","guid":{"rendered":"https:\/\/www.gian-transmission.com\/gian-tr039-p01-planetengetriebemotor-gebuerstet-12-v-%e2%89%a4-15-a\/"},"modified":"2024-10-10T14:48:30","modified_gmt":"2024-10-10T06:48:30","slug":"gian-tr039-p01-planetengetriebemotor-gebuerstet-12-v-%e2%89%a4-15-a","status":"publish","type":"product","link":"https:\/\/www.gian-transmission.com\/de\/gian-tr039-p01-planetengetriebemotor-gebuerstet-12-v-15-a\/","title":{"rendered":"Gian TR039-P01 Planetengetriebemotor ( Geb\u00fcrstet, 12 V, \u2264 15 A )"},"content":{"rendered":"<h2><span class=\"ez-toc-section\" id=\"Leistungsparameter\"><\/span>Leistungsparameter<span class=\"ez-toc-section-end\"><\/span><\/h2>\n<table>\n<tbody>\n<tr>\n<td width=\"19.9000%\">Modell<\/td>\n<td width=\"13.9800%\">Nennspannung<\/td>\n<td width=\"15.1800%\">Leerlaufdrehzahl<\/td>\n<td width=\"21.4800%\">Strom bei blockiertem Rotor<\/td>\n<td width=\"29.4200%\">Strom bei blockiertem Rotor<\/td>\n<\/tr>\n<tr>\n<td width=\"19.9000%\">TR039-P01<\/td>\n<td width=\"13.9800%\">12V<\/td>\n<td width=\"15.1800%\">255\u00b12 5.5RPM<\/td>\n<td width=\"21.4800%\">\u226415A<\/td>\n<td width=\"29.4200%\">3.78N.m~4.62N.m<\/td>\n<\/tr>\n<\/tbody>\n<\/table>\n<h2><span class=\"ez-toc-section\" id=\"Mechanische_Abmessungen_mm\"><\/span>Mechanische Abmessungen: mm<span class=\"ez-toc-section-end\"><\/span><\/h2>\n<p><img fetchpriority=\"high\" decoding=\"async\" class=\"size-full wp-image-5627 aligncenter\" src=\"https:\/\/www.gian-transmission.com\/wp-content\/uploads\/2024\/10\/Gian-TR039-P01-Brushed-Planetary-Gear-Motor-for-Mechanical-Dimensions.png\" alt=\"\" width=\"1168\" height=\"529\" srcset=\"https:\/\/www.gian-transmission.com\/wp-content\/uploads\/2024\/10\/Gian-TR039-P01-Brushed-Planetary-Gear-Motor-for-Mechanical-Dimensions.png 1168w, https:\/\/www.gian-transmission.com\/wp-content\/uploads\/2024\/10\/Gian-TR039-P01-Brushed-Planetary-Gear-Motor-for-Mechanical-Dimensions-300x136.png 300w, https:\/\/www.gian-transmission.com\/wp-content\/uploads\/2024\/10\/Gian-TR039-P01-Brushed-Planetary-Gear-Motor-for-Mechanical-Dimensions-1024x464.png 1024w, https:\/\/www.gian-transmission.com\/wp-content\/uploads\/2024\/10\/Gian-TR039-P01-Brushed-Planetary-Gear-Motor-for-Mechanical-Dimensions-768x348.png 768w, https:\/\/www.gian-transmission.com\/wp-content\/uploads\/2024\/10\/Gian-TR039-P01-Brushed-Planetary-Gear-Motor-for-Mechanical-Dimensions-600x272.png 600w\" sizes=\"(max-width: 1168px) 100vw, 1168px\" \/><\/p>\n<p>&nbsp;<\/p>\n<p>&nbsp;<\/p>\n","protected":false},"excerpt":{"rendered":"<ul>\n<li> <strong> Nennspannung:<\/strong> Funktioniert effizient mit einer Nennspannung von 12 V.<\/li>\n<li><strong>Leerlaufdrehzahl:<\/strong> 255 \u00b1 2 5,5 U\/min, wodurch ein pr\u00e4ziser, reibungsloser und zuverl\u00e4ssiger Betrieb bei niedriger Geschwindigkeit gew\u00e4hrleistet wird.<\/li>\n<li><strong>Typische Anwendungen:<\/strong> Getriebe f\u00fcr elektrischen Kofferraum.<\/li>\n<\/ul>\n","protected":false},"featured_media":9581,"comment_status":"closed","ping_status":"closed","template":"","meta":{"site-sidebar-layout":"default","site-content-layout":"","ast-site-content-layout":"default","site-content-style":"default","site-sidebar-style":"default","ast-global-header-display":"","ast-banner-title-visibility":"","ast-main-header-display":"","ast-hfb-above-header-display":"","ast-hfb-below-header-display":"","ast-hfb-mobile-header-display":"","site-post-title":"","ast-breadcrumbs-content":"","ast-featured-img":"","footer-sml-layout":"","theme-transparent-header-meta":"default","adv-header-id-meta":"","stick-header-meta":"","header-above-stick-meta":"","header-main-stick-meta":"","header-below-stick-meta":"","astra-migrate-meta-layouts":"default","ast-page-background-enabled":"default","ast-page-background-meta":{"desktop":{"background-color":"var(--ast-global-color-4)","background-image":"","background-repeat":"repeat","background-position":"center center","background-size":"auto","background-attachment":"scroll","background-type":"","background-media":"","overlay-type":"","overlay-color":"","overlay-opacity":"","overlay-gradient":""},"tablet":{"background-color":"","background-image":"","background-repeat":"repeat","background-position":"center center","background-size":"auto","background-attachment":"scroll","background-type":"","background-media":"","overlay-type":"","overlay-color":"","overlay-opacity":"","overlay-gradient":""},"mobile":{"background-color":"","background-image":"","background-repeat":"repeat","background-position":"center center","background-size":"auto","background-attachment":"scroll","background-type":"","background-media":"","overlay-type":"","overlay-color":"","overlay-opacity":"","overlay-gradient":""}},"ast-content-background-meta":{"desktop":{"background-color":"var(--ast-global-color-5)","background-image":"","background-repeat":"repeat","background-position":"center center","background-size":"auto","background-attachment":"scroll","background-type":"","background-media":"","overlay-type":"","overlay-color":"","overlay-opacity":"","overlay-gradient":""},"tablet":{"background-color":"var(--ast-global-color-5)","background-image":"","background-repeat":"repeat","background-position":"center center","background-size":"auto","background-attachment":"scroll","background-type":"","background-media":"","overlay-type":"","overlay-color":"","overlay-opacity":"","overlay-gradient":""},"mobile":{"background-color":"var(--ast-global-color-5)","background-image":"","background-repeat":"repeat","background-position":"center center","background-size":"auto","background-attachment":"scroll","background-type":"","background-media":"","overlay-type":"","overlay-color":"","overlay-opacity":"","overlay-gradient":""}}},"product_brand":[],"product_cat":[147,145,148],"product_tag":[],"class_list":{"0":"post-9580","1":"product","2":"type-product","3":"status-publish","4":"has-post-thumbnail","6":"product_cat-getriebe-motoren","7":"product_cat-planetengetriebemotor","8":"product_cat-burstenbehafteter-planetengetriebemotor","9":"desktop-align-left","10":"tablet-align-left","11":"mobile-align-left","13":"first","14":"instock","15":"shipping-taxable","16":"product-type-simple"},"_links":{"self":[{"href":"https:\/\/www.gian-transmission.com\/de\/wp-json\/wp\/v2\/product\/9580"}],"collection":[{"href":"https:\/\/www.gian-transmission.com\/de\/wp-json\/wp\/v2\/product"}],"about":[{"href":"https:\/\/www.gian-transmission.com\/de\/wp-json\/wp\/v2\/types\/product"}],"replies":[{"embeddable":true,"href":"https:\/\/www.gian-transmission.com\/de\/wp-json\/wp\/v2\/comments?post=9580"}],"wp:featuredmedia":[{"embeddable":true,"href":"https:\/\/www.gian-transmission.com\/de\/wp-json\/wp\/v2\/media\/9581"}],"wp:attachment":[{"href":"https:\/\/www.gian-transmission.com\/de\/wp-json\/wp\/v2\/media?parent=9580"}],"wp:term":[{"taxonomy":"product_brand","embeddable":true,"href":"https:\/\/www.gian-transmission.com\/de\/wp-json\/wp\/v2\/product_brand?post=9580"},{"taxonomy":"product_cat","embeddable":true,"href":"https:\/\/www.gian-transmission.com\/de\/wp-json\/wp\/v2\/product_cat?post=9580"},{"taxonomy":"product_tag","embeddable":true,"href":"https:\/\/www.gian-transmission.com\/de\/wp-json\/wp\/v2\/product_tag?post=9580"}],"curies":[{"name":"wp","href":"https:\/\/api.w.org\/{rel}","templated":true}]}}