{"id":9571,"date":"2024-10-11T10:50:19","date_gmt":"2024-10-11T02:50:19","guid":{"rendered":"https:\/\/www.gian-transmission.com\/gian-tr060-p01-planetengetriebemotor-gebuerstet-5-v-115-u-min\/"},"modified":"2024-10-11T10:50:19","modified_gmt":"2024-10-11T02:50:19","slug":"gian-tr060-p01-planetengetriebemotor-gebuerstet-5-v-115-u-min","status":"publish","type":"product","link":"https:\/\/www.gian-transmission.com\/de\/gian-tr060-p01-planetengetriebemotor-gebuerstet-5-v-115-u-min\/","title":{"rendered":"Gian TR060-P01 Planetengetriebemotor ( Geb\u00fcrstet, 5 V, 115 U\/min )"},"content":{"rendered":"<h2><span class=\"ez-toc-section\" id=\"Leistungsparameter\"><\/span>Leistungsparameter<span class=\"ez-toc-section-end\"><\/span><\/h2>\n<table>\n<tbody>\n<tr>\n<td>Modell<\/td>\n<td>Nennspannung<\/td>\n<td>Nenndrehzahl<\/td>\n<td>Subtraktionsverh\u00e4ltnis<\/td>\n<td>Nennstrom<\/td>\n<td width=\"88\">Durchflussrate<\/td>\n<\/tr>\n<tr>\n<td>TR060-P01<\/td>\n<td>5V<\/td>\n<td>115 U\/min<\/td>\n<td>75<\/td>\n<td>\u22640.15A<\/td>\n<td width=\"88\">7,5 ml\/min \u00b1 1 ml<\/td>\n<\/tr>\n<\/tbody>\n<\/table>\n<h2><span class=\"ez-toc-section\" id=\"Mechanische_Abmessungen_mm\"><\/span>Mechanische Abmessungen: mm<span class=\"ez-toc-section-end\"><\/span><\/h2>\n<p><img fetchpriority=\"high\" decoding=\"async\" class=\"size-full wp-image-5689 aligncenter\" src=\"https:\/\/www.gian-transmission.com\/wp-content\/uploads\/2024\/10\/Gian-TR060-P01-Brushed-Planetary-Gear-Motor-for-Mechanical-Dimensions.png\" alt=\"Gian TR060-P01 B\u00fcrsten-Planetengetriebemotor f\u00fcr mechanische Abmessungen\" width=\"1210\" height=\"536\" srcset=\"https:\/\/www.gian-transmission.com\/wp-content\/uploads\/2024\/10\/Gian-TR060-P01-Brushed-Planetary-Gear-Motor-for-Mechanical-Dimensions.png 1210w, https:\/\/www.gian-transmission.com\/wp-content\/uploads\/2024\/10\/Gian-TR060-P01-Brushed-Planetary-Gear-Motor-for-Mechanical-Dimensions-300x133.png 300w, https:\/\/www.gian-transmission.com\/wp-content\/uploads\/2024\/10\/Gian-TR060-P01-Brushed-Planetary-Gear-Motor-for-Mechanical-Dimensions-1024x454.png 1024w, https:\/\/www.gian-transmission.com\/wp-content\/uploads\/2024\/10\/Gian-TR060-P01-Brushed-Planetary-Gear-Motor-for-Mechanical-Dimensions-768x340.png 768w, https:\/\/www.gian-transmission.com\/wp-content\/uploads\/2024\/10\/Gian-TR060-P01-Brushed-Planetary-Gear-Motor-for-Mechanical-Dimensions-600x266.png 600w\" sizes=\"(max-width: 1210px) 100vw, 1210px\" \/><\/p>\n","protected":false},"excerpt":{"rendered":"<ul>\n<li><strong>Nenndrehzahl:<\/strong> 115 U\/min, sorgt f\u00fcr eine effiziente, gleichm\u00e4\u00dfige Rotationsleistung.<\/li>\n<li><strong>Subtraktionsverh\u00e4ltnis:<\/strong> Das Untersetzungsverh\u00e4ltnis von 75:1 sorgt f\u00fcr ein hohes Drehmoment und eine kontrollierte Geschwindigkeitsleistung.<\/li>\n<li><strong>Typische Anwendungen:<\/strong> Schlauchpumpe f\u00fcr den Reiniger.<\/li>\n<\/ul>\n","protected":false},"featured_media":9572,"comment_status":"closed","ping_status":"closed","template":"","meta":{"site-sidebar-layout":"default","site-content-layout":"","ast-site-content-layout":"default","site-content-style":"default","site-sidebar-style":"default","ast-global-header-display":"","ast-banner-title-visibility":"","ast-main-header-display":"","ast-hfb-above-header-display":"","ast-hfb-below-header-display":"","ast-hfb-mobile-header-display":"","site-post-title":"","ast-breadcrumbs-content":"","ast-featured-img":"","footer-sml-layout":"","theme-transparent-header-meta":"default","adv-header-id-meta":"","stick-header-meta":"","header-above-stick-meta":"","header-main-stick-meta":"","header-below-stick-meta":"","astra-migrate-meta-layouts":"default","ast-page-background-enabled":"default","ast-page-background-meta":{"desktop":{"background-color":"var(--ast-global-color-4)","background-image":"","background-repeat":"repeat","background-position":"center center","background-size":"auto","background-attachment":"scroll","background-type":"","background-media":"","overlay-type":"","overlay-color":"","overlay-opacity":"","overlay-gradient":""},"tablet":{"background-color":"","background-image":"","background-repeat":"repeat","background-position":"center center","background-size":"auto","background-attachment":"scroll","background-type":"","background-media":"","overlay-type":"","overlay-color":"","overlay-opacity":"","overlay-gradient":""},"mobile":{"background-color":"","background-image":"","background-repeat":"repeat","background-position":"center center","background-size":"auto","background-attachment":"scroll","background-type":"","background-media":"","overlay-type":"","overlay-color":"","overlay-opacity":"","overlay-gradient":""}},"ast-content-background-meta":{"desktop":{"background-color":"var(--ast-global-color-5)","background-image":"","background-repeat":"repeat","background-position":"center center","background-size":"auto","background-attachment":"scroll","background-type":"","background-media":"","overlay-type":"","overlay-color":"","overlay-opacity":"","overlay-gradient":""},"tablet":{"background-color":"var(--ast-global-color-5)","background-image":"","background-repeat":"repeat","background-position":"center center","background-size":"auto","background-attachment":"scroll","background-type":"","background-media":"","overlay-type":"","overlay-color":"","overlay-opacity":"","overlay-gradient":""},"mobile":{"background-color":"var(--ast-global-color-5)","background-image":"","background-repeat":"repeat","background-position":"center center","background-size":"auto","background-attachment":"scroll","background-type":"","background-media":"","overlay-type":"","overlay-color":"","overlay-opacity":"","overlay-gradient":""}}},"product_brand":[],"product_cat":[145,148],"product_tag":[],"class_list":{"0":"post-9571","1":"product","2":"type-product","3":"status-publish","4":"has-post-thumbnail","6":"product_cat-planetengetriebemotor","7":"product_cat-burstenbehafteter-planetengetriebemotor","8":"desktop-align-left","9":"tablet-align-left","10":"mobile-align-left","12":"first","13":"instock","14":"shipping-taxable","15":"product-type-simple"},"_links":{"self":[{"href":"https:\/\/www.gian-transmission.com\/de\/wp-json\/wp\/v2\/product\/9571"}],"collection":[{"href":"https:\/\/www.gian-transmission.com\/de\/wp-json\/wp\/v2\/product"}],"about":[{"href":"https:\/\/www.gian-transmission.com\/de\/wp-json\/wp\/v2\/types\/product"}],"replies":[{"embeddable":true,"href":"https:\/\/www.gian-transmission.com\/de\/wp-json\/wp\/v2\/comments?post=9571"}],"wp:featuredmedia":[{"embeddable":true,"href":"https:\/\/www.gian-transmission.com\/de\/wp-json\/wp\/v2\/media\/9572"}],"wp:attachment":[{"href":"https:\/\/www.gian-transmission.com\/de\/wp-json\/wp\/v2\/media?parent=9571"}],"wp:term":[{"taxonomy":"product_brand","embeddable":true,"href":"https:\/\/www.gian-transmission.com\/de\/wp-json\/wp\/v2\/product_brand?post=9571"},{"taxonomy":"product_cat","embeddable":true,"href":"https:\/\/www.gian-transmission.com\/de\/wp-json\/wp\/v2\/product_cat?post=9571"},{"taxonomy":"product_tag","embeddable":true,"href":"https:\/\/www.gian-transmission.com\/de\/wp-json\/wp\/v2\/product_tag?post=9571"}],"curies":[{"name":"wp","href":"https:\/\/api.w.org\/{rel}","templated":true}]}}