{"id":9526,"date":"2024-08-07T16:01:26","date_gmt":"2024-08-07T08:01:26","guid":{"rendered":"https:\/\/www.gian-transmission.com\/gian-tr019-p01-permanentmagnet-schrittmotor-12v-3-75\/"},"modified":"2024-08-07T16:01:26","modified_gmt":"2024-08-07T08:01:26","slug":"gian-tr019-p01-permanentmagnet-schrittmotor-12v-3-75","status":"publish","type":"product","link":"https:\/\/www.gian-transmission.com\/de\/gian-tr019-p01-permanentmagnet-schrittmotor-12v-3-75\/","title":{"rendered":"Gian TR019-P01 Permanentmagnet Schrittmotor ( 12V, 3.75\u00b0 )"},"content":{"rendered":"<h2><span class=\"ez-toc-section\" id=\"Leistungsparameter\"><\/span>Leistungsparameter<span class=\"ez-toc-section-end\"><\/span><\/h2>\n<table>\n<tbody>\n<tr>\n<td>Modell<\/td>\n<td>Nennspannung<\/td>\n<td>Schrittwinkel<\/td>\n<td>Phasennummer<\/td>\n<td>Widerstand<\/td>\n<td>Auszugsdrehmoment<\/td>\n<td>Fahrmodus<\/td>\n<\/tr>\n<tr>\n<td rowspan=\"3\">TR019-P01<\/td>\n<td>12V<\/td>\n<td>3.75\u00b0<\/td>\n<td>1-2phasig<\/td>\n<td>46\u03a9<\/td>\n<td>125gf.cm<br \/>\n(31PPS\/12V)<\/td>\n<td>Unipolare Spannung<\/td>\n<\/tr>\n<tr>\n<td>Schubkraft Gr\u00f6\u00dfe<\/td>\n<td>Ger\u00e4usch<\/td>\n<td colspan=\"2\">Nennleistungsaufnahme<\/td>\n<td>Auszugsdrehmoment<\/td>\n<td>Antriebsart<\/td>\n<\/tr>\n<tr>\n<td>50N<\/td>\n<td>\u226460dB<\/td>\n<td colspan=\"2\">4.1W<\/td>\n<td>JSTXHP-5<\/td>\n<td>-30\u00b0~+70\u00b0<\/td>\n<\/tr>\n<\/tbody>\n<\/table>\n<p>&nbsp;<\/p>\n<h2><span class=\"ez-toc-section\" id=\"Mechanische_Abmessungen_mm\"><\/span>Mechanische Abmessungen: mm<span class=\"ez-toc-section-end\"><\/span><\/h2>\n<p><img fetchpriority=\"high\" decoding=\"async\" class=\"size-full wp-image-5605 aligncenter\" src=\"https:\/\/www.gian-transmission.com\/wp-content\/uploads\/2024\/08\/Gian-TR019-P01-PM-Stepper-Motor-of-Mechanical-Dimensions.png\" alt=\"Gian TR019-P01 PM Schrittmotor mit mechanischen Abmessungen\" width=\"1200\" height=\"577\" srcset=\"https:\/\/www.gian-transmission.com\/wp-content\/uploads\/2024\/08\/Gian-TR019-P01-PM-Stepper-Motor-of-Mechanical-Dimensions.png 1200w, https:\/\/www.gian-transmission.com\/wp-content\/uploads\/2024\/08\/Gian-TR019-P01-PM-Stepper-Motor-of-Mechanical-Dimensions-300x144.png 300w, https:\/\/www.gian-transmission.com\/wp-content\/uploads\/2024\/08\/Gian-TR019-P01-PM-Stepper-Motor-of-Mechanical-Dimensions-1024x492.png 1024w, https:\/\/www.gian-transmission.com\/wp-content\/uploads\/2024\/08\/Gian-TR019-P01-PM-Stepper-Motor-of-Mechanical-Dimensions-768x369.png 768w, https:\/\/www.gian-transmission.com\/wp-content\/uploads\/2024\/08\/Gian-TR019-P01-PM-Stepper-Motor-of-Mechanical-Dimensions-600x289.png 600w\" sizes=\"(max-width: 1200px) 100vw, 1200px\" \/><\/p>\n<p>&nbsp;<\/p>\n","protected":false},"excerpt":{"rendered":"<ul>\n<li><strong>Gr\u00f6\u00dfe:<\/strong> 54*42.4*30mm<\/li>\n<li><strong>Schrittwinkel:<\/strong> Der Schrittwinkel von 3,75\u00b0 gew\u00e4hrleistet eine pr\u00e4zise Steuerung und gleichm\u00e4\u00dfige Bewegung bei Anwendungen.<\/li>\n<li><strong>Widerstand:<\/strong> 40 \u03a9 Widerstand gew\u00e4hrleisten einen stabilen Betrieb und eine konstante Drehmomentabgabe.<\/li>\n<li><strong>Typische Anwendungen:<\/strong> Verbessertes umweltfreundliches Fahrzeug<\/li>\n<\/ul>\n","protected":false},"featured_media":4118,"comment_status":"closed","ping_status":"closed","template":"","meta":{"site-sidebar-layout":"default","site-content-layout":"","ast-site-content-layout":"default","site-content-style":"default","site-sidebar-style":"default","ast-global-header-display":"","ast-banner-title-visibility":"","ast-main-header-display":"","ast-hfb-above-header-display":"","ast-hfb-below-header-display":"","ast-hfb-mobile-header-display":"","site-post-title":"","ast-breadcrumbs-content":"","ast-featured-img":"","footer-sml-layout":"","theme-transparent-header-meta":"default","adv-header-id-meta":"","stick-header-meta":"","header-above-stick-meta":"","header-main-stick-meta":"","header-below-stick-meta":"","astra-migrate-meta-layouts":"default","ast-page-background-enabled":"default","ast-page-background-meta":{"desktop":{"background-color":"var(--ast-global-color-4)","background-image":"","background-repeat":"repeat","background-position":"center center","background-size":"auto","background-attachment":"scroll","background-type":"","background-media":"","overlay-type":"","overlay-color":"","overlay-opacity":"","overlay-gradient":""},"tablet":{"background-color":"","background-image":"","background-repeat":"repeat","background-position":"center center","background-size":"auto","background-attachment":"scroll","background-type":"","background-media":"","overlay-type":"","overlay-color":"","overlay-opacity":"","overlay-gradient":""},"mobile":{"background-color":"","background-image":"","background-repeat":"repeat","background-position":"center center","background-size":"auto","background-attachment":"scroll","background-type":"","background-media":"","overlay-type":"","overlay-color":"","overlay-opacity":"","overlay-gradient":""}},"ast-content-background-meta":{"desktop":{"background-color":"var(--ast-global-color-5)","background-image":"","background-repeat":"repeat","background-position":"center center","background-size":"auto","background-attachment":"scroll","background-type":"","background-media":"","overlay-type":"","overlay-color":"","overlay-opacity":"","overlay-gradient":""},"tablet":{"background-color":"var(--ast-global-color-5)","background-image":"","background-repeat":"repeat","background-position":"center center","background-size":"auto","background-attachment":"scroll","background-type":"","background-media":"","overlay-type":"","overlay-color":"","overlay-opacity":"","overlay-gradient":""},"mobile":{"background-color":"var(--ast-global-color-5)","background-image":"","background-repeat":"repeat","background-position":"center center","background-size":"auto","background-attachment":"scroll","background-type":"","background-media":"","overlay-type":"","overlay-color":"","overlay-opacity":"","overlay-gradient":""}}},"product_brand":[],"product_cat":[139,137,138],"product_tag":[],"class_list":{"0":"post-9526","1":"product","2":"type-product","3":"status-publish","4":"has-post-thumbnail","6":"product_cat-motor-de","7":"product_cat-schrittmotor","8":"product_cat-permanentmagnet-schrittmotor","9":"desktop-align-left","10":"tablet-align-left","11":"mobile-align-left","13":"first","14":"instock","15":"shipping-taxable","16":"product-type-simple"},"_links":{"self":[{"href":"https:\/\/www.gian-transmission.com\/de\/wp-json\/wp\/v2\/product\/9526"}],"collection":[{"href":"https:\/\/www.gian-transmission.com\/de\/wp-json\/wp\/v2\/product"}],"about":[{"href":"https:\/\/www.gian-transmission.com\/de\/wp-json\/wp\/v2\/types\/product"}],"replies":[{"embeddable":true,"href":"https:\/\/www.gian-transmission.com\/de\/wp-json\/wp\/v2\/comments?post=9526"}],"wp:featuredmedia":[{"embeddable":true,"href":"https:\/\/www.gian-transmission.com\/de\/wp-json\/wp\/v2\/media\/4118"}],"wp:attachment":[{"href":"https:\/\/www.gian-transmission.com\/de\/wp-json\/wp\/v2\/media?parent=9526"}],"wp:term":[{"taxonomy":"product_brand","embeddable":true,"href":"https:\/\/www.gian-transmission.com\/de\/wp-json\/wp\/v2\/product_brand?post=9526"},{"taxonomy":"product_cat","embeddable":true,"href":"https:\/\/www.gian-transmission.com\/de\/wp-json\/wp\/v2\/product_cat?post=9526"},{"taxonomy":"product_tag","embeddable":true,"href":"https:\/\/www.gian-transmission.com\/de\/wp-json\/wp\/v2\/product_tag?post=9526"}],"curies":[{"name":"wp","href":"https:\/\/api.w.org\/{rel}","templated":true}]}}