{"id":9498,"date":"2024-10-14T10:34:27","date_gmt":"2024-10-14T02:34:27","guid":{"rendered":"https:\/\/www.gian-transmission.com\/gian-bldc3626-innenlaeufer-12v-75w\/"},"modified":"2024-11-06T19:01:38","modified_gmt":"2024-11-06T11:01:38","slug":"gian-bldc3626-innenlaeufer-12v-75w","status":"publish","type":"product","link":"https:\/\/www.gian-transmission.com\/de\/gian-bldc3626-innenlaeufer-12v-75w\/","title":{"rendered":"Gian BLDC3626( Innenl\u00e4ufer, 12V, 7,5W )"},"content":{"rendered":"<h2><span class=\"ez-toc-section\" id=\"Leistungsparameter\"><\/span>Leistungsparameter<span class=\"ez-toc-section-end\"><\/span><\/h2>\n<table>\n<tbody>\n<tr>\n<td>Modell<\/td>\n<td>Nennspannung<\/td>\n<td>Nennausgangsleistung<\/td>\n<td>Nenndrehzahl<\/td>\n<td>Nenndrehmoment<\/td>\n<td>Nennstrom<\/td>\n<\/tr>\n<tr>\n<td>BLDC3626<\/td>\n<td>12V<\/td>\n<td>7.5W<\/td>\n<td>6000\u00b110%U\/min<\/td>\n<td>0.012N*m<\/td>\n<td>1\u00b110%A<\/td>\n<\/tr>\n<\/tbody>\n<\/table>\n<h2><span class=\"ez-toc-section\" id=\"Mechanische_Abmessungen_mm\"><\/span>Mechanische Abmessungen: mm<span class=\"ez-toc-section-end\"><\/span><\/h2>\n<p><img fetchpriority=\"high\" decoding=\"async\" class=\"size-full wp-image-5764 aligncenter\" src=\"https:\/\/www.gian-transmission.com\/wp-content\/uploads\/2024\/10\/BLDC3626-Inrunner-Brushless-DC-Motor-for-Mechanical-dimensions.png\" alt=\"BLDC3626 Innenl\u00e4ufer b\u00fcrstenloser Gleichstrommotor f\u00fcr mechanische Abmessungen\" width=\"1200\" height=\"490\" srcset=\"https:\/\/www.gian-transmission.com\/wp-content\/uploads\/2024\/10\/BLDC3626-Inrunner-Brushless-DC-Motor-for-Mechanical-dimensions.png 1200w, https:\/\/www.gian-transmission.com\/wp-content\/uploads\/2024\/10\/BLDC3626-Inrunner-Brushless-DC-Motor-for-Mechanical-dimensions-300x123.png 300w, https:\/\/www.gian-transmission.com\/wp-content\/uploads\/2024\/10\/BLDC3626-Inrunner-Brushless-DC-Motor-for-Mechanical-dimensions-1024x418.png 1024w, https:\/\/www.gian-transmission.com\/wp-content\/uploads\/2024\/10\/BLDC3626-Inrunner-Brushless-DC-Motor-for-Mechanical-dimensions-768x314.png 768w, https:\/\/www.gian-transmission.com\/wp-content\/uploads\/2024\/10\/BLDC3626-Inrunner-Brushless-DC-Motor-for-Mechanical-dimensions-600x245.png 600w\" sizes=\"(max-width: 1200px) 100vw, 1200px\" \/><\/p>\n","protected":false},"excerpt":{"rendered":"<ul>\n<li><strong>Nennausgangsleistung:<\/strong> 7,5 W und bietet effiziente Leistung f\u00fcr kleine, pr\u00e4zise Anwendungen.<\/li>\n<li><strong>Nenndrehmoment:<\/strong> 0,012 N*m, gew\u00e4hrleistet eine genaue Steuerung f\u00fcr Aufgaben mit geringem Stromverbrauch und hoher Pr\u00e4zision.<\/li>\n<li><strong>Typische Anwendungen:<\/strong> B\u00fcrstenloser Robotermotor.<\/li>\n<\/ul>\n","protected":false},"featured_media":9500,"comment_status":"closed","ping_status":"closed","template":"","meta":{"site-sidebar-layout":"default","site-content-layout":"","ast-site-content-layout":"default","site-content-style":"default","site-sidebar-style":"default","ast-global-header-display":"","ast-banner-title-visibility":"","ast-main-header-display":"","ast-hfb-above-header-display":"","ast-hfb-below-header-display":"","ast-hfb-mobile-header-display":"","site-post-title":"","ast-breadcrumbs-content":"","ast-featured-img":"","footer-sml-layout":"","theme-transparent-header-meta":"default","adv-header-id-meta":"","stick-header-meta":"","header-above-stick-meta":"","header-main-stick-meta":"","header-below-stick-meta":"","astra-migrate-meta-layouts":"set","ast-page-background-enabled":"default","ast-page-background-meta":{"desktop":{"background-color":"var(--ast-global-color-4)","background-image":"","background-repeat":"repeat","background-position":"center center","background-size":"auto","background-attachment":"scroll","background-type":"","background-media":"","overlay-type":"","overlay-color":"","overlay-opacity":"","overlay-gradient":""},"tablet":{"background-color":"","background-image":"","background-repeat":"repeat","background-position":"center center","background-size":"auto","background-attachment":"scroll","background-type":"","background-media":"","overlay-type":"","overlay-color":"","overlay-opacity":"","overlay-gradient":""},"mobile":{"background-color":"","background-image":"","background-repeat":"repeat","background-position":"center center","background-size":"auto","background-attachment":"scroll","background-type":"","background-media":"","overlay-type":"","overlay-color":"","overlay-opacity":"","overlay-gradient":""}},"ast-content-background-meta":{"desktop":{"background-color":"var(--ast-global-color-5)","background-image":"","background-repeat":"repeat","background-position":"center center","background-size":"auto","background-attachment":"scroll","background-type":"","background-media":"","overlay-type":"","overlay-color":"","overlay-opacity":"","overlay-gradient":""},"tablet":{"background-color":"var(--ast-global-color-5)","background-image":"","background-repeat":"repeat","background-position":"center center","background-size":"auto","background-attachment":"scroll","background-type":"","background-media":"","overlay-type":"","overlay-color":"","overlay-opacity":"","overlay-gradient":""},"mobile":{"background-color":"var(--ast-global-color-5)","background-image":"","background-repeat":"repeat","background-position":"center center","background-size":"auto","background-attachment":"scroll","background-type":"","background-media":"","overlay-type":"","overlay-color":"","overlay-opacity":"","overlay-gradient":""}}},"product_brand":[],"product_cat":[139,141,142],"product_tag":[],"class_list":{"0":"post-9498","1":"product","2":"type-product","3":"status-publish","4":"has-post-thumbnail","6":"product_cat-motor-de","7":"product_cat-burstenloser-dc-motor","8":"product_cat-bldc-innenlaufer-motoren","9":"desktop-align-left","10":"tablet-align-left","11":"mobile-align-left","13":"first","14":"instock","15":"shipping-taxable","16":"product-type-simple"},"_links":{"self":[{"href":"https:\/\/www.gian-transmission.com\/de\/wp-json\/wp\/v2\/product\/9498"}],"collection":[{"href":"https:\/\/www.gian-transmission.com\/de\/wp-json\/wp\/v2\/product"}],"about":[{"href":"https:\/\/www.gian-transmission.com\/de\/wp-json\/wp\/v2\/types\/product"}],"replies":[{"embeddable":true,"href":"https:\/\/www.gian-transmission.com\/de\/wp-json\/wp\/v2\/comments?post=9498"}],"wp:featuredmedia":[{"embeddable":true,"href":"https:\/\/www.gian-transmission.com\/de\/wp-json\/wp\/v2\/media\/9500"}],"wp:attachment":[{"href":"https:\/\/www.gian-transmission.com\/de\/wp-json\/wp\/v2\/media?parent=9498"}],"wp:term":[{"taxonomy":"product_brand","embeddable":true,"href":"https:\/\/www.gian-transmission.com\/de\/wp-json\/wp\/v2\/product_brand?post=9498"},{"taxonomy":"product_cat","embeddable":true,"href":"https:\/\/www.gian-transmission.com\/de\/wp-json\/wp\/v2\/product_cat?post=9498"},{"taxonomy":"product_tag","embeddable":true,"href":"https:\/\/www.gian-transmission.com\/de\/wp-json\/wp\/v2\/product_tag?post=9498"}],"curies":[{"name":"wp","href":"https:\/\/api.w.org\/{rel}","templated":true}]}}