{"id":9479,"date":"2024-10-14T15:29:08","date_gmt":"2024-10-14T07:29:08","guid":{"rendered":"https:\/\/www.gian-transmission.com\/gian-bldc1220-kernlos-24-v-700-%c2%b1-10-u-min\/"},"modified":"2024-11-06T18:52:12","modified_gmt":"2024-11-06T10:52:12","slug":"gian-bldc1220-kernlos-24-v-700-%c2%b1-10-u-min","status":"publish","type":"product","link":"https:\/\/www.gian-transmission.com\/de\/gian-bldc1220-kernlos-24-v-700-10-u-min\/","title":{"rendered":"Gian BLDC1220 (Kernlos, 24 V, 700 \u00b1 10 % U\/min)"},"content":{"rendered":"<h2><span class=\"ez-toc-section\" id=\"Leistungsparameter\"><\/span>Leistungsparameter<span class=\"ez-toc-section-end\"><\/span><\/h2>\n<table>\n<tbody>\n<tr>\n<td width=\"72\">Modell<\/td>\n<td width=\"104\">Betriebsspannung<\/td>\n<td width=\"100\">Ladegeschwindigkeit<\/td>\n<td width=\"93\">Lastmoment<\/td>\n<td width=\"86\">Laststrom<\/td>\n<td width=\"101\">Untersetzungsverh\u00e4ltnis<\/td>\n<\/tr>\n<tr>\n<td width=\"72\">BLDC1220<\/td>\n<td width=\"104\">24V<\/td>\n<td width=\"100\">700 \u00b1 10 % U\/min<\/td>\n<td width=\"93\">\u2265250g\u00b7cm<\/td>\n<td width=\"86\">\u2264600mA<\/td>\n<td width=\"101\">1:25<\/td>\n<\/tr>\n<\/tbody>\n<\/table>\n<h2><span class=\"ez-toc-section\" id=\"Mechanische_Abmessungen_mm\"><\/span>Mechanische Abmessungen: mm<span class=\"ez-toc-section-end\"><\/span><\/h2>\n<p><img fetchpriority=\"high\" decoding=\"async\" class=\"size-full wp-image-5785 aligncenter\" src=\"https:\/\/www.gian-transmission.com\/wp-content\/uploads\/2024\/10\/BLDC1220-Coreless-DC-Brushless-Motor-for-Mechanical-dimensions.png\" alt=\"BLDC1220 Kernloser b\u00fcrstenloser Gleichstrommotor f\u00fcr mechanische Abmessungen\" width=\"1200\" height=\"500\" srcset=\"https:\/\/www.gian-transmission.com\/wp-content\/uploads\/2024\/10\/BLDC1220-Coreless-DC-Brushless-Motor-for-Mechanical-dimensions.png 1200w, https:\/\/www.gian-transmission.com\/wp-content\/uploads\/2024\/10\/BLDC1220-Coreless-DC-Brushless-Motor-for-Mechanical-dimensions-300x125.png 300w, https:\/\/www.gian-transmission.com\/wp-content\/uploads\/2024\/10\/BLDC1220-Coreless-DC-Brushless-Motor-for-Mechanical-dimensions-1024x427.png 1024w, https:\/\/www.gian-transmission.com\/wp-content\/uploads\/2024\/10\/BLDC1220-Coreless-DC-Brushless-Motor-for-Mechanical-dimensions-768x320.png 768w, https:\/\/www.gian-transmission.com\/wp-content\/uploads\/2024\/10\/BLDC1220-Coreless-DC-Brushless-Motor-for-Mechanical-dimensions-600x250.png 600w\" sizes=\"(max-width: 1200px) 100vw, 1200px\" \/><\/p>\n","protected":false},"excerpt":{"rendered":"<ul>\n<li><strong>Betriebsspannung:<\/strong> Arbeitet mit 24 V, bietet hohe Effizienz, minimale Ger\u00e4uschentwicklung und ein leichtes Design f\u00fcr Pr\u00e4zisionsaufgaben.<\/li>\n<li><strong>Ladegeschwindigkeit:<\/strong> 700 \u00b1 10 % U\/min, gew\u00e4hrleistet zuverl\u00e4ssige Leistung und reibungslosen Betrieb in pr\u00e4zisionsgesteuerten Anwendungen.<\/li>\n<li><strong>Typische Anwendungen:<\/strong>Agiler Handmotor.<\/li>\n<\/ul>\n","protected":false},"featured_media":9481,"comment_status":"closed","ping_status":"closed","template":"","meta":{"site-sidebar-layout":"default","site-content-layout":"","ast-site-content-layout":"default","site-content-style":"default","site-sidebar-style":"default","ast-global-header-display":"","ast-banner-title-visibility":"","ast-main-header-display":"","ast-hfb-above-header-display":"","ast-hfb-below-header-display":"","ast-hfb-mobile-header-display":"","site-post-title":"","ast-breadcrumbs-content":"","ast-featured-img":"","footer-sml-layout":"","theme-transparent-header-meta":"default","adv-header-id-meta":"","stick-header-meta":"","header-above-stick-meta":"","header-main-stick-meta":"","header-below-stick-meta":"","astra-migrate-meta-layouts":"set","ast-page-background-enabled":"default","ast-page-background-meta":{"desktop":{"background-color":"var(--ast-global-color-4)","background-image":"","background-repeat":"repeat","background-position":"center center","background-size":"auto","background-attachment":"scroll","background-type":"","background-media":"","overlay-type":"","overlay-color":"","overlay-opacity":"","overlay-gradient":""},"tablet":{"background-color":"","background-image":"","background-repeat":"repeat","background-position":"center center","background-size":"auto","background-attachment":"scroll","background-type":"","background-media":"","overlay-type":"","overlay-color":"","overlay-opacity":"","overlay-gradient":""},"mobile":{"background-color":"","background-image":"","background-repeat":"repeat","background-position":"center center","background-size":"auto","background-attachment":"scroll","background-type":"","background-media":"","overlay-type":"","overlay-color":"","overlay-opacity":"","overlay-gradient":""}},"ast-content-background-meta":{"desktop":{"background-color":"var(--ast-global-color-5)","background-image":"","background-repeat":"repeat","background-position":"center center","background-size":"auto","background-attachment":"scroll","background-type":"","background-media":"","overlay-type":"","overlay-color":"","overlay-opacity":"","overlay-gradient":""},"tablet":{"background-color":"var(--ast-global-color-5)","background-image":"","background-repeat":"repeat","background-position":"center center","background-size":"auto","background-attachment":"scroll","background-type":"","background-media":"","overlay-type":"","overlay-color":"","overlay-opacity":"","overlay-gradient":""},"mobile":{"background-color":"var(--ast-global-color-5)","background-image":"","background-repeat":"repeat","background-position":"center center","background-size":"auto","background-attachment":"scroll","background-type":"","background-media":"","overlay-type":"","overlay-color":"","overlay-opacity":"","overlay-gradient":""}}},"product_brand":[],"product_cat":[139,140],"product_tag":[],"class_list":{"0":"post-9479","1":"product","2":"type-product","3":"status-publish","4":"has-post-thumbnail","6":"product_cat-motor-de","7":"product_cat-kernloser-burstenloser-gleichstrommotor","8":"desktop-align-left","9":"tablet-align-left","10":"mobile-align-left","12":"first","13":"instock","14":"shipping-taxable","15":"product-type-simple"},"_links":{"self":[{"href":"https:\/\/www.gian-transmission.com\/de\/wp-json\/wp\/v2\/product\/9479"}],"collection":[{"href":"https:\/\/www.gian-transmission.com\/de\/wp-json\/wp\/v2\/product"}],"about":[{"href":"https:\/\/www.gian-transmission.com\/de\/wp-json\/wp\/v2\/types\/product"}],"replies":[{"embeddable":true,"href":"https:\/\/www.gian-transmission.com\/de\/wp-json\/wp\/v2\/comments?post=9479"}],"wp:featuredmedia":[{"embeddable":true,"href":"https:\/\/www.gian-transmission.com\/de\/wp-json\/wp\/v2\/media\/9481"}],"wp:attachment":[{"href":"https:\/\/www.gian-transmission.com\/de\/wp-json\/wp\/v2\/media?parent=9479"}],"wp:term":[{"taxonomy":"product_brand","embeddable":true,"href":"https:\/\/www.gian-transmission.com\/de\/wp-json\/wp\/v2\/product_brand?post=9479"},{"taxonomy":"product_cat","embeddable":true,"href":"https:\/\/www.gian-transmission.com\/de\/wp-json\/wp\/v2\/product_cat?post=9479"},{"taxonomy":"product_tag","embeddable":true,"href":"https:\/\/www.gian-transmission.com\/de\/wp-json\/wp\/v2\/product_tag?post=9479"}],"curies":[{"name":"wp","href":"https:\/\/api.w.org\/{rel}","templated":true}]}}