{"id":9473,"date":"2024-10-14T15:57:35","date_gmt":"2024-10-14T07:57:35","guid":{"rendered":"https:\/\/www.gian-transmission.com\/gian-tr014-p01-permanentmagnet-schrittmotor-5v-165-u-min-18\/"},"modified":"2024-11-06T18:55:00","modified_gmt":"2024-11-06T10:55:00","slug":"gian-tr014-p01-permanentmagnet-schrittmotor-5v-165-u-min-18","status":"publish","type":"product","link":"https:\/\/www.gian-transmission.com\/de\/gian-tr014-p01-permanentmagnet-schrittmotor-5v-165-u-min-18\/","title":{"rendered":"Gian TR014-P01 Permanentmagnet Schrittmotor ( 5V, 165 U\/min, 18\u00b0)"},"content":{"rendered":"<h2><span class=\"ez-toc-section\" id=\"Leistungsparameter\"><\/span>Leistungsparameter<span class=\"ez-toc-section-end\"><\/span><\/h2>\n<table>\n<tbody>\n<tr>\n<td>Modell<\/td>\n<td>Nennspannung<\/td>\n<td>Nenndrehzahl<\/td>\n<td>Untersetzungsverh\u00e4ltnis<\/td>\n<td>Schrittwinkel<\/td>\n<td>Pull-Frequenz<\/td>\n<\/tr>\n<tr>\n<td rowspan=\"3\">TR014-P01<\/td>\n<td>5V<\/td>\n<td>165 U\/min<\/td>\n<td>20<\/td>\n<td>18\u00b0<\/td>\n<td>1100pps<\/td>\n<\/tr>\n<tr>\n<td>Nennstrom<\/td>\n<td>ltinerar<\/td>\n<td colspan=\"2\">Einzelne Ausl\u00f6sezeit<\/td>\n<td>Rauschen<\/td>\n<\/tr>\n<tr>\n<td>\u22640.45A<\/td>\n<td>31.5mm<\/td>\n<td colspan=\"2\">3.18S<\/td>\n<td>42dB(30cm)(A)MAX<\/td>\n<\/tr>\n<\/tbody>\n<\/table>\n<h2><span class=\"ez-toc-section\" id=\"Mechanische_Abmessungen_mm\"><\/span>Mechanische Abmessungen: mm<span class=\"ez-toc-section-end\"><\/span><\/h2>\n<p><img fetchpriority=\"high\" decoding=\"async\" class=\"alignnone size-full wp-image-5801\" src=\"https:\/\/www.gian-transmission.com\/wp-content\/uploads\/2024\/10\/TR014-P01-1.jpg\" alt=\"TR014-P01 Permanentmagnet Schrittmotor\" width=\"1200\" height=\"600\" srcset=\"https:\/\/www.gian-transmission.com\/wp-content\/uploads\/2024\/10\/TR014-P01-1.jpg 1200w, https:\/\/www.gian-transmission.com\/wp-content\/uploads\/2024\/10\/TR014-P01-1-300x150.jpg 300w, https:\/\/www.gian-transmission.com\/wp-content\/uploads\/2024\/10\/TR014-P01-1-1024x512.jpg 1024w, https:\/\/www.gian-transmission.com\/wp-content\/uploads\/2024\/10\/TR014-P01-1-768x384.jpg 768w, https:\/\/www.gian-transmission.com\/wp-content\/uploads\/2024\/10\/TR014-P01-1-600x300.jpg 600w\" sizes=\"(max-width: 1200px) 100vw, 1200px\" \/><\/p>\n","protected":false},"excerpt":{"rendered":"<ul>\n<li><strong>Route:<\/strong> Der 31,5-mm-F\u00fchrungsweg erm\u00f6glicht eine pr\u00e4zise Positionierung und eine sanfte Steuerung der linearen Bewegung.<\/li>\n<li><strong>Einzelfahrtzeit: <\/strong>Eine einzelne Ausl\u00f6sezeit von 3,18 s erm\u00f6glicht eine effiziente, kontrollierte und pr\u00e4zise Bewegungsausf\u00fchrung.<\/li>\n<li><strong>Typische Anwendung:<\/strong> Anheben einer Fernsehkamera<\/li>\n<\/ul>\n","protected":false},"featured_media":9474,"comment_status":"closed","ping_status":"closed","template":"","meta":{"site-sidebar-layout":"default","site-content-layout":"","ast-site-content-layout":"default","site-content-style":"default","site-sidebar-style":"default","ast-global-header-display":"","ast-banner-title-visibility":"","ast-main-header-display":"","ast-hfb-above-header-display":"","ast-hfb-below-header-display":"","ast-hfb-mobile-header-display":"","site-post-title":"","ast-breadcrumbs-content":"","ast-featured-img":"","footer-sml-layout":"","theme-transparent-header-meta":"default","adv-header-id-meta":"","stick-header-meta":"","header-above-stick-meta":"","header-main-stick-meta":"","header-below-stick-meta":"","astra-migrate-meta-layouts":"set","ast-page-background-enabled":"default","ast-page-background-meta":{"desktop":{"background-color":"var(--ast-global-color-4)","background-image":"","background-repeat":"repeat","background-position":"center center","background-size":"auto","background-attachment":"scroll","background-type":"","background-media":"","overlay-type":"","overlay-color":"","overlay-opacity":"","overlay-gradient":""},"tablet":{"background-color":"","background-image":"","background-repeat":"repeat","background-position":"center center","background-size":"auto","background-attachment":"scroll","background-type":"","background-media":"","overlay-type":"","overlay-color":"","overlay-opacity":"","overlay-gradient":""},"mobile":{"background-color":"","background-image":"","background-repeat":"repeat","background-position":"center center","background-size":"auto","background-attachment":"scroll","background-type":"","background-media":"","overlay-type":"","overlay-color":"","overlay-opacity":"","overlay-gradient":""}},"ast-content-background-meta":{"desktop":{"background-color":"var(--ast-global-color-5)","background-image":"","background-repeat":"repeat","background-position":"center center","background-size":"auto","background-attachment":"scroll","background-type":"","background-media":"","overlay-type":"","overlay-color":"","overlay-opacity":"","overlay-gradient":""},"tablet":{"background-color":"var(--ast-global-color-5)","background-image":"","background-repeat":"repeat","background-position":"center center","background-size":"auto","background-attachment":"scroll","background-type":"","background-media":"","overlay-type":"","overlay-color":"","overlay-opacity":"","overlay-gradient":""},"mobile":{"background-color":"var(--ast-global-color-5)","background-image":"","background-repeat":"repeat","background-position":"center center","background-size":"auto","background-attachment":"scroll","background-type":"","background-media":"","overlay-type":"","overlay-color":"","overlay-opacity":"","overlay-gradient":""}}},"product_brand":[],"product_cat":[139,137,138],"product_tag":[],"class_list":{"0":"post-9473","1":"product","2":"type-product","3":"status-publish","4":"has-post-thumbnail","6":"product_cat-motor-de","7":"product_cat-schrittmotor","8":"product_cat-permanentmagnet-schrittmotor","9":"desktop-align-left","10":"tablet-align-left","11":"mobile-align-left","13":"first","14":"instock","15":"shipping-taxable","16":"product-type-simple"},"_links":{"self":[{"href":"https:\/\/www.gian-transmission.com\/de\/wp-json\/wp\/v2\/product\/9473"}],"collection":[{"href":"https:\/\/www.gian-transmission.com\/de\/wp-json\/wp\/v2\/product"}],"about":[{"href":"https:\/\/www.gian-transmission.com\/de\/wp-json\/wp\/v2\/types\/product"}],"replies":[{"embeddable":true,"href":"https:\/\/www.gian-transmission.com\/de\/wp-json\/wp\/v2\/comments?post=9473"}],"wp:featuredmedia":[{"embeddable":true,"href":"https:\/\/www.gian-transmission.com\/de\/wp-json\/wp\/v2\/media\/9474"}],"wp:attachment":[{"href":"https:\/\/www.gian-transmission.com\/de\/wp-json\/wp\/v2\/media?parent=9473"}],"wp:term":[{"taxonomy":"product_brand","embeddable":true,"href":"https:\/\/www.gian-transmission.com\/de\/wp-json\/wp\/v2\/product_brand?post=9473"},{"taxonomy":"product_cat","embeddable":true,"href":"https:\/\/www.gian-transmission.com\/de\/wp-json\/wp\/v2\/product_cat?post=9473"},{"taxonomy":"product_tag","embeddable":true,"href":"https:\/\/www.gian-transmission.com\/de\/wp-json\/wp\/v2\/product_tag?post=9473"}],"curies":[{"name":"wp","href":"https:\/\/api.w.org\/{rel}","templated":true}]}}