{"id":9470,"date":"2024-10-14T16:08:05","date_gmt":"2024-10-14T08:08:05","guid":{"rendered":"https:\/\/www.gian-transmission.com\/gian-tr008-p02-permanentmagnet-schrittmotor-5-v-444-u-min-225\/"},"modified":"2024-11-06T18:51:37","modified_gmt":"2024-11-06T10:51:37","slug":"gian-tr008-p02-permanentmagnet-schrittmotor-5-v-444-u-min-225","status":"publish","type":"product","link":"https:\/\/www.gian-transmission.com\/de\/gian-tr008-p02-permanentmagnet-schrittmotor-5-v-444-u-min-225\/","title":{"rendered":"Gian TR008-P02 Permanentmagnet Schrittmotor ( 5 V, 444 U\/min, 22,5\u00b0)"},"content":{"rendered":"<h2><span class=\"ez-toc-section\" id=\"Leistungsparameter\"><\/span>Leistungsparameter<span class=\"ez-toc-section-end\"><\/span><\/h2>\n<table>\n<tbody>\n<tr>\n<td>Modell<\/td>\n<td>Nennspannung<\/td>\n<td>Nenndrehzahl<\/td>\n<td>Untersetzungsverh\u00e4ltnis<\/td>\n<td>Schrittwinkel<\/td>\n<td>Pull-Frequenz<\/td>\n<\/tr>\n<tr>\n<td rowspan=\"3\">TR008-P02<\/td>\n<td>5V<\/td>\n<td>444 U\/min<\/td>\n<td>25<\/td>\n<td>22.5\u00b0<\/td>\n<td>2400pps<\/td>\n<\/tr>\n<tr>\n<td>Nennstrom<\/td>\n<td>Reiseverlauf<\/td>\n<td colspan=\"2\">Einzelfahrtzeit<\/td>\n<td>Noise<\/td>\n<\/tr>\n<tr>\n<td>\u22640.45A<\/td>\n<td>8.6mm<\/td>\n<td colspan=\"2\">0.48S<\/td>\n<td>55dB(10cm)(A)MAX<\/td>\n<\/tr>\n<\/tbody>\n<\/table>\n<h2><span class=\"ez-toc-section\" id=\"Mechanische_Abmessungen_mm\"><\/span>Mechanische Abmessungen: mm<span class=\"ez-toc-section-end\"><\/span><\/h2>\n<p><img fetchpriority=\"high\" decoding=\"async\" class=\"alignnone size-full wp-image-5805\" src=\"https:\/\/www.gian-transmission.com\/wp-content\/uploads\/2024\/10\/TR008-P02-1.jpg\" alt=\"Mechanische Abmessungen f\u00fcr TR008-P02 PM-Schrittmotor\" width=\"1200\" height=\"600\" srcset=\"https:\/\/www.gian-transmission.com\/wp-content\/uploads\/2024\/10\/TR008-P02-1.jpg 1200w, https:\/\/www.gian-transmission.com\/wp-content\/uploads\/2024\/10\/TR008-P02-1-300x150.jpg 300w, https:\/\/www.gian-transmission.com\/wp-content\/uploads\/2024\/10\/TR008-P02-1-1024x512.jpg 1024w, https:\/\/www.gian-transmission.com\/wp-content\/uploads\/2024\/10\/TR008-P02-1-768x384.jpg 768w, https:\/\/www.gian-transmission.com\/wp-content\/uploads\/2024\/10\/TR008-P02-1-600x300.jpg 600w\" sizes=\"(max-width: 1200px) 100vw, 1200px\" \/><\/p>\n","protected":false},"excerpt":{"rendered":"<ul>\n<li><strong>L\u00e4rm: <\/strong>Ein Ger\u00e4uschpegel von 55 dB sorgt f\u00fcr einen ger\u00e4uscharmen Betrieb.<\/li>\n<li><strong>Schrittwinkel:<\/strong> Ein Schrittwinkel von 22,5\u00b0 erm\u00f6glicht pr\u00e4zise Kontrolle und sanfte Drehbewegung.<\/li>\n<li><strong>Typische Anwendung:<\/strong> Handy-Kamera-Heben<\/li>\n<\/ul>\n<p>&nbsp;<\/p>\n","protected":false},"featured_media":9471,"comment_status":"closed","ping_status":"closed","template":"","meta":{"site-sidebar-layout":"default","site-content-layout":"","ast-site-content-layout":"default","site-content-style":"default","site-sidebar-style":"default","ast-global-header-display":"","ast-banner-title-visibility":"","ast-main-header-display":"","ast-hfb-above-header-display":"","ast-hfb-below-header-display":"","ast-hfb-mobile-header-display":"","site-post-title":"","ast-breadcrumbs-content":"","ast-featured-img":"","footer-sml-layout":"","theme-transparent-header-meta":"default","adv-header-id-meta":"","stick-header-meta":"","header-above-stick-meta":"","header-main-stick-meta":"","header-below-stick-meta":"","astra-migrate-meta-layouts":"set","ast-page-background-enabled":"default","ast-page-background-meta":{"desktop":{"background-color":"var(--ast-global-color-4)","background-image":"","background-repeat":"repeat","background-position":"center center","background-size":"auto","background-attachment":"scroll","background-type":"","background-media":"","overlay-type":"","overlay-color":"","overlay-opacity":"","overlay-gradient":""},"tablet":{"background-color":"","background-image":"","background-repeat":"repeat","background-position":"center center","background-size":"auto","background-attachment":"scroll","background-type":"","background-media":"","overlay-type":"","overlay-color":"","overlay-opacity":"","overlay-gradient":""},"mobile":{"background-color":"","background-image":"","background-repeat":"repeat","background-position":"center center","background-size":"auto","background-attachment":"scroll","background-type":"","background-media":"","overlay-type":"","overlay-color":"","overlay-opacity":"","overlay-gradient":""}},"ast-content-background-meta":{"desktop":{"background-color":"var(--ast-global-color-5)","background-image":"","background-repeat":"repeat","background-position":"center center","background-size":"auto","background-attachment":"scroll","background-type":"","background-media":"","overlay-type":"","overlay-color":"","overlay-opacity":"","overlay-gradient":""},"tablet":{"background-color":"var(--ast-global-color-5)","background-image":"","background-repeat":"repeat","background-position":"center center","background-size":"auto","background-attachment":"scroll","background-type":"","background-media":"","overlay-type":"","overlay-color":"","overlay-opacity":"","overlay-gradient":""},"mobile":{"background-color":"var(--ast-global-color-5)","background-image":"","background-repeat":"repeat","background-position":"center center","background-size":"auto","background-attachment":"scroll","background-type":"","background-media":"","overlay-type":"","overlay-color":"","overlay-opacity":"","overlay-gradient":""}}},"product_brand":[],"product_cat":[139,137,138],"product_tag":[],"class_list":{"0":"post-9470","1":"product","2":"type-product","3":"status-publish","4":"has-post-thumbnail","6":"product_cat-motor-de","7":"product_cat-schrittmotor","8":"product_cat-permanentmagnet-schrittmotor","9":"desktop-align-left","10":"tablet-align-left","11":"mobile-align-left","13":"first","14":"instock","15":"shipping-taxable","16":"product-type-simple"},"_links":{"self":[{"href":"https:\/\/www.gian-transmission.com\/de\/wp-json\/wp\/v2\/product\/9470"}],"collection":[{"href":"https:\/\/www.gian-transmission.com\/de\/wp-json\/wp\/v2\/product"}],"about":[{"href":"https:\/\/www.gian-transmission.com\/de\/wp-json\/wp\/v2\/types\/product"}],"replies":[{"embeddable":true,"href":"https:\/\/www.gian-transmission.com\/de\/wp-json\/wp\/v2\/comments?post=9470"}],"wp:featuredmedia":[{"embeddable":true,"href":"https:\/\/www.gian-transmission.com\/de\/wp-json\/wp\/v2\/media\/9471"}],"wp:attachment":[{"href":"https:\/\/www.gian-transmission.com\/de\/wp-json\/wp\/v2\/media?parent=9470"}],"wp:term":[{"taxonomy":"product_brand","embeddable":true,"href":"https:\/\/www.gian-transmission.com\/de\/wp-json\/wp\/v2\/product_brand?post=9470"},{"taxonomy":"product_cat","embeddable":true,"href":"https:\/\/www.gian-transmission.com\/de\/wp-json\/wp\/v2\/product_cat?post=9470"},{"taxonomy":"product_tag","embeddable":true,"href":"https:\/\/www.gian-transmission.com\/de\/wp-json\/wp\/v2\/product_tag?post=9470"}],"curies":[{"name":"wp","href":"https:\/\/api.w.org\/{rel}","templated":true}]}}