{"id":11759,"date":"2024-10-10T15:25:59","date_gmt":"2024-10-10T07:25:59","guid":{"rendered":"https:\/\/www.gian-transmission.com\/gian-tr040-p01-linearschrittmotor-5-v-18-225-u-min\/"},"modified":"2024-10-10T15:25:59","modified_gmt":"2024-10-10T07:25:59","slug":"gian-tr040-p01-linearschrittmotor-5-v-18-225-u-min","status":"publish","type":"product","link":"https:\/\/www.gian-transmission.com\/de\/gian-tr040-p01-linearschrittmotor-5-v-18-225-u-min\/","title":{"rendered":"Gian TR040-P01 Linearschrittmotor ( 5 V, 18\u00b0, 225 U\/min)"},"content":{"rendered":"<h2><span class=\"ez-toc-section\" id=\"Leistungsparameter\"><\/span>Leistungsparameter<span class=\"ez-toc-section-end\"><\/span><\/h2>\n<table>\n<tbody>\n<tr>\n<td>Modell<\/td>\n<td>Nennspannung<\/td>\n<td>Nenndrehzahl<\/td>\n<td>Subtraktionsverh\u00e4ltnis<\/td>\n<td>Schrittwinkel<\/td>\n<td>Pull-Frequenz<\/td>\n<\/tr>\n<tr>\n<td>Eingebaute Motorleistung<\/td>\n<td>5V<\/td>\n<td>225 U\/min<\/td>\n<td>20<\/td>\n<td>18\u00b0<\/td>\n<td>1500pps<\/td>\n<\/tr>\n<tr>\n<td rowspan=\"2\">Gesamtleistung<\/td>\n<td>Nennstrom<\/td>\n<td>Wegstrecke<\/td>\n<td colspan=\"2\">Einzelhubzeit<\/td>\n<td>Ger\u00e4usch<\/td>\n<\/tr>\n<tr>\n<td>\u22640.45A<\/td>\n<td>38.5mm<\/td>\n<td colspan=\"2\">2.8s<\/td>\n<td>42dB,30cm<\/td>\n<\/tr>\n<\/tbody>\n<\/table>\n<h2><span class=\"ez-toc-section\" id=\"Mechanische_Abmessungen_mm\"><\/span>Mechanische Abmessungen: mm<span class=\"ez-toc-section-end\"><\/span><\/h2>\n<p><img fetchpriority=\"high\" decoding=\"async\" class=\"size-full wp-image-5639 aligncenter\" src=\"https:\/\/www.gian-transmission.com\/wp-content\/uploads\/2024\/10\/Gian-TR040-P01-PM-Stepper-Motor-for-Mechanical-Dimensions.png\" alt=\"Gian TR040-P01 PM Schrittmotor f\u00fcr mechanische Abmessungen\" width=\"1186\" height=\"495\" srcset=\"https:\/\/www.gian-transmission.com\/wp-content\/uploads\/2024\/10\/Gian-TR040-P01-PM-Stepper-Motor-for-Mechanical-Dimensions.png 1186w, https:\/\/www.gian-transmission.com\/wp-content\/uploads\/2024\/10\/Gian-TR040-P01-PM-Stepper-Motor-for-Mechanical-Dimensions-300x125.png 300w, https:\/\/www.gian-transmission.com\/wp-content\/uploads\/2024\/10\/Gian-TR040-P01-PM-Stepper-Motor-for-Mechanical-Dimensions-1024x427.png 1024w, https:\/\/www.gian-transmission.com\/wp-content\/uploads\/2024\/10\/Gian-TR040-P01-PM-Stepper-Motor-for-Mechanical-Dimensions-768x321.png 768w, https:\/\/www.gian-transmission.com\/wp-content\/uploads\/2024\/10\/Gian-TR040-P01-PM-Stepper-Motor-for-Mechanical-Dimensions-600x250.png 600w\" sizes=\"(max-width: 1186px) 100vw, 1186px\" \/><\/p>\n<p>&nbsp;<\/p>\n<div id=\"gtx-trans\" style=\"position: absolute; left: 534px; top: 106.781px;\">\n<div class=\"gtx-trans-icon\"><\/div>\n<\/div>\n","protected":false},"excerpt":{"rendered":"<ul>\n<li><strong>Gemeinsame Gr\u00f6\u00dfe<\/strong>: 78,1 mm * 43 mm * 11,3 mm<\/li>\n<li><strong>Nenndrehzahl<\/strong>: 225 U\/min, gew\u00e4hrleistet eine reibungslose und pr\u00e4zise Bewegungssteuerung.<\/li>\n<li><strong>Schrittwinkel<\/strong>: Der 18\u00b0-Schrittwinkel erm\u00f6glicht eine pr\u00e4zise Positionierung f\u00fcr genaue lineare Bewegungen.<\/li>\n<\/ul>\n<p>&nbsp;<\/p>\n","protected":false},"featured_media":9768,"comment_status":"closed","ping_status":"closed","template":"","meta":{"site-sidebar-layout":"default","site-content-layout":"","ast-site-content-layout":"default","site-content-style":"default","site-sidebar-style":"default","ast-global-header-display":"","ast-banner-title-visibility":"","ast-main-header-display":"","ast-hfb-above-header-display":"","ast-hfb-below-header-display":"","ast-hfb-mobile-header-display":"","site-post-title":"","ast-breadcrumbs-content":"","ast-featured-img":"","footer-sml-layout":"","theme-transparent-header-meta":"default","adv-header-id-meta":"","stick-header-meta":"","header-above-stick-meta":"","header-main-stick-meta":"","header-below-stick-meta":"","astra-migrate-meta-layouts":"default","ast-page-background-enabled":"default","ast-page-background-meta":{"desktop":{"background-color":"var(--ast-global-color-4)","background-image":"","background-repeat":"repeat","background-position":"center center","background-size":"auto","background-attachment":"scroll","background-type":"","background-media":"","overlay-type":"","overlay-color":"","overlay-opacity":"","overlay-gradient":""},"tablet":{"background-color":"","background-image":"","background-repeat":"repeat","background-position":"center center","background-size":"auto","background-attachment":"scroll","background-type":"","background-media":"","overlay-type":"","overlay-color":"","overlay-opacity":"","overlay-gradient":""},"mobile":{"background-color":"","background-image":"","background-repeat":"repeat","background-position":"center center","background-size":"auto","background-attachment":"scroll","background-type":"","background-media":"","overlay-type":"","overlay-color":"","overlay-opacity":"","overlay-gradient":""}},"ast-content-background-meta":{"desktop":{"background-color":"var(--ast-global-color-5)","background-image":"","background-repeat":"repeat","background-position":"center center","background-size":"auto","background-attachment":"scroll","background-type":"","background-media":"","overlay-type":"","overlay-color":"","overlay-opacity":"","overlay-gradient":""},"tablet":{"background-color":"var(--ast-global-color-5)","background-image":"","background-repeat":"repeat","background-position":"center center","background-size":"auto","background-attachment":"scroll","background-type":"","background-media":"","overlay-type":"","overlay-color":"","overlay-opacity":"","overlay-gradient":""},"mobile":{"background-color":"var(--ast-global-color-5)","background-image":"","background-repeat":"repeat","background-position":"center center","background-size":"auto","background-attachment":"scroll","background-type":"","background-media":"","overlay-type":"","overlay-color":"","overlay-opacity":"","overlay-gradient":""}}},"product_brand":[],"product_cat":[139,137,144],"product_tag":[],"class_list":{"0":"post-11759","1":"product","2":"type-product","3":"status-publish","4":"has-post-thumbnail","6":"product_cat-motor-de","7":"product_cat-schrittmotor","8":"product_cat-linearer-schrittmotor","9":"desktop-align-left","10":"tablet-align-left","11":"mobile-align-left","13":"first","14":"instock","15":"shipping-taxable","16":"product-type-simple"},"_links":{"self":[{"href":"https:\/\/www.gian-transmission.com\/de\/wp-json\/wp\/v2\/product\/11759"}],"collection":[{"href":"https:\/\/www.gian-transmission.com\/de\/wp-json\/wp\/v2\/product"}],"about":[{"href":"https:\/\/www.gian-transmission.com\/de\/wp-json\/wp\/v2\/types\/product"}],"replies":[{"embeddable":true,"href":"https:\/\/www.gian-transmission.com\/de\/wp-json\/wp\/v2\/comments?post=11759"}],"wp:featuredmedia":[{"embeddable":true,"href":"https:\/\/www.gian-transmission.com\/de\/wp-json\/wp\/v2\/media\/9768"}],"wp:attachment":[{"href":"https:\/\/www.gian-transmission.com\/de\/wp-json\/wp\/v2\/media?parent=11759"}],"wp:term":[{"taxonomy":"product_brand","embeddable":true,"href":"https:\/\/www.gian-transmission.com\/de\/wp-json\/wp\/v2\/product_brand?post=11759"},{"taxonomy":"product_cat","embeddable":true,"href":"https:\/\/www.gian-transmission.com\/de\/wp-json\/wp\/v2\/product_cat?post=11759"},{"taxonomy":"product_tag","embeddable":true,"href":"https:\/\/www.gian-transmission.com\/de\/wp-json\/wp\/v2\/product_tag?post=11759"}],"curies":[{"name":"wp","href":"https:\/\/api.w.org\/{rel}","templated":true}]}}