{"id":10879,"date":"2024-11-21T11:35:09","date_gmt":"2024-11-21T03:35:09","guid":{"rendered":"https:\/\/www.gian-transmission.com\/gian-gsv110-servomotor-dc-1500-w-2000-w-3000-u-min\/"},"modified":"2024-11-21T15:30:18","modified_gmt":"2024-11-21T07:30:18","slug":"gian-gsv110-servomotor-dc-1500-w-2000-w-3000-u-min","status":"publish","type":"product","link":"https:\/\/www.gian-transmission.com\/de\/gian-gsv110-servomotor-dc-1500-w-2000-w-3000-u-min\/","title":{"rendered":"Gian GSV110 Servomotor (DC, 1500 W\/2000 W, 3000 U\/min)"},"content":{"rendered":"<h2><span class=\"ez-toc-section\" id=\"Leistungsparameter\"><\/span>Leistungsparameter<span class=\"ez-toc-section-end\"><\/span><\/h2>\n<table width=\"776\">\n<tbody>\n<tr>\n<td width=\"366\">Modell<\/td>\n<td colspan=\"2\" width=\"410\">GSV110<\/td>\n<\/tr>\n<tr>\n<td width=\"366\">Nennleistung<\/td>\n<td width=\"200\">1500W<\/td>\n<td width=\"209\">2000W<\/td>\n<\/tr>\n<tr>\n<td width=\"366\">Nennspannung<\/td>\n<td width=\"200\">48VDC<\/td>\n<td width=\"209\">48VDC<\/td>\n<\/tr>\n<tr>\n<td width=\"366\">Nenndrehzahl<\/td>\n<td width=\"200\">3000 U\/min<\/td>\n<td width=\"209\">3000 U\/min<\/td>\n<\/tr>\n<tr>\n<td width=\"366\">Nenndrehmoment<\/td>\n<td width=\"200\">4.77N\u00b7m<\/td>\n<td width=\"209\">6.37N\u00b7m<\/td>\n<\/tr>\n<tr>\n<td width=\"366\">Nennstrom<\/td>\n<td width=\"200\">43.4A<\/td>\n<td width=\"209\">58A<\/td>\n<\/tr>\n<tr>\n<td width=\"366\">Leitungs-zu-Leitungs-Widerstand<\/td>\n<td width=\"200\">0.01\u03a9<\/td>\n<td width=\"209\">0.009\u03a9<\/td>\n<\/tr>\n<tr>\n<td width=\"366\">Leitung-zu-Leitung-Induktivit\u00e4t<\/td>\n<td width=\"200\">0.16mH<\/td>\n<td width=\"209\">0.145mH<\/td>\n<\/tr>\n<tr>\n<td width=\"366\">BackEMF<\/td>\n<td width=\"200\">6.35V\/Krpm<\/td>\n<td width=\"209\">6.63V\/Krpm<\/td>\n<\/tr>\n<tr>\n<td width=\"366\">Sie bestehen aus Drehmoment<\/td>\n<td width=\"200\">0.11Nm\/A<\/td>\n<td width=\"209\">0.11Nm\/A<\/td>\n<\/tr>\n<tr>\n<td width=\"366\">Elektrische Zeitkonstante<\/td>\n<td width=\"200\">16ms<\/td>\n<td width=\"209\">16.1ms<\/td>\n<\/tr>\n<tr>\n<td width=\"366\">Mechanische Zeitkonstante<\/td>\n<td width=\"200\">0.48ms<\/td>\n<td width=\"209\">0.53ms<\/td>\n<\/tr>\n<tr>\n<td width=\"366\">Rotortr\u00e4gheit<\/td>\n<td width=\"200\">3.1Kg.cm\u00b2<\/td>\n<td width=\"209\">4.1Kg.cm\u00b2<\/td>\n<\/tr>\n<tr>\n<td width=\"366\">Rotortr\u00e4gheitsmoment mit Bremse<\/td>\n<td width=\"200\">3.47Kg.cm\u00b2<\/td>\n<td width=\"209\">4.47Kg.cm\u00b2<\/td>\n<\/tr>\n<tr>\n<td width=\"366\">Anzahl der Pole<\/td>\n<td width=\"200\">10<\/td>\n<td width=\"209\">10<\/td>\n<\/tr>\n<\/tbody>\n<\/table>\n<h2><span class=\"ez-toc-section\" id=\"Mechanische_Abmessungen_mm\"><\/span>Mechanische Abmessungen: mm<span class=\"ez-toc-section-end\"><\/span><\/h2>\n<p><img fetchpriority=\"high\" decoding=\"async\" class=\"alignnone size-full wp-image-10851\" src=\"https:\/\/www.gian-transmission.com\/wp-content\/uploads\/2024\/11\/GSV110-DC-Servo-Motor-Mechanical-Dimensions.jpg\" alt=\"Mechanische Abmessungen des DC-Servomotors GSV110\" width=\"1200\" height=\"600\" srcset=\"https:\/\/www.gian-transmission.com\/wp-content\/uploads\/2024\/11\/GSV110-DC-Servo-Motor-Mechanical-Dimensions.jpg 1200w, https:\/\/www.gian-transmission.com\/wp-content\/uploads\/2024\/11\/GSV110-DC-Servo-Motor-Mechanical-Dimensions-300x150.jpg 300w, https:\/\/www.gian-transmission.com\/wp-content\/uploads\/2024\/11\/GSV110-DC-Servo-Motor-Mechanical-Dimensions-1024x512.jpg 1024w, https:\/\/www.gian-transmission.com\/wp-content\/uploads\/2024\/11\/GSV110-DC-Servo-Motor-Mechanical-Dimensions-768x384.jpg 768w, https:\/\/www.gian-transmission.com\/wp-content\/uploads\/2024\/11\/GSV110-DC-Servo-Motor-Mechanical-Dimensions-600x300.jpg 600w\" sizes=\"(max-width: 1200px) 100vw, 1200px\" \/><\/p>\n","protected":false},"excerpt":{"rendered":"<ul>\n<li>Motorl\u00e4nge: 151,5 mm &#8211; 173,5 mm<\/li>\n<li>Gewicht: 5kg-6,9kg<\/li>\n<li>Nennleistung: 1500 W\/2000 W, ideal f\u00fcr hocheffiziente, pr\u00e4zisionsgesteuerte Industrieanwendungen.<\/li>\n<li>Nenndrehzahl: Betrieb mit 3000 U\/min, was Pr\u00e4zision und zuverl\u00e4ssige Hochgeschwindigkeitsleistung gew\u00e4hrleistet.<\/li>\n<\/ul>\n","protected":false},"featured_media":10857,"comment_status":"closed","ping_status":"closed","template":"","meta":{"site-sidebar-layout":"default","site-content-layout":"","ast-site-content-layout":"default","site-content-style":"default","site-sidebar-style":"default","ast-global-header-display":"","ast-banner-title-visibility":"","ast-main-header-display":"","ast-hfb-above-header-display":"","ast-hfb-below-header-display":"","ast-hfb-mobile-header-display":"","site-post-title":"","ast-breadcrumbs-content":"","ast-featured-img":"","footer-sml-layout":"","theme-transparent-header-meta":"default","adv-header-id-meta":"","stick-header-meta":"","header-above-stick-meta":"","header-main-stick-meta":"","header-below-stick-meta":"","astra-migrate-meta-layouts":"default","ast-page-background-enabled":"default","ast-page-background-meta":{"desktop":{"background-color":"var(--ast-global-color-4)","background-image":"","background-repeat":"repeat","background-position":"center center","background-size":"auto","background-attachment":"scroll","background-type":"","background-media":"","overlay-type":"","overlay-color":"","overlay-opacity":"","overlay-gradient":""},"tablet":{"background-color":"","background-image":"","background-repeat":"repeat","background-position":"center center","background-size":"auto","background-attachment":"scroll","background-type":"","background-media":"","overlay-type":"","overlay-color":"","overlay-opacity":"","overlay-gradient":""},"mobile":{"background-color":"","background-image":"","background-repeat":"repeat","background-position":"center center","background-size":"auto","background-attachment":"scroll","background-type":"","background-media":"","overlay-type":"","overlay-color":"","overlay-opacity":"","overlay-gradient":""}},"ast-content-background-meta":{"desktop":{"background-color":"var(--ast-global-color-5)","background-image":"","background-repeat":"repeat","background-position":"center center","background-size":"auto","background-attachment":"scroll","background-type":"","background-media":"","overlay-type":"","overlay-color":"","overlay-opacity":"","overlay-gradient":""},"tablet":{"background-color":"var(--ast-global-color-5)","background-image":"","background-repeat":"repeat","background-position":"center center","background-size":"auto","background-attachment":"scroll","background-type":"","background-media":"","overlay-type":"","overlay-color":"","overlay-opacity":"","overlay-gradient":""},"mobile":{"background-color":"var(--ast-global-color-5)","background-image":"","background-repeat":"repeat","background-position":"center center","background-size":"auto","background-attachment":"scroll","background-type":"","background-media":"","overlay-type":"","overlay-color":"","overlay-opacity":"","overlay-gradient":""}}},"product_brand":[],"product_cat":[139,165,166],"product_tag":[],"class_list":{"0":"post-10879","1":"product","2":"type-product","3":"status-publish","4":"has-post-thumbnail","6":"product_cat-motor-de","7":"product_cat-servo-motoren","8":"product_cat-dc-servomotoren","9":"desktop-align-left","10":"tablet-align-left","11":"mobile-align-left","13":"first","14":"instock","15":"shipping-taxable","16":"product-type-simple"},"_links":{"self":[{"href":"https:\/\/www.gian-transmission.com\/de\/wp-json\/wp\/v2\/product\/10879"}],"collection":[{"href":"https:\/\/www.gian-transmission.com\/de\/wp-json\/wp\/v2\/product"}],"about":[{"href":"https:\/\/www.gian-transmission.com\/de\/wp-json\/wp\/v2\/types\/product"}],"replies":[{"embeddable":true,"href":"https:\/\/www.gian-transmission.com\/de\/wp-json\/wp\/v2\/comments?post=10879"}],"wp:featuredmedia":[{"embeddable":true,"href":"https:\/\/www.gian-transmission.com\/de\/wp-json\/wp\/v2\/media\/10857"}],"wp:attachment":[{"href":"https:\/\/www.gian-transmission.com\/de\/wp-json\/wp\/v2\/media?parent=10879"}],"wp:term":[{"taxonomy":"product_brand","embeddable":true,"href":"https:\/\/www.gian-transmission.com\/de\/wp-json\/wp\/v2\/product_brand?post=10879"},{"taxonomy":"product_cat","embeddable":true,"href":"https:\/\/www.gian-transmission.com\/de\/wp-json\/wp\/v2\/product_cat?post=10879"},{"taxonomy":"product_tag","embeddable":true,"href":"https:\/\/www.gian-transmission.com\/de\/wp-json\/wp\/v2\/product_tag?post=10879"}],"curies":[{"name":"wp","href":"https:\/\/api.w.org\/{rel}","templated":true}]}}